{"id":2630,"date":"2024-08-14T11:19:33","date_gmt":"2024-08-14T11:19:33","guid":{"rendered":"https:\/\/nekr.cz\/?post_type=product&#038;p=2630"},"modified":"2024-08-14T11:34:22","modified_gmt":"2024-08-14T11:34:22","slug":"techforcut-ocelot","status":"publish","type":"product","link":"https:\/\/nekr.cz\/sk\/produkt\/techforcut-ocelot\/","title":{"rendered":"Vypa\u013eovac\u00ed stroj TECHFORCUT Ocelot"},"content":{"rendered":"<div style=\"width: 480px;\" class=\"wp-video\"><!--[if lt IE 9]><script>document.createElement('video');<\/script><![endif]-->\n<video class=\"wp-video-shortcode\" id=\"video-2630-1\" width=\"480\" height=\"848\" preload=\"metadata\" controls=\"controls\"><source type=\"video\/mp4\" src=\"https:\/\/nekr.cz\/wp-content\/uploads\/2024\/08\/Video-WhatsApp-2024-08-14-v-13.22.03_943800af.mp4?_=1\" \/><a href=\"https:\/\/nekr.cz\/wp-content\/uploads\/2024\/08\/Video-WhatsApp-2024-08-14-v-13.22.03_943800af.mp4\">https:\/\/nekr.cz\/wp-content\/uploads\/2024\/08\/Video-WhatsApp-2024-08-14-v-13.22.03_943800af.mp4<\/a><\/video><\/div>","protected":false},"excerpt":{"rendered":"<p>Rozm\u011bry stolu 2500 x 6000<\/p>\n<p>P\u00e1l\u00edme plasmou do tl. 30 mm a kysl\u00edkem do 200 mm<\/p>\n<p>Skladem m\u00e1me b\u011b\u017en\u00e9 tlou\u0161\u0165ky plechu od 4 mm do 180 mm v jakostech\u00a0PS355, S460, S690, HARDOX 450, HB 400, HB 450.<\/p>\n<p>&nbsp;<\/p>","protected":false},"featured_media":2631,"comment_status":"closed","ping_status":"closed","template":"","meta":{"_acf_changed":false},"product_brand":[],"product_cat":[92],"product_tag":[],"class_list":{"0":"post-2630","1":"product","2":"type-product","3":"status-publish","4":"has-post-thumbnail","6":"product_cat-vyrobni-technologie","8":"first","9":"instock","10":"shipping-taxable","11":"product-type-simple"},"acf":[],"_links":{"self":[{"href":"https:\/\/nekr.cz\/sk\/wp-json\/wp\/v2\/product\/2630","targetHints":{"allow":["GET"]}}],"collection":[{"href":"https:\/\/nekr.cz\/sk\/wp-json\/wp\/v2\/product"}],"about":[{"href":"https:\/\/nekr.cz\/sk\/wp-json\/wp\/v2\/types\/product"}],"replies":[{"embeddable":true,"href":"https:\/\/nekr.cz\/sk\/wp-json\/wp\/v2\/comments?post=2630"}],"wp:featuredmedia":[{"embeddable":true,"href":"https:\/\/nekr.cz\/sk\/wp-json\/wp\/v2\/media\/2631"}],"wp:attachment":[{"href":"https:\/\/nekr.cz\/sk\/wp-json\/wp\/v2\/media?parent=2630"}],"wp:term":[{"taxonomy":"product_brand","embeddable":true,"href":"https:\/\/nekr.cz\/sk\/wp-json\/wp\/v2\/product_brand?post=2630"},{"taxonomy":"product_cat","embeddable":true,"href":"https:\/\/nekr.cz\/sk\/wp-json\/wp\/v2\/product_cat?post=2630"},{"taxonomy":"product_tag","embeddable":true,"href":"https:\/\/nekr.cz\/sk\/wp-json\/wp\/v2\/product_tag?post=2630"}],"curies":[{"name":"wp","href":"https:\/\/api.w.org\/{rel}","templated":true}]}}