{"id":2232,"date":"2024-03-29T07:03:30","date_gmt":"2024-03-29T07:03:30","guid":{"rendered":"https:\/\/nekr.cz\/?post_type=product&#038;p=2232"},"modified":"2024-08-16T09:29:33","modified_gmt":"2024-08-16T09:29:33","slug":"radlice-na-snih","status":"publish","type":"product","link":"https:\/\/nekr.cz\/sk\/produkt\/radlice-na-snih\/","title":{"rendered":"Lopata na sneh"},"content":{"rendered":"<p>Radlice na sn\u00edh vyr\u00e1b\u00edme na smykem \u0159\u00edzen\u00e9 naklada\u010de, traktorbagry a kolov\u00e9 naklada\u010de.<\/p>\n<ul>\n<li>hydraulicky oboustrann\u011b nakl\u00e1p\u011bn\u00e9<\/li>\n<li>b\u0159it chr\u00e1n\u011bn pry\u017eov\u00fdm nebo polyuretanov\u00fdm p\u00e1sem<\/li>\n<li>m\u016f\u017eou b\u00fdt vybaveny pojezdov\u00fdmi koly<\/li>\n<\/ul>\n<p>&nbsp;<\/p>\n<p>&nbsp;<\/p>","protected":false},"excerpt":{"rendered":"<p>Radlice na sn\u00edh vyr\u00e1b\u00edme na smykem \u0159\u00edzen\u00e9 naklada\u010de, traktorbagry a kolov\u00e9 naklada\u010de. hydraulicky oboustrann\u011b nakl\u00e1p\u011bn\u00e9 b\u0159it chr\u00e1n\u011bn pry\u017eov\u00fdm nebo polyuretanov\u00fdm p\u00e1sem m\u016f\u017eou b\u00fdt vybaveny pojezdov\u00fdmi koly &nbsp; &nbsp;<\/p>","protected":false},"featured_media":1988,"comment_status":"closed","ping_status":"closed","template":"","meta":{"_acf_changed":false},"product_brand":[],"product_cat":[37],"product_tag":[],"class_list":{"0":"post-2232","1":"product","2":"type-product","3":"status-publish","4":"has-post-thumbnail","6":"product_cat-radlice-na-snih","8":"first","9":"instock","10":"shipping-taxable","11":"product-type-simple"},"acf":[],"_links":{"self":[{"href":"https:\/\/nekr.cz\/sk\/wp-json\/wp\/v2\/product\/2232","targetHints":{"allow":["GET"]}}],"collection":[{"href":"https:\/\/nekr.cz\/sk\/wp-json\/wp\/v2\/product"}],"about":[{"href":"https:\/\/nekr.cz\/sk\/wp-json\/wp\/v2\/types\/product"}],"replies":[{"embeddable":true,"href":"https:\/\/nekr.cz\/sk\/wp-json\/wp\/v2\/comments?post=2232"}],"wp:featuredmedia":[{"embeddable":true,"href":"https:\/\/nekr.cz\/sk\/wp-json\/wp\/v2\/media\/1988"}],"wp:attachment":[{"href":"https:\/\/nekr.cz\/sk\/wp-json\/wp\/v2\/media?parent=2232"}],"wp:term":[{"taxonomy":"product_brand","embeddable":true,"href":"https:\/\/nekr.cz\/sk\/wp-json\/wp\/v2\/product_brand?post=2232"},{"taxonomy":"product_cat","embeddable":true,"href":"https:\/\/nekr.cz\/sk\/wp-json\/wp\/v2\/product_cat?post=2232"},{"taxonomy":"product_tag","embeddable":true,"href":"https:\/\/nekr.cz\/sk\/wp-json\/wp\/v2\/product_tag?post=2232"}],"curies":[{"name":"wp","href":"https:\/\/api.w.org\/{rel}","templated":true}]}}