{"id":2189,"date":"2024-03-28T13:55:43","date_gmt":"2024-03-28T13:55:43","guid":{"rendered":"https:\/\/nekr.cz\/?post_type=product&#038;p=2189"},"modified":"2024-08-16T08:25:22","modified_gmt":"2024-08-16T08:25:22","slug":"ripper-dozerovy-3-nozovy","status":"publish","type":"product","link":"https:\/\/nekr.cz\/sk\/produkt\/3-nohy-rozryvac\/","title":{"rendered":"Trojnoh\u00fd rozr\u00fdva\u010d na sledovanie"},"content":{"rendered":"","protected":false},"excerpt":{"rendered":"<p>Doz\u00e9rov\u00e9 skarifika\u010dn\u00e9 radlice s\u00fa ur\u010den\u00e9 na rozb\u00edjanie a odpojovanie sk\u00e1l, ktor\u00e9 sa \u0165a\u017eko odpojuj\u00fa r\u00fdpadlami.<\/p>","protected":false},"featured_media":2211,"comment_status":"closed","ping_status":"closed","template":"","meta":{"_acf_changed":false},"product_brand":[],"product_cat":[35],"product_tag":[],"class_list":{"0":"post-2189","1":"product","2":"type-product","3":"status-publish","4":"has-post-thumbnail","6":"product_cat-rippery-dozerove","8":"first","9":"instock","10":"shipping-taxable","11":"product-type-simple"},"acf":[],"_links":{"self":[{"href":"https:\/\/nekr.cz\/sk\/wp-json\/wp\/v2\/product\/2189","targetHints":{"allow":["GET"]}}],"collection":[{"href":"https:\/\/nekr.cz\/sk\/wp-json\/wp\/v2\/product"}],"about":[{"href":"https:\/\/nekr.cz\/sk\/wp-json\/wp\/v2\/types\/product"}],"replies":[{"embeddable":true,"href":"https:\/\/nekr.cz\/sk\/wp-json\/wp\/v2\/comments?post=2189"}],"wp:featuredmedia":[{"embeddable":true,"href":"https:\/\/nekr.cz\/sk\/wp-json\/wp\/v2\/media\/2211"}],"wp:attachment":[{"href":"https:\/\/nekr.cz\/sk\/wp-json\/wp\/v2\/media?parent=2189"}],"wp:term":[{"taxonomy":"product_brand","embeddable":true,"href":"https:\/\/nekr.cz\/sk\/wp-json\/wp\/v2\/product_brand?post=2189"},{"taxonomy":"product_cat","embeddable":true,"href":"https:\/\/nekr.cz\/sk\/wp-json\/wp\/v2\/product_cat?post=2189"},{"taxonomy":"product_tag","embeddable":true,"href":"https:\/\/nekr.cz\/sk\/wp-json\/wp\/v2\/product_tag?post=2189"}],"curies":[{"name":"wp","href":"https:\/\/api.w.org\/{rel}","templated":true}]}}