{"id":2015,"date":"2024-03-22T13:55:33","date_gmt":"2024-03-22T13:55:33","guid":{"rendered":"https:\/\/nekr.cz\/?post_type=product&#038;p=2015"},"modified":"2024-08-30T10:32:59","modified_gmt":"2024-08-30T10:32:59","slug":"naklapeci-rotator-naro-10-9-12-t","status":"publish","type":"product","link":"https:\/\/nekr.cz\/sk\/produkt\/rotator-naro-10-9-12-t\/","title":{"rendered":"Nakl\u00e1p\u011bc\u00ed rot\u00e1tor NARO 10 <nobr>(9-12&nbsp;t)<\/nobr>"},"content":{"rendered":"P\u0159i v\u00fdvoji na\u0161ich\u00a0 nakl\u00e1p\u011bc\u00edch rot\u00e1tor\u016f jsme kladli d\u016fraz na kompaktn\u00ed rozm\u011bry, celkovou robustnost a v\u00fddr\u017e p\u0159i zachov\u00e1n\u00ed n\u00edzk\u00e9 hmotnosti.\r\n\r\nNakl\u00e1p\u011bc\u00ed rot\u00e1tor NARO 10 je \u00fazk\u00fd a symetrick\u00fd, nevy\u010dn\u00edv\u00e1 z n\u011bj na jednu stranu hydromotor oto\u010de ani hydraulick\u00e9 v\u00e1lce nakl\u00e1p\u011bn\u00ed, proto se dostanete i do \u00fazk\u00fdch prostor. V z\u00e1vislosti od horn\u00edho uchycen\u00ed a spodn\u00edho rychloup\u00edna\u010de je mo\u017en\u00e9 rot\u00e1tor dostat do v\u00fdkopu \u0161\u00ed\u0159ky 450 &#8211; 500 mm. V\u0161echny d\u016fle\u017eit\u00e9 prvky &#8211; hydromotor, rozvad\u011b\u010de, hadice jsou um\u00edst\u011bny pod robustn\u00edmi kryty.\r\n\r\nHydromotor nakl\u00e1p\u011bn\u00ed pou\u017e\u00edv\u00e1me od n\u011bmeck\u00e9 firmy R\u00e4dlinger a je vybaven hydraulick\u00fdm z\u00e1mkem a pojistn\u00fdm ventilem proti p\u0159et\u00ed\u017een\u00ed.\r\n\r\n&nbsp;\r\n<h5>T\u011bleso rot\u00e1toru NARO 10 se spodn\u00edm rychloup\u00edna\u010dem<\/h5>\r\n<img decoding=\"async\" class=\"alignnone wp-image-2721 lazyload\" data-src=\"https:\/\/nekr.cz\/wp-content\/uploads\/2024\/03\/NARO-10-252x300.png\" alt=\"\" width=\"763\" height=\"908\" data-srcset=\"https:\/\/nekr.cz\/wp-content\/uploads\/2024\/03\/NARO-10-252x300.png 252w, https:\/\/nekr.cz\/wp-content\/uploads\/2024\/03\/NARO-10-860x1024.png 860w, https:\/\/nekr.cz\/wp-content\/uploads\/2024\/03\/NARO-10-768x915.png 768w, https:\/\/nekr.cz\/wp-content\/uploads\/2024\/03\/NARO-10-10x12.png 10w, https:\/\/nekr.cz\/wp-content\/uploads\/2024\/03\/NARO-10-600x715.png 600w, https:\/\/nekr.cz\/wp-content\/uploads\/2024\/03\/NARO-10.png 1252w\" data-sizes=\"(max-width: 763px) 100vw, 763px\" src=\"data:image\/gif;base64,R0lGODlhAQABAAAAACH5BAEKAAEALAAAAAABAAEAAAICTAEAOw==\" style=\"--smush-placeholder-width: 763px; --smush-placeholder-aspect-ratio: 763\/908;\" \/>\r\n\r\n&nbsp;\r\n\r\nHorn\u00ed up\u00ednac\u00ed desku vyrob\u00edme podle Va\u0161eho stroje. Je mo\u017en\u00e9 rot\u00e1tor uchytit p\u0159\u00edmo na n\u00e1sadu bagru nebo pod rychloup\u00edna\u010d.\r\n\r\nSpodn\u00ed rychlup\u00edna\u010d m\u016f\u017ee b\u00fdt hydraulick\u00fd nebo mechanick\u00fd, m\u016f\u017ee b\u00fdt vybaven dr\u017e\u00e1kem integrovan\u00fdch kle\u0161t\u00ed.\r\n\r\nTak\u00e9 nakl\u00e1p\u011bc\u00ed rot\u00e1tor m\u016f\u017eeme vybavit jedn\u00edm pr\u016fchoz\u00edm hydraulick\u00fdm okruhem vyveden\u00fdm na spodn\u00edm rychloup\u00edna\u010di bez\u00fakapov\u00fdmi rychlospojkami velikosti 1\/2&#8243;.\r\n\r\n&nbsp;\r\n<h5>P\u0159\u00edklad mo\u017enost\u00ed sestaven\u00ed rot\u00e1toru na r\u016fzn\u00e9 typy stroj\u016f nebo up\u00edna\u010d\u016f<\/h5>\r\n<img decoding=\"async\" class=\"alignnone wp-image-2732 lazyload\" data-src=\"https:\/\/nekr.cz\/wp-content\/uploads\/2024\/03\/Rada-NARO-300x212.jpg\" alt=\"\" width=\"768\" height=\"543\" data-srcset=\"https:\/\/nekr.cz\/wp-content\/uploads\/2024\/03\/Rada-NARO-300x212.jpg 300w, https:\/\/nekr.cz\/wp-content\/uploads\/2024\/03\/Rada-NARO-1024x723.jpg 1024w, https:\/\/nekr.cz\/wp-content\/uploads\/2024\/03\/Rada-NARO-768x542.jpg 768w, https:\/\/nekr.cz\/wp-content\/uploads\/2024\/03\/Rada-NARO-18x12.jpg 18w, https:\/\/nekr.cz\/wp-content\/uploads\/2024\/03\/Rada-NARO-600x424.jpg 600w, https:\/\/nekr.cz\/wp-content\/uploads\/2024\/03\/Rada-NARO.jpg 1507w\" data-sizes=\"(max-width: 768px) 100vw, 768px\" src=\"data:image\/gif;base64,R0lGODlhAQABAAAAACH5BAEKAAEALAAAAAABAAEAAAICTAEAOw==\" style=\"--smush-placeholder-width: 768px; --smush-placeholder-aspect-ratio: 768\/543;\" \/>\r\n\r\nObr\u00e1zek je ilusta\u010dn\u00ed, samoz\u0159ejm\u011b na z\u00e1klad\u011b Va\u0161\u00ed popt\u00e1vky r\u00e1di vyrob\u00edme i jin\u00e9 kombinace.\r\n\r\n&nbsp;\r\n<h5>Nivela\u010dn\u00ed syst\u00e9my:<\/h5>\r\nPodle po\u017eadavku na\u0161e rot\u00e1tory m\u016f\u017eeme osadit senzorem nahl\u00e1p\u011bn\u00ed nebo senzorem rotace.\r\n\r\n\u0158ada NARO je kompatibiln\u00ed s nivela\u010dn\u00edmi syst\u00e9my TRIBMLE, iDig a dal\u0161\u00edmi syst\u00e9my.\r\n\r\n&nbsp;\r\n<h5>Video z provozu rot\u00e1toru<\/h5>\r\n<iframe title=\"New Liebherr A912 compact wheeled excavator with Nekr NARO 10 tiltrotator\" width=\"500\" height=\"281\" data-src=\"https:\/\/www.youtube.com\/embed\/jQwkZOXd6Eo?feature=oembed\" frameborder=\"0\" allow=\"accelerometer; autoplay; clipboard-write; encrypted-media; gyroscope; picture-in-picture; web-share\" referrerpolicy=\"strict-origin-when-cross-origin\" allowfullscreen src=\"data:image\/gif;base64,R0lGODlhAQABAAAAACH5BAEKAAEALAAAAAABAAEAAAICTAEAOw==\" class=\"lazyload\" data-load-mode=\"1\"><\/iframe>\r\n\r\n&nbsp;<!-- \/wp:post-content -->","protected":false},"excerpt":{"rendered":"<p>Nakl\u00e1p\u011bc\u00ed rot\u00e1tory urychluj\u00ed a zefektiv\u0148uj\u00ed pr\u00e1ci strojn\u00edka a t\u00edm zvy\u0161uj\u00ed produktivitu stroje o 15 \u2013 40% v z\u00e1vislosti na pou\u017eit\u00e9 specifikaci r\u00fdpadla a p\u0159\u00eddavn\u00fdch za\u0159\u00edzen\u00ed.<\/p>\n<p>&nbsp;<\/p>\n<p>NARO 10 pro bagry od 9 do 12 tun<\/p>\n<p>&nbsp;<\/p>\n<h6>Z\u00e1kladn\u00ed parametry:<\/h6>\n<p>\u0160\u00ed\u0159ka: 430 mm<br \/>\nV\u00fd\u0161ka: 385 mm<br \/>\nOto\u010d: 360\u00b0<\/p>\n<p>Nakl\u00e1p\u011bn\u00ed: 2 x 60\u00b0<br \/>\nHmotnost od cca 310 kg v\u010d. adapta\u010dn\u00ed desky a rychloup\u00edna\u010de (z\u00e1visl\u00e1 na typu uchycen\u00ed a typu rychloup\u00edna\u010de)<\/p>","protected":false},"featured_media":2016,"comment_status":"closed","ping_status":"closed","template":"","meta":{"_acf_changed":false},"product_brand":[],"product_cat":[19],"product_tag":[],"class_list":{"0":"post-2015","1":"product","2":"type-product","3":"status-publish","4":"has-post-thumbnail","6":"product_cat-naklapeci-rotatory","8":"first","9":"instock","10":"shipping-taxable","11":"product-type-simple"},"acf":[],"_links":{"self":[{"href":"https:\/\/nekr.cz\/sk\/wp-json\/wp\/v2\/product\/2015","targetHints":{"allow":["GET"]}}],"collection":[{"href":"https:\/\/nekr.cz\/sk\/wp-json\/wp\/v2\/product"}],"about":[{"href":"https:\/\/nekr.cz\/sk\/wp-json\/wp\/v2\/types\/product"}],"replies":[{"embeddable":true,"href":"https:\/\/nekr.cz\/sk\/wp-json\/wp\/v2\/comments?post=2015"}],"wp:featuredmedia":[{"embeddable":true,"href":"https:\/\/nekr.cz\/sk\/wp-json\/wp\/v2\/media\/2016"}],"wp:attachment":[{"href":"https:\/\/nekr.cz\/sk\/wp-json\/wp\/v2\/media?parent=2015"}],"wp:term":[{"taxonomy":"product_brand","embeddable":true,"href":"https:\/\/nekr.cz\/sk\/wp-json\/wp\/v2\/product_brand?post=2015"},{"taxonomy":"product_cat","embeddable":true,"href":"https:\/\/nekr.cz\/sk\/wp-json\/wp\/v2\/product_cat?post=2015"},{"taxonomy":"product_tag","embeddable":true,"href":"https:\/\/nekr.cz\/sk\/wp-json\/wp\/v2\/product_tag?post=2015"}],"curies":[{"name":"wp","href":"https:\/\/api.w.org\/{rel}","templated":true}]}}