{"id":1713,"date":"2024-03-01T12:03:02","date_gmt":"2024-03-01T12:03:02","guid":{"rendered":"https:\/\/nekr.cz\/?post_type=product&#038;p=1713"},"modified":"2024-08-15T10:15:05","modified_gmt":"2024-08-15T10:15:05","slug":"vymena-uchyceni-lopat","status":"publish","type":"product","link":"https:\/\/nekr.cz\/sk\/produkt\/vymena-uchyceni-lopat\/","title":{"rendered":"V\u00fdm\u011bna uchycen\u00ed"},"content":{"rendered":"<p>Nap\u0159\u00edklad je mo\u017en\u00e9 sjednotit lopaty, aby \u0161ly upnout pod rychloup\u00edna\u010de CW, SW, LEHNHOFF, seversk\u00fd standard a dal\u0161\u00ed typy rychloup\u00ednac\u00edch syst\u00e9m\u016f.<\/p>\n<p>Tak\u00e9 si m\u016f\u017eete vybrat V\u00e1\u0161 nej\u010dast\u011bj\u0161\u00ed typ lopaty a na stejn\u00fd typ si upravit uchycen\u00ed ostatn\u00edch lopat v r\u00e1mci stejn\u00e9 v\u00e1hov\u00e9 kategorie, aby \u0161ly mezi sebou na stavb\u011b zam\u011b\u0148ovat. Ostatn\u00ed stroje V\u00e1m m\u016f\u017eeme osadit <a href=\"https:\/\/nekr.cz\/sk\/produkt\/rychloupinace-pro-bagry-prechodove\/\">p\u0159echodov\u00fdm rychloup\u00edna\u010dem<\/a>.<\/p>\n<p>&nbsp;<\/p>\n<p>Kdy\u017e n\u00e1m dovezete Va\u0161i lopatu, m\u016f\u017eeme uchycen\u00ed vym\u011bnit, nebo dodat samostatn\u00e9 uchycen\u00ed, kter\u00e9 si sami nava\u0159\u00edte.<\/p>","protected":false},"excerpt":{"rendered":"<p>R\u016fzn\u00e9 bagry maj\u00ed r\u016fzn\u00e9 uchycovac\u00ed rozm\u011bry. Pokud m\u00e1te funf\u010dn\u00ed lopaty, kter\u00e9 chcete pou\u017e\u00edt na jin\u00e9m stroji, jednou z mo\u017enost\u00ed je vym\u011bnit uchycen\u00ed na lopat\u011b.<\/p>","protected":false},"featured_media":2083,"comment_status":"closed","ping_status":"closed","template":"","meta":{"_acf_changed":false},"product_brand":[],"product_cat":[89,24,22],"product_tag":[],"class_list":{"0":"post-1713","1":"product","2":"type-product","3":"status-publish","4":"has-post-thumbnail","6":"product_cat-zakazkova-vyroba","7":"product_cat-lopaty-na-bagry","8":"product_cat-rychloupinace","10":"first","11":"instock","12":"shipping-taxable","13":"product-type-simple"},"acf":[],"_links":{"self":[{"href":"https:\/\/nekr.cz\/sk\/wp-json\/wp\/v2\/product\/1713","targetHints":{"allow":["GET"]}}],"collection":[{"href":"https:\/\/nekr.cz\/sk\/wp-json\/wp\/v2\/product"}],"about":[{"href":"https:\/\/nekr.cz\/sk\/wp-json\/wp\/v2\/types\/product"}],"replies":[{"embeddable":true,"href":"https:\/\/nekr.cz\/sk\/wp-json\/wp\/v2\/comments?post=1713"}],"wp:featuredmedia":[{"embeddable":true,"href":"https:\/\/nekr.cz\/sk\/wp-json\/wp\/v2\/media\/2083"}],"wp:attachment":[{"href":"https:\/\/nekr.cz\/sk\/wp-json\/wp\/v2\/media?parent=1713"}],"wp:term":[{"taxonomy":"product_brand","embeddable":true,"href":"https:\/\/nekr.cz\/sk\/wp-json\/wp\/v2\/product_brand?post=1713"},{"taxonomy":"product_cat","embeddable":true,"href":"https:\/\/nekr.cz\/sk\/wp-json\/wp\/v2\/product_cat?post=1713"},{"taxonomy":"product_tag","embeddable":true,"href":"https:\/\/nekr.cz\/sk\/wp-json\/wp\/v2\/product_tag?post=1713"}],"curies":[{"name":"wp","href":"https:\/\/api.w.org\/{rel}","templated":true}]}}