{"id":1695,"date":"2024-03-01T12:01:22","date_gmt":"2024-03-01T12:01:22","guid":{"rendered":"https:\/\/nekr.cz\/?post_type=product&#038;p=1695"},"modified":"2024-08-15T11:15:33","modified_gmt":"2024-08-15T11:15:33","slug":"rychloupinace-celni-na-nakladace","status":"publish","type":"product","link":"https:\/\/nekr.cz\/sk\/produkt\/rychloupinace-celni-na-nakladace\/","title":{"rendered":"Rychloup\u00edna\u010d \u010deln\u00ed na naklada\u010de"},"content":{"rendered":"<p>P\u0159i konstrukci na\u0161ich rychloup\u00edna\u010d\u016f vych\u00e1z\u00edme z kinematiky dan\u00e9ho stroje tak, abychom dodr\u017eeli \u00fahly a rozsahy pohybu p\u0159\u00eddavn\u00e9ho za\u0159\u00edzen\u00ed.<\/p>\n<p>Up\u00edn\u00e1n\u00ed je nej\u010dast\u011bji hydraulick\u00e9, nebo u men\u0161\u00edch rychloup\u00edna\u010d\u016f mechanick\u00e9 za pou\u017eit\u00ed \u010depu.<\/p>\n<p>&nbsp;<\/p>\n<p><strong>Standardn\u00ed proveden\u00ed u hyraulick\u00fdch up\u00edna\u010d\u016f:<\/strong><\/p>\n<ul>\n<li>hydraulick\u00fd v\u00e1lec s integrovan\u00fdm z\u00e1mkem (pro p\u0159\u00edpad po\u0161kozen\u00ed hadice nebo selh\u00e1n\u00ed hydraulick\u00e9ho okruhu stroje)<\/li>\n<\/ul>\n<p>&nbsp;<\/p>\n<p><strong>Na po\u017e\u00e1d\u00e1n\u00ed:<\/strong><\/p>\n<ul>\n<li>integrovan\u00fd elektroventil, umo\u017e\u0148uj\u00edc\u00ed\u00a0ovl\u00e1dat rychloup\u00edna\u010d z okruhu ur\u010den\u00e9ho nap\u0159. pro \u010delis\u0165ovou lopatu\u00a0(pokud stroj nen\u00ed vybaven\u00a0dal\u0161\u00edm voln\u00fdm okruhem)<\/li>\n<\/ul>","protected":false},"excerpt":{"rendered":"<p>Rychloup\u00edna\u010de slou\u017e\u00ed ke snadn\u00e9 v\u00fdm\u011bn\u011b pracovn\u00edch n\u00e1stroj\u016f smykem \u0159\u00edzen\u00fdch naklada\u010d\u016f, mininaklada\u010d\u016f i kolov\u00e9\u00fdch naklada\u010d\u016f do hmotnosti 30 tun.<\/p>","protected":false},"featured_media":2263,"comment_status":"closed","ping_status":"closed","template":"","meta":{"_acf_changed":false},"product_brand":[],"product_cat":[25,22],"product_tag":[],"class_list":{"0":"post-1695","1":"product","2":"type-product","3":"status-publish","4":"has-post-thumbnail","6":"product_cat-lopaty-na-nakladace","7":"product_cat-rychloupinace","9":"first","10":"instock","11":"shipping-taxable","12":"product-type-simple"},"acf":[],"_links":{"self":[{"href":"https:\/\/nekr.cz\/sk\/wp-json\/wp\/v2\/product\/1695","targetHints":{"allow":["GET"]}}],"collection":[{"href":"https:\/\/nekr.cz\/sk\/wp-json\/wp\/v2\/product"}],"about":[{"href":"https:\/\/nekr.cz\/sk\/wp-json\/wp\/v2\/types\/product"}],"replies":[{"embeddable":true,"href":"https:\/\/nekr.cz\/sk\/wp-json\/wp\/v2\/comments?post=1695"}],"wp:featuredmedia":[{"embeddable":true,"href":"https:\/\/nekr.cz\/sk\/wp-json\/wp\/v2\/media\/2263"}],"wp:attachment":[{"href":"https:\/\/nekr.cz\/sk\/wp-json\/wp\/v2\/media?parent=1695"}],"wp:term":[{"taxonomy":"product_brand","embeddable":true,"href":"https:\/\/nekr.cz\/sk\/wp-json\/wp\/v2\/product_brand?post=1695"},{"taxonomy":"product_cat","embeddable":true,"href":"https:\/\/nekr.cz\/sk\/wp-json\/wp\/v2\/product_cat?post=1695"},{"taxonomy":"product_tag","embeddable":true,"href":"https:\/\/nekr.cz\/sk\/wp-json\/wp\/v2\/product_tag?post=1695"}],"curies":[{"name":"wp","href":"https:\/\/api.w.org\/{rel}","templated":true}]}}