{"id":1611,"date":"2024-03-01T11:28:50","date_gmt":"2024-03-01T11:28:50","guid":{"rendered":"https:\/\/nekr.cz\/?post_type=product&#038;p=1611"},"modified":"2024-08-15T10:15:58","modified_gmt":"2024-08-15T10:15:58","slug":"rychloupinace-na-bagry-hydraulicke","status":"publish","type":"product","link":"https:\/\/nekr.cz\/sk\/produkt\/rychloupinace-na-bagry-hydraulicke\/","title":{"rendered":"Rychloup\u00edna\u010d hydraulick\u00fd"},"content":{"rendered":"<p>P\u0159i konstrukci na\u0161ich rychloup\u00edna\u010d\u016f vych\u00e1z\u00edme z kinematiky dan\u00e9ho stroje tak, abychom dodr\u017eeli \u00fahly a rozsahy pohybu p\u0159\u00eddavn\u00e9ho za\u0159\u00edzen\u00ed. V\u00fdhodou na\u0161ich rychloup\u00edna\u010d\u016f je to, \u017ee maj\u00ed stejn\u00e9 rozte\u010de i pr\u016fm\u011bry \u010dep\u016f na stran\u011b stroje i p\u0159\u00eddavn\u00e9ho za\u0159\u00edzen\u00ed, tak\u017ee je mo\u017en\u00e9 stejn\u00e9 lopaty provozovat s rychloup\u00edna\u010dem i bez rychloup\u00edna\u010de. Tak\u00e9 vyr\u00e1b\u00edme rychloup\u00edna\u010de p\u0159echodov\u00e9 (pokud m\u00e1te v\u00edce r\u016fzn\u00fdch stroj\u016f a chcete pou\u017e\u00edvat stejn\u00e9 n\u00e1\u0159ad\u00ed)<\/p>\n<p>&nbsp;<\/p>\n<p><strong>Standardn\u00ed proveden\u00ed:<\/strong><\/p>\n<ul>\n<li>hydraulick\u00fd v\u00e1lec s integrovan\u00fdm hydraulick\u00fdm z\u00e1mkem (pro p\u0159\u00edpad po\u0161kozen\u00ed hadice nebo selh\u00e1n\u00ed hydraulick\u00e9ho okruhu stroje)<\/li>\n<li>mechanick\u00fdm zaji\u0161\u0165ovac\u00edm \u010depem<\/li>\n<\/ul>\n<p>&nbsp;<\/p>\n<p><strong>Na po\u017e\u00e1d\u00e1n\u00ed:<\/strong><\/p>\n<ul>\n<li>zes\u00edlen\u00ed pro provoz hydraulick\u00e9ho kladiva<\/li>\n<li>mo\u017eno vybavit okem nebo h\u00e1kem<\/li>\n<li>integrovan\u00fd elektroventil, umo\u017e\u0148uj\u00edc\u00ed\u00a0ovl\u00e1dat rychloup\u00edna\u010d z okruhu ur\u010den\u00e9ho nap\u0159. pro svahovac\u00ed lopatu\u00a0(pokud stroj nen\u00ed vybaven\u00a0dal\u0161\u00edm voln\u00fdm okruhem)<\/li>\n<\/ul>\n<p>&nbsp;<\/p>","protected":false},"excerpt":{"rendered":"<p>Hydraulick\u00e9 rychloup\u00edna\u010de slou\u017e\u00ed ke snadn\u00e9 v\u00fdm\u011bn\u011b pracovn\u00edch n\u00e1stroj\u016f r\u00fdpadel hmotnosti od cca 5 &#8211; 80 tun. Up\u00ednac\u00ed s\u00edlu vyv\u00edj\u00ed hydraulick\u00fd v\u00e1lec.<\/p>","protected":false},"featured_media":2075,"comment_status":"closed","ping_status":"closed","template":"","meta":{"_acf_changed":false},"product_brand":[],"product_cat":[22],"product_tag":[],"class_list":{"0":"post-1611","1":"product","2":"type-product","3":"status-publish","4":"has-post-thumbnail","6":"product_cat-rychloupinace","8":"first","9":"instock","10":"shipping-taxable","11":"product-type-simple"},"acf":[],"_links":{"self":[{"href":"https:\/\/nekr.cz\/sk\/wp-json\/wp\/v2\/product\/1611","targetHints":{"allow":["GET"]}}],"collection":[{"href":"https:\/\/nekr.cz\/sk\/wp-json\/wp\/v2\/product"}],"about":[{"href":"https:\/\/nekr.cz\/sk\/wp-json\/wp\/v2\/types\/product"}],"replies":[{"embeddable":true,"href":"https:\/\/nekr.cz\/sk\/wp-json\/wp\/v2\/comments?post=1611"}],"wp:featuredmedia":[{"embeddable":true,"href":"https:\/\/nekr.cz\/sk\/wp-json\/wp\/v2\/media\/2075"}],"wp:attachment":[{"href":"https:\/\/nekr.cz\/sk\/wp-json\/wp\/v2\/media?parent=1611"}],"wp:term":[{"taxonomy":"product_brand","embeddable":true,"href":"https:\/\/nekr.cz\/sk\/wp-json\/wp\/v2\/product_brand?post=1611"},{"taxonomy":"product_cat","embeddable":true,"href":"https:\/\/nekr.cz\/sk\/wp-json\/wp\/v2\/product_cat?post=1611"},{"taxonomy":"product_tag","embeddable":true,"href":"https:\/\/nekr.cz\/sk\/wp-json\/wp\/v2\/product_tag?post=1611"}],"curies":[{"name":"wp","href":"https:\/\/api.w.org\/{rel}","templated":true}]}}