{"id":654,"date":"2024-02-03T12:29:19","date_gmt":"2024-02-03T12:29:19","guid":{"rendered":"https:\/\/nekr.cz\/?page_id=654"},"modified":"2024-08-28T08:20:48","modified_gmt":"2024-08-28T08:20:48","slug":"nabidka-prace","status":"publish","type":"page","link":"https:\/\/nekr.cz\/sk\/nabidka-prace\/","title":{"rendered":"Ponuka pr\u00e1ce"},"content":{"rendered":"<section class=\"bde-section-654-179 bde-section\">\n  \n  \n\t\n\n\n\n<div class=\"section-container\"><div class=\"bde-columns-654-180 bde-columns\"><div class=\"bde-column-654-181 bde-column\">\n  \n  \n\t\n\n\n\n<div class=\"bde-text-654-182 bde-text\">\nOb\u010das i my pot\u0159ebujeme pomoc\n<\/div><h2 class=\"bde-heading-654-183 bde-heading\">\nNab\u00edr\u00e1me na nov\u00e9 pracovn\u00ed pozice\n<\/h2><div class=\"bde-text-654-184 bde-text\">\nHled\u00e1me nov\u00e9 zam\u011bstnance, kte\u0159\u00ed by se r\u00e1di p\u0159idali k na\u0161emu t\u00fdmu v NEKR SERVIS s.r.o.!<br><br>Nab\u00edz\u00edme p\u0159\u00e1telsk\u00e9 pracovn\u00ed prost\u0159ed\u00ed, kde ka\u017ed\u00fd \u010dlen t\u00fdmu je cenn\u00fd a kde tv\u00e9 n\u00e1pady a tv\u016fr\u010d\u00ed p\u0159\u00edstup ocen\u00edme.<br><br>Pokud jsou tv\u00fdm kon\u00ed\u010dkem stavebn\u00ed stroje, chce\u0161 profesn\u011b r\u016fst a b\u00fdt sou\u010d\u00e1st\u00ed prima kolektivu, pak jsi to ty, koho hled\u00e1me! <br><br>\n<\/div><div class=\"bde-button-654-190 bde-button\">\n    \n                                    \n    \n    \n    \n    \n            \n                    \n            \n            \n\n    \n    \n    \n    \n    \n    <a class=\"breakdance-link button-atom button-atom--custom bde-button__button\" href=\"#volnePozice\" target=\"_self\" data-type=\"url\"  >\n\n    \n        <span class=\"button-atom__text\">Voln\u00e9 pozice<\/span>\n\n        \n        \n                <\/a>\n\n    \n\n\n<\/div>\n<\/div><div class=\"bde-column-654-186 bde-column\">\n  \n  \n\t\n\n\n\n<div class=\"bde-masker-654-187 bde-masker\"><div class=\"bde-image-654-189 bde-image\">\n<figure class=\"breakdance-image breakdance-image--2716\">\n\t<div class=\"breakdance-image-container\">\n\t\t<div class=\"breakdance-image-clip\"><img decoding=\"async\" class=\"breakdance-image-object lazyload\" data-src=\"https:\/\/nekr.cz\/wp-content\/uploads\/2024\/08\/Hiring-amico.webp\" width=\"1000\" height=\"1000\" data-srcset=\"https:\/\/nekr.cz\/wp-content\/uploads\/2024\/08\/Hiring-amico.webp 1000w, https:\/\/nekr.cz\/wp-content\/uploads\/2024\/08\/Hiring-amico-300x300.webp 300w, https:\/\/nekr.cz\/wp-content\/uploads\/2024\/08\/Hiring-amico-150x150.webp 150w, https:\/\/nekr.cz\/wp-content\/uploads\/2024\/08\/Hiring-amico-768x768.webp 768w, https:\/\/nekr.cz\/wp-content\/uploads\/2024\/08\/Hiring-amico-12x12.webp 12w, https:\/\/nekr.cz\/wp-content\/uploads\/2024\/08\/Hiring-amico-600x600.webp 600w\" data-sizes=\"(max-width: 1000px) 100vw, 1000px\" alt=\"Pracovn\u00ed pozice\" src=\"data:image\/gif;base64,R0lGODlhAQABAAAAACH5BAEKAAEALAAAAAABAAEAAAICTAEAOw==\" style=\"--smush-placeholder-width: 1000px; --smush-placeholder-aspect-ratio: 1000\/1000;\"><\/div>\n\t<\/div><\/figure>\n\n<\/div>\r\n<\/div>\n<\/div><\/div><\/div>\n<\/section><section class=\"bde-section-654-136 bde-section\">\n  \n  \n\t\n\n\n\n<div class=\"section-container\"><div class=\"bde-columns-654-195 bde-columns\"><div class=\"bde-column-654-192 bde-column\">\n  \n  \n\t\n\n\n\n<h3 class=\"bde-heading-654-139 bde-heading\">\nCo ti nab\u00eddneme...\n<\/h3>\n<\/div><div class=\"bde-column-654-145 bde-column\">\n  \n  \n\t\n\n\n\n<div class=\"bde-icon-box-654-146 bde-icon-box\">\n\n    \n            <div class=\"ee-iconbox-icon breakdance-icon-atom\" >\n    \n                    <svg xmlns=\"http:\/\/www.w3.org\/2000\/svg\" id=\"icon-arrow-up-right\" viewbox=\"0 0 32 32\">\n<path d=\"M9 0l8 8-17 17 7 7 17-17 8 8v-23h-23z\"\/>\n<\/svg>\n        \n        \n        \n            <\/div>\n    \n\n<div class=\"ee-iconbox-content\">\n      <h5 class=\"ee-iconbox-title bde-h3\" >Profesion\u00e1ln\u00ed rozvoj<\/h5>\n        <div class=\"ee-iconbox-text\" >Investujeme do \u0161kolen\u00ed a vzd\u011bl\u00e1vac\u00edch program\u016f, abychom podpo\u0159ili tv\u016fj kari\u00e9rn\u00ed r\u016fst.<\/div>\n    <\/div>\n\n<\/div><div class=\"bde-icon-box-654-147 bde-icon-box\">\n\n    \n            <div class=\"ee-iconbox-icon breakdance-icon-atom\" >\n    \n                    <svg xmlns=\"http:\/\/www.w3.org\/2000\/svg\" viewbox=\"0 0 640 512\"><!-- Font Awesome Free 5.15.1 by @fontawesome - https:\/\/fontawesome.com License - https:\/\/fontawesome.com\/license\/free (Icons: CC BY 4.0, Fonts: SIL OFL 1.1, Code: MIT License) --><path d=\"M434.7 64h-85.9c-8 0-15.7 3-21.6 8.4l-98.3 90c-.1.1-.2.3-.3.4-16.6 15.6-16.3 40.5-2.1 56 12.7 13.9 39.4 17.6 56.1 2.7.1-.1.3-.1.4-.2l79.9-73.2c6.5-5.9 16.7-5.5 22.6 1 6 6.5 5.5 16.6-1 22.6l-26.1 23.9L504 313.8c2.9 2.4 5.5 5 7.9 7.7V128l-54.6-54.6c-5.9-6-14.1-9.4-22.6-9.4zM544 128.2v223.9c0 17.7 14.3 32 32 32h64V128.2h-96zm48 223.9c-8.8 0-16-7.2-16-16s7.2-16 16-16 16 7.2 16 16-7.2 16-16 16zM0 384h64c17.7 0 32-14.3 32-32V128.2H0V384zm48-63.9c8.8 0 16 7.2 16 16s-7.2 16-16 16-16-7.2-16-16c0-8.9 7.2-16 16-16zm435.9 18.6L334.6 217.5l-30 27.5c-29.7 27.1-75.2 24.5-101.7-4.4-26.9-29.4-24.8-74.9 4.4-101.7L289.1 64h-83.8c-8.5 0-16.6 3.4-22.6 9.4L128 128v223.9h18.3l90.5 81.9c27.4 22.3 67.7 18.1 90-9.3l.2-.2 17.9 15.5c15.9 13 39.4 10.5 52.3-5.4l31.4-38.6 5.4 4.4c13.7 11.1 33.9 9.1 45-4.7l9.5-11.7c11.2-13.8 9.1-33.9-4.6-45.1z\"\/><\/svg>\n        \n        \n        \n            <\/div>\n    \n\n<div class=\"ee-iconbox-content\">\n      <h5 class=\"ee-iconbox-title bde-h3\" >T\u00fdmov\u00e1 spolupr\u00e1ce<\/h5>\n        <div class=\"ee-iconbox-text\" >P\u0159\u00e1telsk\u00e1 atmosf\u00e9ra a podpora t\u00fdmov\u00fdch aktivit zvy\u0161uj\u00ed soudr\u017enost a spokojenost v pr\u00e1ci.<\/div>\n    <\/div>\n\n<\/div><div class=\"bde-icon-box-654-148 bde-icon-box\">\n\n    \n            <div class=\"ee-iconbox-icon breakdance-icon-atom\" >\n    \n                    <svg xmlns=\"http:\/\/www.w3.org\/2000\/svg\" viewbox=\"0 0 512 512\"><!-- Font Awesome Free 5.15.1 by @fontawesome - https:\/\/fontawesome.com License - https:\/\/fontawesome.com\/license\/free (Icons: CC BY 4.0, Fonts: SIL OFL 1.1, Code: MIT License) --><path d=\"M0 405.3V448c0 35.3 86 64 192 64s192-28.7 192-64v-42.7C342.7 434.4 267.2 448 192 448S41.3 434.4 0 405.3zM320 128c106 0 192-28.7 192-64S426 0 320 0 128 28.7 128 64s86 64 192 64zM0 300.4V352c0 35.3 86 64 192 64s192-28.7 192-64v-51.6c-41.3 34-116.9 51.6-192 51.6S41.3 334.4 0 300.4zm416 11c57.3-11.1 96-31.7 96-55.4v-42.7c-23.2 16.4-57.3 27.6-96 34.5v63.6zM192 160C86 160 0 195.8 0 240s86 80 192 80 192-35.8 192-80-86-80-192-80zm219.3 56.3c60-10.8 100.7-32 100.7-56.3v-42.7c-35.5 25.1-96.5 38.6-160.7 41.8 29.5 14.3 51.2 33.5 60 57.2z\"\/><\/svg>\n        \n        \n        \n            <\/div>\n    \n\n<div class=\"ee-iconbox-content\">\n      <h5 class=\"ee-iconbox-title bde-h3\" >Ocen\u011bn\u00ed zam\u011bstnanc\u016f<\/h5>\n        <div class=\"ee-iconbox-text\" > V\u00e1\u017e\u00edme si tvrd\u00e9 pr\u00e1ce a \u00fasp\u011bch\u016f na\u0161ich lid\u00ed a odm\u011b\u0148ujeme je za jejich p\u0159\u00ednos.<\/div>\n    <\/div>\n\n<\/div>\n<\/div><\/div><div class=\"bde-columns-654-144 bde-columns\"><div class=\"bde-column-654-196 bde-column\">\n  \n  \n\t\n\n\n\n<h3 class=\"bde-heading-654-194 bde-heading\">\nCo od tebe o\u010dek\u00e1v\u00e1me?\n<\/h3>\n<\/div><div class=\"bde-column-654-149 bde-column\">\n  \n  \n\t\n\n\n\n<div class=\"bde-icon-box-654-150 bde-icon-box\">\n\n    \n            <div class=\"ee-iconbox-icon breakdance-icon-atom\" >\n    \n                    <svg xmlns=\"http:\/\/www.w3.org\/2000\/svg\" viewbox=\"0 0 576 512\"><!-- Font Awesome Free 5.15.1 by @fontawesome - https:\/\/fontawesome.com License - https:\/\/fontawesome.com\/license\/free (Icons: CC BY 4.0, Fonts: SIL OFL 1.1, Code: MIT License) --><path d=\"M465.4 409.4l87.1-150.2-32-.3-55.1 95L259.2 0 23 407.4l32 .3L259.2 55.6zm-355.3-44.1h32.1l117.4-202.5L463 511.9l32.5.1-235.8-404.6z\"\/><\/svg>\n        \n        \n        \n            <\/div>\n    \n\n<div class=\"ee-iconbox-content\">\n      <h5 class=\"ee-iconbox-title bde-h3\" >Zan\u00edcen\u00ed pro inovace<\/h5>\n        <div class=\"ee-iconbox-text\" >Hled\u00e1me jedince, kte\u0159\u00ed jsou nad\u0161en\u00ed pro nov\u00e9 my\u0161lenky a technologie a maj\u00ed v\u00e1\u0161e\u0148 pro zlep\u0161ov\u00e1n\u00ed a inovace v na\u0161em pr\u016fmyslu.<\/div>\n    <\/div>\n\n<\/div><div class=\"bde-icon-box-654-151 bde-icon-box\">\n\n    \n            <div class=\"ee-iconbox-icon breakdance-icon-atom\" >\n    \n                    <svg xmlns=\"http:\/\/www.w3.org\/2000\/svg\" width=\"24\" height=\"24\" viewbox=\"0 0 24 24\" fill-rule=\"evenodd\" clip-rule=\"evenodd\"><path d=\"M22 21c.53 0 1.039.211 1.414.586.376.375.586.884.586 1.414v1h-6v-1c0-1.104.896-2 2-2h2zm-7 0c.53 0 1.039.211 1.414.586.376.375.586.884.586 1.414v1h-6v-1c0-1.104.896-2 2-2h2zm7 1h-2c-.551 0-1 .448-1 1h4c0-.564-.461-1-1-1zm-7 0h-2c-.551 0-1 .448-1 1h4c0-.564-.461-1-1-1zm-6.758-1.216c-.025.679-.576 1.21-1.256 1.21-.64 0-1.179-.497-1.254-1.156l-.406-4.034-.317 4.019c-.051.656-.604 1.171-1.257 1.171-.681 0-1.235-.531-1.262-1.21l-.262-6.456-.308.555c-.241.437-.8.638-1.265.459-.404-.156-.655-.538-.655-.951 0-.093.012-.188.039-.283l1.134-4.098c.17-.601.725-1.021 1.351-1.021h4.096c.511 0 1.012-.178 1.285-.33.723-.403 2.439-1.369 3.136-1.793.394-.243.949-.147 1.24.217.32.396.286.95-.074 1.297l-3.048 2.906c-.375.359-.595.849-.617 1.381-.061 1.397-.3 8.117-.3 8.117zm-5.718-10.795c-.18 0-.34.121-.389.294-.295 1.04-1.011 3.666-1.134 4.098l1.511-2.593c.172-.295.623-.18.636.158l.341 8.797c.01.278.5.287.523.002 0 0 .269-3.35.308-3.944.041-.599.449-1.017.992-1.017.547.002.968.415 1.029 1.004.036.349.327 3.419.385 3.938.043.378.505.326.517.022 0 0 .239-6.725.3-8.124.033-.791.362-1.523.925-2.061l3.045-2.904c-.661.492-2.393 1.468-3.121 1.873-.396.221-1.07.457-1.772.457h-4.096zm18.476 6.011c-1.305 0-2.364 1.06-2.364 2.364 0 1.305 1.059 2.365 2.364 2.365s2.364-1.06 2.364-2.365c0-1.304-1.059-2.364-2.364-2.364zm-7 0c-1.305 0-2.364 1.06-2.364 2.364 0 1.305 1.059 2.365 2.364 2.365s2.364-1.06 2.364-2.365c0-1.304-1.059-2.364-2.364-2.364zm7 1c.752 0 1.364.612 1.364 1.364 0 .753-.612 1.365-1.364 1.365-.752 0-1.364-.612-1.364-1.365 0-.752.612-1.364 1.364-1.364zm-7 0c.752 0 1.364.612 1.364 1.364 0 .753-.612 1.365-1.364 1.365-.752 0-1.364-.612-1.364-1.365 0-.752.612-1.364 1.364-1.364zm10-2h-14.658v-1h7.658v-1h3v1h3v-13h-22v7l-1 3v-11h24v15zm-6-6h-4v-1h4v1zm-12.727-5c-1.278 0-2.315 1.038-2.315 2.316 0 1.278 1.037 2.316 2.315 2.316s2.316-1.038 2.316-2.316c0-1.278-1.038-2.316-2.316-2.316zm0 1c.726 0 1.316.59 1.316 1.316 0 .726-.59 1.316-1.316 1.316-.725 0-1.315-.59-1.315-1.316 0-.726.59-1.316 1.315-1.316zm15.727 2h-7v-1h7v1zm0-2h-7v-1h7v1z\"\/><\/svg>\n        \n        \n        \n            <\/div>\n    \n\n<div class=\"ee-iconbox-content\">\n      <h5 class=\"ee-iconbox-title bde-h3\" >T\u00fdmov\u00fd duch<\/h5>\n        <div class=\"ee-iconbox-text\" >D\u016fle\u017eit\u00e1 je schopnost pracovat efektivn\u011b v t\u00fdmu, sd\u00edlet znalosti a podporovat kolegy v dosahov\u00e1n\u00ed spole\u010dn\u00fdch c\u00edl\u016f.<\/div>\n    <\/div>\n\n<\/div><div class=\"bde-icon-box-654-152 bde-icon-box\">\n\n    \n            <div class=\"ee-iconbox-icon breakdance-icon-atom\" >\n    \n                    <svg xmlns=\"http:\/\/www.w3.org\/2000\/svg\" id=\"icon-user-tie\" viewbox=\"0 0 32 32\">\n<path d=\"M10 6c0-3.314 2.686-6 6-6s6 2.686 6 6c0 3.314-2.686 6-6 6s-6-2.686-6-6zM24.002 14h-1.107l-6.222 12.633 2.327-11.633-3-3-3 3 2.327 11.633-6.222-12.633h-1.107c-3.998 0-3.998 2.687-3.998 6v10h24v-10c0-3.313 0-6-3.998-6z\"\/>\n<\/svg>\n        \n        \n        \n            <\/div>\n    \n\n<div class=\"ee-iconbox-content\">\n      <h5 class=\"ee-iconbox-title bde-h3\" >Profesionalita <\/h5>\n        <div class=\"ee-iconbox-text\" > O\u010dek\u00e1v\u00e1me vysokou \u00farove\u0148 profesionalismu, odpov\u011bdnost za sv\u011b\u0159en\u00e9 \u00fakoly a anga\u017eovanost v pr\u00e1ci s d\u016frazem na kvalitu a spolehlivost.<\/div>\n    <\/div>\n\n<\/div>\n<\/div><\/div><\/div>\n<\/section><section id=\"volnePozice\" class=\"bde-section-654-169 bde-section\">\n  \n  \n\t\n\n\n\n<div class=\"section-container\"><div class=\"bde-columns-654-170 bde-columns\" data-entrance=\"fade\"><div class=\"bde-column-654-171 bde-column\">\n  \n  \n\t\n\n\n\n<h3 class=\"bde-heading-654-173 bde-heading\">\nVoln\u00e9 pracovn\u00ed pozice\n<\/h3>\n<\/div><div class=\"bde-column-654-176 bde-column\">\n  \n  \n\t\n\n\n\n<div class=\"bde-post-list-654-201 bde-post-list\">\n<div class=\"ee-posts ee-posts-grid\">        <section class=\"ee-post\">\n            \n                                            <a class=\"ee-post-image-link ee-posts-image-top\" href=\"https:\/\/nekr.cz\/sk\/nabidka-prace\/pracovnikcncpaleniaohybani\/\" aria-label=\"Pracovn\u00edk CNC p\u00e1len\u00ed a oh\u00fdban\u00ed plech\u016f\">\n                    <div class=\"ee-post-image\">\n                        <img decoding=\"async\" width=\"1536\" height=\"2048\" data-src=\"https:\/\/nekr.cz\/wp-content\/uploads\/2024\/02\/pro-JNEErHPp.jpeg\" class=\"attachment-full size-full wp-post-image lazyload\" alt=\"\" data-srcset=\"https:\/\/nekr.cz\/wp-content\/uploads\/2024\/02\/pro-JNEErHPp.jpeg 1536w, https:\/\/nekr.cz\/wp-content\/uploads\/2024\/02\/pro-JNEErHPp-225x300.jpeg 225w, https:\/\/nekr.cz\/wp-content\/uploads\/2024\/02\/pro-JNEErHPp-768x1024.jpeg 768w, https:\/\/nekr.cz\/wp-content\/uploads\/2024\/02\/pro-JNEErHPp-1152x1536.jpeg 1152w, https:\/\/nekr.cz\/wp-content\/uploads\/2024\/02\/pro-JNEErHPp-9x12.jpeg 9w, https:\/\/nekr.cz\/wp-content\/uploads\/2024\/02\/pro-JNEErHPp-600x800.jpeg 600w\" data-sizes=\"(max-width: 1536px) 100vw, 1536px\" src=\"data:image\/gif;base64,R0lGODlhAQABAAAAACH5BAEKAAEALAAAAAABAAEAAAICTAEAOw==\" style=\"--smush-placeholder-width: 1536px; --smush-placeholder-aspect-ratio: 1536\/2048;\" \/>                    <\/div>\n                <\/a>\n            \n            \n            <div class=\"ee-post-wrap\">\n                \n                                    <h3 class=\"ee-post-title\">\n                        <a class=\"ee-post-title-link\" href=\"https:\/\/nekr.cz\/sk\/nabidka-prace\/pracovnikcncpaleniaohybani\/\" >\n                            Pracovn\u00edk CNC p\u00e1len\u00ed a oh\u00fdban\u00ed plech\u016f                        <\/a>\n                    <\/h3>\n                                    <div class=\"ee-post-meta\">\n                                                                                            <span class=\"ee-post-meta-author ee-post-meta-item\"><a href=\"https:\/\/nekr.cz\/sk\/author\/svatoslavjezek\/\" title=\"Autor \u010dl\u00e1nku Svatoslav Jezek\" rel=\"author\">Svatoslav Jezek<\/a><\/span>\n                                                                                                                                <span class=\"ee-post-meta-date ee-post-meta-item\">\n                                        <a href=\"https:\/\/nekr.cz\/sk\/2024\/08\/14\/\" >\n                                            14 augusta, 2024                                        <\/a>\n                                    <\/span>\n                                                        \n                    <\/div>\n                                    <div class=\"ee-post-content\">\n                        Jako pracovn\u00edk na CNC p\u00e1len\u00ed a oh\u00fdb\u00e1n\u00ed plech\u016f v na\u0161\u00ed firm\u011b NEKR SERVIS s.r.o. budete m\u00edt na starost p\u00e1len\u00ed tvarov\u00fdch&hellip;                    <\/div>\n                \n    \n                                    \n    \n    \n    \n    \n            \n                    \n            \n            \n\n    \n    \n    \n    \n    \n    <a class=\"breakdance-link button-atom button-atom--custom ee-post-button\" href=\"https:\/\/nekr.cz\/sk\/nabidka-prace\/pracovnikcncpaleniaohybani\/\" target=\"_self\" data-type=\"\"  >\n\n    \n        <span class=\"button-atom__text\">\u010c\u00edst v\u00edce<\/span>\n\n        \n        \n                <\/a>\n\n    \n\n\n\n\n                \n            <\/div>\n\n                    <\/section>\n\n    <\/div><div class='bde-posts-pagination bde-posts-pagination-prevnext bde-posts-prev-next-link'><\/div>\n<\/div>\n<\/div><\/div><\/div>\n<\/section>","protected":false},"excerpt":{"rendered":"","protected":false},"author":1,"featured_media":0,"parent":0,"menu_order":0,"comment_status":"closed","ping_status":"closed","template":"","meta":{"_acf_changed":false,"_breakdance_hide_in_design_set":false,"_breakdance_tags":"","footnotes":""},"class_list":["post-654","page","type-page","status-publish","hentry"],"acf":[],"_links":{"self":[{"href":"https:\/\/nekr.cz\/sk\/wp-json\/wp\/v2\/pages\/654","targetHints":{"allow":["GET"]}}],"collection":[{"href":"https:\/\/nekr.cz\/sk\/wp-json\/wp\/v2\/pages"}],"about":[{"href":"https:\/\/nekr.cz\/sk\/wp-json\/wp\/v2\/types\/page"}],"author":[{"embeddable":true,"href":"https:\/\/nekr.cz\/sk\/wp-json\/wp\/v2\/users\/1"}],"replies":[{"embeddable":true,"href":"https:\/\/nekr.cz\/sk\/wp-json\/wp\/v2\/comments?post=654"}],"version-history":[{"count":27,"href":"https:\/\/nekr.cz\/sk\/wp-json\/wp\/v2\/pages\/654\/revisions"}],"predecessor-version":[{"id":2922,"href":"https:\/\/nekr.cz\/sk\/wp-json\/wp\/v2\/pages\/654\/revisions\/2922"}],"wp:attachment":[{"href":"https:\/\/nekr.cz\/sk\/wp-json\/wp\/v2\/media?parent=654"}],"curies":[{"name":"wp","href":"https:\/\/api.w.org\/{rel}","templated":true}]}}