{"id":627,"date":"2024-02-03T03:42:38","date_gmt":"2024-02-03T03:42:38","guid":{"rendered":"https:\/\/nekr.cz\/?page_id=627"},"modified":"2024-04-19T09:18:27","modified_gmt":"2024-04-19T09:18:27","slug":"klientska-sekce","status":"publish","type":"page","link":"https:\/\/nekr.cz\/sk\/klientska-sekce\/","title":{"rendered":"Klientska sekcia"},"content":{"rendered":"<section class=\"bde-section-627-100 bde-section\">\n  \n  \n\t\n\n\n\n<div class=\"section-container\"><div class=\"bde-image-627-101 bde-image\">\n<figure class=\"breakdance-image breakdance-image--630\">\n\t<div class=\"breakdance-image-container\">\n\t\t<div class=\"breakdance-image-clip\"><img decoding=\"async\" class=\"breakdance-image-object lazyload\" data-src=\"https:\/\/nekr.cz\/wp-content\/uploads\/2024\/02\/under_construction_nekr.webp\" width=\"500\" height=\"500\" data-srcset=\"https:\/\/nekr.cz\/wp-content\/uploads\/2024\/02\/under_construction_nekr.webp 500w, https:\/\/nekr.cz\/wp-content\/uploads\/2024\/02\/under_construction_nekr-300x300.webp 300w, https:\/\/nekr.cz\/wp-content\/uploads\/2024\/02\/under_construction_nekr-150x150.webp 150w, https:\/\/nekr.cz\/wp-content\/uploads\/2024\/02\/under_construction_nekr-12x12.webp 12w\" data-sizes=\"(max-width: 500px) 100vw, 500px\" alt=\"under_construction_nekr\" src=\"data:image\/gif;base64,R0lGODlhAQABAAAAACH5BAEKAAEALAAAAAABAAEAAAICTAEAOw==\" style=\"--smush-placeholder-width: 500px; --smush-placeholder-aspect-ratio: 500\/500;\"><\/div>\n\t<\/div><\/figure>\n\n<\/div><h1 class=\"bde-heading-627-102 bde-heading\">\nPr\u00e1v\u011b se p\u0159ipravuje\n<\/h1><div class=\"bde-text-627-103 bde-text\">\nV na\u0161\u00ed klientsk\u00e9 sekci neust\u00e1le pracujeme na tom, abychom v\u00e1m p\u0159in\u00e1\u0161eli nov\u00e9 a vylep\u0161en\u00e9 slu\u017eby, kter\u00e9 obohat\u00ed v\u00e1\u0161 z\u00e1\u017eitek a podpo\u0159\u00ed v\u00e1\u0161 osobn\u00ed nebo profesion\u00e1ln\u00ed r\u016fst. N\u00e1\u0161 t\u00fdm je pln\u011b pono\u0159en do v\u00fdvoje nov\u00fdch funkc\u00ed, kurzy a exkluzivn\u00edho obsahu, kter\u00fd bude dostupn\u00fd v nadch\u00e1zej\u00edc\u00edch t\u00fddnech.<br><br>Chceme, aby na\u0161e slu\u017eby nejen\u017ee odpov\u00eddaly va\u0161im sou\u010dasn\u00fdm pot\u0159eb\u00e1m, ale aby je i p\u0159ed\u010dily. Proto pe\u010dliv\u011b sledujeme nejnov\u011bj\u0161\u00ed trendy a inovace ve va\u0161em oboru a sna\u017e\u00edme se je integrovat do na\u0161ich nab\u00eddek. Va\u0161e spokojenost a \u00fasp\u011bch jsou pro n\u00e1s prioritou, a proto se sna\u017e\u00edme vytv\u00e1\u0159et \u0159e\u0161en\u00ed, kter\u00e1 jsou na m\u00edru va\u0161im o\u010dek\u00e1v\u00e1n\u00edm.<br><br><strong>Bu\u010fte v\u017edy o krok nap\u0159ed<\/strong><br>Chcete se dozv\u011bd\u011bt v\u00edce o tom, co pro v\u00e1s chyst\u00e1me, a b\u00fdt prvn\u00ed, kdo se dozv\u00ed o spu\u0161t\u011bn\u00ed nov\u00fdch slu\u017eeb? P\u0159ihlaste se k odb\u011bru na\u0161eho newsletteru! Jako odb\u011bratel\u00e9 budete m\u00edt exkluzivn\u00ed p\u0159\u00edstup k nejnov\u011bj\u0161\u00edm aktualit\u00e1m, speci\u00e1ln\u00edm nab\u00eddk\u00e1m a u\u017eite\u010dn\u00fdm tip\u016fm, kter\u00e9 v\u00e1s posunou vp\u0159ed ve va\u0161\u00ed kari\u00e9\u0159e nebo podnik\u00e1n\u00ed.<br><br>Nezme\u0161kejte p\u0159\u00edle\u017eitost b\u00fdt v centru d\u011bn\u00ed. Sta\u010d\u00ed zadat v\u00e1\u0161 e-mail do formul\u00e1\u0159e n\u00ed\u017ee a stisknout tla\u010d\u00edtko \"P\u0159ihl\u00e1sit se\", kter\u00e9 najdete hned pod t\u00edmto \u010dl\u00e1nkem. Sta\u0148te se sou\u010d\u00e1st\u00ed na\u0161\u00ed komunity a z\u00edskejte p\u0159\u00edstup k obsahu, kter\u00fd m\u011bn\u00ed pravidla hry.\n<\/div><div class=\"bde-form-builder-627-105 bde-form-builder\">\n\n\n<form id=\"newsletter105\" class=\"breakdance-form breakdance-form--horizontal\" data-options=\"{&quot;slug&quot;:&quot;custom&quot;,&quot;name&quot;:&quot;Newsletter&quot;,&quot;ajaxUrl&quot;:&quot;https:\\\/\\\/nekr.cz\\\/wp-admin\\\/admin-ajax.php&quot;,&quot;clearOnSuccess&quot;:true,&quot;hideOnSuccess&quot;:true,&quot;successMessage&quot;:&quot;D\\u011bkujeme za p\\u0159ihl\\u00e1\\u0161en\\u00ed do Newsletteru!&quot;,&quot;errorMessage&quot;:&quot;Something went wrong.&quot;,&quot;redirect&quot;:false,&quot;redirectUrl&quot;:&quot;&quot;,&quot;customJavaScript&quot;:&quot;&quot;,&quot;recaptcha&quot;:{&quot;key&quot;:&quot;&quot;,&quot;enabled&quot;:true},&quot;honeypot_enabled&quot;:true,&quot;popupsOnSuccess&quot;:[],&quot;popupsOnError&quot;:[]}\" data-steps=\"0\" action=\"\" >\n  \n  \n  \n<div class=\"breakdance-form-field breakdance-form-field--email\" >\n    \n    \n    \n    <input\n    class=\"breakdance-form-field__input\"\n    id=\"email\"\n    aria-describedby=\"email\"\n    type=\"email\"\n    name=\"fields[email]\"\n    placeholder=\"Va\u0161a e-mailov\u00e1 adresa\"\n    value=\"\"\n                \n        \n        \n    required\n>\n\n\n    \n    \n<\/div>\n\n\n<div class=\"breakdance-form-field breakdance-form-field--hpinput\" >\n    \n    \n            <label class=\"breakdance-form-field__label\" for=\"hpname\">\n            N\u00e1zov HP\n        <\/label>\n    \n    <input\n    class=\"breakdance-form-field__input\"\n    id=\"hpname\"\n    aria-describedby=\"hpname\"\n    type=\"hpinput\"\n    name=\"fields[hpname]\"\n    placeholder=\"\"\n    value=\"\"\n                \n        \n        \n    \n    autocomplete=\"off\"\n    tabindex=\"-1\">\n\n\n    \n    \n<\/div>\n\n\n<div class=\"breakdance-form-field breakdance-form-field--hidden\" >\n    \n    \n    \n    <input\n    id=\"csrf-token-105\"\n    type=\"hidden\"\n    name=\"fields[csrfToken]\"\n    value=\"91e2f451ec\"\n    >\n\n\n    \n    \n<\/div>\n\n\n  \n\n<div class=\"breakdance-form-field breakdance-form-footer\">\n    \n    \n                                    \n    \n    \n    \n    \n            \n            <button type=\"submit\" class=\"button-atom button-atom--primary breakdance-form-button breakdance-form-button__submit\"  >\n    \n        <span class=\"button-atom__text\">Prihl\u00e1si\u0165 sa<\/span>\n\n        \n        \n            <\/button>\n    \n    <input type=\"hidden\" name=\"form_id\" value=\"105\">\n    <input type=\"hidden\" name=\"post_id\" value=\"627\">\n<\/div>\n\n  \n<input type=\"hidden\" name=\"trp-form-language\" value=\"sk\"\/><\/form>\n\n\n\n<\/div><\/div>\n<\/section>","protected":false},"excerpt":{"rendered":"<p>Pr\u00e1v\u011b se p\u0159ipravuje V na\u0161\u00ed klientsk\u00e9 sekci neust\u00e1le pracujeme na tom, abychom v\u00e1m p\u0159in\u00e1\u0161eli nov\u00e9 a vylep\u0161en\u00e9 slu\u017eby, kter\u00e9 obohat\u00ed v\u00e1\u0161 z\u00e1\u017eitek a podpo\u0159\u00ed v\u00e1\u0161 osobn\u00ed nebo profesion\u00e1ln\u00ed r\u016fst. N\u00e1\u0161 t\u00fdm je pln\u011b pono\u0159en do v\u00fdvoje nov\u00fdch funkc\u00ed, kurzy a exkluzivn\u00edho obsahu, kter\u00fd bude dostupn\u00fd v nadch\u00e1zej\u00edc\u00edch t\u00fddnech.Chceme, aby na\u0161e slu\u017eby nejen\u017ee odpov\u00eddaly va\u0161im sou\u010dasn\u00fdm [&hellip;]<\/p>","protected":false},"author":1,"featured_media":0,"parent":0,"menu_order":0,"comment_status":"closed","ping_status":"closed","template":"","meta":{"_acf_changed":false,"_breakdance_hide_in_design_set":false,"_breakdance_tags":"","footnotes":""},"class_list":["post-627","page","type-page","status-publish","hentry"],"acf":[],"_links":{"self":[{"href":"https:\/\/nekr.cz\/sk\/wp-json\/wp\/v2\/pages\/627","targetHints":{"allow":["GET"]}}],"collection":[{"href":"https:\/\/nekr.cz\/sk\/wp-json\/wp\/v2\/pages"}],"about":[{"href":"https:\/\/nekr.cz\/sk\/wp-json\/wp\/v2\/types\/page"}],"author":[{"embeddable":true,"href":"https:\/\/nekr.cz\/sk\/wp-json\/wp\/v2\/users\/1"}],"replies":[{"embeddable":true,"href":"https:\/\/nekr.cz\/sk\/wp-json\/wp\/v2\/comments?post=627"}],"version-history":[{"count":5,"href":"https:\/\/nekr.cz\/sk\/wp-json\/wp\/v2\/pages\/627\/revisions"}],"predecessor-version":[{"id":2356,"href":"https:\/\/nekr.cz\/sk\/wp-json\/wp\/v2\/pages\/627\/revisions\/2356"}],"wp:attachment":[{"href":"https:\/\/nekr.cz\/sk\/wp-json\/wp\/v2\/media?parent=627"}],"curies":[{"name":"wp","href":"https:\/\/api.w.org\/{rel}","templated":true}]}}