{"id":2915,"date":"2024-08-28T08:05:18","date_gmt":"2024-08-28T08:05:18","guid":{"rendered":"https:\/\/nekr.cz\/?page_id=2915"},"modified":"2024-08-30T19:49:30","modified_gmt":"2024-08-30T19:49:30","slug":"servis-a-sluzby","status":"publish","type":"page","link":"https:\/\/nekr.cz\/sk\/servis-a-sluzby\/","title":{"rendered":"Slu\u017eby a servis"},"content":{"rendered":"<section class=\"bde-section-2915-100 bde-section\">\n  \n  \n\t\n\n\n\n<div class=\"section-container\"><h4 class=\"bde-heading-2915-103 bde-heading\">\nServis stavebn\u00fdch strojov\n<\/h4><div class=\"bde-wooproductslist-2915-102 bde-wooproductslist breakdance-woocommerce\">\n<div class=\"woocommerce\"><ul class=\"products\">\n<li class=\"product type-product post-2805 status-publish first instock product_cat-servis product_cat-servis-stavebnich-stroju has-post-thumbnail shipping-taxable product-type-simple\" >\n\t<a href=\"https:\/\/nekr.cz\/sk\/produkt\/opravy-ramen\/\" class=\"woocommerce-LoopProduct-link woocommerce-loop-product__link\"><div class=\"bde-woo-product-image\"><img decoding=\"async\" width=\"300\" height=\"300\" data-src=\"https:\/\/nekr.cz\/wp-content\/uploads\/2024\/08\/IMG_1809-300x300.jpg\" class=\"attachment-woocommerce_thumbnail size-woocommerce_thumbnail lazyload\" alt=\"\" data-srcset=\"https:\/\/nekr.cz\/wp-content\/uploads\/2024\/08\/IMG_1809-300x300.jpg 300w, https:\/\/nekr.cz\/wp-content\/uploads\/2024\/08\/IMG_1809-150x150.jpg 150w\" data-sizes=\"(max-width: 300px) 100vw, 300px\" src=\"data:image\/gif;base64,R0lGODlhAQABAAAAACH5BAEKAAEALAAAAAABAAEAAAICTAEAOw==\" style=\"--smush-placeholder-width: 300px; --smush-placeholder-aspect-ratio: 300\/300;\" \/><\/div><h2 class=\"woocommerce-loop-product__title\">Opravy ramen bagr\u016f a naklada\u010d\u016f<\/h2>\n<\/a><div class=\"bde-woo-product-footer\"><\/div><\/li>\n<li class=\"product type-product post-2630 status-publish instock product_cat-vyrobni-technologie has-post-thumbnail shipping-taxable product-type-simple\" >\n\t<a href=\"https:\/\/nekr.cz\/sk\/produkt\/techforcut-ocelot\/\" class=\"woocommerce-LoopProduct-link woocommerce-loop-product__link\"><div class=\"bde-woo-product-image\"><img decoding=\"async\" width=\"300\" height=\"300\" data-src=\"https:\/\/nekr.cz\/wp-content\/uploads\/2024\/08\/20221116_092949-300x300.jpg\" class=\"attachment-woocommerce_thumbnail size-woocommerce_thumbnail lazyload\" alt=\"\" data-srcset=\"https:\/\/nekr.cz\/wp-content\/uploads\/2024\/08\/20221116_092949-300x300.jpg 300w, https:\/\/nekr.cz\/wp-content\/uploads\/2024\/08\/20221116_092949-150x150.jpg 150w\" data-sizes=\"(max-width: 300px) 100vw, 300px\" src=\"data:image\/gif;base64,R0lGODlhAQABAAAAACH5BAEKAAEALAAAAAABAAEAAAICTAEAOw==\" style=\"--smush-placeholder-width: 300px; --smush-placeholder-aspect-ratio: 300\/300;\" \/><\/div><h2 class=\"woocommerce-loop-product__title\">Vypa\u013eovac\u00ed stroj TECHFORCUT Ocelot<\/h2>\n<\/a><div class=\"bde-woo-product-footer\"><\/div><\/li>\n<li class=\"product type-product post-2628 status-publish instock product_cat-vyrobni-technologie has-post-thumbnail shipping-taxable product-type-simple\" >\n\t<a href=\"https:\/\/nekr.cz\/sk\/produkt\/horizontalni-vyvrtavacka-whn-13-8\/\" class=\"woocommerce-LoopProduct-link woocommerce-loop-product__link\"><div class=\"bde-woo-product-image\"><img decoding=\"async\" width=\"300\" height=\"300\" data-src=\"https:\/\/nekr.cz\/wp-content\/uploads\/2024\/08\/2014-06-26-16.09.13-300x300.jpg\" class=\"attachment-woocommerce_thumbnail size-woocommerce_thumbnail lazyload\" alt=\"\" data-srcset=\"https:\/\/nekr.cz\/wp-content\/uploads\/2024\/08\/2014-06-26-16.09.13-300x300.jpg 300w, https:\/\/nekr.cz\/wp-content\/uploads\/2024\/08\/2014-06-26-16.09.13-150x150.jpg 150w\" data-sizes=\"(max-width: 300px) 100vw, 300px\" src=\"data:image\/gif;base64,R0lGODlhAQABAAAAACH5BAEKAAEALAAAAAABAAEAAAICTAEAOw==\" style=\"--smush-placeholder-width: 300px; --smush-placeholder-aspect-ratio: 300\/300;\" \/><\/div><h2 class=\"woocommerce-loop-product__title\">Horizont\u00e1lna vyvrt\u00e1va\u010dka WHN 13.8<\/h2>\n<\/a><div class=\"bde-woo-product-footer\"><\/div><\/li>\n<li class=\"product type-product post-2618 status-publish last instock product_cat-servis product_cat-servis-stavebnich-stroju has-post-thumbnail shipping-taxable product-type-simple\" >\n\t<a href=\"https:\/\/nekr.cz\/sk\/produkt\/opravy-graderu\/\" class=\"woocommerce-LoopProduct-link woocommerce-loop-product__link\"><div class=\"bde-woo-product-image\"><img decoding=\"async\" width=\"300\" height=\"300\" data-src=\"https:\/\/nekr.cz\/wp-content\/uploads\/2024\/08\/20221110_141359-300x300.jpg\" class=\"attachment-woocommerce_thumbnail size-woocommerce_thumbnail lazyload\" alt=\"\" data-srcset=\"https:\/\/nekr.cz\/wp-content\/uploads\/2024\/08\/20221110_141359-300x300.jpg 300w, https:\/\/nekr.cz\/wp-content\/uploads\/2024\/08\/20221110_141359-150x150.jpg 150w\" data-sizes=\"(max-width: 300px) 100vw, 300px\" src=\"data:image\/gif;base64,R0lGODlhAQABAAAAACH5BAEKAAEALAAAAAABAAEAAAICTAEAOw==\" style=\"--smush-placeholder-width: 300px; --smush-placeholder-aspect-ratio: 300\/300;\" \/><\/div><h2 class=\"woocommerce-loop-product__title\">Opravy grejdrov<\/h2>\n<\/a><div class=\"bde-woo-product-footer\"><\/div><\/li>\n<li class=\"product type-product post-2591 status-publish first instock product_cat-servis has-post-thumbnail shipping-taxable product-type-simple\" >\n\t<a href=\"https:\/\/nekr.cz\/sk\/produkt\/opravy-komunalni-techniky\/\" class=\"woocommerce-LoopProduct-link woocommerce-loop-product__link\"><div class=\"bde-woo-product-image\"><img decoding=\"async\" width=\"300\" height=\"300\" data-src=\"https:\/\/nekr.cz\/wp-content\/uploads\/2024\/08\/Picture17-300x300.jpg\" class=\"attachment-woocommerce_thumbnail size-woocommerce_thumbnail lazyload\" alt=\"\" data-srcset=\"https:\/\/nekr.cz\/wp-content\/uploads\/2024\/08\/Picture17-300x300.jpg 300w, https:\/\/nekr.cz\/wp-content\/uploads\/2024\/08\/Picture17-150x150.jpg 150w\" data-sizes=\"(max-width: 300px) 100vw, 300px\" src=\"data:image\/gif;base64,R0lGODlhAQABAAAAACH5BAEKAAEALAAAAAABAAEAAAICTAEAOw==\" style=\"--smush-placeholder-width: 300px; --smush-placeholder-aspect-ratio: 300\/300;\" \/><\/div><h2 class=\"woocommerce-loop-product__title\">Oprava komun\u00e1lnej techniky<\/h2>\n<\/a><div class=\"bde-woo-product-footer\"><\/div><\/li>\n<li class=\"product type-product post-2566 status-publish instock product_cat-servis product_cat-servis-stavebnich-stroju has-post-thumbnail shipping-taxable product-type-simple\" >\n\t<a href=\"https:\/\/nekr.cz\/sk\/produkt\/opravy-bagru-a-nakladacu\/\" class=\"woocommerce-LoopProduct-link woocommerce-loop-product__link\"><div class=\"bde-woo-product-image\"><img decoding=\"async\" width=\"300\" height=\"300\" data-src=\"https:\/\/nekr.cz\/wp-content\/uploads\/2024\/08\/P1040094-300x300.jpg\" class=\"attachment-woocommerce_thumbnail size-woocommerce_thumbnail lazyload\" alt=\"\" data-srcset=\"https:\/\/nekr.cz\/wp-content\/uploads\/2024\/08\/P1040094-300x300.jpg 300w, https:\/\/nekr.cz\/wp-content\/uploads\/2024\/08\/P1040094-150x150.jpg 150w\" data-sizes=\"(max-width: 300px) 100vw, 300px\" src=\"data:image\/gif;base64,R0lGODlhAQABAAAAACH5BAEKAAEALAAAAAABAAEAAAICTAEAOw==\" style=\"--smush-placeholder-width: 300px; --smush-placeholder-aspect-ratio: 300\/300;\" \/><\/div><h2 class=\"woocommerce-loop-product__title\">Opravy bagr\u016f a naklada\u010d\u016f<\/h2>\n<\/a><div class=\"bde-woo-product-footer\"><\/div><\/li>\n<li class=\"product type-product post-2509 status-publish instock product_cat-servis product_cat-servis-stavebnich-stroju has-post-thumbnail shipping-taxable product-type-simple\" >\n\t<a href=\"https:\/\/nekr.cz\/sk\/produkt\/opravy-dempru\/\" class=\"woocommerce-LoopProduct-link woocommerce-loop-product__link\"><div class=\"bde-woo-product-image\"><img decoding=\"async\" width=\"300\" height=\"300\" data-src=\"https:\/\/nekr.cz\/wp-content\/uploads\/2024\/08\/IMG_2867-300x300.jpg\" class=\"attachment-woocommerce_thumbnail size-woocommerce_thumbnail lazyload\" alt=\"\" data-srcset=\"https:\/\/nekr.cz\/wp-content\/uploads\/2024\/08\/IMG_2867-300x300.jpg 300w, https:\/\/nekr.cz\/wp-content\/uploads\/2024\/08\/IMG_2867-150x150.jpg 150w\" data-sizes=\"(max-width: 300px) 100vw, 300px\" src=\"data:image\/gif;base64,R0lGODlhAQABAAAAACH5BAEKAAEALAAAAAABAAEAAAICTAEAOw==\" style=\"--smush-placeholder-width: 300px; --smush-placeholder-aspect-ratio: 300\/300;\" \/><\/div><h2 class=\"woocommerce-loop-product__title\">Opravy dempros<\/h2>\n<\/a><div class=\"bde-woo-product-footer\"><\/div><\/li>\n<li class=\"product type-product post-2372 status-publish last instock product_cat-nezarazene shipping-taxable product-type-simple\" >\n\t<a href=\"https:\/\/nekr.cz\/sk\/produkt\/lopata-gd-pro-bagry-8-10-tun\/\" class=\"woocommerce-LoopProduct-link woocommerce-loop-product__link\"><div class=\"bde-woo-product-image\"><img decoding=\"async\" width=\"300\" height=\"300\" data-src=\"https:\/\/nekr.cz\/wp-content\/uploads\/woocommerce-placeholder-300x300.png\" class=\"woocommerce-placeholder wp-post-image lazyload\" alt=\"Z\u00e1stupn\u00fd\" data-srcset=\"https:\/\/nekr.cz\/wp-content\/uploads\/woocommerce-placeholder-300x300.png 300w, https:\/\/nekr.cz\/wp-content\/uploads\/woocommerce-placeholder-600x600.png 600w, https:\/\/nekr.cz\/wp-content\/uploads\/woocommerce-placeholder-1024x1024.png 1024w, https:\/\/nekr.cz\/wp-content\/uploads\/woocommerce-placeholder-150x150.png 150w, https:\/\/nekr.cz\/wp-content\/uploads\/woocommerce-placeholder-768x768.png 768w, https:\/\/nekr.cz\/wp-content\/uploads\/woocommerce-placeholder-12x12.png 12w, https:\/\/nekr.cz\/wp-content\/uploads\/woocommerce-placeholder.png 1200w\" data-sizes=\"(max-width: 300px) 100vw, 300px\" data-no-translation-alt=\"\" src=\"data:image\/gif;base64,R0lGODlhAQABAAAAACH5BAEKAAEALAAAAAABAAEAAAICTAEAOw==\" style=\"--smush-placeholder-width: 300px; --smush-placeholder-aspect-ratio: 300\/300;\" \/><\/div><h2 class=\"woocommerce-loop-product__title\">Lopata GD pro bagry  8 &#8211; 10 tun<\/h2>\n<\/a><div class=\"bde-woo-product-footer\"><\/div><\/li>\n<\/ul>\n<\/div>\n\n<\/div><h4 class=\"bde-heading-2915-104 bde-heading\">\nV\u00fdrobn\u00e1 technol\u00f3gia\n<\/h4><div class=\"bde-wooproductslist-2915-105 bde-wooproductslist breakdance-woocommerce\">\n<div class=\"woocommerce\"><ul class=\"products\">\n<li class=\"product type-product post-2805 status-publish first instock product_cat-servis product_cat-servis-stavebnich-stroju has-post-thumbnail shipping-taxable product-type-simple\" >\n\t<a href=\"https:\/\/nekr.cz\/sk\/produkt\/opravy-ramen\/\" class=\"woocommerce-LoopProduct-link woocommerce-loop-product__link\"><div class=\"bde-woo-product-image\"><img decoding=\"async\" width=\"300\" height=\"300\" data-src=\"https:\/\/nekr.cz\/wp-content\/uploads\/2024\/08\/IMG_1809-300x300.jpg\" class=\"attachment-woocommerce_thumbnail size-woocommerce_thumbnail lazyload\" alt=\"\" data-srcset=\"https:\/\/nekr.cz\/wp-content\/uploads\/2024\/08\/IMG_1809-300x300.jpg 300w, https:\/\/nekr.cz\/wp-content\/uploads\/2024\/08\/IMG_1809-150x150.jpg 150w\" data-sizes=\"(max-width: 300px) 100vw, 300px\" src=\"data:image\/gif;base64,R0lGODlhAQABAAAAACH5BAEKAAEALAAAAAABAAEAAAICTAEAOw==\" style=\"--smush-placeholder-width: 300px; --smush-placeholder-aspect-ratio: 300\/300;\" \/><\/div><h2 class=\"woocommerce-loop-product__title\">Opravy ramen bagr\u016f a naklada\u010d\u016f<\/h2>\n<\/a><div class=\"bde-woo-product-footer\"><\/div><\/li>\n<li class=\"product type-product post-2630 status-publish instock product_cat-vyrobni-technologie has-post-thumbnail shipping-taxable product-type-simple\" >\n\t<a href=\"https:\/\/nekr.cz\/sk\/produkt\/techforcut-ocelot\/\" class=\"woocommerce-LoopProduct-link woocommerce-loop-product__link\"><div class=\"bde-woo-product-image\"><img decoding=\"async\" width=\"300\" height=\"300\" data-src=\"https:\/\/nekr.cz\/wp-content\/uploads\/2024\/08\/20221116_092949-300x300.jpg\" class=\"attachment-woocommerce_thumbnail size-woocommerce_thumbnail lazyload\" alt=\"\" data-srcset=\"https:\/\/nekr.cz\/wp-content\/uploads\/2024\/08\/20221116_092949-300x300.jpg 300w, https:\/\/nekr.cz\/wp-content\/uploads\/2024\/08\/20221116_092949-150x150.jpg 150w\" data-sizes=\"(max-width: 300px) 100vw, 300px\" src=\"data:image\/gif;base64,R0lGODlhAQABAAAAACH5BAEKAAEALAAAAAABAAEAAAICTAEAOw==\" style=\"--smush-placeholder-width: 300px; --smush-placeholder-aspect-ratio: 300\/300;\" \/><\/div><h2 class=\"woocommerce-loop-product__title\">Vypa\u013eovac\u00ed stroj TECHFORCUT Ocelot<\/h2>\n<\/a><div class=\"bde-woo-product-footer\"><\/div><\/li>\n<li class=\"product type-product post-2628 status-publish instock product_cat-vyrobni-technologie has-post-thumbnail shipping-taxable product-type-simple\" >\n\t<a href=\"https:\/\/nekr.cz\/sk\/produkt\/horizontalni-vyvrtavacka-whn-13-8\/\" class=\"woocommerce-LoopProduct-link woocommerce-loop-product__link\"><div class=\"bde-woo-product-image\"><img decoding=\"async\" width=\"300\" height=\"300\" data-src=\"https:\/\/nekr.cz\/wp-content\/uploads\/2024\/08\/2014-06-26-16.09.13-300x300.jpg\" class=\"attachment-woocommerce_thumbnail size-woocommerce_thumbnail lazyload\" alt=\"\" data-srcset=\"https:\/\/nekr.cz\/wp-content\/uploads\/2024\/08\/2014-06-26-16.09.13-300x300.jpg 300w, https:\/\/nekr.cz\/wp-content\/uploads\/2024\/08\/2014-06-26-16.09.13-150x150.jpg 150w\" data-sizes=\"(max-width: 300px) 100vw, 300px\" src=\"data:image\/gif;base64,R0lGODlhAQABAAAAACH5BAEKAAEALAAAAAABAAEAAAICTAEAOw==\" style=\"--smush-placeholder-width: 300px; --smush-placeholder-aspect-ratio: 300\/300;\" \/><\/div><h2 class=\"woocommerce-loop-product__title\">Horizont\u00e1lna vyvrt\u00e1va\u010dka WHN 13.8<\/h2>\n<\/a><div class=\"bde-woo-product-footer\"><\/div><\/li>\n<li class=\"product type-product post-2618 status-publish last instock product_cat-servis product_cat-servis-stavebnich-stroju has-post-thumbnail shipping-taxable product-type-simple\" >\n\t<a href=\"https:\/\/nekr.cz\/sk\/produkt\/opravy-graderu\/\" class=\"woocommerce-LoopProduct-link woocommerce-loop-product__link\"><div class=\"bde-woo-product-image\"><img decoding=\"async\" width=\"300\" height=\"300\" data-src=\"https:\/\/nekr.cz\/wp-content\/uploads\/2024\/08\/20221110_141359-300x300.jpg\" class=\"attachment-woocommerce_thumbnail size-woocommerce_thumbnail lazyload\" alt=\"\" data-srcset=\"https:\/\/nekr.cz\/wp-content\/uploads\/2024\/08\/20221110_141359-300x300.jpg 300w, https:\/\/nekr.cz\/wp-content\/uploads\/2024\/08\/20221110_141359-150x150.jpg 150w\" data-sizes=\"(max-width: 300px) 100vw, 300px\" src=\"data:image\/gif;base64,R0lGODlhAQABAAAAACH5BAEKAAEALAAAAAABAAEAAAICTAEAOw==\" style=\"--smush-placeholder-width: 300px; --smush-placeholder-aspect-ratio: 300\/300;\" \/><\/div><h2 class=\"woocommerce-loop-product__title\">Opravy grejdrov<\/h2>\n<\/a><div class=\"bde-woo-product-footer\"><\/div><\/li>\n<li class=\"product type-product post-2591 status-publish first instock product_cat-servis has-post-thumbnail shipping-taxable product-type-simple\" >\n\t<a href=\"https:\/\/nekr.cz\/sk\/produkt\/opravy-komunalni-techniky\/\" class=\"woocommerce-LoopProduct-link woocommerce-loop-product__link\"><div class=\"bde-woo-product-image\"><img decoding=\"async\" width=\"300\" height=\"300\" data-src=\"https:\/\/nekr.cz\/wp-content\/uploads\/2024\/08\/Picture17-300x300.jpg\" class=\"attachment-woocommerce_thumbnail size-woocommerce_thumbnail lazyload\" alt=\"\" data-srcset=\"https:\/\/nekr.cz\/wp-content\/uploads\/2024\/08\/Picture17-300x300.jpg 300w, https:\/\/nekr.cz\/wp-content\/uploads\/2024\/08\/Picture17-150x150.jpg 150w\" data-sizes=\"(max-width: 300px) 100vw, 300px\" src=\"data:image\/gif;base64,R0lGODlhAQABAAAAACH5BAEKAAEALAAAAAABAAEAAAICTAEAOw==\" style=\"--smush-placeholder-width: 300px; --smush-placeholder-aspect-ratio: 300\/300;\" \/><\/div><h2 class=\"woocommerce-loop-product__title\">Oprava komun\u00e1lnej techniky<\/h2>\n<\/a><div class=\"bde-woo-product-footer\"><\/div><\/li>\n<li class=\"product type-product post-2566 status-publish instock product_cat-servis product_cat-servis-stavebnich-stroju has-post-thumbnail shipping-taxable product-type-simple\" >\n\t<a href=\"https:\/\/nekr.cz\/sk\/produkt\/opravy-bagru-a-nakladacu\/\" class=\"woocommerce-LoopProduct-link woocommerce-loop-product__link\"><div class=\"bde-woo-product-image\"><img decoding=\"async\" width=\"300\" height=\"300\" data-src=\"https:\/\/nekr.cz\/wp-content\/uploads\/2024\/08\/P1040094-300x300.jpg\" class=\"attachment-woocommerce_thumbnail size-woocommerce_thumbnail lazyload\" alt=\"\" data-srcset=\"https:\/\/nekr.cz\/wp-content\/uploads\/2024\/08\/P1040094-300x300.jpg 300w, https:\/\/nekr.cz\/wp-content\/uploads\/2024\/08\/P1040094-150x150.jpg 150w\" data-sizes=\"(max-width: 300px) 100vw, 300px\" src=\"data:image\/gif;base64,R0lGODlhAQABAAAAACH5BAEKAAEALAAAAAABAAEAAAICTAEAOw==\" style=\"--smush-placeholder-width: 300px; --smush-placeholder-aspect-ratio: 300\/300;\" \/><\/div><h2 class=\"woocommerce-loop-product__title\">Opravy bagr\u016f a naklada\u010d\u016f<\/h2>\n<\/a><div class=\"bde-woo-product-footer\"><\/div><\/li>\n<li class=\"product type-product post-2509 status-publish instock product_cat-servis product_cat-servis-stavebnich-stroju has-post-thumbnail shipping-taxable product-type-simple\" >\n\t<a href=\"https:\/\/nekr.cz\/sk\/produkt\/opravy-dempru\/\" class=\"woocommerce-LoopProduct-link woocommerce-loop-product__link\"><div class=\"bde-woo-product-image\"><img decoding=\"async\" width=\"300\" height=\"300\" data-src=\"https:\/\/nekr.cz\/wp-content\/uploads\/2024\/08\/IMG_2867-300x300.jpg\" class=\"attachment-woocommerce_thumbnail size-woocommerce_thumbnail lazyload\" alt=\"\" data-srcset=\"https:\/\/nekr.cz\/wp-content\/uploads\/2024\/08\/IMG_2867-300x300.jpg 300w, https:\/\/nekr.cz\/wp-content\/uploads\/2024\/08\/IMG_2867-150x150.jpg 150w\" data-sizes=\"(max-width: 300px) 100vw, 300px\" src=\"data:image\/gif;base64,R0lGODlhAQABAAAAACH5BAEKAAEALAAAAAABAAEAAAICTAEAOw==\" style=\"--smush-placeholder-width: 300px; --smush-placeholder-aspect-ratio: 300\/300;\" \/><\/div><h2 class=\"woocommerce-loop-product__title\">Opravy dempros<\/h2>\n<\/a><div class=\"bde-woo-product-footer\"><\/div><\/li>\n<li class=\"product type-product post-2372 status-publish last instock product_cat-nezarazene shipping-taxable product-type-simple\" >\n\t<a href=\"https:\/\/nekr.cz\/sk\/produkt\/lopata-gd-pro-bagry-8-10-tun\/\" class=\"woocommerce-LoopProduct-link woocommerce-loop-product__link\"><div class=\"bde-woo-product-image\"><img decoding=\"async\" width=\"300\" height=\"300\" data-src=\"https:\/\/nekr.cz\/wp-content\/uploads\/woocommerce-placeholder-300x300.png\" class=\"woocommerce-placeholder wp-post-image lazyload\" alt=\"Z\u00e1stupn\u00fd\" data-srcset=\"https:\/\/nekr.cz\/wp-content\/uploads\/woocommerce-placeholder-300x300.png 300w, https:\/\/nekr.cz\/wp-content\/uploads\/woocommerce-placeholder-600x600.png 600w, https:\/\/nekr.cz\/wp-content\/uploads\/woocommerce-placeholder-1024x1024.png 1024w, https:\/\/nekr.cz\/wp-content\/uploads\/woocommerce-placeholder-150x150.png 150w, https:\/\/nekr.cz\/wp-content\/uploads\/woocommerce-placeholder-768x768.png 768w, https:\/\/nekr.cz\/wp-content\/uploads\/woocommerce-placeholder-12x12.png 12w, https:\/\/nekr.cz\/wp-content\/uploads\/woocommerce-placeholder.png 1200w\" data-sizes=\"(max-width: 300px) 100vw, 300px\" data-no-translation-alt=\"\" src=\"data:image\/gif;base64,R0lGODlhAQABAAAAACH5BAEKAAEALAAAAAABAAEAAAICTAEAOw==\" style=\"--smush-placeholder-width: 300px; --smush-placeholder-aspect-ratio: 300\/300;\" \/><\/div><h2 class=\"woocommerce-loop-product__title\">Lopata GD pro bagry  8 &#8211; 10 tun<\/h2>\n<\/a><div class=\"bde-woo-product-footer\"><\/div><\/li>\n<\/ul>\n<\/div>\n\n<\/div><\/div>\n<\/section>","protected":false},"excerpt":{"rendered":"","protected":false},"author":1,"featured_media":0,"parent":0,"menu_order":0,"comment_status":"closed","ping_status":"closed","template":"","meta":{"_acf_changed":false,"_breakdance_hide_in_design_set":false,"_breakdance_tags":"","footnotes":""},"class_list":["post-2915","page","type-page","status-publish","hentry"],"acf":[],"_links":{"self":[{"href":"https:\/\/nekr.cz\/sk\/wp-json\/wp\/v2\/pages\/2915","targetHints":{"allow":["GET"]}}],"collection":[{"href":"https:\/\/nekr.cz\/sk\/wp-json\/wp\/v2\/pages"}],"about":[{"href":"https:\/\/nekr.cz\/sk\/wp-json\/wp\/v2\/types\/page"}],"author":[{"embeddable":true,"href":"https:\/\/nekr.cz\/sk\/wp-json\/wp\/v2\/users\/1"}],"replies":[{"embeddable":true,"href":"https:\/\/nekr.cz\/sk\/wp-json\/wp\/v2\/comments?post=2915"}],"version-history":[{"count":3,"href":"https:\/\/nekr.cz\/sk\/wp-json\/wp\/v2\/pages\/2915\/revisions"}],"predecessor-version":[{"id":2946,"href":"https:\/\/nekr.cz\/sk\/wp-json\/wp\/v2\/pages\/2915\/revisions\/2946"}],"wp:attachment":[{"href":"https:\/\/nekr.cz\/sk\/wp-json\/wp\/v2\/media?parent=2915"}],"curies":[{"name":"wp","href":"https:\/\/api.w.org\/{rel}","templated":true}]}}