{"id":2390,"date":"2024-08-01T17:13:46","date_gmt":"2024-08-01T17:13:46","guid":{"rendered":"https:\/\/nekr.cz\/?page_id=2390"},"modified":"2024-08-27T19:57:56","modified_gmt":"2024-08-27T19:57:56","slug":"produktova-stranka","status":"publish","type":"page","link":"https:\/\/nekr.cz\/sk\/produkty\/produktova-stranka\/","title":{"rendered":"Produktova stranka"},"content":{"rendered":"<section class=\"bde-section-2390-100 bde-section\">\n  \n  \n\t\n\n\n\n<div class=\"section-container\"><div class=\"bde-columns-2390-101 bde-columns\"><div class=\"bde-column-2390-102 bde-column\">\n  \n  \n\t\n\n\n\n<div class=\"bde-woo-widget-2390-103 bde-woo-widget\">\n<div class='breakdance-woocommerce'>\n    <div class=\"widget woocommerce widget_product_categories\"><h2 class=\"widgettitle\">Kateg\u00f3rie produktov<\/h2><select  name='product_cat' id='product_cat' class='dropdown_product_cat'>\n\t<option value='' selected='selected' data-no-translation=\"\" data-trp-gettext=\"\">Vyberte kateg\u00f3riu<\/option>\n\t<option class=\"level-0\" value=\"brity-nahradni-dily-servis\">\u017diletky<\/option>\n\t<option class=\"level-0\" value=\"nahradni-dily\">N\u00e1hradn\u00e9 diely<\/option>\n\t<option class=\"level-1\" value=\"brity-nahradni-dily-2\">&nbsp;&nbsp;&nbsp;\u017diletky<\/option>\n\t<option class=\"level-1\" value=\"cepy-a-pouzdra\">&nbsp;&nbsp;&nbsp;\u010capy a puzdr\u00e1<\/option>\n\t<option class=\"level-1\" value=\"cerpadla-hydraulicka-a-palivova\">&nbsp;&nbsp;&nbsp;Hydraulick\u00e9 a palivov\u00e9 \u010derpadl\u00e1<\/option>\n\t<option class=\"level-1\" value=\"chladice-vodni-pumpy\">&nbsp;&nbsp;&nbsp;Chladi\u010de, vodn\u00e9 \u010derpadl\u00e1<\/option>\n\t<option class=\"level-1\" value=\"drtici-desky-do-drticu\">&nbsp;&nbsp;&nbsp;Drviace dosky pre drvi\u010de<\/option>\n\t<option class=\"level-1\" value=\"filtry-oleje-maziva\">&nbsp;&nbsp;&nbsp;Filtre, oleje a maziv\u00e1<\/option>\n\t<option class=\"level-1\" value=\"kabinova-okna\">&nbsp;&nbsp;&nbsp;Okn\u00e1 kab\u00edny<\/option>\n\t<option class=\"level-1\" value=\"koncove-prevody-a-jejich-casti\">&nbsp;&nbsp;&nbsp;Koncov\u00e9 prevody a ich \u010dasti<\/option>\n\t<option class=\"level-1\" value=\"motory-a-motorove-dily\">&nbsp;&nbsp;&nbsp;Motory a ich \u010dasti<\/option>\n\t<option class=\"level-1\" value=\"ochranne-prvky-na-lopaty-nahradni-dily-2\">&nbsp;&nbsp;&nbsp;Ochrann\u00e9 prvky pre lopaty<\/option>\n\t<option class=\"level-1\" value=\"oskrty-pro-bouraci-kladiva\">&nbsp;&nbsp;&nbsp;V\u00fdrezy pre b\u00faracie kladiv\u00e1<\/option>\n\t<option class=\"level-1\" value=\"pasy-gumove-a-ocelove\">&nbsp;&nbsp;&nbsp;Gumov\u00e9 a oce\u013eov\u00e9 p\u00e1sy<\/option>\n\t<option class=\"level-1\" value=\"podvozkove-dily\">&nbsp;&nbsp;&nbsp;\u010casti podvozku<\/option>\n\t<option class=\"level-1\" value=\"rozvadece\">&nbsp;&nbsp;&nbsp;Rozv\u00e1dza\u010de<\/option>\n\t<option class=\"level-1\" value=\"zuby-nahradni-dily-2\">&nbsp;&nbsp;&nbsp;Zuby<\/option>\n\t<option class=\"level-0\" value=\"nezarazene\">Nezaraden\u00e9<\/option>\n\t<option class=\"level-0\" value=\"ochranne-prvky-na-lopaty-nahradni-dily-servis\">Ochrann\u00e9 prvky pre lopaty<\/option>\n\t<option class=\"level-0\" value=\"opravy\">Opravy<\/option>\n\t<option class=\"level-0\" value=\"produkty\">Produkty<\/option>\n\t<option class=\"level-1\" value=\"desky-adaptacni-prechodove-zavesy\">&nbsp;&nbsp;&nbsp;Adapt\u00edvne \/ prechodov\u00e9 \/ z\u00e1vesn\u00e9 dosky<\/option>\n\t<option class=\"level-1\" value=\"drapaky\">&nbsp;&nbsp;&nbsp;Grabbers<\/option>\n\t<option class=\"level-1\" value=\"hroty-rozryvaci\">&nbsp;&nbsp;&nbsp;Tipy na skarifik\u00e1ciu<\/option>\n\t<option class=\"level-1\" value=\"hydraulicke_valce\">&nbsp;&nbsp;&nbsp;Hydraulick\u00e9 valce<\/option>\n\t<option class=\"level-1\" value=\"lopaty-horove\">&nbsp;&nbsp;&nbsp;Horsk\u00e9 lopaty<\/option>\n\t<option class=\"level-1\" value=\"lopaty-na-bagry\">&nbsp;&nbsp;&nbsp;Lopaty pre r\u00fdpadl\u00e1<\/option>\n\t<option class=\"level-1\" value=\"lopaty-na-nakladace\">&nbsp;&nbsp;&nbsp;Lopaty pre naklada\u010de<\/option>\n\t<option class=\"level-1\" value=\"lopaty-tridici\">&nbsp;&nbsp;&nbsp;Triediace lopaty<\/option>\n\t<option class=\"level-1\" value=\"naklapeci-hlavy\">&nbsp;&nbsp;&nbsp;Nakl\u00e1pacie hlavy<\/option>\n\t<option class=\"level-1\" value=\"naklapeci-rotatory\">&nbsp;&nbsp;&nbsp;Nakl\u00e1pacie rot\u00e1tory<\/option>\n\t<option class=\"level-1\" value=\"pridrzovace\">&nbsp;&nbsp;&nbsp;Dr\u017eiaky<\/option>\n\t<option class=\"level-1\" value=\"protizavazi-dozerove\">&nbsp;&nbsp;&nbsp;Protiv\u00e1ha na monitorovanie<\/option>\n\t<option class=\"level-1\" value=\"radlice-dozerove\">&nbsp;&nbsp;&nbsp;Monitorovac\u00ed radar<\/option>\n\t<option class=\"level-1\" value=\"radlice-na-snih\">&nbsp;&nbsp;&nbsp;Lopata na sneh<\/option>\n\t<option class=\"level-1\" value=\"rippery-dozerove\">&nbsp;&nbsp;&nbsp;Surveillance Rippers<\/option>\n\t<option class=\"level-1\" value=\"rotacni-hlavy\">&nbsp;&nbsp;&nbsp;Rota\u010dn\u00e9 hlavy<\/option>\n\t<option class=\"level-1\" value=\"rychloupinace\">&nbsp;&nbsp;&nbsp;Spojovac\u00ed materi\u00e1l<\/option>\n\t<option class=\"level-1\" value=\"vidle-paletizacni\">&nbsp;&nbsp;&nbsp;Paletovacie vidlice<\/option>\n\t<option class=\"level-1\" value=\"vylozniky-nasady-prodlouzeni\">&nbsp;&nbsp;&nbsp;Roz\u0161\u00edrenia rukov\u00e4t\u00ed v\u00fdlo\u017en\u00edkov<\/option>\n\t<option class=\"level-1\" value=\"zakazkova-vyroba\">&nbsp;&nbsp;&nbsp;Z\u00e1kazkov\u00e1 v\u00fdroba<\/option>\n\t<option class=\"level-0\" value=\"servis\">Slu\u017eba<\/option>\n\t<option class=\"level-1\" value=\"servis-stavebnich-stroju\">&nbsp;&nbsp;&nbsp;Servis stavebn\u00fdch strojov<\/option>\n\t<option class=\"level-1\" value=\"vyrobni-technologie\">&nbsp;&nbsp;&nbsp;V\u00fdrobn\u00e1 technol\u00f3gia<\/option>\n\t<option class=\"level-0\" value=\"zuby\">Zuby<\/option>\n<\/select>\n<\/div><\/div>\n\n<\/div><div class=\"bde-code-block-2390-104 bde-code-block\">\n\n  <div class=\"sidebar-menu\">\n            <div class=\"menu-section\">\n            <label for=\"toggle-52\" class=\"category-title\">Produkty<\/label>\n        \n            <ul class=\"category-list\">\n                                    <li class=\"category-item\">\n                        <a href=\"https:\/\/nekr.cz\/sk\/kategoria-produktu\/produkty\/naklapeci-rotatory\/\">\n                            Nakl\u00e1pacie rot\u00e1tory (11)\n                        <\/a>\n                                            <\/li>\n                                    <li class=\"category-item\">\n                        <a href=\"https:\/\/nekr.cz\/sk\/kategoria-produktu\/produkty\/naklapeci-hlavy\/\">\n                            Nakl\u00e1pacie hlavy (2)\n                        <\/a>\n                                            <\/li>\n                                    <li class=\"category-item\">\n                        <a href=\"https:\/\/nekr.cz\/sk\/kategoria-produktu\/produkty\/rotacni-hlavy\/\">\n                            Rota\u010dn\u00e9 hlavy (2)\n                        <\/a>\n                                            <\/li>\n                                    <li class=\"category-item\">\n                        <a href=\"https:\/\/nekr.cz\/sk\/kategoria-produktu\/produkty\/rychloupinace\/\">\n                            Spojovac\u00ed materi\u00e1l (10)\n                        <\/a>\n                                            <\/li>\n                                    <li class=\"category-item\">\n                        <a href=\"https:\/\/nekr.cz\/sk\/kategoria-produktu\/produkty\/lopaty-na-bagry\/\">\n                            Lopaty pre r\u00fdpadl\u00e1 (23)\n                        <\/a>\n                                            <\/li>\n                                    <li class=\"category-item\">\n                        <a href=\"https:\/\/nekr.cz\/sk\/kategoria-produktu\/produkty\/lopaty-na-nakladace\/\">\n                            Lopaty pre naklada\u010de (12)\n                        <\/a>\n                                            <\/li>\n                                    <li class=\"category-item\">\n                        <a href=\"https:\/\/nekr.cz\/sk\/kategoria-produktu\/produkty\/lopaty-horove\/\">\n                            Lopaty (2)\n                        <\/a>\n                                            <\/li>\n                                    <li class=\"category-item\">\n                        <a href=\"https:\/\/nekr.cz\/sk\/kategoria-produktu\/produkty\/lopaty-tridici\/\">\n                            Triediace lopaty (1)\n                        <\/a>\n                                            <\/li>\n                                    <li class=\"category-item\">\n                        <a href=\"https:\/\/nekr.cz\/sk\/kategoria-produktu\/produkty\/drapaky\/\">\n                            Grabbery (11)\n                        <\/a>\n                                            <\/li>\n                                    <li class=\"category-item\">\n                        <a href=\"https:\/\/nekr.cz\/sk\/kategoria-produktu\/produkty\/vidle-paletizacni\/\">\n                            Paletovacie vidlice (4)\n                        <\/a>\n                                            <\/li>\n                                    <li class=\"category-item\">\n                        <a href=\"https:\/\/nekr.cz\/sk\/kategoria-produktu\/produkty\/hroty-rozryvaci\/\">\n                            Tipy na skarifik\u00e1ciu (1)\n                        <\/a>\n                                            <\/li>\n                                    <li class=\"category-item\">\n                        <a href=\"https:\/\/nekr.cz\/sk\/kategoria-produktu\/produkty\/desky-adaptacni-prechodove-zavesy\/\">\n                            Adapta\u010dn\u00e9 \/ prechodov\u00e9 \/ z\u00e1vesn\u00e9 dosky (3)\n                        <\/a>\n                                            <\/li>\n                                    <li class=\"category-item\">\n                        <a href=\"https:\/\/nekr.cz\/sk\/kategoria-produktu\/produkty\/radlice-dozerove\/\">\n                            Dozorn\u00e9 radary (2)\n                        <\/a>\n                                            <\/li>\n                                    <li class=\"category-item\">\n                        <a href=\"https:\/\/nekr.cz\/sk\/kategoria-produktu\/produkty\/rippery-dozerove\/\">\n                            Dozorn\u00e9 rozr\u00fdva\u010de (2)\n                        <\/a>\n                                            <\/li>\n                                    <li class=\"category-item\">\n                        <a href=\"https:\/\/nekr.cz\/sk\/kategoria-produktu\/produkty\/protizavazi-dozerove\/\">\n                            Protiz\u00e1va\u017eia (1)\n                        <\/a>\n                                            <\/li>\n                                    <li class=\"category-item\">\n                        <a href=\"https:\/\/nekr.cz\/sk\/kategoria-produktu\/produkty\/radlice-na-snih\/\">\n                            Snehov\u00fd pluh (1)\n                        <\/a>\n                                            <\/li>\n                                    <li class=\"category-item\">\n                        <a href=\"https:\/\/nekr.cz\/sk\/kategoria-produktu\/produkty\/pridrzovace\/\">\n                            Dr\u017eiaky (1)\n                        <\/a>\n                                            <\/li>\n                                    <li class=\"category-item\">\n                        <a href=\"https:\/\/nekr.cz\/sk\/kategoria-produktu\/produkty\/vylozniky-nasady-prodlouzeni\/\">\n                            Pred\u013a\u017eenie rukov\u00e4t\u00ed v\u00fdlo\u017en\u00edka (6)\n                        <\/a>\n                                            <\/li>\n                                    <li class=\"category-item\">\n                        <a href=\"https:\/\/nekr.cz\/sk\/kategoria-produktu\/produkty\/zakazkova-vyroba\/\">\n                            Zak\u00e1zkov\u00e1 v\u00fdroba (17)\n                        <\/a>\n                                            <\/li>\n                                    <li class=\"category-item\">\n                        <a href=\"https:\/\/nekr.cz\/sk\/kategoria-produktu\/produkty\/hydraulicke_valce\/\">\n                            Hydraulick\u00e9 v\u00e1lce (1)\n                        <\/a>\n                                            <\/li>\n                            <\/ul>\n        <\/div>\n    <\/div>\n\n\n\n<\/div>\n<\/div><div class=\"bde-column-2390-105 bde-column\">\n  \n  \n\t\n\n\n\n<div class=\"bde-wooshoppage-2390-106 bde-wooshoppage breakdance-woocommerce\">\n     <div class=\"breakdance-empty-ssr-message breakdance-empty-ssr-message-error\">\n        <div>\n            The <b>\"Shop Page\"<\/b> element can only be added to a shop archive template or a template for product taxonomies.<br \/><br \/>\n            Create one in the WP admin at <b>Breakdance &gt; Templates<\/b>.\n        <\/div>\n    <\/div>\n<\/div>\n<\/div><\/div><\/div>\n<\/section>","protected":false},"excerpt":{"rendered":"<p>Kateg\u00f3rie produktov Vyberte kateg\u00f3riu B\u0159ity N\u00e1hradn\u00ed d\u00edly &nbsp;&nbsp;&nbsp;B\u0159ity &nbsp;&nbsp;&nbsp;\u010cepy a pouzdra &nbsp;&nbsp;&nbsp;\u010cerpadla hydraulick\u00e1 a palivov\u00e1 &nbsp;&nbsp;&nbsp;Chladi\u010de, vodn\u00ed pumpy &nbsp;&nbsp;&nbsp;Drt\u00edc\u00ed desky do drti\u010d\u016f &nbsp;&nbsp;&nbsp;Filtry, oleje a maziva &nbsp;&nbsp;&nbsp;Kabinov\u00e1 okna &nbsp;&nbsp;&nbsp;Koncov\u00e9 p\u0159evody a jejich \u010d\u00e1sti &nbsp;&nbsp;&nbsp;Motory a motorov\u00e9 d\u00edly &nbsp;&nbsp;&nbsp;Ochrann\u00e9 prvky na lopaty &nbsp;&nbsp;&nbsp;O\u0161krty pro bouraci kladiva &nbsp;&nbsp;&nbsp;P\u00e1sy gumov\u00e9 a ocelov\u00e9 &nbsp;&nbsp;&nbsp;Podvozkov\u00e9 d\u00edly &nbsp;&nbsp;&nbsp;Rozv\u00e1d\u011b\u010de &nbsp;&nbsp;&nbsp;Zuby Neza\u0159azen\u00e9 [&hellip;]<\/p>","protected":false},"author":1,"featured_media":0,"parent":51,"menu_order":0,"comment_status":"closed","ping_status":"closed","template":"","meta":{"_acf_changed":false,"_breakdance_hide_in_design_set":false,"_breakdance_tags":"","footnotes":""},"class_list":["post-2390","page","type-page","status-publish","hentry"],"acf":[],"_links":{"self":[{"href":"https:\/\/nekr.cz\/sk\/wp-json\/wp\/v2\/pages\/2390","targetHints":{"allow":["GET"]}}],"collection":[{"href":"https:\/\/nekr.cz\/sk\/wp-json\/wp\/v2\/pages"}],"about":[{"href":"https:\/\/nekr.cz\/sk\/wp-json\/wp\/v2\/types\/page"}],"author":[{"embeddable":true,"href":"https:\/\/nekr.cz\/sk\/wp-json\/wp\/v2\/users\/1"}],"replies":[{"embeddable":true,"href":"https:\/\/nekr.cz\/sk\/wp-json\/wp\/v2\/comments?post=2390"}],"version-history":[{"count":4,"href":"https:\/\/nekr.cz\/sk\/wp-json\/wp\/v2\/pages\/2390\/revisions"}],"predecessor-version":[{"id":2396,"href":"https:\/\/nekr.cz\/sk\/wp-json\/wp\/v2\/pages\/2390\/revisions\/2396"}],"up":[{"embeddable":true,"href":"https:\/\/nekr.cz\/sk\/wp-json\/wp\/v2\/pages\/51"}],"wp:attachment":[{"href":"https:\/\/nekr.cz\/sk\/wp-json\/wp\/v2\/media?parent=2390"}],"curies":[{"name":"wp","href":"https:\/\/api.w.org\/{rel}","templated":true}]}}