{"id":2591,"date":"2024-08-14T09:59:43","date_gmt":"2024-08-14T09:59:43","guid":{"rendered":"https:\/\/nekr.cz\/?post_type=product&#038;p=2591"},"modified":"2024-08-14T10:03:45","modified_gmt":"2024-08-14T10:03:45","slug":"opravy-komunalni-techniky","status":"publish","type":"product","link":"https:\/\/nekr.cz\/ru\/product\/opravy-komunalni-techniky\/","title":{"rendered":"\u0420\u0435\u043c\u043e\u043d\u0442 \u043a\u043e\u043c\u043c\u0443\u043d\u0430\u043b\u044c\u043d\u043e\u0439 \u0442\u0435\u0445\u043d\u0438\u043a\u0438"},"content":{"rendered":"<h5>N\u011bkolik p\u0159\u00edklad\u016f na\u0161ich oprav:<\/h5>\n<p>&nbsp;<\/p>\n<p>Oprava nosi\u010de kontejner\u016f:<\/p>\n<p><img decoding=\"async\" class=\"alignnone size-medium wp-image-2599 lazyload\" data-src=\"https:\/\/nekr.cz\/wp-content\/uploads\/2024\/08\/Picture9-300x226.jpg\" alt=\"\" width=\"300\" height=\"226\" data-srcset=\"https:\/\/nekr.cz\/wp-content\/uploads\/2024\/08\/Picture9-300x226.jpg 300w, https:\/\/nekr.cz\/wp-content\/uploads\/2024\/08\/Picture9-16x12.jpg 16w, https:\/\/nekr.cz\/wp-content\/uploads\/2024\/08\/Picture9.jpg 557w\" data-sizes=\"(max-width: 300px) 100vw, 300px\" src=\"data:image\/gif;base64,R0lGODlhAQABAAAAACH5BAEKAAEALAAAAAABAAEAAAICTAEAOw==\" style=\"--smush-placeholder-width: 300px; --smush-placeholder-aspect-ratio: 300\/226;\" \/>\u00a0<img decoding=\"async\" class=\"alignnone size-medium wp-image-2598 lazyload\" data-src=\"https:\/\/nekr.cz\/wp-content\/uploads\/2024\/08\/Picture10-300x226.jpg\" alt=\"\" width=\"300\" height=\"226\" data-srcset=\"https:\/\/nekr.cz\/wp-content\/uploads\/2024\/08\/Picture10-300x226.jpg 300w, https:\/\/nekr.cz\/wp-content\/uploads\/2024\/08\/Picture10-16x12.jpg 16w, https:\/\/nekr.cz\/wp-content\/uploads\/2024\/08\/Picture10.jpg 308w\" data-sizes=\"(max-width: 300px) 100vw, 300px\" src=\"data:image\/gif;base64,R0lGODlhAQABAAAAACH5BAEKAAEALAAAAAABAAEAAAICTAEAOw==\" style=\"--smush-placeholder-width: 300px; --smush-placeholder-aspect-ratio: 300\/226;\" \/>\u00a0\u00a0<img decoding=\"async\" class=\"alignnone wp-image-2597 lazyload\" data-src=\"https:\/\/nekr.cz\/wp-content\/uploads\/2024\/08\/Picture11-227x300.jpg\" alt=\"\" width=\"169\" height=\"223\" data-srcset=\"https:\/\/nekr.cz\/wp-content\/uploads\/2024\/08\/Picture11-227x300.jpg 227w, https:\/\/nekr.cz\/wp-content\/uploads\/2024\/08\/Picture11-9x12.jpg 9w, https:\/\/nekr.cz\/wp-content\/uploads\/2024\/08\/Picture11.jpg 374w\" data-sizes=\"(max-width: 169px) 100vw, 169px\" src=\"data:image\/gif;base64,R0lGODlhAQABAAAAACH5BAEKAAEALAAAAAABAAEAAAICTAEAOw==\" style=\"--smush-placeholder-width: 169px; --smush-placeholder-aspect-ratio: 169\/223;\" \/><\/p>\n<p>&nbsp;<\/p>\n<p>Oprava hydraulick\u00e9 ruky ATLAS:<\/p>\n<p><img decoding=\"async\" class=\"alignnone size-medium wp-image-2600 lazyload\" data-src=\"https:\/\/nekr.cz\/wp-content\/uploads\/2024\/08\/Picture8-300x225.jpg\" alt=\"\" width=\"300\" height=\"225\" data-srcset=\"https:\/\/nekr.cz\/wp-content\/uploads\/2024\/08\/Picture8-300x225.jpg 300w, https:\/\/nekr.cz\/wp-content\/uploads\/2024\/08\/Picture8-16x12.jpg 16w, https:\/\/nekr.cz\/wp-content\/uploads\/2024\/08\/Picture8.jpg 401w\" data-sizes=\"(max-width: 300px) 100vw, 300px\" src=\"data:image\/gif;base64,R0lGODlhAQABAAAAACH5BAEKAAEALAAAAAABAAEAAAICTAEAOw==\" style=\"--smush-placeholder-width: 300px; --smush-placeholder-aspect-ratio: 300\/225;\" \/> <img decoding=\"async\" class=\"alignnone size-medium wp-image-2601 lazyload\" data-src=\"https:\/\/nekr.cz\/wp-content\/uploads\/2024\/08\/Picture7-300x227.jpg\" alt=\"\" width=\"300\" height=\"227\" data-srcset=\"https:\/\/nekr.cz\/wp-content\/uploads\/2024\/08\/Picture7-300x227.jpg 300w, https:\/\/nekr.cz\/wp-content\/uploads\/2024\/08\/Picture7-16x12.jpg 16w, https:\/\/nekr.cz\/wp-content\/uploads\/2024\/08\/Picture7.jpg 400w\" data-sizes=\"(max-width: 300px) 100vw, 300px\" src=\"data:image\/gif;base64,R0lGODlhAQABAAAAACH5BAEKAAEALAAAAAABAAEAAAICTAEAOw==\" style=\"--smush-placeholder-width: 300px; --smush-placeholder-aspect-ratio: 300\/227;\" \/> \u00a0<img decoding=\"async\" class=\"alignnone size-medium wp-image-2609 lazyload\" data-src=\"https:\/\/nekr.cz\/wp-content\/uploads\/2024\/08\/IMG_3135-300x225.jpg\" alt=\"\" width=\"300\" height=\"225\" data-srcset=\"https:\/\/nekr.cz\/wp-content\/uploads\/2024\/08\/IMG_3135-300x225.jpg 300w, https:\/\/nekr.cz\/wp-content\/uploads\/2024\/08\/IMG_3135-1024x768.jpg 1024w, https:\/\/nekr.cz\/wp-content\/uploads\/2024\/08\/IMG_3135-768x576.jpg 768w, https:\/\/nekr.cz\/wp-content\/uploads\/2024\/08\/IMG_3135-1536x1152.jpg 1536w, https:\/\/nekr.cz\/wp-content\/uploads\/2024\/08\/IMG_3135-2048x1536.jpg 2048w, https:\/\/nekr.cz\/wp-content\/uploads\/2024\/08\/IMG_3135-16x12.jpg 16w, https:\/\/nekr.cz\/wp-content\/uploads\/2024\/08\/IMG_3135-600x450.jpg 600w\" data-sizes=\"(max-width: 300px) 100vw, 300px\" src=\"data:image\/gif;base64,R0lGODlhAQABAAAAACH5BAEKAAEALAAAAAABAAEAAAICTAEAOw==\" style=\"--smush-placeholder-width: 300px; --smush-placeholder-aspect-ratio: 300\/225;\" \/><\/p>\n<p>&nbsp;<\/p>\n<p>V\u00fdroba nov\u00e9 lopaty lisovacfho mechanizmu Kobit Presko 7:<\/p>\n<p><img decoding=\"async\" class=\"alignnone size-medium wp-image-2593 lazyload\" data-src=\"https:\/\/nekr.cz\/wp-content\/uploads\/2024\/08\/Picture16-300x226.jpg\" alt=\"\" width=\"300\" height=\"226\" data-srcset=\"https:\/\/nekr.cz\/wp-content\/uploads\/2024\/08\/Picture16-300x226.jpg 300w, https:\/\/nekr.cz\/wp-content\/uploads\/2024\/08\/Picture16-16x12.jpg 16w, https:\/\/nekr.cz\/wp-content\/uploads\/2024\/08\/Picture16.jpg 413w\" data-sizes=\"(max-width: 300px) 100vw, 300px\" src=\"data:image\/gif;base64,R0lGODlhAQABAAAAACH5BAEKAAEALAAAAAABAAEAAAICTAEAOw==\" style=\"--smush-placeholder-width: 300px; --smush-placeholder-aspect-ratio: 300\/226;\" \/> <img decoding=\"async\" class=\"alignnone size-medium wp-image-2594 lazyload\" data-src=\"https:\/\/nekr.cz\/wp-content\/uploads\/2024\/08\/Picture15-300x225.jpg\" alt=\"\" width=\"300\" height=\"225\" data-srcset=\"https:\/\/nekr.cz\/wp-content\/uploads\/2024\/08\/Picture15-300x225.jpg 300w, https:\/\/nekr.cz\/wp-content\/uploads\/2024\/08\/Picture15-16x12.jpg 16w, https:\/\/nekr.cz\/wp-content\/uploads\/2024\/08\/Picture15.jpg 413w\" data-sizes=\"(max-width: 300px) 100vw, 300px\" src=\"data:image\/gif;base64,R0lGODlhAQABAAAAACH5BAEKAAEALAAAAAABAAEAAAICTAEAOw==\" style=\"--smush-placeholder-width: 300px; --smush-placeholder-aspect-ratio: 300\/225;\" \/> <img decoding=\"async\" class=\"alignnone size-medium wp-image-2595 lazyload\" data-src=\"https:\/\/nekr.cz\/wp-content\/uploads\/2024\/08\/Picture14-300x227.jpg\" alt=\"\" width=\"300\" height=\"227\" data-srcset=\"https:\/\/nekr.cz\/wp-content\/uploads\/2024\/08\/Picture14-300x227.jpg 300w, https:\/\/nekr.cz\/wp-content\/uploads\/2024\/08\/Picture14-16x12.jpg 16w, https:\/\/nekr.cz\/wp-content\/uploads\/2024\/08\/Picture14.jpg 411w\" data-sizes=\"(max-width: 300px) 100vw, 300px\" src=\"data:image\/gif;base64,R0lGODlhAQABAAAAACH5BAEKAAEALAAAAAABAAEAAAICTAEAOw==\" style=\"--smush-placeholder-width: 300px; --smush-placeholder-aspect-ratio: 300\/227;\" \/><\/p>\n<p>&nbsp;<\/p>\n<p>Oprava lopatky popel\u00e1\u0159sk\u00e9ho vozu:<\/p>\n<p><img decoding=\"async\" class=\"alignnone size-medium wp-image-2603 lazyload\" data-src=\"https:\/\/nekr.cz\/wp-content\/uploads\/2024\/08\/Picture5-300x226.jpg\" alt=\"\" width=\"300\" height=\"226\" data-srcset=\"https:\/\/nekr.cz\/wp-content\/uploads\/2024\/08\/Picture5-300x226.jpg 300w, https:\/\/nekr.cz\/wp-content\/uploads\/2024\/08\/Picture5-16x12.jpg 16w, https:\/\/nekr.cz\/wp-content\/uploads\/2024\/08\/Picture5.jpg 355w\" data-sizes=\"(max-width: 300px) 100vw, 300px\" src=\"data:image\/gif;base64,R0lGODlhAQABAAAAACH5BAEKAAEALAAAAAABAAEAAAICTAEAOw==\" style=\"--smush-placeholder-width: 300px; --smush-placeholder-aspect-ratio: 300\/226;\" \/> <img decoding=\"async\" class=\"alignnone size-medium wp-image-2604 lazyload\" data-src=\"https:\/\/nekr.cz\/wp-content\/uploads\/2024\/08\/Picture4-300x225.jpg\" alt=\"\" width=\"300\" height=\"225\" data-srcset=\"https:\/\/nekr.cz\/wp-content\/uploads\/2024\/08\/Picture4-300x225.jpg 300w, https:\/\/nekr.cz\/wp-content\/uploads\/2024\/08\/Picture4-16x12.jpg 16w, https:\/\/nekr.cz\/wp-content\/uploads\/2024\/08\/Picture4.jpg 356w\" data-sizes=\"(max-width: 300px) 100vw, 300px\" src=\"data:image\/gif;base64,R0lGODlhAQABAAAAACH5BAEKAAEALAAAAAABAAEAAAICTAEAOw==\" style=\"--smush-placeholder-width: 300px; --smush-placeholder-aspect-ratio: 300\/225;\" \/> \u00a0\u00a0<img decoding=\"async\" class=\"alignnone wp-image-2607 lazyload\" data-src=\"https:\/\/nekr.cz\/wp-content\/uploads\/2024\/08\/Picture1-226x300.jpg\" alt=\"\" width=\"170\" height=\"226\" data-srcset=\"https:\/\/nekr.cz\/wp-content\/uploads\/2024\/08\/Picture1-226x300.jpg 226w, https:\/\/nekr.cz\/wp-content\/uploads\/2024\/08\/Picture1-9x12.jpg 9w, https:\/\/nekr.cz\/wp-content\/uploads\/2024\/08\/Picture1.jpg 301w\" data-sizes=\"(max-width: 170px) 100vw, 170px\" src=\"data:image\/gif;base64,R0lGODlhAQABAAAAACH5BAEKAAEALAAAAAABAAEAAAICTAEAOw==\" style=\"--smush-placeholder-width: 170px; --smush-placeholder-aspect-ratio: 170\/226;\" \/><\/p>\n<p>Oprava v\u00fdsypn\u00e9ho mechanismu popel\u00e1\u0159sk\u00e9ho vozu:<\/p>\n<p><img decoding=\"async\" class=\"alignnone size-medium wp-image-2605 lazyload\" data-src=\"https:\/\/nekr.cz\/wp-content\/uploads\/2024\/08\/Picture3.jpg\" alt=\"\" width=\"300\" height=\"225\" data-srcset=\"https:\/\/nekr.cz\/wp-content\/uploads\/2024\/08\/Picture3.jpg 300w, https:\/\/nekr.cz\/wp-content\/uploads\/2024\/08\/Picture3-16x12.jpg 16w\" data-sizes=\"(max-width: 300px) 100vw, 300px\" src=\"data:image\/gif;base64,R0lGODlhAQABAAAAACH5BAEKAAEALAAAAAABAAEAAAICTAEAOw==\" style=\"--smush-placeholder-width: 300px; --smush-placeholder-aspect-ratio: 300\/225;\" \/><img decoding=\"async\" class=\"alignnone size-medium wp-image-2613 lazyload\" data-src=\"https:\/\/nekr.cz\/wp-content\/uploads\/2024\/08\/Picture18-300x226.jpg\" alt=\"\" width=\"300\" height=\"226\" data-srcset=\"https:\/\/nekr.cz\/wp-content\/uploads\/2024\/08\/Picture18-300x226.jpg 300w, https:\/\/nekr.cz\/wp-content\/uploads\/2024\/08\/Picture18-16x12.jpg 16w, https:\/\/nekr.cz\/wp-content\/uploads\/2024\/08\/Picture18.jpg 488w\" data-sizes=\"(max-width: 300px) 100vw, 300px\" src=\"data:image\/gif;base64,R0lGODlhAQABAAAAACH5BAEKAAEALAAAAAABAAEAAAICTAEAOw==\" style=\"--smush-placeholder-width: 300px; --smush-placeholder-aspect-ratio: 300\/226;\" \/> <img decoding=\"async\" class=\"alignnone size-medium wp-image-2614 lazyload\" data-src=\"https:\/\/nekr.cz\/wp-content\/uploads\/2024\/08\/Picture17-300x225.jpg\" alt=\"\" width=\"300\" height=\"225\" data-srcset=\"https:\/\/nekr.cz\/wp-content\/uploads\/2024\/08\/Picture17-300x225.jpg 300w, https:\/\/nekr.cz\/wp-content\/uploads\/2024\/08\/Picture17-16x12.jpg 16w, https:\/\/nekr.cz\/wp-content\/uploads\/2024\/08\/Picture17.jpg 490w\" data-sizes=\"(max-width: 300px) 100vw, 300px\" src=\"data:image\/gif;base64,R0lGODlhAQABAAAAACH5BAEKAAEALAAAAAABAAEAAAICTAEAOw==\" style=\"--smush-placeholder-width: 300px; --smush-placeholder-aspect-ratio: 300\/225;\" \/><\/p>","protected":false},"excerpt":{"rendered":"<p>Mimo na\u0161i b\u011b\u017enou v\u00fdrobu tak\u00e9 opravujeme komun\u00e1ln\u00ed techniku, nap\u0159\u00edklad nosi\u010de kontejner\u016f, komun\u00e1ln\u00ed vozy a podobn\u011b.<\/p>\n<p>&nbsp;<\/p>","protected":false},"featured_media":2614,"comment_status":"closed","ping_status":"closed","template":"","meta":{"_acf_changed":false},"product_brand":[],"product_cat":[58],"product_tag":[],"class_list":{"0":"post-2591","1":"product","2":"type-product","3":"status-publish","4":"has-post-thumbnail","6":"product_cat-servis","8":"first","9":"instock","10":"shipping-taxable","11":"product-type-simple"},"acf":[],"_links":{"self":[{"href":"https:\/\/nekr.cz\/ru\/wp-json\/wp\/v2\/product\/2591","targetHints":{"allow":["GET"]}}],"collection":[{"href":"https:\/\/nekr.cz\/ru\/wp-json\/wp\/v2\/product"}],"about":[{"href":"https:\/\/nekr.cz\/ru\/wp-json\/wp\/v2\/types\/product"}],"replies":[{"embeddable":true,"href":"https:\/\/nekr.cz\/ru\/wp-json\/wp\/v2\/comments?post=2591"}],"wp:featuredmedia":[{"embeddable":true,"href":"https:\/\/nekr.cz\/ru\/wp-json\/wp\/v2\/media\/2614"}],"wp:attachment":[{"href":"https:\/\/nekr.cz\/ru\/wp-json\/wp\/v2\/media?parent=2591"}],"wp:term":[{"taxonomy":"product_brand","embeddable":true,"href":"https:\/\/nekr.cz\/ru\/wp-json\/wp\/v2\/product_brand?post=2591"},{"taxonomy":"product_cat","embeddable":true,"href":"https:\/\/nekr.cz\/ru\/wp-json\/wp\/v2\/product_cat?post=2591"},{"taxonomy":"product_tag","embeddable":true,"href":"https:\/\/nekr.cz\/ru\/wp-json\/wp\/v2\/product_tag?post=2591"}],"curies":[{"name":"wp","href":"https:\/\/api.w.org\/{rel}","templated":true}]}}