{"id":2233,"date":"2024-03-29T07:05:29","date_gmt":"2024-03-29T07:05:29","guid":{"rendered":"https:\/\/nekr.cz\/?post_type=product&#038;p=2233"},"modified":"2025-08-14T11:55:47","modified_gmt":"2025-08-14T11:55:47","slug":"lista-rozhrnovaci","status":"publish","type":"product","link":"https:\/\/nekr.cz\/ru\/product\/lista-rozhrnovaci\/","title":{"rendered":"Li\u0161ta rozhrnovac\u00ed"},"content":{"rendered":"<p>Li\u0161ta rozhrnovac\u00ed slou\u017e\u00ed k rovnom\u011brn\u00e9mu rozprost\u0159en\u00ed tepl\u00e9 asfaltov\u00e9 obalovan\u00e9 sm\u011bsi na povrch vozovky b\u011bhem stavby nebo opravy silnic.<\/p>","protected":false},"excerpt":{"rendered":"<p>Li\u0161ta rozhrnovac\u00ed slou\u017e\u00ed k rovnom\u011brn\u00e9mu rozprost\u0159en\u00ed tepl\u00e9 asfaltov\u00e9 obalovan\u00e9 sm\u011bsi na povrch vozovky b\u011bhem stavby nebo opravy silnic.<\/p>","protected":false},"featured_media":1970,"comment_status":"closed","ping_status":"closed","template":"","meta":{"_acf_changed":false},"product_brand":[],"product_cat":[18],"product_tag":[],"class_list":{"0":"post-2233","1":"product","2":"type-product","3":"status-publish","4":"has-post-thumbnail","6":"product_cat-nezarazene","8":"first","9":"instock","10":"shipping-taxable","11":"product-type-simple"},"acf":[],"_links":{"self":[{"href":"https:\/\/nekr.cz\/ru\/wp-json\/wp\/v2\/product\/2233","targetHints":{"allow":["GET"]}}],"collection":[{"href":"https:\/\/nekr.cz\/ru\/wp-json\/wp\/v2\/product"}],"about":[{"href":"https:\/\/nekr.cz\/ru\/wp-json\/wp\/v2\/types\/product"}],"replies":[{"embeddable":true,"href":"https:\/\/nekr.cz\/ru\/wp-json\/wp\/v2\/comments?post=2233"}],"wp:featuredmedia":[{"embeddable":true,"href":"https:\/\/nekr.cz\/ru\/wp-json\/wp\/v2\/media\/1970"}],"wp:attachment":[{"href":"https:\/\/nekr.cz\/ru\/wp-json\/wp\/v2\/media?parent=2233"}],"wp:term":[{"taxonomy":"product_brand","embeddable":true,"href":"https:\/\/nekr.cz\/ru\/wp-json\/wp\/v2\/product_brand?post=2233"},{"taxonomy":"product_cat","embeddable":true,"href":"https:\/\/nekr.cz\/ru\/wp-json\/wp\/v2\/product_cat?post=2233"},{"taxonomy":"product_tag","embeddable":true,"href":"https:\/\/nekr.cz\/ru\/wp-json\/wp\/v2\/product_tag?post=2233"}],"curies":[{"name":"wp","href":"https:\/\/api.w.org\/{rel}","templated":true}]}}