{"id":2224,"date":"2024-03-29T06:24:02","date_gmt":"2024-03-29T06:24:02","guid":{"rendered":"https:\/\/nekr.cz\/?post_type=product&#038;p=2224"},"modified":"2024-08-30T10:14:06","modified_gmt":"2024-08-30T10:14:06","slug":"valec-hydraulicky","status":"publish","type":"product","link":"https:\/\/nekr.cz\/ru\/product\/valec-hydraulicky\/","title":{"rendered":"V\u00e1lec hydraulick\u00fd"},"content":{"rendered":"<p>Hydraulick\u00e9 v\u00e1lce (p\u00edstnice, p\u0159\u00edmo\u010dar\u00e9 hydromotory) b\u011b\u017en\u011b vyr\u00e1b\u00edme od rozm\u011br\u016f 32\/16 mm (vnit\u0159n\u00ed pr\u016fm\u011br trubky \/ pr\u016fm\u011br p\u00edstn\u00ed ty\u010de) do pr\u016fm\u011bru 220\/160 mm a zdvihu 2 500 mm. V\u011bt\u0161\u00ed pr\u016fm\u011bry je nutn\u00e9 konzultovat individu\u00e1ln\u011b, vyr\u00e1b\u011bli jsme i v\u00e1lec o vnit\u0159n\u00edm pr\u016fm\u011bru 530 mm a d\u00e9lce 4 metry. M\u00e1me zku\u0161enosti s v\u00fdrobou v\u00e1lc\u016f na stavebn\u00ed stroje od minirypadel po stotunov\u00e1 rypadla.<\/p>\n<p>&nbsp;<\/p>\n<p>Hydraulick\u00e9 v\u00e1lce vyr\u00e1b\u00edme i kusov\u011b i v seri\u00edch (nap\u0159 10, 50, 100 ks).<\/p>\n<p>&nbsp;<\/p>\n<p>Hydraulick\u00e9 v\u00e1lce m\u016f\u017eeme\u00a0 vybavit tlumen\u00edm pro plynul\u00e9 br\u017ed\u011bn\u00ed v koncov\u00fdch poloh\u00e1ch.<\/p>\n<p>N\u011bkter\u00e9 v\u00e1lce vybavujeme hydraulick\u00fdmi z\u00e1mky, aby se zabr\u00e1nilo selh\u00e1n\u00ed p\u0159i p\u0159\u00edpadn\u00e9m po\u0161kozen\u00ed hydraulick\u00fdch hadic.<\/p>\n<p>Pou\u017e\u00edv\u00e1me kvalitn\u00ed t\u011bsnivo od renomovan\u00fdch v\u00fdrobc\u016f, obvykl\u00e1 t\u011bsn\u011bn\u00ed m\u00e1me skladem.<\/p>\n<p>&nbsp;<\/p>\n<p>Nej\u010dast\u011bj\u0161\u00ed hydraulick\u00e9 v\u00e1lce pou\u017e\u00edvan\u00e9 v na\u0161ich rychloup\u00edna\u010d\u00edch a srovn\u00e1vac\u00edch lopat\u00e1ch m\u00e1me b\u011b\u017en\u011b skladem.<\/p>\n<p>&nbsp;<\/p>\n<p>Tak\u00e9 zaji\u0161\u0165ujeme servis pro hydraulick\u00e9 v\u00e1lce &#8211; p\u0159et\u011bsn\u011bn\u00ed, lok\u00e1ln\u00ed opravu chromu na p\u00edstn\u00edch ty\u010d\u00edch, v\u00fdm\u011bnu p\u00edstn\u00edch ty\u010d\u00ed, obal\u016f, p\u00edst\u016f, z\u00e1v\u011brn\u00fdch v\u00edk, uchycovac\u00edch ok a lo\u017eisek.<\/p>","protected":false},"excerpt":{"rendered":"<p>Hydraulick\u00e9 v\u00e1lce vyr\u00e1b\u00edme zak\u00e1zkov\u011b a tak\u00e9 do na\u0161ich v\u00fdrobk\u016f.<\/p>","protected":false},"featured_media":1980,"comment_status":"closed","ping_status":"closed","template":"","meta":{"_acf_changed":false},"product_brand":[],"product_cat":[111,52,43],"product_tag":[],"class_list":{"0":"post-2224","1":"product","2":"type-product","3":"status-publish","4":"has-post-thumbnail","6":"product_cat-hydraulicke_valce","7":"product_cat-produkty","8":"product_cat-vylozniky-nasady-prodlouzeni","10":"first","11":"instock","12":"shipping-taxable","13":"product-type-simple"},"acf":[],"_links":{"self":[{"href":"https:\/\/nekr.cz\/ru\/wp-json\/wp\/v2\/product\/2224","targetHints":{"allow":["GET"]}}],"collection":[{"href":"https:\/\/nekr.cz\/ru\/wp-json\/wp\/v2\/product"}],"about":[{"href":"https:\/\/nekr.cz\/ru\/wp-json\/wp\/v2\/types\/product"}],"replies":[{"embeddable":true,"href":"https:\/\/nekr.cz\/ru\/wp-json\/wp\/v2\/comments?post=2224"}],"wp:featuredmedia":[{"embeddable":true,"href":"https:\/\/nekr.cz\/ru\/wp-json\/wp\/v2\/media\/1980"}],"wp:attachment":[{"href":"https:\/\/nekr.cz\/ru\/wp-json\/wp\/v2\/media?parent=2224"}],"wp:term":[{"taxonomy":"product_brand","embeddable":true,"href":"https:\/\/nekr.cz\/ru\/wp-json\/wp\/v2\/product_brand?post=2224"},{"taxonomy":"product_cat","embeddable":true,"href":"https:\/\/nekr.cz\/ru\/wp-json\/wp\/v2\/product_cat?post=2224"},{"taxonomy":"product_tag","embeddable":true,"href":"https:\/\/nekr.cz\/ru\/wp-json\/wp\/v2\/product_tag?post=2224"}],"curies":[{"name":"wp","href":"https:\/\/api.w.org\/{rel}","templated":true}]}}