{"id":2198,"date":"2024-03-28T14:27:10","date_gmt":"2024-03-28T14:27:10","guid":{"rendered":"https:\/\/nekr.cz\/?post_type=product&#038;p=2198"},"modified":"2024-08-16T09:18:50","modified_gmt":"2024-08-16T09:18:50","slug":"rozsireni-dozerove-radlice","status":"publish","type":"product","link":"https:\/\/nekr.cz\/ru\/product\/rozsireni-dozerove-radlice\/","title":{"rendered":"Roz\u0161\u00ed\u0159en\u00ed dozerov\u00e9 radlice"},"content":{"rendered":"<p>V p\u0159\u00edpad\u011b zv\u011bt\u0161en\u00ed radlice je vhodn\u00e9 dozer vybavit <a href=\"https:\/\/nekr.cz\/ru\/product-category\/produkty\/rippery-dozerove\/\">riprem<\/a> nebo odpov\u00eddaj\u00edc\u00edm <a href=\"https:\/\/nekr.cz\/ru\/product\/protozavazi-na-dozery\/\">z\u00e1va\u017e\u00edm<\/a>.<\/p>\n<h5><\/h5>\n<h5>P\u0159\u00edklady roz\u0161\u00ed\u0159en\u00ed radlic:<\/h5>\n<p>Roz\u0161\u00ed\u0159en\u00ed a zv\u00fd\u0161en\u00ed radlice KOMATSU D65EX z 5,6m<sup>3<\/sup> na 12m<sup>3\u00a0<\/sup><\/p>\n<p><sup>\u00a0 \u00a0<img decoding=\"async\" class=\"size-medium wp-image-2658 alignleft lazyload\" data-src=\"https:\/\/nekr.cz\/wp-content\/uploads\/2024\/03\/IMG_20240812_071527820-300x225.jpg\" alt=\"\" width=\"300\" height=\"225\" data-srcset=\"https:\/\/nekr.cz\/wp-content\/uploads\/2024\/03\/IMG_20240812_071527820-300x225.jpg 300w, https:\/\/nekr.cz\/wp-content\/uploads\/2024\/03\/IMG_20240812_071527820-1024x768.jpg 1024w, https:\/\/nekr.cz\/wp-content\/uploads\/2024\/03\/IMG_20240812_071527820-768x576.jpg 768w, https:\/\/nekr.cz\/wp-content\/uploads\/2024\/03\/IMG_20240812_071527820-1536x1152.jpg 1536w, https:\/\/nekr.cz\/wp-content\/uploads\/2024\/03\/IMG_20240812_071527820-2048x1536.jpg 2048w, https:\/\/nekr.cz\/wp-content\/uploads\/2024\/03\/IMG_20240812_071527820-16x12.jpg 16w, https:\/\/nekr.cz\/wp-content\/uploads\/2024\/03\/IMG_20240812_071527820-600x450.jpg 600w\" data-sizes=\"(max-width: 300px) 100vw, 300px\" src=\"data:image\/gif;base64,R0lGODlhAQABAAAAACH5BAEKAAEALAAAAAABAAEAAAICTAEAOw==\" style=\"--smush-placeholder-width: 300px; --smush-placeholder-aspect-ratio: 300\/225;\" \/>\u00a0 \u00a0<\/sup>\u00a0 \u00a0<img decoding=\"async\" class=\"wp-image-2664 alignleft lazyload\" data-src=\"https:\/\/nekr.cz\/wp-content\/uploads\/2024\/03\/IMG_20240812_071625437-1-scaled-e1723640715702-300x266.jpg\" alt=\"\" width=\"255\" height=\"226\" data-srcset=\"https:\/\/nekr.cz\/wp-content\/uploads\/2024\/03\/IMG_20240812_071625437-1-scaled-e1723640715702-300x266.jpg 300w, https:\/\/nekr.cz\/wp-content\/uploads\/2024\/03\/IMG_20240812_071625437-1-scaled-e1723640715702-1024x908.jpg 1024w, https:\/\/nekr.cz\/wp-content\/uploads\/2024\/03\/IMG_20240812_071625437-1-scaled-e1723640715702-768x681.jpg 768w, https:\/\/nekr.cz\/wp-content\/uploads\/2024\/03\/IMG_20240812_071625437-1-scaled-e1723640715702-1536x1362.jpg 1536w, https:\/\/nekr.cz\/wp-content\/uploads\/2024\/03\/IMG_20240812_071625437-1-scaled-e1723640715702-14x12.jpg 14w, https:\/\/nekr.cz\/wp-content\/uploads\/2024\/03\/IMG_20240812_071625437-1-scaled-e1723640715702-600x532.jpg 600w, https:\/\/nekr.cz\/wp-content\/uploads\/2024\/03\/IMG_20240812_071625437-1-scaled-e1723640715702.jpg 1920w\" data-sizes=\"(max-width: 255px) 100vw, 255px\" src=\"data:image\/gif;base64,R0lGODlhAQABAAAAACH5BAEKAAEALAAAAAABAAEAAAICTAEAOw==\" style=\"--smush-placeholder-width: 255px; --smush-placeholder-aspect-ratio: 255\/226;\" \/><\/p>\n<p>&nbsp;<\/p>\n<p>&nbsp;<\/p>\n<p>&nbsp;<\/p>\n<p>&nbsp;<\/p>\n<p>&nbsp;<\/p>\n<p>&nbsp;<\/p>\n<p>\u00daprava radlice KOMATSU D65 ze SEMI-U na typ U:<\/p>\n<p><img decoding=\"async\" class=\"alignnone wp-image-2667 lazyload\" data-src=\"https:\/\/nekr.cz\/wp-content\/uploads\/2024\/03\/20220203_150607-225x300.jpg\" alt=\"\" width=\"169\" height=\"226\" data-srcset=\"https:\/\/nekr.cz\/wp-content\/uploads\/2024\/03\/20220203_150607-225x300.jpg 225w, https:\/\/nekr.cz\/wp-content\/uploads\/2024\/03\/20220203_150607-768x1024.jpg 768w, https:\/\/nekr.cz\/wp-content\/uploads\/2024\/03\/20220203_150607-1152x1536.jpg 1152w, https:\/\/nekr.cz\/wp-content\/uploads\/2024\/03\/20220203_150607-1536x2048.jpg 1536w, https:\/\/nekr.cz\/wp-content\/uploads\/2024\/03\/20220203_150607-9x12.jpg 9w, https:\/\/nekr.cz\/wp-content\/uploads\/2024\/03\/20220203_150607-600x800.jpg 600w, https:\/\/nekr.cz\/wp-content\/uploads\/2024\/03\/20220203_150607-scaled.jpg 1920w\" data-sizes=\"(max-width: 169px) 100vw, 169px\" src=\"data:image\/gif;base64,R0lGODlhAQABAAAAACH5BAEKAAEALAAAAAABAAEAAAICTAEAOw==\" style=\"--smush-placeholder-width: 169px; --smush-placeholder-aspect-ratio: 169\/226;\" \/>\u00a0 \u00a0<img decoding=\"async\" class=\"alignnone size-medium wp-image-2666 lazyload\" data-src=\"https:\/\/nekr.cz\/wp-content\/uploads\/2024\/03\/20220223_115204-300x225.jpg\" alt=\"\" width=\"300\" height=\"225\" data-srcset=\"https:\/\/nekr.cz\/wp-content\/uploads\/2024\/03\/20220223_115204-300x225.jpg 300w, https:\/\/nekr.cz\/wp-content\/uploads\/2024\/03\/20220223_115204-1024x768.jpg 1024w, https:\/\/nekr.cz\/wp-content\/uploads\/2024\/03\/20220223_115204-768x576.jpg 768w, https:\/\/nekr.cz\/wp-content\/uploads\/2024\/03\/20220223_115204-1536x1152.jpg 1536w, https:\/\/nekr.cz\/wp-content\/uploads\/2024\/03\/20220223_115204-2048x1536.jpg 2048w, https:\/\/nekr.cz\/wp-content\/uploads\/2024\/03\/20220223_115204-16x12.jpg 16w, https:\/\/nekr.cz\/wp-content\/uploads\/2024\/03\/20220223_115204-600x450.jpg 600w\" data-sizes=\"(max-width: 300px) 100vw, 300px\" src=\"data:image\/gif;base64,R0lGODlhAQABAAAAACH5BAEKAAEALAAAAAABAAEAAAICTAEAOw==\" style=\"--smush-placeholder-width: 300px; --smush-placeholder-aspect-ratio: 300\/225;\" \/><\/p>\n<p>&nbsp;<\/p>\n<p>Zv\u011bt\u0161en\u00ed radlice KOMATSU D155:<\/p>\n<p><img decoding=\"async\" class=\"size-medium wp-image-2669 lazyload\" data-src=\"https:\/\/nekr.cz\/wp-content\/uploads\/2024\/03\/2005-12-12.KOMATSU-D155-radlice.001-300x225.jpg\" alt=\"\" width=\"300\" height=\"225\" data-srcset=\"https:\/\/nekr.cz\/wp-content\/uploads\/2024\/03\/2005-12-12.KOMATSU-D155-radlice.001-300x225.jpg 300w, https:\/\/nekr.cz\/wp-content\/uploads\/2024\/03\/2005-12-12.KOMATSU-D155-radlice.001-1024x768.jpg 1024w, https:\/\/nekr.cz\/wp-content\/uploads\/2024\/03\/2005-12-12.KOMATSU-D155-radlice.001-768x576.jpg 768w, https:\/\/nekr.cz\/wp-content\/uploads\/2024\/03\/2005-12-12.KOMATSU-D155-radlice.001-1536x1152.jpg 1536w, https:\/\/nekr.cz\/wp-content\/uploads\/2024\/03\/2005-12-12.KOMATSU-D155-radlice.001-16x12.jpg 16w, https:\/\/nekr.cz\/wp-content\/uploads\/2024\/03\/2005-12-12.KOMATSU-D155-radlice.001-600x450.jpg 600w, https:\/\/nekr.cz\/wp-content\/uploads\/2024\/03\/2005-12-12.KOMATSU-D155-radlice.001.jpg 1600w\" data-sizes=\"(max-width: 300px) 100vw, 300px\" src=\"data:image\/gif;base64,R0lGODlhAQABAAAAACH5BAEKAAEALAAAAAABAAEAAAICTAEAOw==\" style=\"--smush-placeholder-width: 300px; --smush-placeholder-aspect-ratio: 300\/225;\" \/>\u00a0 \u00a0<img decoding=\"async\" class=\"size-medium wp-image-2670 lazyload\" data-src=\"https:\/\/nekr.cz\/wp-content\/uploads\/2024\/03\/2005-12-14.Radlice-a-zavazi.011-300x225.jpg\" alt=\"\" width=\"300\" height=\"225\" data-srcset=\"https:\/\/nekr.cz\/wp-content\/uploads\/2024\/03\/2005-12-14.Radlice-a-zavazi.011-300x225.jpg 300w, https:\/\/nekr.cz\/wp-content\/uploads\/2024\/03\/2005-12-14.Radlice-a-zavazi.011-1024x768.jpg 1024w, https:\/\/nekr.cz\/wp-content\/uploads\/2024\/03\/2005-12-14.Radlice-a-zavazi.011-768x576.jpg 768w, https:\/\/nekr.cz\/wp-content\/uploads\/2024\/03\/2005-12-14.Radlice-a-zavazi.011-1536x1152.jpg 1536w, https:\/\/nekr.cz\/wp-content\/uploads\/2024\/03\/2005-12-14.Radlice-a-zavazi.011-2048x1536.jpg 2048w, https:\/\/nekr.cz\/wp-content\/uploads\/2024\/03\/2005-12-14.Radlice-a-zavazi.011-16x12.jpg 16w, https:\/\/nekr.cz\/wp-content\/uploads\/2024\/03\/2005-12-14.Radlice-a-zavazi.011-600x450.jpg 600w\" data-sizes=\"(max-width: 300px) 100vw, 300px\" src=\"data:image\/gif;base64,R0lGODlhAQABAAAAACH5BAEKAAEALAAAAAABAAEAAAICTAEAOw==\" style=\"--smush-placeholder-width: 300px; --smush-placeholder-aspect-ratio: 300\/225;\" \/><\/p>\n<p>&nbsp;<\/p>\n<p>Radlice a protiz\u00e1va\u017e\u00ed 2 tuny KOMATSU D85:<\/p>\n<p><img decoding=\"async\" class=\"alignnone size-medium wp-image-2674 lazyload\" data-src=\"https:\/\/nekr.cz\/wp-content\/uploads\/2024\/03\/IMG_1718-300x225.jpg\" alt=\"\" width=\"300\" height=\"225\" data-srcset=\"https:\/\/nekr.cz\/wp-content\/uploads\/2024\/03\/IMG_1718-300x225.jpg 300w, https:\/\/nekr.cz\/wp-content\/uploads\/2024\/03\/IMG_1718-1024x768.jpg 1024w, https:\/\/nekr.cz\/wp-content\/uploads\/2024\/03\/IMG_1718-768x576.jpg 768w, https:\/\/nekr.cz\/wp-content\/uploads\/2024\/03\/IMG_1718-1536x1152.jpg 1536w, https:\/\/nekr.cz\/wp-content\/uploads\/2024\/03\/IMG_1718-2048x1536.jpg 2048w, https:\/\/nekr.cz\/wp-content\/uploads\/2024\/03\/IMG_1718-16x12.jpg 16w, https:\/\/nekr.cz\/wp-content\/uploads\/2024\/03\/IMG_1718-600x450.jpg 600w\" data-sizes=\"(max-width: 300px) 100vw, 300px\" src=\"data:image\/gif;base64,R0lGODlhAQABAAAAACH5BAEKAAEALAAAAAABAAEAAAICTAEAOw==\" style=\"--smush-placeholder-width: 300px; --smush-placeholder-aspect-ratio: 300\/225;\" \/> \u00a0<img decoding=\"async\" class=\"alignnone size-medium wp-image-2675 lazyload\" data-src=\"https:\/\/nekr.cz\/wp-content\/uploads\/2024\/03\/IMG_1696-300x225.jpg\" alt=\"\" width=\"300\" height=\"225\" data-srcset=\"https:\/\/nekr.cz\/wp-content\/uploads\/2024\/03\/IMG_1696-300x225.jpg 300w, https:\/\/nekr.cz\/wp-content\/uploads\/2024\/03\/IMG_1696-1024x768.jpg 1024w, https:\/\/nekr.cz\/wp-content\/uploads\/2024\/03\/IMG_1696-768x576.jpg 768w, https:\/\/nekr.cz\/wp-content\/uploads\/2024\/03\/IMG_1696-1536x1152.jpg 1536w, https:\/\/nekr.cz\/wp-content\/uploads\/2024\/03\/IMG_1696-2048x1536.jpg 2048w, https:\/\/nekr.cz\/wp-content\/uploads\/2024\/03\/IMG_1696-16x12.jpg 16w, https:\/\/nekr.cz\/wp-content\/uploads\/2024\/03\/IMG_1696-600x450.jpg 600w\" data-sizes=\"(max-width: 300px) 100vw, 300px\" src=\"data:image\/gif;base64,R0lGODlhAQABAAAAACH5BAEKAAEALAAAAAABAAEAAAICTAEAOw==\" style=\"--smush-placeholder-width: 300px; --smush-placeholder-aspect-ratio: 300\/225;\" \/> \u00a0<img decoding=\"async\" class=\"alignnone size-medium wp-image-2672 lazyload\" data-src=\"https:\/\/nekr.cz\/wp-content\/uploads\/2024\/03\/IMG_1699-300x225.jpg\" alt=\"\" width=\"300\" height=\"225\" data-srcset=\"https:\/\/nekr.cz\/wp-content\/uploads\/2024\/03\/IMG_1699-300x225.jpg 300w, https:\/\/nekr.cz\/wp-content\/uploads\/2024\/03\/IMG_1699-1024x768.jpg 1024w, https:\/\/nekr.cz\/wp-content\/uploads\/2024\/03\/IMG_1699-768x576.jpg 768w, https:\/\/nekr.cz\/wp-content\/uploads\/2024\/03\/IMG_1699-1536x1152.jpg 1536w, https:\/\/nekr.cz\/wp-content\/uploads\/2024\/03\/IMG_1699-2048x1536.jpg 2048w, https:\/\/nekr.cz\/wp-content\/uploads\/2024\/03\/IMG_1699-16x12.jpg 16w, https:\/\/nekr.cz\/wp-content\/uploads\/2024\/03\/IMG_1699-600x450.jpg 600w\" data-sizes=\"(max-width: 300px) 100vw, 300px\" src=\"data:image\/gif;base64,R0lGODlhAQABAAAAACH5BAEKAAEALAAAAAABAAEAAAICTAEAOw==\" style=\"--smush-placeholder-width: 300px; --smush-placeholder-aspect-ratio: 300\/225;\" \/><\/p>\n<p><img decoding=\"async\" class=\"alignnone size-medium wp-image-2677 lazyload\" data-src=\"https:\/\/nekr.cz\/wp-content\/uploads\/2024\/03\/IMG_1706-300x225.jpg\" alt=\"\" width=\"300\" height=\"225\" data-srcset=\"https:\/\/nekr.cz\/wp-content\/uploads\/2024\/03\/IMG_1706-300x225.jpg 300w, https:\/\/nekr.cz\/wp-content\/uploads\/2024\/03\/IMG_1706-1024x768.jpg 1024w, https:\/\/nekr.cz\/wp-content\/uploads\/2024\/03\/IMG_1706-768x576.jpg 768w, https:\/\/nekr.cz\/wp-content\/uploads\/2024\/03\/IMG_1706-1536x1152.jpg 1536w, https:\/\/nekr.cz\/wp-content\/uploads\/2024\/03\/IMG_1706-2048x1536.jpg 2048w, https:\/\/nekr.cz\/wp-content\/uploads\/2024\/03\/IMG_1706-16x12.jpg 16w, https:\/\/nekr.cz\/wp-content\/uploads\/2024\/03\/IMG_1706-600x450.jpg 600w\" data-sizes=\"(max-width: 300px) 100vw, 300px\" src=\"data:image\/gif;base64,R0lGODlhAQABAAAAACH5BAEKAAEALAAAAAABAAEAAAICTAEAOw==\" style=\"--smush-placeholder-width: 300px; --smush-placeholder-aspect-ratio: 300\/225;\" \/> \u00a0<img decoding=\"async\" class=\"size-medium wp-image-2676 lazyload\" data-src=\"https:\/\/nekr.cz\/wp-content\/uploads\/2024\/03\/P1010129-1-300x225.jpg\" alt=\"\" width=\"300\" height=\"225\" data-srcset=\"https:\/\/nekr.cz\/wp-content\/uploads\/2024\/03\/P1010129-1-300x225.jpg 300w, https:\/\/nekr.cz\/wp-content\/uploads\/2024\/03\/P1010129-1-1024x768.jpg 1024w, https:\/\/nekr.cz\/wp-content\/uploads\/2024\/03\/P1010129-1-768x576.jpg 768w, https:\/\/nekr.cz\/wp-content\/uploads\/2024\/03\/P1010129-1-1536x1152.jpg 1536w, https:\/\/nekr.cz\/wp-content\/uploads\/2024\/03\/P1010129-1-16x12.jpg 16w, https:\/\/nekr.cz\/wp-content\/uploads\/2024\/03\/P1010129-1-600x450.jpg 600w, https:\/\/nekr.cz\/wp-content\/uploads\/2024\/03\/P1010129-1.jpg 1600w\" data-sizes=\"(max-width: 300px) 100vw, 300px\" src=\"data:image\/gif;base64,R0lGODlhAQABAAAAACH5BAEKAAEALAAAAAABAAEAAAICTAEAOw==\" style=\"--smush-placeholder-width: 300px; --smush-placeholder-aspect-ratio: 300\/225;\" \/> <img decoding=\"async\" class=\"alignnone wp-image-2673 lazyload\" data-src=\"https:\/\/nekr.cz\/wp-content\/uploads\/2024\/03\/IMG_1713-225x300.jpg\" alt=\"\" width=\"170\" height=\"227\" data-srcset=\"https:\/\/nekr.cz\/wp-content\/uploads\/2024\/03\/IMG_1713-225x300.jpg 225w, https:\/\/nekr.cz\/wp-content\/uploads\/2024\/03\/IMG_1713-768x1024.jpg 768w, https:\/\/nekr.cz\/wp-content\/uploads\/2024\/03\/IMG_1713-1152x1536.jpg 1152w, https:\/\/nekr.cz\/wp-content\/uploads\/2024\/03\/IMG_1713-1536x2048.jpg 1536w, https:\/\/nekr.cz\/wp-content\/uploads\/2024\/03\/IMG_1713-9x12.jpg 9w, https:\/\/nekr.cz\/wp-content\/uploads\/2024\/03\/IMG_1713-600x800.jpg 600w, https:\/\/nekr.cz\/wp-content\/uploads\/2024\/03\/IMG_1713-scaled.jpg 1920w\" data-sizes=\"(max-width: 170px) 100vw, 170px\" src=\"data:image\/gif;base64,R0lGODlhAQABAAAAACH5BAEKAAEALAAAAAABAAEAAAICTAEAOw==\" style=\"--smush-placeholder-width: 170px; --smush-placeholder-aspect-ratio: 170\/227;\" \/><\/p>","protected":false},"excerpt":{"rendered":"<p>Pot\u0159ebujete zv\u011bt\u0161it objem radlice na dozeru?<\/p>\n<p>Um\u00edme zv\u011bt\u0161it radlici na vy\u0161\u0161\u00ed objem u nov\u00fdch i star\u0161\u00edch dozer\u016f.<\/p>","protected":false},"featured_media":2259,"comment_status":"closed","ping_status":"closed","template":"","meta":{"_acf_changed":false},"product_brand":[],"product_cat":[89,34],"product_tag":[],"class_list":{"0":"post-2198","1":"product","2":"type-product","3":"status-publish","4":"has-post-thumbnail","6":"product_cat-zakazkova-vyroba","7":"product_cat-radlice-dozerove","9":"first","10":"instock","11":"shipping-taxable","12":"product-type-simple"},"acf":[],"_links":{"self":[{"href":"https:\/\/nekr.cz\/ru\/wp-json\/wp\/v2\/product\/2198","targetHints":{"allow":["GET"]}}],"collection":[{"href":"https:\/\/nekr.cz\/ru\/wp-json\/wp\/v2\/product"}],"about":[{"href":"https:\/\/nekr.cz\/ru\/wp-json\/wp\/v2\/types\/product"}],"replies":[{"embeddable":true,"href":"https:\/\/nekr.cz\/ru\/wp-json\/wp\/v2\/comments?post=2198"}],"wp:featuredmedia":[{"embeddable":true,"href":"https:\/\/nekr.cz\/ru\/wp-json\/wp\/v2\/media\/2259"}],"wp:attachment":[{"href":"https:\/\/nekr.cz\/ru\/wp-json\/wp\/v2\/media?parent=2198"}],"wp:term":[{"taxonomy":"product_brand","embeddable":true,"href":"https:\/\/nekr.cz\/ru\/wp-json\/wp\/v2\/product_brand?post=2198"},{"taxonomy":"product_cat","embeddable":true,"href":"https:\/\/nekr.cz\/ru\/wp-json\/wp\/v2\/product_cat?post=2198"},{"taxonomy":"product_tag","embeddable":true,"href":"https:\/\/nekr.cz\/ru\/wp-json\/wp\/v2\/product_tag?post=2198"}],"curies":[{"name":"wp","href":"https:\/\/api.w.org\/{rel}","templated":true}]}}