{"id":2189,"date":"2024-03-28T13:55:43","date_gmt":"2024-03-28T13:55:43","guid":{"rendered":"https:\/\/nekr.cz\/?post_type=product&#038;p=2189"},"modified":"2024-08-16T08:25:22","modified_gmt":"2024-08-16T08:25:22","slug":"ripper-dozerovy-3-nozovy","status":"publish","type":"product","link":"https:\/\/nekr.cz\/ru\/product\/ripper-dozerovy-3-nozovy\/","title":{"rendered":"Ripper dozerov\u00fd t\u0159\u00edno\u017eov\u00fd"},"content":{"rendered":"","protected":false},"excerpt":{"rendered":"<p>Dozerov\u00e9 rozr\u00fdvac\u00ed hroty jsou ur\u010deny k rozru\u0161ov\u00e1n\u00ed a rozpojov\u00e1n\u00ed hornin, kter\u00e9 jsou r\u00fdpadly obt\u00ed\u017en\u011b rozpojiteln\u00e9.<\/p>","protected":false},"featured_media":2211,"comment_status":"closed","ping_status":"closed","template":"","meta":{"_acf_changed":false},"product_brand":[],"product_cat":[35],"product_tag":[],"class_list":{"0":"post-2189","1":"product","2":"type-product","3":"status-publish","4":"has-post-thumbnail","6":"product_cat-rippery-dozerove","8":"first","9":"instock","10":"shipping-taxable","11":"product-type-simple"},"acf":[],"_links":{"self":[{"href":"https:\/\/nekr.cz\/ru\/wp-json\/wp\/v2\/product\/2189","targetHints":{"allow":["GET"]}}],"collection":[{"href":"https:\/\/nekr.cz\/ru\/wp-json\/wp\/v2\/product"}],"about":[{"href":"https:\/\/nekr.cz\/ru\/wp-json\/wp\/v2\/types\/product"}],"replies":[{"embeddable":true,"href":"https:\/\/nekr.cz\/ru\/wp-json\/wp\/v2\/comments?post=2189"}],"wp:featuredmedia":[{"embeddable":true,"href":"https:\/\/nekr.cz\/ru\/wp-json\/wp\/v2\/media\/2211"}],"wp:attachment":[{"href":"https:\/\/nekr.cz\/ru\/wp-json\/wp\/v2\/media?parent=2189"}],"wp:term":[{"taxonomy":"product_brand","embeddable":true,"href":"https:\/\/nekr.cz\/ru\/wp-json\/wp\/v2\/product_brand?post=2189"},{"taxonomy":"product_cat","embeddable":true,"href":"https:\/\/nekr.cz\/ru\/wp-json\/wp\/v2\/product_cat?post=2189"},{"taxonomy":"product_tag","embeddable":true,"href":"https:\/\/nekr.cz\/ru\/wp-json\/wp\/v2\/product_tag?post=2189"}],"curies":[{"name":"wp","href":"https:\/\/api.w.org\/{rel}","templated":true}]}}