{"id":2141,"date":"2024-03-27T09:16:47","date_gmt":"2024-03-27T09:16:47","guid":{"rendered":"https:\/\/nekr.cz\/?post_type=product&#038;p=2141"},"modified":"2024-08-16T12:53:44","modified_gmt":"2024-08-16T12:53:44","slug":"vidle-paletizacni-na-nakladace","status":"publish","type":"product","link":"https:\/\/nekr.cz\/ru\/product\/vidle-paletizacni-na-nakladace\/","title":{"rendered":"Vidle paletiza\u010dn\u00ed na naklada\u010de"},"content":{"rendered":"","protected":false},"excerpt":{"rendered":"<p>Paletiza\u010dn\u00ed vidle vyr\u00e1b\u00edme o nosnosti 2-12 tun.<\/p>\n<p>Slou\u017e\u00ed pro p\u0159en\u00e1\u0161en\u00ed palet s materi\u00e1lem. Up\u00ednac\u00ed deska je p\u0159izp\u016fsobena kinematice konkr\u00e9tn\u00edho stroje.<\/p>","protected":false},"featured_media":2142,"comment_status":"closed","ping_status":"closed","template":"","meta":{"_acf_changed":false},"product_brand":[],"product_cat":[25,30],"product_tag":[],"class_list":{"0":"post-2141","1":"product","2":"type-product","3":"status-publish","4":"has-post-thumbnail","6":"product_cat-lopaty-na-nakladace","7":"product_cat-vidle-paletizacni","9":"first","10":"instock","11":"shipping-taxable","12":"product-type-simple"},"acf":[],"_links":{"self":[{"href":"https:\/\/nekr.cz\/ru\/wp-json\/wp\/v2\/product\/2141","targetHints":{"allow":["GET"]}}],"collection":[{"href":"https:\/\/nekr.cz\/ru\/wp-json\/wp\/v2\/product"}],"about":[{"href":"https:\/\/nekr.cz\/ru\/wp-json\/wp\/v2\/types\/product"}],"replies":[{"embeddable":true,"href":"https:\/\/nekr.cz\/ru\/wp-json\/wp\/v2\/comments?post=2141"}],"wp:featuredmedia":[{"embeddable":true,"href":"https:\/\/nekr.cz\/ru\/wp-json\/wp\/v2\/media\/2142"}],"wp:attachment":[{"href":"https:\/\/nekr.cz\/ru\/wp-json\/wp\/v2\/media?parent=2141"}],"wp:term":[{"taxonomy":"product_brand","embeddable":true,"href":"https:\/\/nekr.cz\/ru\/wp-json\/wp\/v2\/product_brand?post=2141"},{"taxonomy":"product_cat","embeddable":true,"href":"https:\/\/nekr.cz\/ru\/wp-json\/wp\/v2\/product_cat?post=2141"},{"taxonomy":"product_tag","embeddable":true,"href":"https:\/\/nekr.cz\/ru\/wp-json\/wp\/v2\/product_tag?post=2141"}],"curies":[{"name":"wp","href":"https:\/\/api.w.org\/{rel}","templated":true}]}}