{"id":2136,"date":"2024-03-27T07:29:40","date_gmt":"2024-03-27T07:29:40","guid":{"rendered":"https:\/\/nekr.cz\/?post_type=product&#038;p=2136"},"modified":"2024-08-30T13:18:25","modified_gmt":"2024-08-30T13:18:25","slug":"tridici-nekr-star","status":"publish","type":"product","link":"https:\/\/nekr.cz\/ru\/product\/tridici-nekr-star\/","title":{"rendered":"Lopata t\u0159\u00edd\u00edc\u00ed NEKR-STAR"},"content":{"rendered":"<p>Na stavb\u011b je \u010dasto pot\u0159eba p\u0159et\u0159\u00eddit matei\u00e1l na r\u016fzn\u00e9 frakce. \u010casto se takov\u00fd materi\u00e1l odv\u00e1\u017e\u00ed na rekultiva\u010dn\u00ed linku a zp\u011bt, co\u017e v\u00fdrazn\u011b zvy\u0161uje n\u00e1klady.<\/p>\n<p>&nbsp;<\/p>\n<p>V\u00fdhodou pou\u017eit\u00ed na\u0161\u00ed lopaty NEKR-STAR je t\u0159\u00edzen\u00ed materi\u00e1lu hned na stavb\u011b. Jemn\u00fd p\u0159et\u0159\u00edzen\u00fd materi\u00e1l m\u016f\u017eete pou\u017e\u00edt nap\u0159\u00edklad na obsyb trubky, potom do v\u00fdkopu olo\u017eit hrub\u0161\u00ed materi\u00e1l a nahoru zase pou\u017e\u00edt jemn\u011bj\u0161\u00ed frakci, nap\u0159\u00edklad pod tr\u00e1vn\u00edk.<\/p>\n<p>D\u00edky tomu u\u0161et\u0159\u00edte n\u00e1klady a z\u00edsk\u00e1te konkuren\u010dn\u00ed v\u00fdhodu.<\/p>\n<p>&nbsp;<\/p>\n<p>T\u0159\u00edd\u00edc\u00ed lopata NEKR STAR je osazena n\u011bkolika \u0159adami polyuretanov\u00fdch hv\u011bzdic, kter\u00fdmi propadne materi\u00e1l frakce 0-20 mm, zat\u00edmco vy\u0161\u0161\u00ed frakce z\u016fst\u00e1vaj\u00ed v lopat\u011b. Pro p\u0159ipojen\u00ed je pot\u0159eba jeden hydraulick\u00fd okruh, nap\u0159\u00edklad ur\u010den\u00fd pro svahovku.<\/p>\n<p>&nbsp;<\/p>\n<h5>Z\u00e1kladn\u00ed parametry<\/h5>\n<table>\n<tbody>\n<tr>\n<td width=\"121\"><strong>Ton\u00e1\u017e r\u00fdpadla<\/strong><\/td>\n<td width=\"121\"><strong>\u0160\u00ed\u0159ka b\u0159itu<\/strong><\/td>\n<td width=\"121\"><strong>Hmotnost<\/strong><\/td>\n<td width=\"121\"><strong>Objem<\/strong><\/td>\n<\/tr>\n<tr>\n<td width=\"121\"><strong>2-4 tuny<\/strong><\/td>\n<td width=\"121\">700 mm<\/td>\n<td width=\"121\">240 kg<\/td>\n<td width=\"121\">120 l<\/td>\n<\/tr>\n<tr>\n<td width=\"121\"><strong>4-6 tun<\/strong><\/td>\n<td width=\"121\">1000 mm<\/td>\n<td width=\"121\">300 kg<\/td>\n<td width=\"121\">170 l<\/td>\n<\/tr>\n<tr>\n<td width=\"121\"><strong>5-9 tun<\/strong><\/td>\n<td width=\"121\">1500 mm<\/td>\n<td width=\"121\">550 kg<\/td>\n<td width=\"121\">350 l<\/td>\n<\/tr>\n<tr>\n<td width=\"121\"><strong>9-12 tun<\/strong><\/td>\n<td width=\"121\">1600 mm<\/td>\n<td width=\"121\">600 kg<\/td>\n<td width=\"121\">450 l<\/td>\n<\/tr>\n<tr>\n<td width=\"121\"><strong>12 \u2013 16 tun<\/strong><\/td>\n<td width=\"121\">1800 mm<\/td>\n<td width=\"121\">780 kg<\/td>\n<td width=\"121\">550 l<\/td>\n<\/tr>\n<\/tbody>\n<\/table>\n<p>&nbsp;<\/p>\n<p>&nbsp;<\/p>\n<div style=\"width: 1280px;\" class=\"wp-video\"><!--[if lt IE 9]><script>document.createElement('video');<\/script><![endif]-->\n<video class=\"wp-video-shortcode\" id=\"video-2136-1\" width=\"1280\" height=\"720\" preload=\"metadata\" controls=\"controls\"><source type=\"video\/mp4\" src=\"https:\/\/nekr.cz\/wp-content\/uploads\/2024\/03\/NEKR-STAR.mp4?_=1\" \/><a href=\"https:\/\/nekr.cz\/wp-content\/uploads\/2024\/03\/NEKR-STAR.mp4\">https:\/\/nekr.cz\/wp-content\/uploads\/2024\/03\/NEKR-STAR.mp4<\/a><\/video><\/div>","protected":false},"excerpt":{"rendered":"<p>T\u0159\u00edd\u00edc\u00ed lopata NEKR-STAR je ur\u010dena k t\u0159\u00edzen\u00ed materi\u00e1lu r\u016fzn\u00fdch frakc\u00ed.<\/p>","protected":false},"featured_media":2138,"comment_status":"closed","ping_status":"closed","template":"","meta":{"_acf_changed":false},"product_brand":[],"product_cat":[24,25,27],"product_tag":[],"class_list":{"0":"post-2136","1":"product","2":"type-product","3":"status-publish","4":"has-post-thumbnail","6":"product_cat-lopaty-na-bagry","7":"product_cat-lopaty-na-nakladace","8":"product_cat-lopaty-tridici","10":"first","11":"instock","12":"shipping-taxable","13":"product-type-simple"},"acf":[],"_links":{"self":[{"href":"https:\/\/nekr.cz\/ru\/wp-json\/wp\/v2\/product\/2136","targetHints":{"allow":["GET"]}}],"collection":[{"href":"https:\/\/nekr.cz\/ru\/wp-json\/wp\/v2\/product"}],"about":[{"href":"https:\/\/nekr.cz\/ru\/wp-json\/wp\/v2\/types\/product"}],"replies":[{"embeddable":true,"href":"https:\/\/nekr.cz\/ru\/wp-json\/wp\/v2\/comments?post=2136"}],"wp:featuredmedia":[{"embeddable":true,"href":"https:\/\/nekr.cz\/ru\/wp-json\/wp\/v2\/media\/2138"}],"wp:attachment":[{"href":"https:\/\/nekr.cz\/ru\/wp-json\/wp\/v2\/media?parent=2136"}],"wp:term":[{"taxonomy":"product_brand","embeddable":true,"href":"https:\/\/nekr.cz\/ru\/wp-json\/wp\/v2\/product_brand?post=2136"},{"taxonomy":"product_cat","embeddable":true,"href":"https:\/\/nekr.cz\/ru\/wp-json\/wp\/v2\/product_cat?post=2136"},{"taxonomy":"product_tag","embeddable":true,"href":"https:\/\/nekr.cz\/ru\/wp-json\/wp\/v2\/product_tag?post=2136"}],"curies":[{"name":"wp","href":"https:\/\/api.w.org\/{rel}","templated":true}]}}