{"id":2059,"date":"2024-03-25T08:52:24","date_gmt":"2024-03-25T08:52:24","guid":{"rendered":"https:\/\/nekr.cz\/?post_type=product&#038;p=2059"},"modified":"2024-08-30T13:21:16","modified_gmt":"2024-08-30T13:21:16","slug":"podkopove-lopaty-odlehcene-hde","status":"publish","type":"product","link":"https:\/\/nekr.cz\/ru\/product\/podkopove-lopaty-odlehcene-hde\/","title":{"rendered":"Lopata podkopov\u00e1 HD-E"},"content":{"rendered":"","protected":false},"excerpt":{"rendered":"<p>Lopata HD-E (=Economy) &#8211; je ur\u010dena pod rot\u00e1tor. Jej\u00ed v\u00fdhodou je sn\u00ed\u017een\u00e1 hmotnost. Lopata je konstruk\u010dn\u011b stejn\u00e1 jako HD, ale je bez spodn\u00edch a bo\u010dn\u00edch ot\u011br\u016f &#8211; dno a bo\u010dnice jsou nahrazen\u00e9 ot\u011brov\u00fdm materi\u00e1lem.<\/p>","protected":false},"featured_media":2061,"comment_status":"closed","ping_status":"closed","template":"","meta":{"_acf_changed":false},"product_brand":[],"product_cat":[19,24],"product_tag":[93,105],"class_list":{"0":"post-2059","1":"product","2":"type-product","3":"status-publish","4":"has-post-thumbnail","6":"product_cat-naklapeci-rotatory","7":"product_cat-lopaty-na-bagry","8":"product_tag-lopata","9":"product_tag-lopata-hd-e","11":"first","12":"instock","13":"shipping-taxable","14":"product-type-simple"},"acf":[],"_links":{"self":[{"href":"https:\/\/nekr.cz\/ru\/wp-json\/wp\/v2\/product\/2059","targetHints":{"allow":["GET"]}}],"collection":[{"href":"https:\/\/nekr.cz\/ru\/wp-json\/wp\/v2\/product"}],"about":[{"href":"https:\/\/nekr.cz\/ru\/wp-json\/wp\/v2\/types\/product"}],"replies":[{"embeddable":true,"href":"https:\/\/nekr.cz\/ru\/wp-json\/wp\/v2\/comments?post=2059"}],"wp:featuredmedia":[{"embeddable":true,"href":"https:\/\/nekr.cz\/ru\/wp-json\/wp\/v2\/media\/2061"}],"wp:attachment":[{"href":"https:\/\/nekr.cz\/ru\/wp-json\/wp\/v2\/media?parent=2059"}],"wp:term":[{"taxonomy":"product_brand","embeddable":true,"href":"https:\/\/nekr.cz\/ru\/wp-json\/wp\/v2\/product_brand?post=2059"},{"taxonomy":"product_cat","embeddable":true,"href":"https:\/\/nekr.cz\/ru\/wp-json\/wp\/v2\/product_cat?post=2059"},{"taxonomy":"product_tag","embeddable":true,"href":"https:\/\/nekr.cz\/ru\/wp-json\/wp\/v2\/product_tag?post=2059"}],"curies":[{"name":"wp","href":"https:\/\/api.w.org\/{rel}","templated":true}]}}