{"id":2000,"date":"2024-03-22T11:49:15","date_gmt":"2024-03-22T11:49:15","guid":{"rendered":"https:\/\/nekr.cz\/?post_type=product&#038;p=2000"},"modified":"2024-08-16T10:18:36","modified_gmt":"2024-08-16T10:18:36","slug":"pridrzovac","status":"publish","type":"product","link":"https:\/\/nekr.cz\/ru\/product\/pridrzovac\/","title":{"rendered":"P\u0159idr\u017eova\u010d"},"content":{"rendered":"<p>P\u0159idr\u017eova\u010d slou\u017e\u00ed k bezpe\u010dn\u00e9 manipulaci s materi\u00e1lem, nap\u0159\u00edklad kameny, pra\u017eci, ty\u010demi, kulatinami a podobn\u011b.<\/p>\n<p>&nbsp;<\/p>\n<p>M\u016f\u017ee b\u00fdt instalov\u00e1n p\u0159\u00edmo na lopatu nebo na \u010dep spojuj\u00edc\u00ed n\u00e1sadu s lopatou, pop\u0159\u00edpad\u011b rychloup\u00edna\u010dem.<\/p>\n<p>&nbsp;<\/p>\n<p>Hydraulick\u00fd vyv\u00edjej\u00edc\u00ed p\u0159\u00edtlak m\u016f\u017ee b\u00fdt osazen hydraulick\u00fdm ventilem pln\u00edc\u00edm funkci z\u00e1mku nebo poji\u0161\u0165ovac\u00edho ventilu.<\/p>","protected":false},"excerpt":{"rendered":"<p>P\u0159idr\u017eova\u010d slou\u017e\u00ed k bezpe\u010dn\u00e9 manipulaci s materi\u00e1lem, nap\u0159\u00edklad kameny, pra\u017eci, ty\u010demi, kulatinami a podobn\u011b. &nbsp; M\u016f\u017ee b\u00fdt instalov\u00e1n p\u0159\u00edmo na lopatu nebo na \u010dep spojuj\u00edc\u00ed n\u00e1sadu s lopatou, pop\u0159\u00edpad\u011b rychloup\u00edna\u010dem. &nbsp; Hydraulick\u00fd vyv\u00edjej\u00edc\u00ed p\u0159\u00edtlak m\u016f\u017ee b\u00fdt osazen hydraulick\u00fdm ventilem pln\u00edc\u00edm funkci z\u00e1mku nebo poji\u0161\u0165ovac\u00edho ventilu.<\/p>","protected":false},"featured_media":1990,"comment_status":"closed","ping_status":"closed","template":"","meta":{"_acf_changed":false},"product_brand":[],"product_cat":[38],"product_tag":[],"class_list":{"0":"post-2000","1":"product","2":"type-product","3":"status-publish","4":"has-post-thumbnail","6":"product_cat-pridrzovace","8":"first","9":"instock","10":"shipping-taxable","11":"product-type-simple"},"acf":[],"_links":{"self":[{"href":"https:\/\/nekr.cz\/ru\/wp-json\/wp\/v2\/product\/2000","targetHints":{"allow":["GET"]}}],"collection":[{"href":"https:\/\/nekr.cz\/ru\/wp-json\/wp\/v2\/product"}],"about":[{"href":"https:\/\/nekr.cz\/ru\/wp-json\/wp\/v2\/types\/product"}],"replies":[{"embeddable":true,"href":"https:\/\/nekr.cz\/ru\/wp-json\/wp\/v2\/comments?post=2000"}],"wp:featuredmedia":[{"embeddable":true,"href":"https:\/\/nekr.cz\/ru\/wp-json\/wp\/v2\/media\/1990"}],"wp:attachment":[{"href":"https:\/\/nekr.cz\/ru\/wp-json\/wp\/v2\/media?parent=2000"}],"wp:term":[{"taxonomy":"product_brand","embeddable":true,"href":"https:\/\/nekr.cz\/ru\/wp-json\/wp\/v2\/product_brand?post=2000"},{"taxonomy":"product_cat","embeddable":true,"href":"https:\/\/nekr.cz\/ru\/wp-json\/wp\/v2\/product_cat?post=2000"},{"taxonomy":"product_tag","embeddable":true,"href":"https:\/\/nekr.cz\/ru\/wp-json\/wp\/v2\/product_tag?post=2000"}],"curies":[{"name":"wp","href":"https:\/\/api.w.org\/{rel}","templated":true}]}}