{"id":1921,"date":"2024-03-18T15:46:32","date_gmt":"2024-03-18T15:46:32","guid":{"rendered":"https:\/\/nekr.cz\/?post_type=product&#038;p=1921"},"modified":"2024-08-13T07:19:17","modified_gmt":"2024-08-13T07:19:17","slug":"protozavazi-na-dozery","status":"publish","type":"product","link":"https:\/\/nekr.cz\/ru\/product\/protozavazi-na-dozery\/","title":{"rendered":"Protiz\u00e1va\u017e\u00ed na dozery"},"content":{"rendered":"<p>Z\u00e1va\u017e\u00ed vyr\u00e1b\u00edme v hmotnostech podle po\u017eadavku od 1 tuny po 3 tuny.<\/p>\n<p>&nbsp;<\/p>\n<p>Na z\u00e1va\u017e\u00ed je mo\u017en\u00e9 voliteln\u011b instalovat ta\u017en\u00e9 za\u0159\u00edzen\u00ed nebo li\u0161ty k \u010di\u0161t\u011bn\u00ed materi\u00e1lu, kter\u00fd z\u016fst\u00e1v\u00e1 na p\u00e1sech.<\/p>","protected":false},"excerpt":{"rendered":"<p>Protiz\u00e1va\u017e\u00ed se instaluj\u00ed na dozer, pokud je pot\u0159eba zlep\u0161it vyv\u00e1\u017een\u00ed stroje p\u0159i n\u00e1ro\u010dn\u00fdch podm\u00ednk\u00e1ch a dozer nen\u00ed vybaven rozr\u00fdva\u010dem.<\/p>","protected":false},"featured_media":2261,"comment_status":"closed","ping_status":"closed","template":"","meta":{"_acf_changed":false},"product_brand":[],"product_cat":[36],"product_tag":[],"class_list":{"0":"post-1921","1":"product","2":"type-product","3":"status-publish","4":"has-post-thumbnail","6":"product_cat-protizavazi-dozerove","8":"first","9":"instock","10":"shipping-taxable","11":"product-type-simple"},"acf":[],"_links":{"self":[{"href":"https:\/\/nekr.cz\/ru\/wp-json\/wp\/v2\/product\/1921","targetHints":{"allow":["GET"]}}],"collection":[{"href":"https:\/\/nekr.cz\/ru\/wp-json\/wp\/v2\/product"}],"about":[{"href":"https:\/\/nekr.cz\/ru\/wp-json\/wp\/v2\/types\/product"}],"replies":[{"embeddable":true,"href":"https:\/\/nekr.cz\/ru\/wp-json\/wp\/v2\/comments?post=1921"}],"wp:featuredmedia":[{"embeddable":true,"href":"https:\/\/nekr.cz\/ru\/wp-json\/wp\/v2\/media\/2261"}],"wp:attachment":[{"href":"https:\/\/nekr.cz\/ru\/wp-json\/wp\/v2\/media?parent=1921"}],"wp:term":[{"taxonomy":"product_brand","embeddable":true,"href":"https:\/\/nekr.cz\/ru\/wp-json\/wp\/v2\/product_brand?post=1921"},{"taxonomy":"product_cat","embeddable":true,"href":"https:\/\/nekr.cz\/ru\/wp-json\/wp\/v2\/product_cat?post=1921"},{"taxonomy":"product_tag","embeddable":true,"href":"https:\/\/nekr.cz\/ru\/wp-json\/wp\/v2\/product_tag?post=1921"}],"curies":[{"name":"wp","href":"https:\/\/api.w.org\/{rel}","templated":true}]}}