{"id":1692,"date":"2024-03-01T11:51:16","date_gmt":"2024-03-01T11:51:16","guid":{"rendered":"https:\/\/nekr.cz\/?post_type=product&#038;p=1692"},"modified":"2024-08-15T10:19:34","modified_gmt":"2024-08-15T10:19:34","slug":"rychloupinace-sw-liebherr","status":"publish","type":"product","link":"https:\/\/nekr.cz\/ru\/product\/rychloupinace-sw-liebherr\/","title":{"rendered":"Rychloup\u00edna\u010d SW (Liebherr)"},"content":{"rendered":"<p>Rychloup\u00edna\u010de typu SW vyr\u00e1b\u00edme mechanick\u00e9 i hydraulick\u00e9 ve velikostech:<\/p>\n<ul>\n<li>SW 33<\/li>\n<li>SW 48<\/li>\n<li>SW 66<\/li>\n<\/ul>\n<p>Nej\u010dast\u011bji se po\u017e\u00edvaj\u00ed na stroj\u00edch zna\u010dky Liebherr.<\/p>\n<p>Horn\u00ed uchycen\u00ed rychloup\u00edna\u010de na bagr m\u016f\u017eeme p\u0159izp\u016fsobit Va\u0161emu stroji, tak\u017ee pokud m\u00e1te lopaty s up\u00edn\u00e1n\u00edm SW a koup\u00edte si r\u00fdpadlo od jin\u00e9ho v\u00fdrobce, m\u016f\u017eeme V\u00e1m vyrobit rychloup\u00edna\u010d, kter\u00fdm upnete Va\u0161e p\u016fvodn\u00ed lopaty.<\/p>","protected":false},"excerpt":{"rendered":"<p>Rychloup\u00edna\u010de typu SW vyr\u00e1b\u00edme mechanick\u00e9 i hydraulick\u00e9 ve velikostech: SW 33 SW 48 SW 66 Nej\u010dast\u011bji se po\u017e\u00edvaj\u00ed na stroj\u00edch zna\u010dky Liebherr. Horn\u00ed uchycen\u00ed rychloup\u00edna\u010de na bagr m\u016f\u017eeme p\u0159izp\u016fsobit Va\u0161emu stroji, tak\u017ee pokud m\u00e1te lopaty s up\u00edn\u00e1n\u00edm SW a koup\u00edte si r\u00fdpadlo od jin\u00e9ho v\u00fdrobce, m\u016f\u017eeme V\u00e1m vyrobit rychloup\u00edna\u010d, kter\u00fdm upnete Va\u0161e p\u016fvodn\u00ed lopaty.<\/p>","protected":false},"featured_media":2081,"comment_status":"closed","ping_status":"closed","template":"","meta":{"_acf_changed":false},"product_brand":[],"product_cat":[22],"product_tag":[],"class_list":{"0":"post-1692","1":"product","2":"type-product","3":"status-publish","4":"has-post-thumbnail","6":"product_cat-rychloupinace","8":"first","9":"instock","10":"shipping-taxable","11":"product-type-simple"},"acf":[],"_links":{"self":[{"href":"https:\/\/nekr.cz\/ru\/wp-json\/wp\/v2\/product\/1692","targetHints":{"allow":["GET"]}}],"collection":[{"href":"https:\/\/nekr.cz\/ru\/wp-json\/wp\/v2\/product"}],"about":[{"href":"https:\/\/nekr.cz\/ru\/wp-json\/wp\/v2\/types\/product"}],"replies":[{"embeddable":true,"href":"https:\/\/nekr.cz\/ru\/wp-json\/wp\/v2\/comments?post=1692"}],"wp:featuredmedia":[{"embeddable":true,"href":"https:\/\/nekr.cz\/ru\/wp-json\/wp\/v2\/media\/2081"}],"wp:attachment":[{"href":"https:\/\/nekr.cz\/ru\/wp-json\/wp\/v2\/media?parent=1692"}],"wp:term":[{"taxonomy":"product_brand","embeddable":true,"href":"https:\/\/nekr.cz\/ru\/wp-json\/wp\/v2\/product_brand?post=1692"},{"taxonomy":"product_cat","embeddable":true,"href":"https:\/\/nekr.cz\/ru\/wp-json\/wp\/v2\/product_cat?post=1692"},{"taxonomy":"product_tag","embeddable":true,"href":"https:\/\/nekr.cz\/ru\/wp-json\/wp\/v2\/product_tag?post=1692"}],"curies":[{"name":"wp","href":"https:\/\/api.w.org\/{rel}","templated":true}]}}