{"id":1691,"date":"2024-03-01T11:50:57","date_gmt":"2024-03-01T11:50:57","guid":{"rendered":"https:\/\/nekr.cz\/?post_type=product&#038;p=1691"},"modified":"2024-08-15T10:18:54","modified_gmt":"2024-08-15T10:18:54","slug":"rychloupinace-cw","status":"publish","type":"product","link":"https:\/\/nekr.cz\/ru\/product\/rychloupinace-cw\/","title":{"rendered":"Rychloup\u00edna\u010d CW (CAT)"},"content":{"rendered":"<p>Rychloup\u00edna\u010de typu CW vyr\u00e1b\u00edme mechanick\u00e9 i hydraulick\u00e9 ve velikostech:<\/p>\n<ul>\n<li>CW 05<\/li>\n<li>CW 10<\/li>\n<li>CW 20\/30\/40<\/li>\n<li>CW 20S\/30S\/40S<\/li>\n<li>CW 45<\/li>\n<li>CW 45S<\/li>\n<li>CW 55<\/li>\n<\/ul>\n<p>Nej\u010dast\u011bji se po\u017e\u00edvaj\u00ed na stroj\u00edch zna\u010dky CAT.<\/p>\n<p>Horn\u00ed uchycen\u00ed rychloup\u00edna\u010de na bagr m\u016f\u017eeme p\u0159izp\u016fsobit Va\u0161emu stroji, tak\u017ee pokud m\u00e1te lopaty s up\u00edn\u00e1n\u00edm CW a koup\u00edte si r\u00fdpadlo od jin\u00e9ho v\u00fdrobce, m\u016f\u017eeme V\u00e1m vyrobit rychloup\u00edna\u010d, kter\u00fdm upnete Va\u0161e p\u016fvodn\u00ed lopaty.<\/p>","protected":false},"excerpt":{"rendered":"<p>Rychloup\u00edna\u010de typu CW vyr\u00e1b\u00edme mechanick\u00e9 i hydraulick\u00e9 ve velikostech: CW 05 CW 10 CW 20\/30\/40 CW 20S\/30S\/40S CW 45 CW 45S CW 55 Nej\u010dast\u011bji se po\u017e\u00edvaj\u00ed na stroj\u00edch zna\u010dky CAT. Horn\u00ed uchycen\u00ed rychloup\u00edna\u010de na bagr m\u016f\u017eeme p\u0159izp\u016fsobit Va\u0161emu stroji, tak\u017ee pokud m\u00e1te lopaty s up\u00edn\u00e1n\u00edm CW a koup\u00edte si r\u00fdpadlo od jin\u00e9ho v\u00fdrobce, m\u016f\u017eeme V\u00e1m [&hellip;]<\/p>","protected":false},"featured_media":2072,"comment_status":"closed","ping_status":"closed","template":"","meta":{"_acf_changed":false},"product_brand":[],"product_cat":[22],"product_tag":[],"class_list":{"0":"post-1691","1":"product","2":"type-product","3":"status-publish","4":"has-post-thumbnail","6":"product_cat-rychloupinace","8":"first","9":"instock","10":"shipping-taxable","11":"product-type-simple"},"acf":[],"_links":{"self":[{"href":"https:\/\/nekr.cz\/ru\/wp-json\/wp\/v2\/product\/1691","targetHints":{"allow":["GET"]}}],"collection":[{"href":"https:\/\/nekr.cz\/ru\/wp-json\/wp\/v2\/product"}],"about":[{"href":"https:\/\/nekr.cz\/ru\/wp-json\/wp\/v2\/types\/product"}],"replies":[{"embeddable":true,"href":"https:\/\/nekr.cz\/ru\/wp-json\/wp\/v2\/comments?post=1691"}],"wp:featuredmedia":[{"embeddable":true,"href":"https:\/\/nekr.cz\/ru\/wp-json\/wp\/v2\/media\/2072"}],"wp:attachment":[{"href":"https:\/\/nekr.cz\/ru\/wp-json\/wp\/v2\/media?parent=1691"}],"wp:term":[{"taxonomy":"product_brand","embeddable":true,"href":"https:\/\/nekr.cz\/ru\/wp-json\/wp\/v2\/product_brand?post=1691"},{"taxonomy":"product_cat","embeddable":true,"href":"https:\/\/nekr.cz\/ru\/wp-json\/wp\/v2\/product_cat?post=1691"},{"taxonomy":"product_tag","embeddable":true,"href":"https:\/\/nekr.cz\/ru\/wp-json\/wp\/v2\/product_tag?post=1691"}],"curies":[{"name":"wp","href":"https:\/\/api.w.org\/{rel}","templated":true}]}}