{"id":357,"date":"2024-01-16T23:05:50","date_gmt":"2024-01-16T23:05:50","guid":{"rendered":"https:\/\/nekr.cz\/?page_id=357"},"modified":"2024-08-05T12:01:52","modified_gmt":"2024-08-05T12:01:52","slug":"opravy-a-renovace","status":"publish","type":"page","link":"https:\/\/nekr.cz\/ru\/\u0440\u0435\u043c\u043e\u043d\u0442-\u0438-\u0440\u0435\u043a\u043e\u043d\u0441\u0442\u0440\u0443\u043a\u0446\u0438\u044f\/","title":{"rendered":"\u0420\u0435\u043c\u043e\u043d\u0442 \u0438 \u0440\u0435\u043a\u043e\u043d\u0441\u0442\u0440\u0443\u043a\u0446\u0438\u044f"},"content":{"rendered":"<section class=\"bde-section-357-109 bde-section\">\n  \n  \n\t\n\n\n\n<div class=\"section-container\"><div class=\"bde-columns-357-110 bde-columns\"><div class=\"bde-column-357-111 bde-column\">\n  \n  \n\t\n\n\n\n<h1 class=\"bde-dual-heading-357-123 bde-dual-heading\">\n\n\n            <span data-style=\"secondary\" class=\"dual-heading--secondary  js-annotate\">\u0420\u0435\u043c\u043e\u043d\u0442 \u0438 \u0440\u0435\u043a\u043e\u043d\u0441\u0442\u0440\u0443\u043a\u0446\u0438\u044f<\/span>\n\n\n\n<\/h1><h2 class=\"bde-heading-357-119 bde-heading\">\n\u0427\u0442\u043e-\u0442\u043e \u0441\u043b\u043e\u043c\u0430\u043b\u043e\u0441\u044c?\n<\/h2><h5 class=\"bde-heading-357-121 bde-heading\">\nNevzdychejte,  r\u00e1di V\u00e1m pom\u016f\u017eeme\n<\/h5><div class=\"bde-div-357-114 bde-div\">\n  \n  \n\t\n\n\n\n<div class=\"bde-button-357-124 bde-button\">\n    \n                                    \n    \n    \n    \n    \n            \n                    \n            \n            \n\n    \n    \n    \n    \n    \n    <a class=\"breakdance-link button-atom button-atom--custom bde-button__button\" href=\"#technik\" target=\"_self\" data-type=\"url\"  >\n\n    \n        <span class=\"button-atom__text\">Servisn\u00ed technik<\/span>\n\n        \n        \n                <\/a>\n\n    \n\n\n<\/div>\n<\/div>\n<\/div><div class=\"bde-column-357-117 bde-column\">\n  \n  \n\t\n\n\n\n<div class=\"bde-image-357-118 bde-image\">\n<figure class=\"breakdance-image breakdance-image--394\">\n\t<div class=\"breakdance-image-container\">\n\t\t<div class=\"breakdance-image-clip\"><img decoding=\"async\" class=\"breakdance-image-object lazyload\" data-src=\"https:\/\/nekr.cz\/wp-content\/uploads\/2024\/01\/wallpaper_produkty2.webp\" width=\"1024\" height=\"1024\" data-srcset=\"https:\/\/nekr.cz\/wp-content\/uploads\/2024\/01\/wallpaper_produkty2.webp 1024w, https:\/\/nekr.cz\/wp-content\/uploads\/2024\/01\/wallpaper_produkty2-300x300.webp 300w, https:\/\/nekr.cz\/wp-content\/uploads\/2024\/01\/wallpaper_produkty2-150x150.webp 150w, https:\/\/nekr.cz\/wp-content\/uploads\/2024\/01\/wallpaper_produkty2-768x768.webp 768w, https:\/\/nekr.cz\/wp-content\/uploads\/2024\/01\/wallpaper_produkty2-12x12.webp 12w\" data-sizes=\"(max-width: 1024px) 100vw, 1024px\" alt=\"\u0414\u0440\u0430\u0433\u0430 1\" src=\"data:image\/gif;base64,R0lGODlhAQABAAAAACH5BAEKAAEALAAAAAABAAEAAAICTAEAOw==\" style=\"--smush-placeholder-width: 1024px; --smush-placeholder-aspect-ratio: 1024\/1024;\"><\/div>\n\t<\/div><\/figure>\n\n<\/div>\n<\/div><\/div><\/div>\n<\/section><section class=\"bde-section-357-125 bde-section\">\n  \n  \n\t\n\n\n\n<div class=\"section-container\"><div class=\"bde-columns-357-126 bde-columns\"><div class=\"bde-column-357-127 bde-column\">\n  \n  \n\t\n\n\n\n\n<\/div><div class=\"bde-column-357-128 bde-column\">\n  \n  \n\t\n\n\n\n<h2 class=\"bde-heading-357-129 bde-heading\">\n\u041a\u0430\u0447\u0435\u0441\u0442\u0432\u0435\u043d\u043d\u0430\u044f \u043a\u043e\u043c\u043f\u0430\u043d\u0438\u044f, \u043a\u0430\u0447\u0435\u0441\u0442\u0432\u0435\u043d\u043d\u044b\u0439 \u043e\u043f\u044b\u0442\n<\/h2><div class=\"bde-text-357-130 bde-text\">\n\u0414\u043b\u044f \u0440\u0435\u043c\u043e\u043d\u0442\u0430 \u0441\u0442\u0440\u043e\u0438\u0442\u0435\u043b\u044c\u043d\u044b\u0445 \u0441\u0442\u0435\u043d\u0434\u043e\u0432 \u043c\u044b \u0440\u0430\u0437\u0440\u0430\u0431\u043e\u0442\u0430\u043b\u0438 \u0442\u0435\u0445\u043d\u043e\u043b\u043e\u0433\u0438\u0447\u0435\u0441\u043a\u0443\u044e \u0431\u0430\u0437\u0443, \u043a\u043e\u0442\u043e\u0440\u0430\u044f \u043f\u043e\u0437\u0432\u043e\u043b\u044f\u0435\u0442 \u043d\u0430\u043c \u0432\u044b\u043f\u043e\u043b\u043d\u044f\u0442\u044c \u0438\u0445 \u0441 \u043d\u0430\u0434\u043b\u0435\u0436\u0430\u0449\u0438\u043c \u043a\u0430\u0447\u0435\u0441\u0442\u0432\u043e\u043c.\n<\/div><div class=\"bde-icon-box-357-131 bde-icon-box\">\n\n    \n            <div class=\"ee-iconbox-icon breakdance-icon-atom\" >\n    \n                    <svg xmlns=\"http:\/\/www.w3.org\/2000\/svg\" width=\"24\" height=\"24\" viewbox=\"0 0 24 24\" fill-rule=\"evenodd\" clip-rule=\"evenodd\"><path d=\"M24 23h-24v-12h4v-10h11.328l4.672 5.031v4.969h4v12zm-20-11h-3v10h22v-10h-3v5h-16v-5zm10-10h-9v14h14v-9h-5v-5zm2 12h-8v-1h8v1zm0-2h-8v-1h8v1zm0-2h-8v-1h8v1zm-1-7.751v3.751h3.573l-3.573-3.751z\"\/><\/svg>\n        \n        \n        \n            <\/div>\n    \n\n<div class=\"ee-iconbox-content\">\n      <p class=\"ee-iconbox-title bde-h3\" >\u0420\u0435\u043c\u043e\u043d\u0442 \u043b\u043e\u043f\u0430\u0442 \u0438 \u0431\u044b\u0441\u0442\u0440\u043e\u0440\u0430\u0437\u044a\u0435\u043c\u043d\u044b\u0445 \u0441\u043e\u0435\u0434\u0438\u043d\u0435\u043d\u0438\u0439<\/p>\n        <div class=\"ee-iconbox-text\" >\u041c\u044b \u0440\u0435\u043c\u043e\u043d\u0442\u0438\u0440\u0443\u0435\u043c \u0432\u0441\u0435 \u0434\u0435\u0442\u0430\u043b\u0438 \u0438\u0437\u043d\u043e\u0448\u0435\u043d\u043d\u044b\u0445 \u043b\u043e\u043f\u0430\u0442, \u043f\u043e\u0432\u0440\u0435\u0436\u0434\u0435\u043d\u043d\u044b\u0435 \u0432 \u043f\u0440\u043e\u0446\u0435\u0441\u0441\u0435 \u044d\u043a\u0441\u043f\u043b\u0443\u0430\u0442\u0430\u0446\u0438\u0438.<\/div>\n    <\/div>\n\n<\/div><div class=\"bde-icon-box-357-132 bde-icon-box\">\n\n    \n            <div class=\"ee-iconbox-icon breakdance-icon-atom\" >\n    \n                    <svg xmlns=\"http:\/\/www.w3.org\/2000\/svg\" width=\"24\" height=\"24\" viewbox=\"0 0 24 24\" fill-rule=\"evenodd\" clip-rule=\"evenodd\"><path d=\"M9.842 10.163c-.228.505-.789.858-1.365.858-.34 0-.648-.127-.883-.36-.234.233-.543.36-.883.36-.577 0-1.138-.353-1.365-.858-.247-.548.583-.924.831-.374.07.155.297.321.524.321.464 0 .438-.651.438-1.065-.428-.184-.73-.601-.73-.971 0-.491.532-.71 1.185-.71.654 0 1.185.219 1.185.71 0 .37-.301.787-.729.971 0 .431-.026 1.067.433 1.067.225 0 .459-.17.528-.323.248-.55 1.079-.175.831.374zm.254-3.701c-.331 0-.601-.27-.601-.601 0-.332.27-.601.601-.601.331 0 .601.269.601.601 0 .331-.27.601-.601.601zm0-2.104c-.829 0-1.501.673-1.501 1.503 0 .829.672 1.503 1.501 1.503.829 0 1.501-.674 1.501-1.503 0-.83-.672-1.503-1.501-1.503zm-5.004 2.104c-.331 0-.601-.27-.601-.601 0-.332.27-.601.601-.601.332 0 .601.269.601.601 0 .331-.269.601-.601.601zm1.501-.601c0-.83-.672-1.503-1.501-1.503-.829 0-1.501.673-1.501 1.503 0 .829.672 1.503 1.501 1.503.829 0 1.501-.674 1.501-1.503zm11.12 17.136c-1.254.007-4.557.004-4.896.004-1.704-.006-1.65-1.981-.222-1.978l2.605.005-.585-.8c-1.085-1.48-.86-4.456.95-5.815.529-.397-.069-1.197-.601-.802-2.002 1.505-2.423 4.451-1.602 6.411l-.757-.001c-.743-.011-1.432.329-1.795.941-.361.608-.367 1.37-.016 1.987l.039.051-2.653-.002c1.344-1.7.996-4.971.911-5.62-.088-.667-1.078-.521-.992.131.214 1.627.145 3.897-.755 4.939-.254.295-.564.475-.938.549h-2.053c-1.316 0-1.181-1.875.002-1.875.529.008.236.008 1.341-.004.595-2.113.371-3.143-.431-5.262-.613-1.619-.835-2.344-.623-3.95l-.312-.162c-1.925-.998-2.329-2.844-2.329-4.217 0-1.899.753-3.881 2.298-6.045.932.857 1.28 1.291 2.087 2.296.161-.041 1.125-.374 2.642 0 .615-.812.997-1.345 2.068-2.301 3.144 4.454 2.184 7.272 2.065 7.803 3.715 1.449 5.052 2.779 7.033 4.581-.883-3.458-1.504-5.231 1.006-7.94.401-.433 1.079.177.663.626-1.672 1.804-1.627 3.277-1.328 4.6.674 2.984 1.46 4.504 1.46 6.747 0 4.936-3.843 5.1-4.282 5.103zm3.798-12.071c-.283-1.255-.2-2.311 1.086-3.697.408-.44.514-1.019.284-1.546-.403-.925-1.695-1.216-2.413-.444-1.882 2.029-2.257 3.774-1.953 5.827-1.254-.957-2.68-1.775-4.197-2.405.355-2.215-.339-5.027-3.064-8.656-1.215 1.063-1.726 1.484-2.635 2.657-.555-.084-1.301-.085-1.846.001-.932-1.148-1.363-1.533-2.619-2.663-1.843 2.443-3.154 4.762-3.154 7.527 0 2.204.909 3.944 2.569 4.939-.108 1.451.332 2.617.76 3.746.468 1.235.911 2.406.594 3.913l-.584-.005c-1.247 0-1.919 1.016-1.919 1.972 0 .259.139 1.888 1.922 1.905 0 0 12.701.006 13.377.002 1.96-.012 5.277-1.31 5.277-6.105 0-2.432-.803-3.96-1.485-6.968z\"\/><\/svg>\n        \n        \n        \n            <\/div>\n    \n\n<div class=\"ee-iconbox-content\">\n      <p class=\"ee-iconbox-title bde-h3\" >\u0420\u0435\u043c\u043e\u043d\u0442 \u0433\u0438\u0434\u0440\u0430\u0432\u043b\u0438\u0447\u0435\u0441\u043a\u0438\u0445 \u0446\u0438\u043b\u0438\u043d\u0434\u0440\u043e\u0432<\/p>\n        <div class=\"ee-iconbox-text\" >\u0417\u0430 \u0432\u0440\u0435\u043c\u044f \u0440\u0430\u0431\u043e\u0442\u044b \u043c\u044b \u043e\u0442\u0440\u0435\u043c\u043e\u043d\u0442\u0438\u0440\u043e\u0432\u0430\u043b\u0438 \u043d\u0435\u0441\u043a\u043e\u043b\u044c\u043a\u043e \u0442\u044b\u0441\u044f\u0447 \u0433\u0438\u0434\u0440\u043e\u0446\u0438\u043b\u0438\u043d\u0434\u0440\u043e\u0432 \u0440\u0430\u0437\u043b\u0438\u0447\u043d\u044b\u0445 \u043f\u0440\u043e\u0438\u0437\u0432\u043e\u0434\u0438\u0442\u0435\u043b\u0435\u0439.<\/div>\n    <\/div>\n\n<\/div><div class=\"bde-icon-box-357-133 bde-icon-box\">\n\n    \n            <div class=\"ee-iconbox-icon breakdance-icon-atom\" >\n    \n                    <svg xmlns=\"http:\/\/www.w3.org\/2000\/svg\" width=\"24\" height=\"24\" viewbox=\"0 0 24 24\" fill-rule=\"evenodd\" clip-rule=\"evenodd\"><path d=\"M20 13.445c-.541.201-1.987.555-5.472.555-3.507 0-4.974-.358-5.528-.563v-6.437h11v6.445zm.5-7.445h-12c-.276 0-.5.224-.5.5v7.5s.625 1 6.528 1 6.472-1 6.472-1v-7.5c0-.276-.224-.5-.5-.5zm-3.5 11.5c0 .276-.224.5-.5.5h-4c-.276 0-.5-.224-.5-.5 0-.277.224-.5.5-.5h4c.276 0 .5.223.5.5zm2.5.5c-.275 0-.5-.225-.5-.5 0-.276.225-.5.5-.5s.5.224.5.5c0 .275-.225.5-.5.5zm0-2c-.828 0-1.5.672-1.5 1.5s.672 1.5 1.5 1.5 1.5-.672 1.5-1.5-.672-1.5-1.5-1.5zm-10 2c-.276 0-.5-.225-.5-.5 0-.276.224-.5.5-.5s.5.224.5.5c0 .275-.224.5-.5.5zm0-2c-.828 0-1.5.672-1.5 1.5s.672 1.5 1.5 1.5 1.5-.672 1.5-1.5-.672-1.5-1.5-1.5zm13.5-4h-1v7c0 .621-.52 1-1 1h-13c-.617 0-1-.516-1-1v-7h-1v-3h1v-3c0-1.103.897-2 2-2h11c1.103 0 2 .897 2 2v3h1v3zm-3 10h-1v-1h1v1zm-10 0h-1v-1h1v1zm13-14v-2c0-1.657-1.343-3-3-3h-11c-1.657 0-3 1.343-3 3v2c-.552 0-1 .448-1 1v3c0 .551.448 1 1 1v6c0 1.239 1.037 2 2 2v1c0 .551.448 1 1 1h1c.552 0 1-.449 1-1v-1h7v1c0 .551.448 1 1 1h1c.552 0 1-.449 1-1v-1c.958 0 2-.758 2-2v-6c.552 0 1-.449 1-1v-3c0-.552-.448-1-1-1zm-22-6h3v4h-3v-4zm3 5c.552 0 1-.449 1-1v-4c0-.552-.448-1-1-1h-3c-.552 0-1 .448-1 1v4c0 .551.448 1 1 1h1v15h-2v1h5v-1h-2v-15h1z\"\/><\/svg>\n        \n        \n        \n            <\/div>\n    \n\n<div class=\"ee-iconbox-content\">\n      <p class=\"ee-iconbox-title bde-h3\" >\u0420\u0435\u043c\u043e\u043d\u0442 \u0441\u0442\u0440\u0435\u043b \u0441\u0442\u0440\u043e\u0438\u0442\u0435\u043b\u044c\u043d\u044b\u0445 \u043c\u0430\u0448\u0438\u043d<\/p>\n        <div class=\"ee-iconbox-text\" >\u042d\u043a\u0441\u043f\u043b\u0443\u0430\u0442\u0430\u0446\u0438\u043e\u043d\u043d\u044b\u0435 \u043d\u0430\u0433\u0440\u0443\u0437\u043a\u0438 \u0447\u0430\u0441\u0442\u043e \u043f\u043e\u0432\u0440\u0435\u0436\u0434\u0430\u044e\u0442 \u0441\u0442\u0440\u0435\u043b\u0443 \u044d\u043a\u0441\u043a\u0430\u0432\u0430\u0442\u043e\u0440\u0430. \u0420\u0435\u043c\u043e\u043d\u0442 \u043e\u0441\u0443\u0449\u0435\u0441\u0442\u0432\u043b\u044f\u0435\u0442\u0441\u044f \u043b\u0438\u0431\u043e \u043f\u0443\u0442\u0435\u043c \u0437\u0430\u043c\u0435\u043d\u044b \u0432\u0441\u0435\u0439 \u0434\u0435\u0442\u0430\u043b\u0438, \u043b\u0438\u0431\u043e \u043f\u043e\u0432\u0440\u0435\u0436\u0434\u0435\u043d\u043d\u043e\u0433\u043e \u0443\u0447\u0430\u0441\u0442\u043a\u0430.<\/div>\n    <\/div>\n\n<\/div><div class=\"bde-icon-box-357-134 bde-icon-box\">\n\n    \n            <div class=\"ee-iconbox-icon breakdance-icon-atom\" >\n    \n                    <svg xmlns=\"http:\/\/www.w3.org\/2000\/svg\" width=\"24\" height=\"24\" viewbox=\"0 0 24 24\" fill-rule=\"evenodd\" clip-rule=\"evenodd\"><path d=\"M12 2h2v2h2v3.702l7 2.618v12.68h1v1h-24v-1h1v-11h6v-8h2v-2h2v-2h1v2zm3 3h-7v18h1v-2h5v2h1v-18zm-2 17h-3v1h3v-1zm8 1h1v-11.987l-6-2.243v14.23h1v-2h4v2zm-14-10h-5v10h1v-2h3v2h1v-10zm-2 9h-1v1h1v-1zm15 0h-2v1h2v-1zm-16-5v2h-1v-2h1zm2 0v2h-1v-2h1zm5-10v12h-1v-12h1zm10 11v1h-4v-1h4zm-8-11v12h-1v-12h1zm8 9v1h-4v-1h4zm-17-2v2h-1v-2h1zm2 0v2h-1v-2h1zm15 0v1h-4v-1h4zm0-2v1h-4v-1h4zm-8-9h-3v1h3v-1z\"\/><\/svg>\n        \n        \n        \n            <\/div>\n    \n\n<div class=\"ee-iconbox-content\">\n      <p class=\"ee-iconbox-title bde-h3\" >\u0420\u0435\u043c\u043e\u043d\u0442 \u0441\u0442\u0440\u043e\u0438\u0442\u0435\u043b\u044c\u043d\u043e\u0439 \u0442\u0435\u0445\u043d\u0438\u043a\u0438<\/p>\n        <div class=\"ee-iconbox-text\" >\u0414\u043b\u044f \u0440\u0435\u043c\u043e\u043d\u0442\u0430 \u0441\u0442\u0440\u043e\u0438\u0442\u0435\u043b\u044c\u043d\u044b\u0445 \u0441\u0442\u0435\u043d\u0434\u043e\u0432 \u043c\u044b \u0440\u0430\u0437\u0440\u0430\u0431\u043e\u0442\u0430\u043b\u0438 \u0442\u0435\u0445\u043d\u043e\u043b\u043e\u0433\u0438\u0447\u0435\u0441\u043a\u0443\u044e \u0431\u0430\u0437\u0443, \u043a\u043e\u0442\u043e\u0440\u0430\u044f \u043f\u043e\u0437\u0432\u043e\u043b\u044f\u0435\u0442 \u043d\u0430\u043c \u0432\u044b\u043f\u043e\u043b\u043d\u044f\u0442\u044c \u0438\u0445 \u0441 \u043d\u0430\u0434\u043b\u0435\u0436\u0430\u0449\u0438\u043c \u043a\u0430\u0447\u0435\u0441\u0442\u0432\u043e\u043c. \u041c\u044b \u043e\u0441\u0443\u0449\u0435\u0441\u0442\u0432\u043b\u044f\u0435\u043c \u0440\u0435\u043c\u043e\u043d\u0442 \u0445\u043e\u0434\u043e\u0432\u043e\u0439 \u0447\u0430\u0441\u0442\u0438, \u0437\u0430\u043c\u0435\u043d\u0443 \u0448\u0430\u0440\u043d\u0438\u0440\u043e\u0432 \u0438 \u0442.\u0434. <\/div>\n    <\/div>\n\n<\/div>\n<\/div><\/div><\/div>\n<\/section><section class=\"bde-section-357-149 bde-section\">\n  \n  \n\t\n\n\n\n<div class=\"section-container\"><h1 class=\"bde-heading-357-153 bde-heading\">\n\u041d\u0435 \u043c\u043e\u0436\u0435\u0442\u0435 \u0434\u043e \u043d\u0430\u0441 \u0434\u043e\u0437\u0432\u043e\u043d\u0438\u0442\u044c\u0441\u044f?\n<\/h1><h4 class=\"bde-heading-357-154 bde-heading\">\n\u041f\u043e\u0436\u0430\u043b\u0443\u0439\u0441\u0442\u0430, \u043e\u0441\u0442\u0430\u0432\u044c\u0442\u0435 \u043d\u0430\u043c \u0441\u043e\u043e\u0431\u0449\u0435\u043d\u0438\u0435, \u0438 \u043c\u044b \u0441\u0432\u044f\u0436\u0435\u043c\u0441\u044f \u0441 \u0432\u0430\u043c\u0438 \u043a\u0430\u043a \u043c\u043e\u0436\u043d\u043e \u0441\u043a\u043e\u0440\u0435\u0435. \u041c\u044b \u043e\u0431\u0435\u0449\u0430\u0435\u043c!\n<\/h4><div class=\"bde-columns-357-155 bde-columns\"><div class=\"bde-column-357-156 bde-column\">\n  \n  \n\t\n\n\n\n<div class=\"bde-form-builder-357-150 bde-form-builder\">\n\n\n<form id=\"contact-form150\" class=\"breakdance-form breakdance-form--vertical\" data-options=\"{&quot;slug&quot;:&quot;custom&quot;,&quot;name&quot;:&quot;Contact Form&quot;,&quot;ajaxUrl&quot;:&quot;https:\\\/\\\/nekr.cz\\\/wp-admin\\\/admin-ajax.php&quot;,&quot;clearOnSuccess&quot;:true,&quot;hideOnSuccess&quot;:false,&quot;successMessage&quot;:&quot;Va\\u0161e zpr\\u00e1va byla p\\u0159ijata&quot;,&quot;errorMessage&quot;:&quot;Jejda, n\\u011bco se pokazilo&quot;,&quot;redirect&quot;:false,&quot;redirectUrl&quot;:&quot;&quot;,&quot;customJavaScript&quot;:&quot;&quot;,&quot;recaptcha&quot;:{&quot;key&quot;:&quot;&quot;,&quot;enabled&quot;:false},&quot;honeypot_enabled&quot;:false,&quot;popupsOnSuccess&quot;:[],&quot;popupsOnError&quot;:[]}\" data-steps=\"0\" action=\"\" >\n  \n  \n  \n<div class=\"breakdance-form-field breakdance-form-field--text\" >\n    \n    \n            <label class=\"breakdance-form-field__label\" for=\"firstname\">\n            \u0418\u043c\u044f<span class=\"breakdance-form-field__required\">*<\/span>\n        <\/label>\n    \n    <input\n    class=\"breakdance-form-field__input\"\n    id=\"firstname\"\n    aria-describedby=\"firstname\"\n    type=\"text\"\n    name=\"fields[firstname]\"\n    placeholder=\"\u041c\u0438\u0440\u043e\u0441\u043b\u0430\u0432\"\n    value=\"\"\n                \n        \n        \n    required\n>\n\n\n    \n    \n<\/div>\n\n\n<div class=\"breakdance-form-field breakdance-form-field--text\" >\n    \n    \n            <label class=\"breakdance-form-field__label\" for=\"lastname\">\n            \u0424\u0430\u043c\u0438\u043b\u0438\u044f\n        <\/label>\n    \n    <input\n    class=\"breakdance-form-field__input\"\n    id=\"lastname\"\n    aria-describedby=\"lastname\"\n    type=\"text\"\n    name=\"fields[lastname]\"\n    placeholder=\"Nov\u00e1k\"\n    value=\"\"\n                \n        \n        \n    \n    \n    \n>\n\n\n    \n    \n<\/div>\n\n\n<div class=\"breakdance-form-field breakdance-form-field--tel\" >\n    \n    \n            <label class=\"breakdance-form-field__label\" for=\"phone\">\n            \u041d\u043e\u043c\u0435\u0440 \u0442\u0435\u043b\u0435\u0444\u043e\u043d\u0430\n        <\/label>\n    \n    <input\n    class=\"breakdance-form-field__input\"\n    id=\"phone\"\n    aria-describedby=\"phone\"\n    type=\"tel\"\n    name=\"fields[phone]\"\n    placeholder=\"+420 777 727 811\"\n    value=\"\"\n                \n        \n        \n    \n    \n    \n>\n\n\n    \n    \n<\/div>\n\n\n<div class=\"breakdance-form-field breakdance-form-field--email\" >\n    \n    \n            <label class=\"breakdance-form-field__label\" for=\"email\">\n            \u042d\u043b\u0435\u043a\u0442\u0440\u043e\u043d\u043d\u0430\u044f \u043f\u043e\u0447\u0442\u0430<span class=\"breakdance-form-field__required\">*<\/span>\n        <\/label>\n    \n    <input\n    class=\"breakdance-form-field__input\"\n    id=\"email\"\n    aria-describedby=\"email\"\n    type=\"email\"\n    name=\"fields[email]\"\n    placeholder=\"podpora@nekr.cz\"\n    value=\"\"\n                \n        \n        \n    required\n>\n\n\n    \n    \n<\/div>\n\n\n<div class=\"breakdance-form-field breakdance-form-field--text\" >\n    \n    \n            <label class=\"breakdance-form-field__label\" for=\"services\">\n            \u0427\u0435\u043c \u043c\u044b \u043c\u043e\u0436\u0435\u043c \u0432\u0430\u043c \u043f\u043e\u043c\u043e\u0447\u044c?\n        <\/label>\n    \n    <input\n    class=\"breakdance-form-field__input\"\n    id=\"services\"\n    aria-describedby=\"services\"\n    type=\"text\"\n    name=\"fields[services]\"\n    placeholder=\"\u0417\u0434\u0440\u0430\u0432\u0441\u0442\u0432\u0443\u0439\u0442\u0435...\"\n    value=\"\"\n                \n        \n        \n    \n    \n    \n>\n\n\n    \n    \n<\/div>\n\n\n<div class=\"breakdance-form-field breakdance-form-field--file\" >\n    \n    \n            <label class=\"breakdance-form-field__label\" for=\"file\">\n            \u0417\u0430\u0433\u0440\u0443\u0437\u0438\u0442\u044c \u0438\u0437\u043e\u0431\u0440\u0430\u0436\u0435\u043d\u0438\u0435\n        <\/label>\n    \n    <label for=\"file\" class=\"breakdance-form-file-upload breakdance-form-file-upload--draggable\">\n\n            <span class=\"breakdance-form-dropzone\" tabindex=\"0\">\n            <svg class=\"breakdance-form-dropzone__icon\" width=\"48\" stroke=\"currentColor\" fill=\"none\" viewbox=\"0 0 48 48\" aria-hidden=\"true\">\n                <path d=\"M28 8H12a4 4 0 00-4 4v20m32-12v8m0 0v8a4 4 0 01-4 4H12a4 4 0 01-4-4v-4m32-4l-3.172-3.172a4 4 0 00-5.656 0L28 28M8 32l9.172-9.172a4 4 0 015.656 0L28 28m0 0l4 4m4-24h8m-4-4v8m-12 4h.02\" stroke-width=\"2\" stroke-linecap=\"round\" stroke-linejoin=\"round\"><\/path>\n            <\/svg>\n\n            <span class=\"breakdance-form-dropzone__title\">\n                <span>\u0417\u0430\u0433\u0440\u0443\u0437\u0438\u0442\u044c \u0444\u0430\u0439\u043b<\/span> \u0438\u043b\u0438 \u043f\u0435\u0440\u0435\u0442\u0430\u0441\u043a\u0438\u0432\u0430\u043d\u0438\u0435\u043c.\n            <\/span>\n            <span class=\"breakdance-form-dropzone__accepts\">\n                              jpg, jpeg, jpe, png, gif\n                            up to 10MB\n            <\/span>\n        <\/span>\n    \n    <input\n        id=\"file\"\n        name=\"fields[file][]\"\n        type=\"file\"\n        class=\"breakdance-form-file-upload__input\"\n        accept=\"image\/jpeg,image\/png,image\/gif\"\n        \n        \n                data-max-files=\"\"\n        data-i18n-empty-text=\"No file chosen\"\n        data-i18n-filled-text=\"%n files\"\n        data-i18n-error-text=\"Only %n file(s) allowed.\"\n    >\n<\/label>\n\n    <ul class=\"breakdance-form-files-list\"><\/ul>\n\n\n    \n    \n<\/div>\n\n\n  \n\n<div class=\"breakdance-form-field breakdance-form-footer\">\n    \n    \n                                    \n    \n    \n    \n    \n            \n            <button type=\"submit\" class=\"button-atom button-atom--primary breakdance-form-button breakdance-form-button__submit\"  >\n    \n        <span class=\"button-atom__text\">\u041e\u0442\u043f\u0440\u0430\u0432\u0438\u0442\u044c \u0437\u0430\u043f\u0440\u043e\u0441<\/span>\n\n        \n        \n            <\/button>\n    \n    <input type=\"hidden\" name=\"form_id\" value=\"150\">\n    <input type=\"hidden\" name=\"post_id\" value=\"357\">\n<\/div>\n\n  \n<input type=\"hidden\" name=\"trp-form-language\" value=\"ru\"\/><\/form>\n\n\n\n<\/div>\n<\/div><div class=\"bde-column-357-159 bde-column\">\n  \n  \n\t\n\n\n\n\n<\/div><\/div><\/div>\n<\/section>","protected":false},"excerpt":{"rendered":"<p>Opravy a renovace N\u011bco se rozbilo? Nevzdychejte, r\u00e1di V\u00e1m pom\u016f\u017eeme Servisn\u00ed technik Kvalitn\u00ed firma, kvalitn\u00ed z\u00e1zem\u00ed Pro opravy stavebn\u00edch stoj\u016f m\u00e1me vytvo\u0159en\u00e9 technologick\u00e9 z\u00e1zem\u00ed, kter\u00e9 je umo\u017e\u0148uje prov\u00e1d\u011bt v odpov\u00eddaj\u00edc\u00ed kvalit\u011b. Opravy lopat a rychloup\u00edna\u010d\u016f Na opot\u0159ebovan\u00fdch lopat\u00e1ch prov\u00e1d\u00edme opravy v\u0161ech \u010d\u00e1st\u00ed, kter\u00e9 jsou po\u0161kozen\u00e9 provozem. Opravy hydraulick\u00fdch v\u00e1lc\u016f Za dobu sv\u00e9ho p\u016fsoben\u00ed jsme opravili [&hellip;]<\/p>","protected":false},"author":1,"featured_media":0,"parent":0,"menu_order":0,"comment_status":"closed","ping_status":"closed","template":"","meta":{"_acf_changed":false,"_breakdance_hide_in_design_set":false,"_breakdance_tags":"","footnotes":""},"class_list":["post-357","page","type-page","status-publish","hentry"],"acf":[],"_links":{"self":[{"href":"https:\/\/nekr.cz\/ru\/wp-json\/wp\/v2\/pages\/357","targetHints":{"allow":["GET"]}}],"collection":[{"href":"https:\/\/nekr.cz\/ru\/wp-json\/wp\/v2\/pages"}],"about":[{"href":"https:\/\/nekr.cz\/ru\/wp-json\/wp\/v2\/types\/page"}],"author":[{"embeddable":true,"href":"https:\/\/nekr.cz\/ru\/wp-json\/wp\/v2\/users\/1"}],"replies":[{"embeddable":true,"href":"https:\/\/nekr.cz\/ru\/wp-json\/wp\/v2\/comments?post=357"}],"version-history":[{"count":24,"href":"https:\/\/nekr.cz\/ru\/wp-json\/wp\/v2\/pages\/357\/revisions"}],"predecessor-version":[{"id":1410,"href":"https:\/\/nekr.cz\/ru\/wp-json\/wp\/v2\/pages\/357\/revisions\/1410"}],"wp:attachment":[{"href":"https:\/\/nekr.cz\/ru\/wp-json\/wp\/v2\/media?parent=357"}],"curies":[{"name":"wp","href":"https:\/\/api.w.org\/{rel}","templated":true}]}}