{"id":2390,"date":"2024-08-01T17:13:46","date_gmt":"2024-08-01T17:13:46","guid":{"rendered":"https:\/\/nekr.cz\/?page_id=2390"},"modified":"2024-08-27T19:57:56","modified_gmt":"2024-08-27T19:57:56","slug":"produktova-stranka","status":"publish","type":"page","link":"https:\/\/nekr.cz\/ru\/produkty\/\u043a\u043b\u0438\u0435\u043d\u0442-\u043f\u0440\u043e\u0434\u0443\u043a\u0442\u0430\/","title":{"rendered":"\u041f\u043e\u043a\u0443\u043f\u0430\u0442\u0435\u043b\u044c \u043f\u0440\u043e\u0434\u0443\u043a\u0446\u0438\u0438"},"content":{"rendered":"<section class=\"bde-section-2390-100 bde-section\">\n  \n  \n\t\n\n\n\n<div class=\"section-container\"><div class=\"bde-columns-2390-101 bde-columns\"><div class=\"bde-column-2390-102 bde-column\">\n  \n  \n\t\n\n\n\n<div class=\"bde-woo-widget-2390-103 bde-woo-widget\">\n<div class='breakdance-woocommerce'>\n    <div class=\"widget woocommerce widget_product_categories\"><h2 class=\"widgettitle\">\u041a\u0430\u0442\u0435\u0433\u043e\u0440\u0438\u0438 \u0442\u043e\u0432\u0430\u0440\u043e\u0432<\/h2><select  name='product_cat' id='product_cat' class='dropdown_product_cat'>\n\t<option value='' selected='selected' data-no-translation=\"\" data-trp-gettext=\"\">\u0412\u044b\u0431\u0440\u0430\u0442\u044c \u043a\u0430\u0442\u0435\u0433\u043e\u0440\u0438\u044e<\/option>\n\t<option class=\"level-0\" value=\"brity-nahradni-dily-servis\">\u041b\u0435\u0437\u0432\u0438\u044f \u0434\u043b\u044f \u0431\u0440\u0438\u0442\u0432\u044b<\/option>\n\t<option class=\"level-0\" value=\"nahradni-dily\">\u0417\u0430\u043f\u0430\u0441\u043d\u044b\u0435 \u0447\u0430\u0441\u0442\u0438<\/option>\n\t<option class=\"level-1\" value=\"brity-nahradni-dily-2\">&nbsp;&nbsp;&nbsp;\u041b\u0435\u0437\u0432\u0438\u044f \u0434\u043b\u044f \u0431\u0440\u0438\u0442\u0432\u044b<\/option>\n\t<option class=\"level-1\" value=\"cepy-a-pouzdra\">&nbsp;&nbsp;&nbsp;\u0428\u0442\u0438\u0444\u0442\u044b \u0438 \u0432\u0442\u0443\u043b\u043a\u0438<\/option>\n\t<option class=\"level-1\" value=\"cerpadla-hydraulicka-a-palivova\">&nbsp;&nbsp;&nbsp;\u0413\u0438\u0434\u0440\u0430\u0432\u043b\u0438\u0447\u0435\u0441\u043a\u0438\u0435 \u0438 \u0442\u043e\u043f\u043b\u0438\u0432\u043d\u044b\u0435 \u043d\u0430\u0441\u043e\u0441\u044b<\/option>\n\t<option class=\"level-1\" value=\"chladice-vodni-pumpy\">&nbsp;&nbsp;&nbsp;\u041e\u0445\u043b\u0430\u0434\u0438\u0442\u0435\u043b\u0438, \u0432\u043e\u0434\u044f\u043d\u044b\u0435 \u043d\u0430\u0441\u043e\u0441\u044b<\/option>\n\t<option class=\"level-1\" value=\"drtici-desky-do-drticu\">&nbsp;&nbsp;&nbsp;\u0414\u0440\u043e\u0431\u0438\u043b\u044c\u043d\u044b\u0435 \u043f\u043b\u0438\u0442\u044b \u0434\u043b\u044f \u0434\u0440\u043e\u0431\u0438\u043b\u043e\u043a<\/option>\n\t<option class=\"level-1\" value=\"filtry-oleje-maziva\">&nbsp;&nbsp;&nbsp;\u0424\u0438\u043b\u044c\u0442\u0440\u044b, \u043c\u0430\u0441\u043b\u0430 \u0438 \u0441\u043c\u0430\u0437\u043e\u0447\u043d\u044b\u0435 \u043c\u0430\u0442\u0435\u0440\u0438\u0430\u043b\u044b<\/option>\n\t<option class=\"level-1\" value=\"kabinova-okna\">&nbsp;&nbsp;&nbsp;\u041e\u043a\u043d\u0430 \u043a\u0430\u0431\u0438\u043d\u044b<\/option>\n\t<option class=\"level-1\" value=\"koncove-prevody-a-jejich-casti\">&nbsp;&nbsp;&nbsp;\u0422\u043e\u0440\u0446\u0435\u0432\u044b\u0435 \u0448\u0435\u0441\u0442\u0435\u0440\u043d\u0438 \u0438 \u0438\u0445 \u0447\u0430\u0441\u0442\u0438<\/option>\n\t<option class=\"level-1\" value=\"motory-a-motorove-dily\">&nbsp;&nbsp;&nbsp;\u0414\u0432\u0438\u0433\u0430\u0442\u0435\u043b\u0438 \u0438 \u0434\u0435\u0442\u0430\u043b\u0438 \u0434\u0432\u0438\u0433\u0430\u0442\u0435\u043b\u0435\u0439<\/option>\n\t<option class=\"level-1\" value=\"ochranne-prvky-na-lopaty-nahradni-dily-2\">&nbsp;&nbsp;&nbsp;\u0417\u0430\u0449\u0438\u0442\u043d\u044b\u0435 \u044d\u043b\u0435\u043c\u0435\u043d\u0442\u044b \u0434\u043b\u044f \u043b\u043e\u043f\u0430\u0442<\/option>\n\t<option class=\"level-1\" value=\"oskrty-pro-bouraci-kladiva\">&nbsp;&nbsp;&nbsp;\u0412\u044b\u0440\u0435\u0437\u044b \u0434\u043b\u044f \u043e\u0442\u0431\u043e\u0439\u043d\u044b\u0445 \u043c\u043e\u043b\u043e\u0442\u043a\u043e\u0432<\/option>\n\t<option class=\"level-1\" value=\"pasy-gumove-a-ocelove\">&nbsp;&nbsp;&nbsp;\u0420\u0435\u0437\u0438\u043d\u043e\u0432\u044b\u0435 \u0438 \u0441\u0442\u0430\u043b\u044c\u043d\u044b\u0435 \u0440\u0435\u043c\u043d\u0438<\/option>\n\t<option class=\"level-1\" value=\"podvozkove-dily\">&nbsp;&nbsp;&nbsp;\u0414\u0435\u0442\u0430\u043b\u0438 \u0448\u0430\u0441\u0441\u0438<\/option>\n\t<option class=\"level-1\" value=\"rozvadece\">&nbsp;&nbsp;&nbsp;\u041a\u043e\u043c\u043c\u0443\u0442\u0430\u0442\u043e\u0440\u044b<\/option>\n\t<option class=\"level-1\" value=\"zuby-nahradni-dily-2\">&nbsp;&nbsp;&nbsp;\u0417\u0443\u0431\u044b<\/option>\n\t<option class=\"level-0\" value=\"nezarazene\">\u0411\u0435\u0437 \u043a\u0430\u0442\u0435\u0433\u043e\u0440\u0438\u0438<\/option>\n\t<option class=\"level-0\" value=\"ochranne-prvky-na-lopaty-nahradni-dily-servis\">\u0417\u0430\u0449\u0438\u0442\u043d\u044b\u0435 \u044d\u043b\u0435\u043c\u0435\u043d\u0442\u044b \u0434\u043b\u044f \u043b\u043e\u043f\u0430\u0442<\/option>\n\t<option class=\"level-0\" value=\"opravy\">\u0420\u0435\u043c\u043e\u043d\u0442<\/option>\n\t<option class=\"level-0\" value=\"produkty\">\u041f\u0440\u043e\u0434\u0443\u043a\u0446\u0438\u044f<\/option>\n\t<option class=\"level-1\" value=\"desky-adaptacni-prechodove-zavesy\">&nbsp;&nbsp;&nbsp;\u0410\u0434\u0430\u043f\u0442\u0438\u0432\u043d\u044b\u0435 \/ \u043f\u0435\u0440\u0435\u0445\u043e\u0434\u043d\u044b\u0435 \/ \u0448\u0430\u0440\u043d\u0438\u0440\u043d\u044b\u0435 \u043f\u043b\u0430\u0441\u0442\u0438\u043d\u044b<\/option>\n\t<option class=\"level-1\" value=\"drapaky\">&nbsp;&nbsp;&nbsp;\u0417\u0430\u0445\u0432\u0430\u0442\u044b<\/option>\n\t<option class=\"level-1\" value=\"hroty-rozryvaci\">&nbsp;&nbsp;&nbsp;\u0421\u043e\u0432\u0435\u0442\u044b \u043f\u043e \u0441\u043a\u0430\u0440\u0438\u0444\u0438\u043a\u0430\u0446\u0438\u0438<\/option>\n\t<option class=\"level-1\" value=\"hydraulicke_valce\">&nbsp;&nbsp;&nbsp;\u0413\u0438\u0434\u0440\u0430\u0432\u043b\u0438\u0447\u0435\u0441\u043a\u0438\u0435 \u0446\u0438\u043b\u0438\u043d\u0434\u0440\u044b<\/option>\n\t<option class=\"level-1\" value=\"lopaty-horove\">&nbsp;&nbsp;&nbsp;\u0413\u043e\u0440\u043d\u044b\u0435 \u043b\u043e\u043f\u0430\u0442\u044b<\/option>\n\t<option class=\"level-1\" value=\"lopaty-na-bagry\">&nbsp;&nbsp;&nbsp;\u041b\u043e\u043f\u0430\u0442\u044b \u0434\u043b\u044f \u044d\u043a\u0441\u043a\u0430\u0432\u0430\u0442\u043e\u0440\u043e\u0432<\/option>\n\t<option class=\"level-1\" value=\"lopaty-na-nakladace\">&nbsp;&nbsp;&nbsp;\u041b\u043e\u043f\u0430\u0442\u044b \u0434\u043b\u044f \u043f\u043e\u0433\u0440\u0443\u0437\u0447\u0438\u043a\u043e\u0432<\/option>\n\t<option class=\"level-1\" value=\"lopaty-tridici\">&nbsp;&nbsp;&nbsp;\u0421\u043e\u0440\u0442\u0438\u0440\u043e\u0432\u043e\u0447\u043d\u044b\u0435 \u043b\u043e\u043f\u0430\u0442\u044b<\/option>\n\t<option class=\"level-1\" value=\"naklapeci-hlavy\">&nbsp;&nbsp;&nbsp;\u041d\u0430\u043a\u043b\u043e\u043d\u044f\u044e\u0449\u0438\u0435\u0441\u044f \u0433\u043e\u043b\u043e\u0432\u043a\u0438<\/option>\n\t<option class=\"level-1\" value=\"naklapeci-rotatory\">&nbsp;&nbsp;&nbsp;\u041d\u0430\u043a\u043b\u043e\u043d\u043d\u044b\u0435 \u0440\u043e\u0442\u0430\u0442\u043e\u0440\u044b<\/option>\n\t<option class=\"level-1\" value=\"pridrzovace\">&nbsp;&nbsp;&nbsp;\u0414\u0435\u0440\u0436\u0430\u0442\u0435\u043b\u0438<\/option>\n\t<option class=\"level-1\" value=\"protizavazi-dozerove\">&nbsp;&nbsp;&nbsp;\u041f\u0440\u043e\u0442\u0438\u0432\u043e\u0432\u0435\u0441 \u0434\u043b\u044f \u043a\u043e\u043d\u0442\u0440\u043e\u043b\u044f<\/option>\n\t<option class=\"level-1\" value=\"radlice-dozerove\">&nbsp;&nbsp;&nbsp;\u0420\u0430\u0434\u0430\u0440 \u043d\u0430\u0431\u043b\u044e\u0434\u0435\u043d\u0438\u044f<\/option>\n\t<option class=\"level-1\" value=\"radlice-na-snih\">&nbsp;&nbsp;&nbsp;\u0421\u043d\u0435\u0433\u043e\u0432\u0430\u044f \u043b\u043e\u043f\u0430\u0442\u0430<\/option>\n\t<option class=\"level-1\" value=\"rippery-dozerove\">&nbsp;&nbsp;&nbsp;\u041f\u043e\u0442\u0440\u043e\u0448\u0438\u0442\u0435\u043b\u0438 \u0434\u043b\u044f \u043d\u0430\u0431\u043b\u044e\u0434\u0435\u043d\u0438\u044f<\/option>\n\t<option class=\"level-1\" value=\"rotacni-hlavy\">&nbsp;&nbsp;&nbsp;\u0412\u0440\u0430\u0449\u0430\u044e\u0449\u0438\u0435\u0441\u044f \u0433\u043e\u043b\u043e\u0432\u043a\u0438<\/option>\n\t<option class=\"level-1\" value=\"rychloupinace\">&nbsp;&nbsp;&nbsp;\u041a\u0440\u0435\u043f\u0435\u0436<\/option>\n\t<option class=\"level-1\" value=\"vidle-paletizacni\">&nbsp;&nbsp;&nbsp;\u0412\u0438\u043b\u044b \u0434\u043b\u044f \u0443\u043a\u043b\u0430\u0434\u043a\u0438 \u043d\u0430 \u043f\u043e\u0434\u0434\u043e\u043d\u044b<\/option>\n\t<option class=\"level-1\" value=\"vylozniky-nasady-prodlouzeni\">&nbsp;&nbsp;&nbsp;\u0428\u0442\u0430\u043d\u0433\u0438 \u0420\u0443\u0447\u043a\u0438 \u0423\u0434\u043b\u0438\u043d\u0438\u0442\u0435\u043b\u0438<\/option>\n\t<option class=\"level-1\" value=\"zakazkova-vyroba\">&nbsp;&nbsp;&nbsp;\u041f\u0440\u043e\u0438\u0437\u0432\u043e\u0434\u0441\u0442\u0432\u043e \u043d\u0430 \u0437\u0430\u043a\u0430\u0437<\/option>\n\t<option class=\"level-0\" value=\"servis\">\u0421\u0435\u0440\u0432\u0438\u0441<\/option>\n\t<option class=\"level-1\" value=\"servis-stavebnich-stroju\">&nbsp;&nbsp;&nbsp;\u041e\u0431\u0441\u043b\u0443\u0436\u0438\u0432\u0430\u043d\u0438\u0435 \u0441\u0442\u0440\u043e\u0438\u0442\u0435\u043b\u044c\u043d\u043e\u0439 \u0442\u0435\u0445\u043d\u0438\u043a\u0438<\/option>\n\t<option class=\"level-1\" value=\"vyrobni-technologie\">&nbsp;&nbsp;&nbsp;\u0422\u0435\u0445\u043d\u043e\u043b\u043e\u0433\u0438\u044f \u043f\u0440\u043e\u0438\u0437\u0432\u043e\u0434\u0441\u0442\u0432\u0430<\/option>\n\t<option class=\"level-0\" value=\"zuby\">\u0417\u0443\u0431\u044b<\/option>\n<\/select>\n<\/div><\/div>\n\n<\/div><div class=\"bde-code-block-2390-104 bde-code-block\">\n\n  <div class=\"sidebar-menu\">\n            <div class=\"menu-section\">\n            <label for=\"toggle-52\" class=\"category-title\">\u041f\u0440\u043e\u0434\u0443\u043a\u0446\u0438\u044f<\/label>\n        \n            <ul class=\"category-list\">\n                                    <li class=\"category-item\">\n                        <a href=\"https:\/\/nekr.cz\/ru\/product-category\/produkty\/naklapeci-rotatory\/\">\n                            \u041d\u0430\u043a\u043b\u043e\u043d\u043d\u044b\u0435 \u0440\u043e\u0442\u0430\u0442\u043e\u0440\u044b (11)\n                        <\/a>\n                                            <\/li>\n                                    <li class=\"category-item\">\n                        <a href=\"https:\/\/nekr.cz\/ru\/product-category\/produkty\/naklapeci-hlavy\/\">\n                            \u041d\u0430\u043a\u043b\u043e\u043d\u043d\u044b\u0435 \u0433\u043e\u043b\u043e\u0432\u043a\u0438 (2)\n                        <\/a>\n                                            <\/li>\n                                    <li class=\"category-item\">\n                        <a href=\"https:\/\/nekr.cz\/ru\/product-category\/produkty\/rotacni-hlavy\/\">\n                            \u0412\u0440\u0430\u0449\u0430\u044e\u0449\u0438\u0435\u0441\u044f \u0433\u043e\u043b\u043e\u0432\u043a\u0438 (2)\n                        <\/a>\n                                            <\/li>\n                                    <li class=\"category-item\">\n                        <a href=\"https:\/\/nekr.cz\/ru\/product-category\/produkty\/rychloupinace\/\">\n                            \u041a\u0440\u0435\u043f\u0435\u0436 (10)\n                        <\/a>\n                                            <\/li>\n                                    <li class=\"category-item\">\n                        <a href=\"https:\/\/nekr.cz\/ru\/product-category\/produkty\/lopaty-na-bagry\/\">\n                            \u041b\u043e\u043f\u0430\u0442\u044b \u0434\u043b\u044f \u044d\u043a\u0441\u043a\u0430\u0432\u0430\u0442\u043e\u0440\u043e\u0432 (23)\n                        <\/a>\n                                            <\/li>\n                                    <li class=\"category-item\">\n                        <a href=\"https:\/\/nekr.cz\/ru\/product-category\/produkty\/lopaty-na-nakladace\/\">\n                            \u041b\u043e\u043f\u0430\u0442\u044b \u0434\u043b\u044f \u043f\u043e\u0433\u0440\u0443\u0437\u0447\u0438\u043a\u043e\u0432 (12)\n                        <\/a>\n                                            <\/li>\n                                    <li class=\"category-item\">\n                        <a href=\"https:\/\/nekr.cz\/ru\/product-category\/produkty\/lopaty-horove\/\">\n                            \u041b\u043e\u043f\u0430\u0442\u044b (2)\n                        <\/a>\n                                            <\/li>\n                                    <li class=\"category-item\">\n                        <a href=\"https:\/\/nekr.cz\/ru\/product-category\/produkty\/lopaty-tridici\/\">\n                            \u0421\u043e\u0440\u0442\u0438\u0440\u043e\u0432\u043e\u0447\u043d\u044b\u0435 \u043b\u043e\u043f\u0430\u0442\u044b (1)\n                        <\/a>\n                                            <\/li>\n                                    <li class=\"category-item\">\n                        <a href=\"https:\/\/nekr.cz\/ru\/product-category\/produkty\/drapaky\/\">\n                            \u0417\u0430\u0445\u0432\u0430\u0442\u0447\u0438\u043a\u0438 (11)\n                        <\/a>\n                                            <\/li>\n                                    <li class=\"category-item\">\n                        <a href=\"https:\/\/nekr.cz\/ru\/product-category\/produkty\/vidle-paletizacni\/\">\n                            \u0412\u0438\u043b\u044b \u0434\u043b\u044f \u0443\u043a\u043b\u0430\u0434\u043a\u0438 \u043f\u043e\u0434\u0434\u043e\u043d\u043e\u0432 (4)\n                        <\/a>\n                                            <\/li>\n                                    <li class=\"category-item\">\n                        <a href=\"https:\/\/nekr.cz\/ru\/product-category\/produkty\/hroty-rozryvaci\/\">\n                            \u0421\u043e\u0432\u0435\u0442\u044b \u043f\u043e \u0441\u043a\u0430\u0440\u0438\u0444\u0438\u043a\u0430\u0446\u0438\u0438 (1)\n                        <\/a>\n                                            <\/li>\n                                    <li class=\"category-item\">\n                        <a href=\"https:\/\/nekr.cz\/ru\/product-category\/produkty\/desky-adaptacni-prechodove-zavesy\/\">\n                            \u0410\u0434\u0430\u043f\u0442\u0430\u0446\u0438\u044f \/ \u041f\u0435\u0440\u0435\u0445\u043e\u0434 \/ \u0414\u043e\u0441\u043a\u0438 \u0441 \u043f\u0435\u0442\u043b\u044f\u043c\u0438 (3)\n                        <\/a>\n                                            <\/li>\n                                    <li class=\"category-item\">\n                        <a href=\"https:\/\/nekr.cz\/ru\/product-category\/produkty\/radlice-dozerove\/\">\n                            \u0420\u0430\u0434\u043e\u043c\u044b \u0434\u043b\u044f \u043d\u0430\u0431\u043b\u044e\u0434\u0435\u043d\u0438\u044f (2)\n                        <\/a>\n                                            <\/li>\n                                    <li class=\"category-item\">\n                        <a href=\"https:\/\/nekr.cz\/ru\/product-category\/produkty\/rippery-dozerove\/\">\n                            \u041f\u043e\u0442\u0440\u043e\u0448\u0438\u0442\u0435\u043b\u0438 \u0434\u043b\u044f \u043d\u0430\u0431\u043b\u044e\u0434\u0435\u043d\u0438\u044f (2)\n                        <\/a>\n                                            <\/li>\n                                    <li class=\"category-item\">\n                        <a href=\"https:\/\/nekr.cz\/ru\/product-category\/produkty\/protizavazi-dozerove\/\">\n                            \u041f\u0440\u043e\u0442\u0438\u0432\u043e\u0432\u0435\u0441\u044b (1)\n                        <\/a>\n                                            <\/li>\n                                    <li class=\"category-item\">\n                        <a href=\"https:\/\/nekr.cz\/ru\/product-category\/produkty\/radlice-na-snih\/\">\n                            \u0421\u043d\u0435\u0433\u043e\u043e\u0447\u0438\u0441\u0442\u0438\u0442\u0435\u043b\u044c (1)\n                        <\/a>\n                                            <\/li>\n                                    <li class=\"category-item\">\n                        <a href=\"https:\/\/nekr.cz\/ru\/product-category\/produkty\/pridrzovace\/\">\n                            \u0414\u0435\u0440\u0436\u0430\u0442\u0435\u043b\u0438 (1)\n                        <\/a>\n                                            <\/li>\n                                    <li class=\"category-item\">\n                        <a href=\"https:\/\/nekr.cz\/ru\/product-category\/produkty\/vylozniky-nasady-prodlouzeni\/\">\n                            \u0423\u0434\u043b\u0438\u043d\u0438\u0442\u0435\u043b\u0438 \u0440\u0443\u043a\u043e\u044f\u0442\u043e\u043a \u0448\u0442\u0430\u043d\u0433 (6)\n                        <\/a>\n                                            <\/li>\n                                    <li class=\"category-item\">\n                        <a href=\"https:\/\/nekr.cz\/ru\/product-category\/produkty\/zakazkova-vyroba\/\">\n                            Zak\u00e1zkov\u00e1 v\u00fdroba (17)\n                        <\/a>\n                                            <\/li>\n                                    <li class=\"category-item\">\n                        <a href=\"https:\/\/nekr.cz\/ru\/product-category\/produkty\/hydraulicke_valce\/\">\n                            Hydraulick\u00e9 v\u00e1lce (1)\n                        <\/a>\n                                            <\/li>\n                            <\/ul>\n        <\/div>\n    <\/div>\n\n\n\n<\/div>\n<\/div><div class=\"bde-column-2390-105 bde-column\">\n  \n  \n\t\n\n\n\n<div class=\"bde-wooshoppage-2390-106 bde-wooshoppage breakdance-woocommerce\">\n     <div class=\"breakdance-empty-ssr-message breakdance-empty-ssr-message-error\">\n        <div>\n            The <b>\"Shop Page\"<\/b> element can only be added to a shop archive template or a template for product taxonomies.<br \/><br \/>\n            Create one in the WP admin at <b>Breakdance &gt; Templates<\/b>.\n        <\/div>\n    <\/div>\n<\/div>\n<\/div><\/div><\/div>\n<\/section>","protected":false},"excerpt":{"rendered":"<p>\u041a\u0430\u0442\u0435\u0433\u043e\u0440\u0438\u0438 \u0442\u043e\u0432\u0430\u0440\u043e\u0432 \u0412\u044b\u0431\u0440\u0430\u0442\u044c \u043a\u0430\u0442\u0435\u0433\u043e\u0440\u0438\u044e B\u0159ity N\u00e1hradn\u00ed d\u00edly &nbsp;&nbsp;&nbsp;B\u0159ity &nbsp;&nbsp;&nbsp;\u010cepy a pouzdra &nbsp;&nbsp;&nbsp;\u010cerpadla hydraulick\u00e1 a palivov\u00e1 &nbsp;&nbsp;&nbsp;Chladi\u010de, vodn\u00ed pumpy &nbsp;&nbsp;&nbsp;Drt\u00edc\u00ed desky do drti\u010d\u016f &nbsp;&nbsp;&nbsp;Filtry, oleje a maziva &nbsp;&nbsp;&nbsp;Kabinov\u00e1 okna &nbsp;&nbsp;&nbsp;Koncov\u00e9 p\u0159evody a jejich \u010d\u00e1sti &nbsp;&nbsp;&nbsp;Motory a motorov\u00e9 d\u00edly &nbsp;&nbsp;&nbsp;Ochrann\u00e9 prvky na lopaty &nbsp;&nbsp;&nbsp;O\u0161krty pro bouraci kladiva &nbsp;&nbsp;&nbsp;P\u00e1sy gumov\u00e9 a ocelov\u00e9 &nbsp;&nbsp;&nbsp;Podvozkov\u00e9 d\u00edly &nbsp;&nbsp;&nbsp;Rozv\u00e1d\u011b\u010de &nbsp;&nbsp;&nbsp;Zuby Neza\u0159azen\u00e9 [&hellip;]<\/p>","protected":false},"author":1,"featured_media":0,"parent":51,"menu_order":0,"comment_status":"closed","ping_status":"closed","template":"","meta":{"_acf_changed":false,"_breakdance_hide_in_design_set":false,"_breakdance_tags":"","footnotes":""},"class_list":["post-2390","page","type-page","status-publish","hentry"],"acf":[],"_links":{"self":[{"href":"https:\/\/nekr.cz\/ru\/wp-json\/wp\/v2\/pages\/2390","targetHints":{"allow":["GET"]}}],"collection":[{"href":"https:\/\/nekr.cz\/ru\/wp-json\/wp\/v2\/pages"}],"about":[{"href":"https:\/\/nekr.cz\/ru\/wp-json\/wp\/v2\/types\/page"}],"author":[{"embeddable":true,"href":"https:\/\/nekr.cz\/ru\/wp-json\/wp\/v2\/users\/1"}],"replies":[{"embeddable":true,"href":"https:\/\/nekr.cz\/ru\/wp-json\/wp\/v2\/comments?post=2390"}],"version-history":[{"count":4,"href":"https:\/\/nekr.cz\/ru\/wp-json\/wp\/v2\/pages\/2390\/revisions"}],"predecessor-version":[{"id":2396,"href":"https:\/\/nekr.cz\/ru\/wp-json\/wp\/v2\/pages\/2390\/revisions\/2396"}],"up":[{"embeddable":true,"href":"https:\/\/nekr.cz\/ru\/wp-json\/wp\/v2\/pages\/51"}],"wp:attachment":[{"href":"https:\/\/nekr.cz\/ru\/wp-json\/wp\/v2\/media?parent=2390"}],"curies":[{"name":"wp","href":"https:\/\/api.w.org\/{rel}","templated":true}]}}