{"id":2805,"date":"2024-08-16T10:37:38","date_gmt":"2024-08-16T10:37:38","guid":{"rendered":"https:\/\/nekr.cz\/?post_type=product&#038;p=2805"},"modified":"2024-08-16T10:40:06","modified_gmt":"2024-08-16T10:40:06","slug":"opravy-ramen","status":"publish","type":"product","link":"https:\/\/nekr.cz\/pl\/produkt\/opravy-ramen\/","title":{"rendered":"Naprawa ramion koparek i \u0142adowarek"},"content":{"rendered":"<p>I p\u0159i sebev\u011bt\u0161\u00ed opatrnosti se ob\u010das stane, \u017ee rameno bagru nebo jin\u00e1 \u010d\u00e1st nevydr\u017e\u00ed a dojde k po\u0161kozen\u00ed.<\/p>\n<p>Zaji\u0161\u0165ujeme <a href=\"https:\/\/nekr.cz\/pl\/czesci-zamienne\/\">n\u00e1hradn\u00ed d\u00edly<\/a> na nep\u0159ebern\u00e9 mno\u017estv\u00ed stavebn\u00ed techniky, a tak\u00e9 mnoho po\u0161kozen\u00ed jsme schopni opravit u n\u00e1s na d\u00edln\u011b.<\/p>\n<ul>\n<li>opravujeme n\u00e1sady, v\u00fdlo\u017en\u00edky, p\u00e1kov\u00ed lopaty<\/li>\n<li>opravujeme hydraulick\u00e9 v\u00e1lce<\/li>\n<li>pouzdra a \u010depy v\u010detn\u011b opravy vyma\u010dkan\u00fdch otvor\u016f<\/li>\n<li>opravy rozvod\u016f oleje (hadice, trubky), rozvod\u016f centr\u00e1ln\u00e9ho maz\u00e1n\u00ed<\/li>\n<\/ul>\n<p>&nbsp;<\/p>\n<h5>N\u011bkolik p\u0159\u00edklad\u016f na\u0161ich oprav:<\/h5>\n<p>Zes\u00edlen\u00ed a zpevn\u011bn\u00ed ramene na KOMATSU PC350 SLF:<\/p>\n<p><img decoding=\"async\" class=\"alignnone size-medium wp-image-2585 lazyload\" data-src=\"https:\/\/nekr.cz\/wp-content\/uploads\/2024\/08\/IMG_5035-300x200.jpg\" alt=\"\" width=\"300\" height=\"200\" data-srcset=\"https:\/\/nekr.cz\/wp-content\/uploads\/2024\/08\/IMG_5035-300x200.jpg 300w, https:\/\/nekr.cz\/wp-content\/uploads\/2024\/08\/IMG_5035-1024x683.jpg 1024w, https:\/\/nekr.cz\/wp-content\/uploads\/2024\/08\/IMG_5035-768x512.jpg 768w, https:\/\/nekr.cz\/wp-content\/uploads\/2024\/08\/IMG_5035-1536x1024.jpg 1536w, https:\/\/nekr.cz\/wp-content\/uploads\/2024\/08\/IMG_5035-2048x1365.jpg 2048w, https:\/\/nekr.cz\/wp-content\/uploads\/2024\/08\/IMG_5035-18x12.jpg 18w, https:\/\/nekr.cz\/wp-content\/uploads\/2024\/08\/IMG_5035-600x400.jpg 600w\" data-sizes=\"(max-width: 300px) 100vw, 300px\" src=\"data:image\/gif;base64,R0lGODlhAQABAAAAACH5BAEKAAEALAAAAAABAAEAAAICTAEAOw==\" style=\"--smush-placeholder-width: 300px; --smush-placeholder-aspect-ratio: 300\/200;\" \/> \u00a0<img decoding=\"async\" class=\"alignnone size-medium wp-image-2570 lazyload\" data-src=\"https:\/\/nekr.cz\/wp-content\/uploads\/2024\/08\/IMG_3456-300x225.jpg\" alt=\"\" width=\"300\" height=\"225\" data-srcset=\"https:\/\/nekr.cz\/wp-content\/uploads\/2024\/08\/IMG_3456-300x225.jpg 300w, https:\/\/nekr.cz\/wp-content\/uploads\/2024\/08\/IMG_3456-1024x768.jpg 1024w, https:\/\/nekr.cz\/wp-content\/uploads\/2024\/08\/IMG_3456-768x576.jpg 768w, https:\/\/nekr.cz\/wp-content\/uploads\/2024\/08\/IMG_3456-1536x1152.jpg 1536w, https:\/\/nekr.cz\/wp-content\/uploads\/2024\/08\/IMG_3456-2048x1536.jpg 2048w, https:\/\/nekr.cz\/wp-content\/uploads\/2024\/08\/IMG_3456-16x12.jpg 16w, https:\/\/nekr.cz\/wp-content\/uploads\/2024\/08\/IMG_3456-600x450.jpg 600w\" data-sizes=\"(max-width: 300px) 100vw, 300px\" src=\"data:image\/gif;base64,R0lGODlhAQABAAAAACH5BAEKAAEALAAAAAABAAEAAAICTAEAOw==\" style=\"--smush-placeholder-width: 300px; --smush-placeholder-aspect-ratio: 300\/225;\" \/> \u00a0<img decoding=\"async\" class=\"alignnone size-medium wp-image-2572 lazyload\" data-src=\"https:\/\/nekr.cz\/wp-content\/uploads\/2024\/08\/IMG_2683-300x225.jpg\" alt=\"\" width=\"300\" height=\"225\" data-srcset=\"https:\/\/nekr.cz\/wp-content\/uploads\/2024\/08\/IMG_2683-300x225.jpg 300w, https:\/\/nekr.cz\/wp-content\/uploads\/2024\/08\/IMG_2683-1024x768.jpg 1024w, https:\/\/nekr.cz\/wp-content\/uploads\/2024\/08\/IMG_2683-768x576.jpg 768w, https:\/\/nekr.cz\/wp-content\/uploads\/2024\/08\/IMG_2683-1536x1152.jpg 1536w, https:\/\/nekr.cz\/wp-content\/uploads\/2024\/08\/IMG_2683-2048x1536.jpg 2048w, https:\/\/nekr.cz\/wp-content\/uploads\/2024\/08\/IMG_2683-16x12.jpg 16w, https:\/\/nekr.cz\/wp-content\/uploads\/2024\/08\/IMG_2683-600x450.jpg 600w\" data-sizes=\"(max-width: 300px) 100vw, 300px\" src=\"data:image\/gif;base64,R0lGODlhAQABAAAAACH5BAEKAAEALAAAAAABAAEAAAICTAEAOw==\" style=\"--smush-placeholder-width: 300px; --smush-placeholder-aspect-ratio: 300\/225;\" \/>\u00a0 <img decoding=\"async\" class=\"alignnone size-medium wp-image-2582 lazyload\" data-src=\"https:\/\/nekr.cz\/wp-content\/uploads\/2024\/08\/IMG_2664-300x225.jpg\" alt=\"\" width=\"300\" height=\"225\" data-srcset=\"https:\/\/nekr.cz\/wp-content\/uploads\/2024\/08\/IMG_2664-300x225.jpg 300w, https:\/\/nekr.cz\/wp-content\/uploads\/2024\/08\/IMG_2664-1024x768.jpg 1024w, https:\/\/nekr.cz\/wp-content\/uploads\/2024\/08\/IMG_2664-768x576.jpg 768w, https:\/\/nekr.cz\/wp-content\/uploads\/2024\/08\/IMG_2664-1536x1152.jpg 1536w, https:\/\/nekr.cz\/wp-content\/uploads\/2024\/08\/IMG_2664-2048x1536.jpg 2048w, https:\/\/nekr.cz\/wp-content\/uploads\/2024\/08\/IMG_2664-16x12.jpg 16w, https:\/\/nekr.cz\/wp-content\/uploads\/2024\/08\/IMG_2664-600x450.jpg 600w\" data-sizes=\"(max-width: 300px) 100vw, 300px\" src=\"data:image\/gif;base64,R0lGODlhAQABAAAAACH5BAEKAAEALAAAAAABAAEAAAICTAEAOw==\" style=\"--smush-placeholder-width: 300px; --smush-placeholder-aspect-ratio: 300\/225;\" \/> \u00a0<img decoding=\"async\" class=\"alignnone size-medium wp-image-2583 lazyload\" data-src=\"https:\/\/nekr.cz\/wp-content\/uploads\/2024\/08\/IMG_2538-300x225.jpg\" alt=\"\" width=\"300\" height=\"225\" data-srcset=\"https:\/\/nekr.cz\/wp-content\/uploads\/2024\/08\/IMG_2538-300x225.jpg 300w, https:\/\/nekr.cz\/wp-content\/uploads\/2024\/08\/IMG_2538-1024x768.jpg 1024w, https:\/\/nekr.cz\/wp-content\/uploads\/2024\/08\/IMG_2538-768x576.jpg 768w, https:\/\/nekr.cz\/wp-content\/uploads\/2024\/08\/IMG_2538-1536x1152.jpg 1536w, https:\/\/nekr.cz\/wp-content\/uploads\/2024\/08\/IMG_2538-2048x1536.jpg 2048w, https:\/\/nekr.cz\/wp-content\/uploads\/2024\/08\/IMG_2538-16x12.jpg 16w, https:\/\/nekr.cz\/wp-content\/uploads\/2024\/08\/IMG_2538-600x450.jpg 600w\" data-sizes=\"(max-width: 300px) 100vw, 300px\" src=\"data:image\/gif;base64,R0lGODlhAQABAAAAACH5BAEKAAEALAAAAAABAAEAAAICTAEAOw==\" style=\"--smush-placeholder-width: 300px; --smush-placeholder-aspect-ratio: 300\/225;\" \/> \u00a0<img decoding=\"async\" class=\"alignnone size-medium wp-image-2584 lazyload\" data-src=\"https:\/\/nekr.cz\/wp-content\/uploads\/2024\/08\/IMG_2612-300x225.jpg\" alt=\"\" width=\"300\" height=\"225\" data-srcset=\"https:\/\/nekr.cz\/wp-content\/uploads\/2024\/08\/IMG_2612-300x225.jpg 300w, https:\/\/nekr.cz\/wp-content\/uploads\/2024\/08\/IMG_2612-1024x768.jpg 1024w, https:\/\/nekr.cz\/wp-content\/uploads\/2024\/08\/IMG_2612-768x576.jpg 768w, https:\/\/nekr.cz\/wp-content\/uploads\/2024\/08\/IMG_2612-1536x1152.jpg 1536w, https:\/\/nekr.cz\/wp-content\/uploads\/2024\/08\/IMG_2612-2048x1536.jpg 2048w, https:\/\/nekr.cz\/wp-content\/uploads\/2024\/08\/IMG_2612-16x12.jpg 16w, https:\/\/nekr.cz\/wp-content\/uploads\/2024\/08\/IMG_2612-600x450.jpg 600w\" data-sizes=\"(max-width: 300px) 100vw, 300px\" src=\"data:image\/gif;base64,R0lGODlhAQABAAAAACH5BAEKAAEALAAAAAABAAEAAAICTAEAOw==\" style=\"--smush-placeholder-width: 300px; --smush-placeholder-aspect-ratio: 300\/225;\" \/><\/p>\n<p>&nbsp;<\/p>\n<p>Oprava praskl\u00e9ho ramene CASE 988:<\/p>\n<p><img decoding=\"async\" class=\"alignnone size-medium wp-image-2574 lazyload\" data-src=\"https:\/\/nekr.cz\/wp-content\/uploads\/2024\/08\/P1000500-300x225.jpg\" alt=\"\" width=\"300\" height=\"225\" data-srcset=\"https:\/\/nekr.cz\/wp-content\/uploads\/2024\/08\/P1000500-300x225.jpg 300w, https:\/\/nekr.cz\/wp-content\/uploads\/2024\/08\/P1000500-1024x768.jpg 1024w, https:\/\/nekr.cz\/wp-content\/uploads\/2024\/08\/P1000500-768x576.jpg 768w, https:\/\/nekr.cz\/wp-content\/uploads\/2024\/08\/P1000500-1536x1152.jpg 1536w, https:\/\/nekr.cz\/wp-content\/uploads\/2024\/08\/P1000500-2048x1536.jpg 2048w, https:\/\/nekr.cz\/wp-content\/uploads\/2024\/08\/P1000500-16x12.jpg 16w, https:\/\/nekr.cz\/wp-content\/uploads\/2024\/08\/P1000500-600x450.jpg 600w\" data-sizes=\"(max-width: 300px) 100vw, 300px\" src=\"data:image\/gif;base64,R0lGODlhAQABAAAAACH5BAEKAAEALAAAAAABAAEAAAICTAEAOw==\" style=\"--smush-placeholder-width: 300px; --smush-placeholder-aspect-ratio: 300\/225;\" \/> <img decoding=\"async\" class=\"alignnone size-medium wp-image-2575 lazyload\" data-src=\"https:\/\/nekr.cz\/wp-content\/uploads\/2024\/08\/P1000496-300x225.jpg\" alt=\"\" width=\"300\" height=\"225\" data-srcset=\"https:\/\/nekr.cz\/wp-content\/uploads\/2024\/08\/P1000496-300x225.jpg 300w, https:\/\/nekr.cz\/wp-content\/uploads\/2024\/08\/P1000496-1024x768.jpg 1024w, https:\/\/nekr.cz\/wp-content\/uploads\/2024\/08\/P1000496-768x576.jpg 768w, https:\/\/nekr.cz\/wp-content\/uploads\/2024\/08\/P1000496-1536x1152.jpg 1536w, https:\/\/nekr.cz\/wp-content\/uploads\/2024\/08\/P1000496-2048x1536.jpg 2048w, https:\/\/nekr.cz\/wp-content\/uploads\/2024\/08\/P1000496-16x12.jpg 16w, https:\/\/nekr.cz\/wp-content\/uploads\/2024\/08\/P1000496-600x450.jpg 600w\" data-sizes=\"(max-width: 300px) 100vw, 300px\" src=\"data:image\/gif;base64,R0lGODlhAQABAAAAACH5BAEKAAEALAAAAAABAAEAAAICTAEAOw==\" style=\"--smush-placeholder-width: 300px; --smush-placeholder-aspect-ratio: 300\/225;\" \/> \u00a0<img decoding=\"async\" class=\"alignnone size-medium wp-image-2573 lazyload\" data-src=\"https:\/\/nekr.cz\/wp-content\/uploads\/2024\/08\/IMG_9746-300x225.jpg\" alt=\"\" width=\"300\" height=\"225\" data-srcset=\"https:\/\/nekr.cz\/wp-content\/uploads\/2024\/08\/IMG_9746-300x225.jpg 300w, https:\/\/nekr.cz\/wp-content\/uploads\/2024\/08\/IMG_9746-1024x768.jpg 1024w, https:\/\/nekr.cz\/wp-content\/uploads\/2024\/08\/IMG_9746-768x576.jpg 768w, https:\/\/nekr.cz\/wp-content\/uploads\/2024\/08\/IMG_9746-1536x1152.jpg 1536w, https:\/\/nekr.cz\/wp-content\/uploads\/2024\/08\/IMG_9746-2048x1536.jpg 2048w, https:\/\/nekr.cz\/wp-content\/uploads\/2024\/08\/IMG_9746-16x12.jpg 16w, https:\/\/nekr.cz\/wp-content\/uploads\/2024\/08\/IMG_9746-600x450.jpg 600w\" data-sizes=\"(max-width: 300px) 100vw, 300px\" src=\"data:image\/gif;base64,R0lGODlhAQABAAAAACH5BAEKAAEALAAAAAABAAEAAAICTAEAOw==\" style=\"--smush-placeholder-width: 300px; --smush-placeholder-aspect-ratio: 300\/225;\" \/><\/p>\n<p>&nbsp;<\/p>\n<p>Oprava praskl\u00e9 n\u00e1sady a v\u00fdlo\u017en\u00edku TEREX RH30 (cca 90 tun):<\/p>\n<p><img decoding=\"async\" class=\"alignnone size-medium wp-image-2681 lazyload\" data-src=\"https:\/\/nekr.cz\/wp-content\/uploads\/2024\/08\/20220601_073933-300x142.jpg\" alt=\"\" width=\"300\" height=\"142\" data-srcset=\"https:\/\/nekr.cz\/wp-content\/uploads\/2024\/08\/20220601_073933-300x142.jpg 300w, https:\/\/nekr.cz\/wp-content\/uploads\/2024\/08\/20220601_073933-1024x485.jpg 1024w, https:\/\/nekr.cz\/wp-content\/uploads\/2024\/08\/20220601_073933-768x363.jpg 768w, https:\/\/nekr.cz\/wp-content\/uploads\/2024\/08\/20220601_073933-1536x727.jpg 1536w, https:\/\/nekr.cz\/wp-content\/uploads\/2024\/08\/20220601_073933-2048x969.jpg 2048w, https:\/\/nekr.cz\/wp-content\/uploads\/2024\/08\/20220601_073933-18x9.jpg 18w, https:\/\/nekr.cz\/wp-content\/uploads\/2024\/08\/20220601_073933-600x284.jpg 600w\" data-sizes=\"(max-width: 300px) 100vw, 300px\" src=\"data:image\/gif;base64,R0lGODlhAQABAAAAACH5BAEKAAEALAAAAAABAAEAAAICTAEAOw==\" style=\"--smush-placeholder-width: 300px; --smush-placeholder-aspect-ratio: 300\/142;\" \/><img decoding=\"async\" class=\"alignnone size-medium wp-image-2679 lazyload\" data-src=\"https:\/\/nekr.cz\/wp-content\/uploads\/2024\/08\/RH30-10-300x142.jpg\" alt=\"\" width=\"300\" height=\"142\" data-srcset=\"https:\/\/nekr.cz\/wp-content\/uploads\/2024\/08\/RH30-10-300x142.jpg 300w, https:\/\/nekr.cz\/wp-content\/uploads\/2024\/08\/RH30-10-1024x485.jpg 1024w, https:\/\/nekr.cz\/wp-content\/uploads\/2024\/08\/RH30-10-768x363.jpg 768w, https:\/\/nekr.cz\/wp-content\/uploads\/2024\/08\/RH30-10-1536x727.jpg 1536w, https:\/\/nekr.cz\/wp-content\/uploads\/2024\/08\/RH30-10-18x9.jpg 18w, https:\/\/nekr.cz\/wp-content\/uploads\/2024\/08\/RH30-10-600x284.jpg 600w, https:\/\/nekr.cz\/wp-content\/uploads\/2024\/08\/RH30-10.jpg 2016w\" data-sizes=\"(max-width: 300px) 100vw, 300px\" src=\"data:image\/gif;base64,R0lGODlhAQABAAAAACH5BAEKAAEALAAAAAABAAEAAAICTAEAOw==\" style=\"--smush-placeholder-width: 300px; --smush-placeholder-aspect-ratio: 300\/142;\" \/> <img decoding=\"async\" class=\"alignnone size-medium wp-image-2680 lazyload\" data-src=\"https:\/\/nekr.cz\/wp-content\/uploads\/2024\/08\/20220607_110015-300x142.jpg\" alt=\"\" width=\"300\" height=\"142\" data-srcset=\"https:\/\/nekr.cz\/wp-content\/uploads\/2024\/08\/20220607_110015-300x142.jpg 300w, https:\/\/nekr.cz\/wp-content\/uploads\/2024\/08\/20220607_110015-1024x485.jpg 1024w, https:\/\/nekr.cz\/wp-content\/uploads\/2024\/08\/20220607_110015-768x363.jpg 768w, https:\/\/nekr.cz\/wp-content\/uploads\/2024\/08\/20220607_110015-1536x727.jpg 1536w, https:\/\/nekr.cz\/wp-content\/uploads\/2024\/08\/20220607_110015-2048x969.jpg 2048w, https:\/\/nekr.cz\/wp-content\/uploads\/2024\/08\/20220607_110015-18x9.jpg 18w, https:\/\/nekr.cz\/wp-content\/uploads\/2024\/08\/20220607_110015-600x284.jpg 600w\" data-sizes=\"(max-width: 300px) 100vw, 300px\" src=\"data:image\/gif;base64,R0lGODlhAQABAAAAACH5BAEKAAEALAAAAAABAAEAAAICTAEAOw==\" style=\"--smush-placeholder-width: 300px; --smush-placeholder-aspect-ratio: 300\/142;\" \/><\/p>\n<p>&nbsp;<\/p>\n<p>Oprava praskl\u00e9ho ramene HITACHI ZX 520:<\/p>\n<p><img decoding=\"async\" class=\"alignnone size-medium wp-image-2581 lazyload\" data-src=\"https:\/\/nekr.cz\/wp-content\/uploads\/2024\/08\/P1070962-300x225.jpg\" alt=\"\" width=\"300\" height=\"225\" data-srcset=\"https:\/\/nekr.cz\/wp-content\/uploads\/2024\/08\/P1070962-300x225.jpg 300w, https:\/\/nekr.cz\/wp-content\/uploads\/2024\/08\/P1070962-1024x768.jpg 1024w, https:\/\/nekr.cz\/wp-content\/uploads\/2024\/08\/P1070962-768x576.jpg 768w, https:\/\/nekr.cz\/wp-content\/uploads\/2024\/08\/P1070962-1536x1152.jpg 1536w, https:\/\/nekr.cz\/wp-content\/uploads\/2024\/08\/P1070962-2048x1536.jpg 2048w, https:\/\/nekr.cz\/wp-content\/uploads\/2024\/08\/P1070962-16x12.jpg 16w, https:\/\/nekr.cz\/wp-content\/uploads\/2024\/08\/P1070962-600x450.jpg 600w\" data-sizes=\"(max-width: 300px) 100vw, 300px\" src=\"data:image\/gif;base64,R0lGODlhAQABAAAAACH5BAEKAAEALAAAAAABAAEAAAICTAEAOw==\" style=\"--smush-placeholder-width: 300px; --smush-placeholder-aspect-ratio: 300\/225;\" \/> \u00a0<img decoding=\"async\" class=\"alignnone size-medium wp-image-2576 lazyload\" data-src=\"https:\/\/nekr.cz\/wp-content\/uploads\/2024\/08\/P1090866-300x225.jpg\" alt=\"\" width=\"300\" height=\"225\" data-srcset=\"https:\/\/nekr.cz\/wp-content\/uploads\/2024\/08\/P1090866-300x225.jpg 300w, https:\/\/nekr.cz\/wp-content\/uploads\/2024\/08\/P1090866-768x576.jpg 768w, https:\/\/nekr.cz\/wp-content\/uploads\/2024\/08\/P1090866-16x12.jpg 16w, https:\/\/nekr.cz\/wp-content\/uploads\/2024\/08\/P1090866-600x450.jpg 600w, https:\/\/nekr.cz\/wp-content\/uploads\/2024\/08\/P1090866.jpg 1024w\" data-sizes=\"(max-width: 300px) 100vw, 300px\" src=\"data:image\/gif;base64,R0lGODlhAQABAAAAACH5BAEKAAEALAAAAAABAAEAAAICTAEAOw==\" style=\"--smush-placeholder-width: 300px; --smush-placeholder-aspect-ratio: 300\/225;\" \/> \u00a0<img decoding=\"async\" class=\"alignnone size-medium wp-image-2578 lazyload\" data-src=\"https:\/\/nekr.cz\/wp-content\/uploads\/2024\/08\/P1070991-300x225.jpg\" alt=\"\" width=\"300\" height=\"225\" data-srcset=\"https:\/\/nekr.cz\/wp-content\/uploads\/2024\/08\/P1070991-300x225.jpg 300w, https:\/\/nekr.cz\/wp-content\/uploads\/2024\/08\/P1070991-1024x768.jpg 1024w, https:\/\/nekr.cz\/wp-content\/uploads\/2024\/08\/P1070991-768x576.jpg 768w, https:\/\/nekr.cz\/wp-content\/uploads\/2024\/08\/P1070991-1536x1152.jpg 1536w, https:\/\/nekr.cz\/wp-content\/uploads\/2024\/08\/P1070991-2048x1536.jpg 2048w, https:\/\/nekr.cz\/wp-content\/uploads\/2024\/08\/P1070991-16x12.jpg 16w, https:\/\/nekr.cz\/wp-content\/uploads\/2024\/08\/P1070991-600x450.jpg 600w\" data-sizes=\"(max-width: 300px) 100vw, 300px\" src=\"data:image\/gif;base64,R0lGODlhAQABAAAAACH5BAEKAAEALAAAAAABAAEAAAICTAEAOw==\" style=\"--smush-placeholder-width: 300px; --smush-placeholder-aspect-ratio: 300\/225;\" \/><\/p>\n<p><img decoding=\"async\" class=\"alignnone size-medium wp-image-2580 lazyload\" data-src=\"https:\/\/nekr.cz\/wp-content\/uploads\/2024\/08\/P1080016-300x225.jpg\" alt=\"\" width=\"300\" height=\"225\" data-srcset=\"https:\/\/nekr.cz\/wp-content\/uploads\/2024\/08\/P1080016-300x225.jpg 300w, https:\/\/nekr.cz\/wp-content\/uploads\/2024\/08\/P1080016-1024x768.jpg 1024w, https:\/\/nekr.cz\/wp-content\/uploads\/2024\/08\/P1080016-768x576.jpg 768w, https:\/\/nekr.cz\/wp-content\/uploads\/2024\/08\/P1080016-1536x1152.jpg 1536w, https:\/\/nekr.cz\/wp-content\/uploads\/2024\/08\/P1080016-2048x1536.jpg 2048w, https:\/\/nekr.cz\/wp-content\/uploads\/2024\/08\/P1080016-16x12.jpg 16w, https:\/\/nekr.cz\/wp-content\/uploads\/2024\/08\/P1080016-600x450.jpg 600w\" data-sizes=\"(max-width: 300px) 100vw, 300px\" src=\"data:image\/gif;base64,R0lGODlhAQABAAAAACH5BAEKAAEALAAAAAABAAEAAAICTAEAOw==\" style=\"--smush-placeholder-width: 300px; --smush-placeholder-aspect-ratio: 300\/225;\" \/>\u00a0\u00a0<img decoding=\"async\" class=\"alignnone size-medium wp-image-2579 lazyload\" data-src=\"https:\/\/nekr.cz\/wp-content\/uploads\/2024\/08\/P1080025-300x225.jpg\" alt=\"\" width=\"300\" height=\"225\" data-srcset=\"https:\/\/nekr.cz\/wp-content\/uploads\/2024\/08\/P1080025-300x225.jpg 300w, https:\/\/nekr.cz\/wp-content\/uploads\/2024\/08\/P1080025-1024x768.jpg 1024w, https:\/\/nekr.cz\/wp-content\/uploads\/2024\/08\/P1080025-768x576.jpg 768w, https:\/\/nekr.cz\/wp-content\/uploads\/2024\/08\/P1080025-1536x1152.jpg 1536w, https:\/\/nekr.cz\/wp-content\/uploads\/2024\/08\/P1080025-2048x1536.jpg 2048w, https:\/\/nekr.cz\/wp-content\/uploads\/2024\/08\/P1080025-16x12.jpg 16w, https:\/\/nekr.cz\/wp-content\/uploads\/2024\/08\/P1080025-600x450.jpg 600w\" data-sizes=\"(max-width: 300px) 100vw, 300px\" src=\"data:image\/gif;base64,R0lGODlhAQABAAAAACH5BAEKAAEALAAAAAABAAEAAAICTAEAOw==\" style=\"--smush-placeholder-width: 300px; --smush-placeholder-aspect-ratio: 300\/225;\" \/> \u00a0<img decoding=\"async\" class=\"alignnone size-medium wp-image-2577 lazyload\" data-src=\"https:\/\/nekr.cz\/wp-content\/uploads\/2024\/08\/P1080039-300x225.jpg\" alt=\"\" width=\"300\" height=\"225\" data-srcset=\"https:\/\/nekr.cz\/wp-content\/uploads\/2024\/08\/P1080039-300x225.jpg 300w, https:\/\/nekr.cz\/wp-content\/uploads\/2024\/08\/P1080039-1024x768.jpg 1024w, https:\/\/nekr.cz\/wp-content\/uploads\/2024\/08\/P1080039-768x576.jpg 768w, https:\/\/nekr.cz\/wp-content\/uploads\/2024\/08\/P1080039-1536x1152.jpg 1536w, https:\/\/nekr.cz\/wp-content\/uploads\/2024\/08\/P1080039-2048x1536.jpg 2048w, https:\/\/nekr.cz\/wp-content\/uploads\/2024\/08\/P1080039-16x12.jpg 16w, https:\/\/nekr.cz\/wp-content\/uploads\/2024\/08\/P1080039-600x450.jpg 600w\" data-sizes=\"(max-width: 300px) 100vw, 300px\" src=\"data:image\/gif;base64,R0lGODlhAQABAAAAACH5BAEKAAEALAAAAAABAAEAAAICTAEAOw==\" style=\"--smush-placeholder-width: 300px; --smush-placeholder-aspect-ratio: 300\/225;\" \/><\/p>\n<p>&nbsp;<\/p>\n<p>Oprava ramene kolov\u00e9ho naklada\u010de KOMATSU WA470:<\/p>\n<p><img decoding=\"async\" class=\"alignnone size-medium wp-image-2588 lazyload\" data-src=\"https:\/\/nekr.cz\/wp-content\/uploads\/2024\/08\/P1030051-300x225.jpg\" alt=\"\" width=\"300\" height=\"225\" data-srcset=\"https:\/\/nekr.cz\/wp-content\/uploads\/2024\/08\/P1030051-300x225.jpg 300w, https:\/\/nekr.cz\/wp-content\/uploads\/2024\/08\/P1030051-1024x768.jpg 1024w, https:\/\/nekr.cz\/wp-content\/uploads\/2024\/08\/P1030051-768x576.jpg 768w, https:\/\/nekr.cz\/wp-content\/uploads\/2024\/08\/P1030051-1536x1152.jpg 1536w, https:\/\/nekr.cz\/wp-content\/uploads\/2024\/08\/P1030051-2048x1536.jpg 2048w, https:\/\/nekr.cz\/wp-content\/uploads\/2024\/08\/P1030051-16x12.jpg 16w, https:\/\/nekr.cz\/wp-content\/uploads\/2024\/08\/P1030051-600x450.jpg 600w\" data-sizes=\"(max-width: 300px) 100vw, 300px\" src=\"data:image\/gif;base64,R0lGODlhAQABAAAAACH5BAEKAAEALAAAAAABAAEAAAICTAEAOw==\" style=\"--smush-placeholder-width: 300px; --smush-placeholder-aspect-ratio: 300\/225;\" \/> <img decoding=\"async\" class=\"alignnone size-medium wp-image-2589 lazyload\" data-src=\"https:\/\/nekr.cz\/wp-content\/uploads\/2024\/08\/P1030028-300x225.jpg\" alt=\"\" width=\"300\" height=\"225\" data-srcset=\"https:\/\/nekr.cz\/wp-content\/uploads\/2024\/08\/P1030028-300x225.jpg 300w, https:\/\/nekr.cz\/wp-content\/uploads\/2024\/08\/P1030028-1024x768.jpg 1024w, https:\/\/nekr.cz\/wp-content\/uploads\/2024\/08\/P1030028-768x576.jpg 768w, https:\/\/nekr.cz\/wp-content\/uploads\/2024\/08\/P1030028-1536x1152.jpg 1536w, https:\/\/nekr.cz\/wp-content\/uploads\/2024\/08\/P1030028-2048x1536.jpg 2048w, https:\/\/nekr.cz\/wp-content\/uploads\/2024\/08\/P1030028-16x12.jpg 16w, https:\/\/nekr.cz\/wp-content\/uploads\/2024\/08\/P1030028-600x450.jpg 600w\" data-sizes=\"(max-width: 300px) 100vw, 300px\" src=\"data:image\/gif;base64,R0lGODlhAQABAAAAACH5BAEKAAEALAAAAAABAAEAAAICTAEAOw==\" style=\"--smush-placeholder-width: 300px; --smush-placeholder-aspect-ratio: 300\/225;\" \/> <img decoding=\"async\" class=\"alignnone size-medium wp-image-2590 lazyload\" data-src=\"https:\/\/nekr.cz\/wp-content\/uploads\/2024\/08\/P1030018-300x225.jpg\" alt=\"\" width=\"300\" height=\"225\" data-srcset=\"https:\/\/nekr.cz\/wp-content\/uploads\/2024\/08\/P1030018-300x225.jpg 300w, https:\/\/nekr.cz\/wp-content\/uploads\/2024\/08\/P1030018-1024x768.jpg 1024w, https:\/\/nekr.cz\/wp-content\/uploads\/2024\/08\/P1030018-768x576.jpg 768w, https:\/\/nekr.cz\/wp-content\/uploads\/2024\/08\/P1030018-1536x1152.jpg 1536w, https:\/\/nekr.cz\/wp-content\/uploads\/2024\/08\/P1030018-2048x1536.jpg 2048w, https:\/\/nekr.cz\/wp-content\/uploads\/2024\/08\/P1030018-16x12.jpg 16w, https:\/\/nekr.cz\/wp-content\/uploads\/2024\/08\/P1030018-600x450.jpg 600w\" data-sizes=\"(max-width: 300px) 100vw, 300px\" src=\"data:image\/gif;base64,R0lGODlhAQABAAAAACH5BAEKAAEALAAAAAABAAEAAAICTAEAOw==\" style=\"--smush-placeholder-width: 300px; --smush-placeholder-aspect-ratio: 300\/225;\" \/><\/p>\n<p>&nbsp;<\/p>","protected":false},"excerpt":{"rendered":"<p>Opravujeme n\u00e1sady, v\u00fdlo\u017en\u00edky, hydraulick\u00e9 v\u00e1lce a dal\u0161\u00ed sou\u010d\u00e1sti bagr\u016f a naklada\u010d\u016f.<\/p>\n<p>&nbsp;<\/p>\n<p>&nbsp;<\/p>","protected":false},"featured_media":2567,"comment_status":"closed","ping_status":"closed","template":"","meta":{"_acf_changed":false},"product_brand":[],"product_cat":[91,58],"product_tag":[],"class_list":{"0":"post-2805","1":"product","2":"type-product","3":"status-publish","4":"has-post-thumbnail","6":"product_cat-servis-stavebnich-stroju","7":"product_cat-servis","9":"first","10":"instock","11":"shipping-taxable","12":"product-type-simple"},"acf":[],"_links":{"self":[{"href":"https:\/\/nekr.cz\/pl\/wp-json\/wp\/v2\/product\/2805","targetHints":{"allow":["GET"]}}],"collection":[{"href":"https:\/\/nekr.cz\/pl\/wp-json\/wp\/v2\/product"}],"about":[{"href":"https:\/\/nekr.cz\/pl\/wp-json\/wp\/v2\/types\/product"}],"replies":[{"embeddable":true,"href":"https:\/\/nekr.cz\/pl\/wp-json\/wp\/v2\/comments?post=2805"}],"wp:featuredmedia":[{"embeddable":true,"href":"https:\/\/nekr.cz\/pl\/wp-json\/wp\/v2\/media\/2567"}],"wp:attachment":[{"href":"https:\/\/nekr.cz\/pl\/wp-json\/wp\/v2\/media?parent=2805"}],"wp:term":[{"taxonomy":"product_brand","embeddable":true,"href":"https:\/\/nekr.cz\/pl\/wp-json\/wp\/v2\/product_brand?post=2805"},{"taxonomy":"product_cat","embeddable":true,"href":"https:\/\/nekr.cz\/pl\/wp-json\/wp\/v2\/product_cat?post=2805"},{"taxonomy":"product_tag","embeddable":true,"href":"https:\/\/nekr.cz\/pl\/wp-json\/wp\/v2\/product_tag?post=2805"}],"curies":[{"name":"wp","href":"https:\/\/api.w.org\/{rel}","templated":true}]}}