{"id":2628,"date":"2024-08-14T11:05:05","date_gmt":"2024-08-14T11:05:05","guid":{"rendered":"https:\/\/nekr.cz\/?post_type=product&#038;p=2628"},"modified":"2024-08-14T11:29:57","modified_gmt":"2024-08-14T11:29:57","slug":"horizontalni-vyvrtavacka-whn-13-8","status":"publish","type":"product","link":"https:\/\/nekr.cz\/pl\/produkt\/horizontalni-vyvrtavacka-whn-13-8\/","title":{"rendered":"Wytaczarka pozioma WHN 13.8"},"content":{"rendered":"<h5>Technick\u00e1 specifikace<\/h5>\n<p><strong><img decoding=\"async\" class=\"wp-image-2637 alignright lazyload\" data-src=\"https:\/\/nekr.cz\/wp-content\/uploads\/2024\/08\/Rozmery-WHN13.8-300x267.png\" alt=\"\" width=\"369\" height=\"328\" data-srcset=\"https:\/\/nekr.cz\/wp-content\/uploads\/2024\/08\/Rozmery-WHN13.8-300x267.png 300w, https:\/\/nekr.cz\/wp-content\/uploads\/2024\/08\/Rozmery-WHN13.8-768x683.png 768w, https:\/\/nekr.cz\/wp-content\/uploads\/2024\/08\/Rozmery-WHN13.8-13x12.png 13w, https:\/\/nekr.cz\/wp-content\/uploads\/2024\/08\/Rozmery-WHN13.8-600x534.png 600w, https:\/\/nekr.cz\/wp-content\/uploads\/2024\/08\/Rozmery-WHN13.8.png 806w\" data-sizes=\"(max-width: 369px) 100vw, 369px\" src=\"data:image\/gif;base64,R0lGODlhAQABAAAAACH5BAEKAAEALAAAAAABAAEAAAICTAEAOw==\" style=\"--smush-placeholder-width: 369px; --smush-placeholder-aspect-ratio: 369\/328;\" \/><\/strong><\/p>\n<p><strong>Pojezdy<\/strong><\/p>\n<table>\n<tbody>\n<tr>\n<td width=\"85\">Osa X<\/td>\n<td width=\"265\">3\u00a0500 mm<\/td>\n<\/tr>\n<tr>\n<td width=\"85\">Osa Y<\/td>\n<td width=\"265\">2 000 mm<\/td>\n<\/tr>\n<tr>\n<td width=\"85\">Osa Z<\/td>\n<td width=\"265\">1 250 mm<\/td>\n<\/tr>\n<tr>\n<td width=\"85\">Osa W<\/td>\n<td width=\"265\">800 mm<\/td>\n<\/tr>\n<tr>\n<td width=\"85\">Osa B<\/td>\n<td width=\"265\">180\u00b0<\/td>\n<\/tr>\n<\/tbody>\n<\/table>\n<p><strong>St\u016fl<\/strong><\/p>\n<table>\n<tbody>\n<tr>\n<td width=\"227\">Rozm\u011bry up\u00ednac\u00edho stolu<\/td>\n<td width=\"123\">1800 x 1800 mm<\/td>\n<\/tr>\n<tr>\n<td width=\"227\">Maxim\u00e1ln\u00ed hmotnost obrobku<\/td>\n<td width=\"123\">12\u00a0500 kg<\/td>\n<\/tr>\n<\/tbody>\n<\/table>\n<p>&nbsp;<\/p>\n<p>&nbsp;<\/p>\n<div style=\"width: 480px;\" class=\"wp-video\"><!--[if lt IE 9]><script>document.createElement('video');<\/script><![endif]-->\n<video class=\"wp-video-shortcode\" id=\"video-2628-1\" width=\"480\" height=\"848\" preload=\"metadata\" controls=\"controls\"><source type=\"video\/mp4\" src=\"https:\/\/nekr.cz\/wp-content\/uploads\/2024\/08\/Horizontka.mp4?_=1\" \/><a href=\"https:\/\/nekr.cz\/wp-content\/uploads\/2024\/08\/Horizontka.mp4\">https:\/\/nekr.cz\/wp-content\/uploads\/2024\/08\/Horizontka.mp4<\/a><\/video><\/div>","protected":false},"excerpt":{"rendered":"<p>Technick\u00e1 specifikace Pojezdy Osa X 3\u00a0500 mm Osa Y 2 000 mm Osa Z 1 250 mm Osa W 800 mm Osa B 180\u00b0 St\u016fl Rozm\u011bry up\u00ednac\u00edho stolu 1800 x 1800 mm Maxim\u00e1ln\u00ed hmotnost obrobku 12\u00a0500 kg &nbsp; &nbsp;<\/p>","protected":false},"featured_media":2627,"comment_status":"closed","ping_status":"closed","template":"","meta":{"_acf_changed":false},"product_brand":[],"product_cat":[92],"product_tag":[],"class_list":{"0":"post-2628","1":"product","2":"type-product","3":"status-publish","4":"has-post-thumbnail","6":"product_cat-vyrobni-technologie","8":"first","9":"instock","10":"shipping-taxable","11":"product-type-simple"},"acf":[],"_links":{"self":[{"href":"https:\/\/nekr.cz\/pl\/wp-json\/wp\/v2\/product\/2628","targetHints":{"allow":["GET"]}}],"collection":[{"href":"https:\/\/nekr.cz\/pl\/wp-json\/wp\/v2\/product"}],"about":[{"href":"https:\/\/nekr.cz\/pl\/wp-json\/wp\/v2\/types\/product"}],"replies":[{"embeddable":true,"href":"https:\/\/nekr.cz\/pl\/wp-json\/wp\/v2\/comments?post=2628"}],"wp:featuredmedia":[{"embeddable":true,"href":"https:\/\/nekr.cz\/pl\/wp-json\/wp\/v2\/media\/2627"}],"wp:attachment":[{"href":"https:\/\/nekr.cz\/pl\/wp-json\/wp\/v2\/media?parent=2628"}],"wp:term":[{"taxonomy":"product_brand","embeddable":true,"href":"https:\/\/nekr.cz\/pl\/wp-json\/wp\/v2\/product_brand?post=2628"},{"taxonomy":"product_cat","embeddable":true,"href":"https:\/\/nekr.cz\/pl\/wp-json\/wp\/v2\/product_cat?post=2628"},{"taxonomy":"product_tag","embeddable":true,"href":"https:\/\/nekr.cz\/pl\/wp-json\/wp\/v2\/product_tag?post=2628"}],"curies":[{"name":"wp","href":"https:\/\/api.w.org\/{rel}","templated":true}]}}