{"id":2312,"date":"2024-04-17T13:26:10","date_gmt":"2024-04-17T13:26:10","guid":{"rendered":"https:\/\/nekr.cz\/?post_type=product&#038;p=2312"},"modified":"2024-08-15T06:34:39","modified_gmt":"2024-08-15T06:34:39","slug":"desky-adaptacni","status":"publish","type":"product","link":"https:\/\/nekr.cz\/pl\/produkt\/desky-adaptacni\/","title":{"rendered":"P\u0142yty adaptacyjne"},"content":{"rendered":"","protected":false},"excerpt":{"rendered":"<p>Slou\u017e\u00ed k nasazen\u00ed p\u0159\u00edslu\u0161enstv\u00ed na z\u00e1v\u011bs stroje, v p\u0159\u00edpad\u011b, \u017ee se li\u0161\u00ed jejich up\u00edn\u00e1n\u00ed.<\/p>","protected":false},"featured_media":0,"comment_status":"closed","ping_status":"closed","template":"","meta":{"_acf_changed":false},"product_brand":[],"product_cat":[33],"product_tag":[],"class_list":{"0":"post-2312","1":"product","2":"type-product","3":"status-publish","5":"product_cat-desky-adaptacni-prechodove-zavesy","7":"first","8":"instock","9":"shipping-taxable","10":"product-type-simple"},"acf":[],"_links":{"self":[{"href":"https:\/\/nekr.cz\/pl\/wp-json\/wp\/v2\/product\/2312","targetHints":{"allow":["GET"]}}],"collection":[{"href":"https:\/\/nekr.cz\/pl\/wp-json\/wp\/v2\/product"}],"about":[{"href":"https:\/\/nekr.cz\/pl\/wp-json\/wp\/v2\/types\/product"}],"replies":[{"embeddable":true,"href":"https:\/\/nekr.cz\/pl\/wp-json\/wp\/v2\/comments?post=2312"}],"wp:attachment":[{"href":"https:\/\/nekr.cz\/pl\/wp-json\/wp\/v2\/media?parent=2312"}],"wp:term":[{"taxonomy":"product_brand","embeddable":true,"href":"https:\/\/nekr.cz\/pl\/wp-json\/wp\/v2\/product_brand?post=2312"},{"taxonomy":"product_cat","embeddable":true,"href":"https:\/\/nekr.cz\/pl\/wp-json\/wp\/v2\/product_cat?post=2312"},{"taxonomy":"product_tag","embeddable":true,"href":"https:\/\/nekr.cz\/pl\/wp-json\/wp\/v2\/product_tag?post=2312"}],"curies":[{"name":"wp","href":"https:\/\/api.w.org\/{rel}","templated":true}]}}