{"id":2234,"date":"2024-03-29T07:08:35","date_gmt":"2024-03-29T07:08:35","guid":{"rendered":"https:\/\/nekr.cz\/?post_type=product&#038;p=2234"},"modified":"2024-08-16T12:05:42","modified_gmt":"2024-08-16T12:05:42","slug":"hrot-rozryvaci","status":"publish","type":"product","link":"https:\/\/nekr.cz\/pl\/produkt\/hrot-rozryvaci\/","title":{"rendered":"Ko\u0144c\u00f3wka do wertykulacji"},"content":{"rendered":"<p><strong>Jsou ur\u010deny pro rozr\u00fdv\u00e1n\u00ed:<\/strong><\/p>\n<div id=\"text\">\n<ul>\n<li>Snadno rozr\u00fdvateln\u00fdch hornin (p\u00edskovec, v\u00e1penec, slepenec, j\u00edlov\u00e1 b\u0159idlice, v\u00e1pencov\u00e9 usazeniny, kaly aj.),<\/li>\n<li>m\u00e9n\u011b rozr\u00fdvateln\u00fdch hornin (tvrd\u00e9 j\u00edly, b\u0159idlice, vrstven\u00e9 a vyv\u0159el\u00e9 horniny aj.),<\/li>\n<li>pro pou\u017eit\u00ed v obt\u00ed\u017en\u011b rozr\u00fdvateln\u00fdch hornin\u00e1ch (rozru\u0161en\u00e1 \u017eula, zv\u011btral\u00e9 vyv\u0159eliny aj.) &#8211; nutno konzultovat s v\u00fdrobcem.<\/li>\n<\/ul>\n<\/div>","protected":false},"excerpt":{"rendered":"<p>Jsou ur\u010deny pro rozr\u00fdv\u00e1n\u00ed: Snadno rozr\u00fdvateln\u00fdch hornin (p\u00edskovec, v\u00e1penec, slepenec, j\u00edlov\u00e1 b\u0159idlice, v\u00e1pencov\u00e9 usazeniny, kaly aj.), m\u00e9n\u011b rozr\u00fdvateln\u00fdch hornin (tvrd\u00e9 j\u00edly, b\u0159idlice, vrstven\u00e9 a vyv\u0159el\u00e9 horniny aj.), pro pou\u017eit\u00ed v obt\u00ed\u017en\u011b rozr\u00fdvateln\u00fdch hornin\u00e1ch (rozru\u0161en\u00e1 \u017eula, zv\u011btral\u00e9 vyv\u0159eliny aj.) &#8211; nutno konzultovat s v\u00fdrobcem.<\/p>","protected":false},"featured_media":1972,"comment_status":"closed","ping_status":"closed","template":"","meta":{"_acf_changed":false},"product_brand":[],"product_cat":[31],"product_tag":[],"class_list":{"0":"post-2234","1":"product","2":"type-product","3":"status-publish","4":"has-post-thumbnail","6":"product_cat-hroty-rozryvaci","8":"first","9":"instock","10":"shipping-taxable","11":"product-type-simple"},"acf":[],"_links":{"self":[{"href":"https:\/\/nekr.cz\/pl\/wp-json\/wp\/v2\/product\/2234","targetHints":{"allow":["GET"]}}],"collection":[{"href":"https:\/\/nekr.cz\/pl\/wp-json\/wp\/v2\/product"}],"about":[{"href":"https:\/\/nekr.cz\/pl\/wp-json\/wp\/v2\/types\/product"}],"replies":[{"embeddable":true,"href":"https:\/\/nekr.cz\/pl\/wp-json\/wp\/v2\/comments?post=2234"}],"wp:featuredmedia":[{"embeddable":true,"href":"https:\/\/nekr.cz\/pl\/wp-json\/wp\/v2\/media\/1972"}],"wp:attachment":[{"href":"https:\/\/nekr.cz\/pl\/wp-json\/wp\/v2\/media?parent=2234"}],"wp:term":[{"taxonomy":"product_brand","embeddable":true,"href":"https:\/\/nekr.cz\/pl\/wp-json\/wp\/v2\/product_brand?post=2234"},{"taxonomy":"product_cat","embeddable":true,"href":"https:\/\/nekr.cz\/pl\/wp-json\/wp\/v2\/product_cat?post=2234"},{"taxonomy":"product_tag","embeddable":true,"href":"https:\/\/nekr.cz\/pl\/wp-json\/wp\/v2\/product_tag?post=2234"}],"curies":[{"name":"wp","href":"https:\/\/api.w.org\/{rel}","templated":true}]}}