{"id":2111,"date":"2024-03-26T13:03:14","date_gmt":"2024-03-26T13:03:14","guid":{"rendered":"https:\/\/nekr.cz\/?post_type=product&#038;p=2111"},"modified":"2024-08-30T13:20:19","modified_gmt":"2024-08-30T13:20:19","slug":"lopata-riprova","status":"publish","type":"product","link":"https:\/\/nekr.cz\/pl\/produkt\/lopata-riprova\/","title":{"rendered":"Lopata riprov\u00e1"},"content":{"rendered":"<p>V n\u011bkter\u00fdch typech hornin je mo\u017en\u00e9 touto lopatou nahradit pr\u00e1ci <a href=\"https:\/\/nekr.cz\/pl\/produkt\/hrot-rozryvaci\/\">rozr\u00fdvac\u00edho hrotu<\/a> nebo hydraulick\u00e9ho kladiva. P\u0159i pr\u00e1ci s rozr\u00fdvac\u00edm hrotem nebo kladivem je pot\u0159eba horninu rozru\u0161it a potom upnout lopatu a v\u00fdkop do\u010distit. Pou\u017eit\u00edm riprov\u00e9 lopaty tento proces v\u00fdrazn\u011b zrychl\u00ed, proto\u017ee rozru\u0161en\u00fd materi\u00e1l p\u0159\u00edmo nab\u00edr\u00e1.<\/p>\n<p>Dal\u0161\u00ed v\u00fdhodou je, \u017ee rypn\u00e1 s\u00edla bagru je p\u0159en\u00e1\u0161ena postupn\u011b t\u0159emi zuby a sou\u010dasn\u011b m\u00e1 lopata men\u0161\u00ed vzd\u00e1lenost od \u010depu k b\u0159itu ne\u017e b\u011b\u017en\u00fd podkop. D\u00edky tomu je vyvinuta maxim\u00e1ln\u00ed s\u00edla postupn\u011b na ka\u017ed\u00fd zub.<\/p>\n<p>Lopata se osv\u011bd\u010dila p\u0159i b\u011b\u017en\u00fdch v\u00fdkopech vodovod\u016f a kanalizac\u00ed, ale i p\u0159i hrub\u00e9 pr\u00e1ci v lomu.<\/p>\n<h4>Z\u00e1kladn\u00ed parametry:<\/h4>\n<table width=\"100%\">\n<tbody>\n<tr>\n<td width=\"20%\"><strong>Ozna\u010den\u00ed<\/strong><\/td>\n<td width=\"20%\"><strong>Ton\u00e1\u017e r\u00fdpadla<\/strong><\/td>\n<td width=\"20%\"><strong>\u0160\u00ed\u0159ka<\/strong><\/td>\n<td width=\"20%\"><strong>Objem<\/strong><\/td>\n<td width=\"20%\"><strong>Hmotnost<\/strong><\/td>\n<\/tr>\n<tr>\n<td width=\"20%\"><strong>RL 1<\/strong><\/td>\n<td width=\"20%\">3 \u2013 6 tun<\/td>\n<td width=\"20%\">0,3 m<\/td>\n<td width=\"20%\">0,07 m<sup>3<\/sup><\/td>\n<td width=\"20%\">100 kg<\/td>\n<\/tr>\n<tr>\n<td width=\"20%\"><strong>RL 2<\/strong><\/td>\n<td width=\"20%\">6 \u2013 10 tun<\/td>\n<td width=\"20%\">0,4 m<\/td>\n<td width=\"20%\">0,1 m<sup>3<\/sup><\/td>\n<td width=\"20%\">190 kg<\/td>\n<\/tr>\n<tr>\n<td width=\"20%\"><strong>RL 3<\/strong><\/td>\n<td width=\"20%\">10 \u2013 13 tun<\/td>\n<td width=\"20%\">0,4 m<\/td>\n<td width=\"20%\">0,12 m<sup>3<\/sup><\/td>\n<td width=\"20%\">250 kg<\/td>\n<\/tr>\n<tr>\n<td width=\"20%\"><strong>RL 4<\/strong><\/td>\n<td width=\"20%\">13 \u2013 18 tun<\/td>\n<td width=\"20%\">0,5 m<\/td>\n<td width=\"20%\">0,15 m<sup>3<\/sup><\/td>\n<td width=\"20%\">400 kg<\/td>\n<\/tr>\n<tr>\n<td width=\"20%\"><strong>RL 5<\/strong><\/td>\n<td width=\"20%\">18 \u2013 22 tun<\/td>\n<td width=\"20%\">0,6 m<\/td>\n<td width=\"20%\">0,23 m<sup>3<\/sup><\/td>\n<td width=\"20%\">620 kg<\/td>\n<\/tr>\n<tr>\n<td width=\"20%\"><strong>RL 6<\/strong><\/td>\n<td width=\"20%\">22 \u2013 30 tun<\/td>\n<td width=\"20%\">0,9 m<\/td>\n<td width=\"20%\">0,5 m<sup>3<\/sup><\/td>\n<td width=\"20%\">980 kg<\/td>\n<\/tr>\n<tr>\n<td width=\"20%\"><strong>RL 7<\/strong><\/td>\n<td width=\"20%\">30 \u2013 40 tun<\/td>\n<td width=\"20%\">1 m<\/td>\n<td width=\"20%\">0,7 m<sup>3<\/sup><\/td>\n<td width=\"20%\">1 600 kg<\/td>\n<\/tr>\n<tr>\n<td width=\"20%\"><strong>RL 8<\/strong><\/td>\n<td width=\"20%\">40 \u2013 50 tun<\/td>\n<td width=\"20%\">1,1 m<\/td>\n<td width=\"20%\">1 m<sup>3<\/sup><\/td>\n<td width=\"20%\">2 200 kg<\/td>\n<\/tr>\n<tr>\n<td width=\"20%\"><strong>RL 9<\/strong><\/td>\n<td width=\"20%\">50 \u2013 80 tun<\/td>\n<td width=\"20%\">1,2 m<\/td>\n<td width=\"20%\">1,3 m<sup>3<\/sup><\/td>\n<td width=\"20%\">2 700 kg<\/td>\n<\/tr>\n<tr>\n<td width=\"20%\"><strong>RL 10<\/strong><\/td>\n<td width=\"20%\">80 \u2013 100 tun<\/td>\n<td width=\"20%\">1,4 m<\/td>\n<td width=\"20%\">1,8 m<sup>3<\/sup><\/td>\n<td width=\"20%\">3 500 kg<\/td>\n<\/tr>\n<\/tbody>\n<\/table>\n<p>&nbsp;<\/p>\n<p>Porovn\u00e1n\u00ed rychlosti pr\u00e1ce s riprovou lopatou a hydraulick\u00fdm kladivem na v\u00fdkopu pro vodovod:<\/p>\n<p><iframe title=\"Riprov\u00e1 lopata RL5 - NEKR SERVIS s.r.o.\" width=\"500\" height=\"281\" data-src=\"https:\/\/www.youtube.com\/embed\/etaVKQ59b6A?feature=oembed\" frameborder=\"0\" allow=\"accelerometer; autoplay; clipboard-write; encrypted-media; gyroscope; picture-in-picture; web-share\" referrerpolicy=\"strict-origin-when-cross-origin\" allowfullscreen src=\"data:image\/gif;base64,R0lGODlhAQABAAAAACH5BAEKAAEALAAAAAABAAEAAAICTAEAOw==\" class=\"lazyload\" data-load-mode=\"1\"><\/iframe><\/p>\n<p>&nbsp;<\/p>\n<p>&nbsp;<\/p>","protected":false},"excerpt":{"rendered":"<p>Riprov\u00e9 lopaty jsou ur\u010deny k rozru\u0161ov\u00e1n\u00ed a rozpojov\u00e1n\u00ed hornin, kter\u00e9 jsou b\u011b\u017en\u00fdmi l\u017eicemi obt\u00ed\u017en\u011b rozpojiteln\u00e9.<\/p>","protected":false},"featured_media":2128,"comment_status":"closed","ping_status":"closed","template":"","meta":{"_acf_changed":false},"product_brand":[],"product_cat":[24],"product_tag":[],"class_list":{"0":"post-2111","1":"product","2":"type-product","3":"status-publish","4":"has-post-thumbnail","6":"product_cat-lopaty-na-bagry","8":"first","9":"instock","10":"shipping-taxable","11":"product-type-simple"},"acf":[],"_links":{"self":[{"href":"https:\/\/nekr.cz\/pl\/wp-json\/wp\/v2\/product\/2111","targetHints":{"allow":["GET"]}}],"collection":[{"href":"https:\/\/nekr.cz\/pl\/wp-json\/wp\/v2\/product"}],"about":[{"href":"https:\/\/nekr.cz\/pl\/wp-json\/wp\/v2\/types\/product"}],"replies":[{"embeddable":true,"href":"https:\/\/nekr.cz\/pl\/wp-json\/wp\/v2\/comments?post=2111"}],"wp:featuredmedia":[{"embeddable":true,"href":"https:\/\/nekr.cz\/pl\/wp-json\/wp\/v2\/media\/2128"}],"wp:attachment":[{"href":"https:\/\/nekr.cz\/pl\/wp-json\/wp\/v2\/media?parent=2111"}],"wp:term":[{"taxonomy":"product_brand","embeddable":true,"href":"https:\/\/nekr.cz\/pl\/wp-json\/wp\/v2\/product_brand?post=2111"},{"taxonomy":"product_cat","embeddable":true,"href":"https:\/\/nekr.cz\/pl\/wp-json\/wp\/v2\/product_cat?post=2111"},{"taxonomy":"product_tag","embeddable":true,"href":"https:\/\/nekr.cz\/pl\/wp-json\/wp\/v2\/product_tag?post=2111"}],"curies":[{"name":"wp","href":"https:\/\/api.w.org\/{rel}","templated":true}]}}