{"id":1930,"date":"2024-03-18T15:46:48","date_gmt":"2024-03-18T15:46:48","guid":{"rendered":"https:\/\/nekr.cz\/?post_type=product&#038;p=1930"},"modified":"2024-08-18T13:07:40","modified_gmt":"2024-08-18T13:07:40","slug":"lopaty-xd-test","status":"publish","type":"product","link":"https:\/\/nekr.cz\/pl\/produkt\/lopaty-xd-test\/","title":{"rendered":"Lopata XD"},"content":{"rendered":"","protected":false},"excerpt":{"rendered":"<p>Lopata XD (= extreme duty,\u00a0 extr\u00e9mn\u00ed zat\u00ed\u017een\u00ed) pro pr\u00e1ci v t\u011b\u017ece t\u011b\u017eiteln\u00e9m materi\u00e1lu (t\u0159ida 5 a vy\u0161\u0161\u00ed). Proveden\u00ed lopaty je vyrobeno z vysoce ot\u011bruvzdorn\u00fdch materi\u00e1l\u016f. Konstrukce lopaty zaji\u0161\u0165uje vysokou pevnost a odolnost proti provozn\u00edmu nam\u00e1h\u00e1n\u00ed. Lze dodat s rovn\u00fdm i \u0161\u00edpov\u00fdm b\u0159item a panc\u00e9\u0159ov\u00e1n\u00edm proti ot\u011bru dle po\u017eadavku z\u00e1kazn\u00edka.<\/p>","protected":false},"featured_media":2100,"comment_status":"closed","ping_status":"closed","template":"","meta":{"_acf_changed":false},"product_brand":[],"product_cat":[24],"product_tag":[102,93,101],"class_list":{"0":"post-1930","1":"product","2":"type-product","3":"status-publish","4":"has-post-thumbnail","6":"product_cat-lopaty-na-bagry","7":"product_tag-extremni-zatizeni","8":"product_tag-lopata","9":"product_tag-lopata-xd","11":"first","12":"instock","13":"shipping-taxable","14":"product-type-simple"},"acf":[],"_links":{"self":[{"href":"https:\/\/nekr.cz\/pl\/wp-json\/wp\/v2\/product\/1930","targetHints":{"allow":["GET"]}}],"collection":[{"href":"https:\/\/nekr.cz\/pl\/wp-json\/wp\/v2\/product"}],"about":[{"href":"https:\/\/nekr.cz\/pl\/wp-json\/wp\/v2\/types\/product"}],"replies":[{"embeddable":true,"href":"https:\/\/nekr.cz\/pl\/wp-json\/wp\/v2\/comments?post=1930"}],"wp:featuredmedia":[{"embeddable":true,"href":"https:\/\/nekr.cz\/pl\/wp-json\/wp\/v2\/media\/2100"}],"wp:attachment":[{"href":"https:\/\/nekr.cz\/pl\/wp-json\/wp\/v2\/media?parent=1930"}],"wp:term":[{"taxonomy":"product_brand","embeddable":true,"href":"https:\/\/nekr.cz\/pl\/wp-json\/wp\/v2\/product_brand?post=1930"},{"taxonomy":"product_cat","embeddable":true,"href":"https:\/\/nekr.cz\/pl\/wp-json\/wp\/v2\/product_cat?post=1930"},{"taxonomy":"product_tag","embeddable":true,"href":"https:\/\/nekr.cz\/pl\/wp-json\/wp\/v2\/product_tag?post=1930"}],"curies":[{"name":"wp","href":"https:\/\/api.w.org\/{rel}","templated":true}]}}