{"id":1919,"date":"2024-03-18T15:45:16","date_gmt":"2024-03-18T15:45:16","guid":{"rendered":"https:\/\/nekr.cz\/?post_type=product&#038;p=1919"},"modified":"2024-08-18T13:16:11","modified_gmt":"2024-08-18T13:16:11","slug":"lopaty-sd-test","status":"publish","type":"product","link":"https:\/\/nekr.cz\/pl\/produkt\/lopaty-sd-test\/","title":{"rendered":"Lopata SD"},"content":{"rendered":"","protected":false},"excerpt":{"rendered":"<p>Lopata SD (=severe duty, t\u011b\u017ek\u00e9 zat\u00ed\u017een\u00ed) je ur\u010dena pro pr\u00e1ci ve v\u00edce abrazivn\u00edm prost\u0159ed\u00ed (t\u0159\u00edda 5 v\u00fd\u0161e) jako je p\u00edskovec, \u010dedi\u010d, \u017eula apod.<\/p>","protected":false},"featured_media":2130,"comment_status":"closed","ping_status":"closed","template":"","meta":{"_acf_changed":false},"product_brand":[],"product_cat":[24],"product_tag":[93,104,103],"class_list":{"0":"post-1919","1":"product","2":"type-product","3":"status-publish","4":"has-post-thumbnail","6":"product_cat-lopaty-na-bagry","7":"product_tag-lopata","8":"product_tag-lopata-sd","9":"product_tag-tezke-zatizeni","11":"first","12":"instock","13":"shipping-taxable","14":"product-type-simple"},"acf":[],"_links":{"self":[{"href":"https:\/\/nekr.cz\/pl\/wp-json\/wp\/v2\/product\/1919","targetHints":{"allow":["GET"]}}],"collection":[{"href":"https:\/\/nekr.cz\/pl\/wp-json\/wp\/v2\/product"}],"about":[{"href":"https:\/\/nekr.cz\/pl\/wp-json\/wp\/v2\/types\/product"}],"replies":[{"embeddable":true,"href":"https:\/\/nekr.cz\/pl\/wp-json\/wp\/v2\/comments?post=1919"}],"wp:featuredmedia":[{"embeddable":true,"href":"https:\/\/nekr.cz\/pl\/wp-json\/wp\/v2\/media\/2130"}],"wp:attachment":[{"href":"https:\/\/nekr.cz\/pl\/wp-json\/wp\/v2\/media?parent=1919"}],"wp:term":[{"taxonomy":"product_brand","embeddable":true,"href":"https:\/\/nekr.cz\/pl\/wp-json\/wp\/v2\/product_brand?post=1919"},{"taxonomy":"product_cat","embeddable":true,"href":"https:\/\/nekr.cz\/pl\/wp-json\/wp\/v2\/product_cat?post=1919"},{"taxonomy":"product_tag","embeddable":true,"href":"https:\/\/nekr.cz\/pl\/wp-json\/wp\/v2\/product_tag?post=1919"}],"curies":[{"name":"wp","href":"https:\/\/api.w.org\/{rel}","templated":true}]}}