{"id":1873,"date":"2024-03-11T17:52:51","date_gmt":"2024-03-11T17:52:51","guid":{"rendered":"https:\/\/nekr.cz\/?post_type=product&#038;p=1873"},"modified":"2024-08-16T12:57:15","modified_gmt":"2024-08-16T12:57:15","slug":"lopaty-hd-test","status":"publish","type":"product","link":"https:\/\/nekr.cz\/pl\/produkt\/lopaty-hd-test\/","title":{"rendered":"Lopata HD"},"content":{"rendered":"<table>\n<tbody>\n<tr>\n<td width=\"201\">\n<p style=\"text-align: center;\"><strong>Ton\u00e1\u017e bagr<\/strong><\/p>\n<\/td>\n<td style=\"text-align: center;\" width=\"201\"><strong>\u0160\u00ed\u0159ka<\/strong><\/td>\n<td style=\"text-align: center;\" width=\"201\"><strong>Objem m3<\/strong><\/td>\n<\/tr>\n<tr>\n<td width=\"201\">\n<p style=\"text-align: center;\">6-8 t<\/p>\n<\/td>\n<td style=\"text-align: center;\" width=\"201\">0,3 \u2013 1 m<\/td>\n<td style=\"text-align: center;\" width=\"201\">0,09 \u2013 0,39 m3<\/td>\n<\/tr>\n<tr>\n<td style=\"text-align: center;\" width=\"201\">8-10 t<\/td>\n<td style=\"text-align: center;\" width=\"201\">0,3 \u2013 1 m<\/td>\n<td width=\"201\">\n<p style=\"text-align: center;\">0,105 \u2013 0,465 m3<\/p>\n<\/td>\n<\/tr>\n<tr>\n<td width=\"201\">\n<p style=\"text-align: center;\">10-12 t<\/p>\n<\/td>\n<td style=\"text-align: center;\" width=\"201\">0,3 \u2013 1,3 m<\/td>\n<td style=\"text-align: center;\" width=\"201\">0,11 \u2013 0,7 m3<\/td>\n<\/tr>\n<tr>\n<td width=\"201\">\n<p style=\"text-align: center;\">12-15 t<\/p>\n<\/td>\n<td style=\"text-align: center;\" width=\"201\">0,45 \u2013 1,3 m<\/td>\n<td width=\"201\">\n<p style=\"text-align: center;\">0,22 \u2013 0,83 m3<\/p>\n<\/td>\n<\/tr>\n<tr>\n<td style=\"text-align: center;\" width=\"201\">15-18 t<\/td>\n<td style=\"text-align: center;\" width=\"201\">0,5 \u2013 1,5 m<\/td>\n<td width=\"201\">\n<p style=\"text-align: center;\">0,33 \u2013 1,21 m3<\/p>\n<\/td>\n<\/tr>\n<tr>\n<td width=\"201\">\n<p style=\"text-align: center;\">18-22 t<\/p>\n<\/td>\n<td style=\"text-align: center;\" width=\"201\">0,6 \u2013 1,6 m<\/td>\n<td style=\"text-align: center;\" width=\"201\">0,44 \u2013 1,45 m3<\/td>\n<\/tr>\n<tr>\n<td style=\"text-align: center;\" width=\"201\">22-29 t<\/td>\n<td style=\"text-align: center;\" width=\"201\">0,6 \u2013 1,8 m<\/td>\n<td width=\"201\">\n<p style=\"text-align: center;\">0,5 \u2013 1,88 m3<\/p>\n<\/td>\n<\/tr>\n<tr>\n<td width=\"201\">\n<p style=\"text-align: center;\">29-33 t<\/p>\n<\/td>\n<td style=\"text-align: center;\" width=\"201\">0,7 \u2013 1,8 m<\/td>\n<td style=\"text-align: center;\" width=\"201\">0,63 \u2013 2,02 m3<\/td>\n<\/tr>\n<tr>\n<td style=\"text-align: center;\" width=\"201\">33-42 t<\/td>\n<td style=\"text-align: center;\" width=\"201\">0,7 \u2013 1,9 m<\/td>\n<td width=\"201\">\n<p style=\"text-align: center;\">0,76 \u2013 2,51 m3<\/p>\n<\/td>\n<\/tr>\n<tr>\n<td style=\"text-align: center;\" width=\"201\">42-55 t<\/td>\n<td style=\"text-align: center;\" width=\"201\">0,9 \u2013 2,2 m<\/td>\n<td width=\"201\">\n<p style=\"text-align: center;\">1,18 \u2013 3,55 m3<\/p>\n<\/td>\n<\/tr>\n<\/tbody>\n<\/table>","protected":false},"excerpt":{"rendered":"<p>Lopata HD (= heavy duty, velk\u00e9 zat\u00ed\u017een\u00ed) je nejv\u00edce vyr\u00e1b\u011bnou kategori\u00ed. Sv\u00e9 vyu\u017eit\u00ed najde p\u0159i pr\u00e1ci ve st\u0159edn\u011b t\u011b\u017eiteln\u00e9m materi\u00e1lu t\u0159\u00eddy 5 &#8211; 6 (j\u00edl, sm\u011bs j\u00edlu a kamene, stavebn\u00ed suti a jin\u00e9 st\u0159edn\u011b abrazivn\u00ed materi\u00e1ly).<\/p>","protected":false},"featured_media":2099,"comment_status":"closed","ping_status":"closed","template":"","meta":{"_acf_changed":false},"product_brand":[],"product_cat":[24],"product_tag":[93,98,96],"class_list":{"0":"post-1873","1":"product","2":"type-product","3":"status-publish","4":"has-post-thumbnail","6":"product_cat-lopaty-na-bagry","7":"product_tag-lopata","8":"product_tag-lopata-hd","9":"product_tag-nekr","11":"first","12":"instock","13":"shipping-taxable","14":"product-type-simple"},"acf":[],"_links":{"self":[{"href":"https:\/\/nekr.cz\/pl\/wp-json\/wp\/v2\/product\/1873","targetHints":{"allow":["GET"]}}],"collection":[{"href":"https:\/\/nekr.cz\/pl\/wp-json\/wp\/v2\/product"}],"about":[{"href":"https:\/\/nekr.cz\/pl\/wp-json\/wp\/v2\/types\/product"}],"replies":[{"embeddable":true,"href":"https:\/\/nekr.cz\/pl\/wp-json\/wp\/v2\/comments?post=1873"}],"wp:featuredmedia":[{"embeddable":true,"href":"https:\/\/nekr.cz\/pl\/wp-json\/wp\/v2\/media\/2099"}],"wp:attachment":[{"href":"https:\/\/nekr.cz\/pl\/wp-json\/wp\/v2\/media?parent=1873"}],"wp:term":[{"taxonomy":"product_brand","embeddable":true,"href":"https:\/\/nekr.cz\/pl\/wp-json\/wp\/v2\/product_brand?post=1873"},{"taxonomy":"product_cat","embeddable":true,"href":"https:\/\/nekr.cz\/pl\/wp-json\/wp\/v2\/product_cat?post=1873"},{"taxonomy":"product_tag","embeddable":true,"href":"https:\/\/nekr.cz\/pl\/wp-json\/wp\/v2\/product_tag?post=1873"}],"curies":[{"name":"wp","href":"https:\/\/api.w.org\/{rel}","templated":true}]}}