{"id":1694,"date":"2024-03-01T11:56:49","date_gmt":"2024-03-01T11:56:49","guid":{"rendered":"https:\/\/nekr.cz\/?post_type=product&#038;p=1694"},"modified":"2024-08-15T10:18:31","modified_gmt":"2024-08-15T10:18:31","slug":"rychloupinace-lehnhoff-ms-hs","status":"publish","type":"product","link":"https:\/\/nekr.cz\/pl\/produkt\/rychloupinace-lehnhoff-ms-hs\/","title":{"rendered":"Rychloup\u00edna\u010d Lehnhoff MS, HS"},"content":{"rendered":"<p>Rychloup\u00edna\u010de typu LEHNHOFF vyr\u00e1b\u00edme mechanick\u00e9 i hydraulick\u00e9 ve velikostech:<\/p>\n<ul>\n<li>MS 01, HS 01<\/li>\n<li>MS 03, HS 03<\/li>\n<li>MS 08, HS 08<\/li>\n<li>MS 10, HS 10<\/li>\n<li>MS 21, HS 21<\/li>\n<li>MS 25, HS 25<\/li>\n<\/ul>\n<p>Tento typ rychloup\u00edna\u010de je velmi roz\u0161\u00ed\u0159en na stroj\u00edch r\u016fzn\u00fdch zna\u010dek.<\/p>\n<p>Horn\u00ed uchycen\u00ed rychloup\u00edna\u010de na bagr m\u016f\u017eeme p\u0159izp\u016fsobit Va\u0161emu stroji, tak\u017ee pokud m\u00e1te lopaty s up\u00edn\u00e1n\u00edm LEHNHOFF a koup\u00edte si r\u00fdpadlo od jin\u00e9ho v\u00fdrobce, m\u016f\u017eeme V\u00e1m vyrobit rychloup\u00edna\u010d, kter\u00fdm upnete Va\u0161e p\u016fvodn\u00ed lopaty.<\/p>","protected":false},"excerpt":{"rendered":"<p>Rychloup\u00edna\u010de typu LEHNHOFF vyr\u00e1b\u00edme mechanick\u00e9 i hydraulick\u00e9 ve velikostech: MS 01, HS 01 MS 03, HS 03 MS 08, HS 08 MS 10, HS 10 MS 21, HS 21 MS 25, HS 25 Tento typ rychloup\u00edna\u010de je velmi roz\u0161\u00ed\u0159en na stroj\u00edch r\u016fzn\u00fdch zna\u010dek. Horn\u00ed uchycen\u00ed rychloup\u00edna\u010de na bagr m\u016f\u017eeme p\u0159izp\u016fsobit Va\u0161emu stroji, tak\u017ee pokud m\u00e1te [&hellip;]<\/p>","protected":false},"featured_media":2074,"comment_status":"closed","ping_status":"closed","template":"","meta":{"_acf_changed":false},"product_brand":[],"product_cat":[22],"product_tag":[],"class_list":{"0":"post-1694","1":"product","2":"type-product","3":"status-publish","4":"has-post-thumbnail","6":"product_cat-rychloupinace","8":"first","9":"instock","10":"shipping-taxable","11":"product-type-simple"},"acf":[],"_links":{"self":[{"href":"https:\/\/nekr.cz\/pl\/wp-json\/wp\/v2\/product\/1694","targetHints":{"allow":["GET"]}}],"collection":[{"href":"https:\/\/nekr.cz\/pl\/wp-json\/wp\/v2\/product"}],"about":[{"href":"https:\/\/nekr.cz\/pl\/wp-json\/wp\/v2\/types\/product"}],"replies":[{"embeddable":true,"href":"https:\/\/nekr.cz\/pl\/wp-json\/wp\/v2\/comments?post=1694"}],"wp:featuredmedia":[{"embeddable":true,"href":"https:\/\/nekr.cz\/pl\/wp-json\/wp\/v2\/media\/2074"}],"wp:attachment":[{"href":"https:\/\/nekr.cz\/pl\/wp-json\/wp\/v2\/media?parent=1694"}],"wp:term":[{"taxonomy":"product_brand","embeddable":true,"href":"https:\/\/nekr.cz\/pl\/wp-json\/wp\/v2\/product_brand?post=1694"},{"taxonomy":"product_cat","embeddable":true,"href":"https:\/\/nekr.cz\/pl\/wp-json\/wp\/v2\/product_cat?post=1694"},{"taxonomy":"product_tag","embeddable":true,"href":"https:\/\/nekr.cz\/pl\/wp-json\/wp\/v2\/product_tag?post=1694"}],"curies":[{"name":"wp","href":"https:\/\/api.w.org\/{rel}","templated":true}]}}