{"id":694,"date":"2024-02-03T13:47:08","date_gmt":"2024-02-03T13:47:08","guid":{"rendered":"https:\/\/nekr.cz\/?page_id=694"},"modified":"2024-11-08T09:35:06","modified_gmt":"2024-11-08T09:35:06","slug":"kontakty","status":"publish","type":"page","link":"https:\/\/nekr.cz\/pl\/kontakt\/","title":{"rendered":"Kontakty"},"content":{"rendered":"<section id=\"zamestnanci\" class=\"bde-section-694-115 bde-section\">\n  \n  \n\t\n\n\n\n<div class=\"section-container\"><div class=\"bde-columns-694-153 bde-columns\"><div class=\"bde-column-694-155 bde-column\">\n  \n  \n\t\n\n\n\n<div class=\"bde-post-loop-694-152 bde-post-loop\" data-entrance=\"slideRight\">\n<div class=\"ee-posts ee-posts-grid\">    <article class=\"ee-post\">\n    <div class=\"bde-div-684-280-1157-684-1 bde-div bde-div-684-280\">\n  \n  \n\t\n\n\n\n<h2 class=\"bde-heading-684-277-1157-684-1 bde-heading bde-heading-684-277\">\nSvatoslav Je\u017eek\n<\/h2><div class=\"bde-text-684-278-1157-684-1 bde-text bde-text-684-278\">\nDyrektor zarz\u0105dzaj\u0105cy\n<\/div><div class=\"bde-grid-684-452-1157-684-1 bde-grid bde-grid-684-452\">\n  \n  \n\t\n\n\n\n<div class=\"bde-icon-list-684-453-1157-684-1 bde-icon-list bde-icon-list-684-453 bde-icon-list--background\">\n<ul>\n  \n              \n    <li>\n              <div class='bde-icon-list__item-wrapper'>\n      \n      <span class='bde-icon-list__icon'>\n        <svg xmlns=\"http:\/\/www.w3.org\/2000\/svg\" viewbox=\"0 0 512 512\"><!-- Font Awesome Free 5.15.1 by @fontawesome - https:\/\/fontawesome.com License - https:\/\/fontawesome.com\/license\/free (Icons: CC BY 4.0, Fonts: SIL OFL 1.1, Code: MIT License) --><path d=\"M497.39 361.8l-112-48a24 24 0 0 0-28 6.9l-49.6 60.6A370.66 370.66 0 0 1 130.6 204.11l60.6-49.6a23.94 23.94 0 0 0 6.9-28l-48-112A24.16 24.16 0 0 0 122.6.61l-104 24A24 24 0 0 0 0 48c0 256.5 207.9 464 464 464a24 24 0 0 0 23.4-18.6l24-104a24.29 24.29 0 0 0-14.01-27.6z\"\/><\/svg>\n      <\/span>\n      <span class='bde-icon-list__text' >\n      +420 723 330 900\n      <\/span>\n              <\/div>\n      \n    <\/li>\n\n  <\/ul>\n\n<\/div><div class=\"bde-icon-list-684-455-1157-684-1 bde-icon-list bde-icon-list-684-455 bde-icon-list--background\">\n<ul>\n  \n              \n    <li>\n              <div class='bde-icon-list__item-wrapper'>\n      \n      <span class='bde-icon-list__icon'>\n        <svg xmlns=\"http:\/\/www.w3.org\/2000\/svg\" xmlns:xlink=\"http:\/\/www.w3.org\/1999\/xlink\" fill=\"#000000\" height=\"800px\" width=\"800px\" version=\"1.1\" id=\"Capa_1\" viewbox=\"0 0 75.294 75.294\" xml:space=\"preserve\">\r\n<g>\r\n\t<path d=\"M66.097,12.089h-56.9C4.126,12.089,0,16.215,0,21.286v32.722c0,5.071,4.126,9.197,9.197,9.197h56.9   c5.071,0,9.197-4.126,9.197-9.197V21.287C75.295,16.215,71.169,12.089,66.097,12.089z M61.603,18.089L37.647,33.523L13.691,18.089   H61.603z M66.097,57.206h-56.9C7.434,57.206,6,55.771,6,54.009V21.457l29.796,19.16c0.04,0.025,0.083,0.042,0.124,0.065   c0.043,0.024,0.087,0.047,0.131,0.069c0.231,0.119,0.469,0.215,0.712,0.278c0.025,0.007,0.05,0.01,0.075,0.016   c0.267,0.063,0.537,0.102,0.807,0.102c0.001,0,0.002,0,0.002,0c0.002,0,0.003,0,0.004,0c0.27,0,0.54-0.038,0.807-0.102   c0.025-0.006,0.05-0.009,0.075-0.016c0.243-0.063,0.48-0.159,0.712-0.278c0.044-0.022,0.088-0.045,0.131-0.069   c0.041-0.023,0.084-0.04,0.124-0.065l29.796-19.16v32.551C69.295,55.771,67.86,57.206,66.097,57.206z\"\/>\r\n<\/g>\r\n<\/svg>\n      <\/span>\n      <span class='bde-icon-list__text' >\n      jezek@nekr.cz\n      <\/span>\n              <\/div>\n      \n    <\/li>\n\n  <\/ul>\n\n<\/div>\n<\/div>\n<\/div>    <\/article>\n        <article class=\"ee-post\">\n    <div class=\"bde-div-684-280-718-684-1 bde-div bde-div-684-280\">\n  \n  \n\t\n\n\n\n<h2 class=\"bde-heading-684-277-718-684-1 bde-heading bde-heading-684-277\">\nMarek \u0160taudr\n<\/h2><div class=\"bde-text-684-278-718-684-1 bde-text bde-text-684-278\">\nKierownik dzia\u0142u sprzeda\u017cy\n<\/div><div class=\"bde-grid-684-452-718-684-1 bde-grid bde-grid-684-452\">\n  \n  \n\t\n\n\n\n<div class=\"bde-icon-list-684-453-718-684-1 bde-icon-list bde-icon-list-684-453 bde-icon-list--background\">\n<ul>\n  \n              \n    <li>\n              <div class='bde-icon-list__item-wrapper'>\n      \n      <span class='bde-icon-list__icon'>\n        <svg xmlns=\"http:\/\/www.w3.org\/2000\/svg\" viewbox=\"0 0 512 512\"><!-- Font Awesome Free 5.15.1 by @fontawesome - https:\/\/fontawesome.com License - https:\/\/fontawesome.com\/license\/free (Icons: CC BY 4.0, Fonts: SIL OFL 1.1, Code: MIT License) --><path d=\"M497.39 361.8l-112-48a24 24 0 0 0-28 6.9l-49.6 60.6A370.66 370.66 0 0 1 130.6 204.11l60.6-49.6a23.94 23.94 0 0 0 6.9-28l-48-112A24.16 24.16 0 0 0 122.6.61l-104 24A24 24 0 0 0 0 48c0 256.5 207.9 464 464 464a24 24 0 0 0 23.4-18.6l24-104a24.29 24.29 0 0 0-14.01-27.6z\"\/><\/svg>\n      <\/span>\n      <span class='bde-icon-list__text' >\n      +420 777 743 600\n      <\/span>\n              <\/div>\n      \n    <\/li>\n\n  <\/ul>\n\n<\/div><div class=\"bde-icon-list-684-455-718-684-1 bde-icon-list bde-icon-list-684-455 bde-icon-list--background\">\n<ul>\n  \n              \n    <li>\n              <div class='bde-icon-list__item-wrapper'>\n      \n      <span class='bde-icon-list__icon'>\n        <svg xmlns=\"http:\/\/www.w3.org\/2000\/svg\" xmlns:xlink=\"http:\/\/www.w3.org\/1999\/xlink\" fill=\"#000000\" height=\"800px\" width=\"800px\" version=\"1.1\" id=\"Capa_1\" viewbox=\"0 0 75.294 75.294\" xml:space=\"preserve\">\r\n<g>\r\n\t<path d=\"M66.097,12.089h-56.9C4.126,12.089,0,16.215,0,21.286v32.722c0,5.071,4.126,9.197,9.197,9.197h56.9   c5.071,0,9.197-4.126,9.197-9.197V21.287C75.295,16.215,71.169,12.089,66.097,12.089z M61.603,18.089L37.647,33.523L13.691,18.089   H61.603z M66.097,57.206h-56.9C7.434,57.206,6,55.771,6,54.009V21.457l29.796,19.16c0.04,0.025,0.083,0.042,0.124,0.065   c0.043,0.024,0.087,0.047,0.131,0.069c0.231,0.119,0.469,0.215,0.712,0.278c0.025,0.007,0.05,0.01,0.075,0.016   c0.267,0.063,0.537,0.102,0.807,0.102c0.001,0,0.002,0,0.002,0c0.002,0,0.003,0,0.004,0c0.27,0,0.54-0.038,0.807-0.102   c0.025-0.006,0.05-0.009,0.075-0.016c0.243-0.063,0.48-0.159,0.712-0.278c0.044-0.022,0.088-0.045,0.131-0.069   c0.041-0.023,0.084-0.04,0.124-0.065l29.796-19.16v32.551C69.295,55.771,67.86,57.206,66.097,57.206z\"\/>\r\n<\/g>\r\n<\/svg>\n      <\/span>\n      <span class='bde-icon-list__text' >\n      staudr@nekr.cz\n      <\/span>\n              <\/div>\n      \n    <\/li>\n\n  <\/ul>\n\n<\/div>\n<\/div>\n<\/div>    <\/article>\n        <article class=\"ee-post\">\n    <div class=\"bde-div-684-280-2363-684-1 bde-div bde-div-684-280\">\n  \n  \n\t\n\n\n\n<h2 class=\"bde-heading-684-277-2363-684-1 bde-heading bde-heading-684-277\">\nin\u017c. Sara K\u00e1\u0148ov\u00e1\n<\/h2><div class=\"bde-text-684-278-2363-684-1 bde-text bde-text-684-278\">\nasistentka spole\u010dnosti, personalistika, marketing\n<\/div><div class=\"bde-grid-684-452-2363-684-1 bde-grid bde-grid-684-452\">\n  \n  \n\t\n\n\n\n<div class=\"bde-icon-list-684-453-2363-684-1 bde-icon-list bde-icon-list-684-453 bde-icon-list--background\">\n<ul>\n  \n              \n    <li>\n              <div class='bde-icon-list__item-wrapper'>\n      \n      <span class='bde-icon-list__icon'>\n        <svg xmlns=\"http:\/\/www.w3.org\/2000\/svg\" viewbox=\"0 0 512 512\"><!-- Font Awesome Free 5.15.1 by @fontawesome - https:\/\/fontawesome.com License - https:\/\/fontawesome.com\/license\/free (Icons: CC BY 4.0, Fonts: SIL OFL 1.1, Code: MIT License) --><path d=\"M497.39 361.8l-112-48a24 24 0 0 0-28 6.9l-49.6 60.6A370.66 370.66 0 0 1 130.6 204.11l60.6-49.6a23.94 23.94 0 0 0 6.9-28l-48-112A24.16 24.16 0 0 0 122.6.61l-104 24A24 24 0 0 0 0 48c0 256.5 207.9 464 464 464a24 24 0 0 0 23.4-18.6l24-104a24.29 24.29 0 0 0-14.01-27.6z\"\/><\/svg>\n      <\/span>\n      <span class='bde-icon-list__text' >\n      +420 777 743 606\n      <\/span>\n              <\/div>\n      \n    <\/li>\n\n  <\/ul>\n\n<\/div><div class=\"bde-icon-list-684-455-2363-684-1 bde-icon-list bde-icon-list-684-455 bde-icon-list--background\">\n<ul>\n  \n              \n    <li>\n              <div class='bde-icon-list__item-wrapper'>\n      \n      <span class='bde-icon-list__icon'>\n        <svg xmlns=\"http:\/\/www.w3.org\/2000\/svg\" xmlns:xlink=\"http:\/\/www.w3.org\/1999\/xlink\" fill=\"#000000\" height=\"800px\" width=\"800px\" version=\"1.1\" id=\"Capa_1\" viewbox=\"0 0 75.294 75.294\" xml:space=\"preserve\">\r\n<g>\r\n\t<path d=\"M66.097,12.089h-56.9C4.126,12.089,0,16.215,0,21.286v32.722c0,5.071,4.126,9.197,9.197,9.197h56.9   c5.071,0,9.197-4.126,9.197-9.197V21.287C75.295,16.215,71.169,12.089,66.097,12.089z M61.603,18.089L37.647,33.523L13.691,18.089   H61.603z M66.097,57.206h-56.9C7.434,57.206,6,55.771,6,54.009V21.457l29.796,19.16c0.04,0.025,0.083,0.042,0.124,0.065   c0.043,0.024,0.087,0.047,0.131,0.069c0.231,0.119,0.469,0.215,0.712,0.278c0.025,0.007,0.05,0.01,0.075,0.016   c0.267,0.063,0.537,0.102,0.807,0.102c0.001,0,0.002,0,0.002,0c0.002,0,0.003,0,0.004,0c0.27,0,0.54-0.038,0.807-0.102   c0.025-0.006,0.05-0.009,0.075-0.016c0.243-0.063,0.48-0.159,0.712-0.278c0.044-0.022,0.088-0.045,0.131-0.069   c0.041-0.023,0.084-0.04,0.124-0.065l29.796-19.16v32.551C69.295,55.771,67.86,57.206,66.097,57.206z\"\/>\r\n<\/g>\r\n<\/svg>\n      <\/span>\n      <span class='bde-icon-list__text' >\n      kanova@nekr.cz\n      <\/span>\n              <\/div>\n      \n    <\/li>\n\n  <\/ul>\n\n<\/div>\n<\/div>\n<\/div>    <\/article>\n        <article class=\"ee-post\">\n    <div class=\"bde-div-684-280-721-684-1 bde-div bde-div-684-280\">\n  \n  \n\t\n\n\n\n<h2 class=\"bde-heading-684-277-721-684-1 bde-heading bde-heading-684-277\">\nSonia Uchytilov\u00e1\n<\/h2><div class=\"bde-text-684-278-721-684-1 bde-text bde-text-684-278\">\nDzia\u0142 sprzeda\u017cy\n<\/div><div class=\"bde-grid-684-452-721-684-1 bde-grid bde-grid-684-452\">\n  \n  \n\t\n\n\n\n<div class=\"bde-icon-list-684-453-721-684-1 bde-icon-list bde-icon-list-684-453 bde-icon-list--background\">\n<ul>\n  \n              \n    <li>\n              <div class='bde-icon-list__item-wrapper'>\n      \n      <span class='bde-icon-list__icon'>\n        <svg xmlns=\"http:\/\/www.w3.org\/2000\/svg\" viewbox=\"0 0 512 512\"><!-- Font Awesome Free 5.15.1 by @fontawesome - https:\/\/fontawesome.com License - https:\/\/fontawesome.com\/license\/free (Icons: CC BY 4.0, Fonts: SIL OFL 1.1, Code: MIT License) --><path d=\"M497.39 361.8l-112-48a24 24 0 0 0-28 6.9l-49.6 60.6A370.66 370.66 0 0 1 130.6 204.11l60.6-49.6a23.94 23.94 0 0 0 6.9-28l-48-112A24.16 24.16 0 0 0 122.6.61l-104 24A24 24 0 0 0 0 48c0 256.5 207.9 464 464 464a24 24 0 0 0 23.4-18.6l24-104a24.29 24.29 0 0 0-14.01-27.6z\"\/><\/svg>\n      <\/span>\n      <span class='bde-icon-list__text' >\n      +420 777 743 603\n      <\/span>\n              <\/div>\n      \n    <\/li>\n\n  <\/ul>\n\n<\/div><div class=\"bde-icon-list-684-455-721-684-1 bde-icon-list bde-icon-list-684-455 bde-icon-list--background\">\n<ul>\n  \n              \n    <li>\n              <div class='bde-icon-list__item-wrapper'>\n      \n      <span class='bde-icon-list__icon'>\n        <svg xmlns=\"http:\/\/www.w3.org\/2000\/svg\" xmlns:xlink=\"http:\/\/www.w3.org\/1999\/xlink\" fill=\"#000000\" height=\"800px\" width=\"800px\" version=\"1.1\" id=\"Capa_1\" viewbox=\"0 0 75.294 75.294\" xml:space=\"preserve\">\r\n<g>\r\n\t<path d=\"M66.097,12.089h-56.9C4.126,12.089,0,16.215,0,21.286v32.722c0,5.071,4.126,9.197,9.197,9.197h56.9   c5.071,0,9.197-4.126,9.197-9.197V21.287C75.295,16.215,71.169,12.089,66.097,12.089z M61.603,18.089L37.647,33.523L13.691,18.089   H61.603z M66.097,57.206h-56.9C7.434,57.206,6,55.771,6,54.009V21.457l29.796,19.16c0.04,0.025,0.083,0.042,0.124,0.065   c0.043,0.024,0.087,0.047,0.131,0.069c0.231,0.119,0.469,0.215,0.712,0.278c0.025,0.007,0.05,0.01,0.075,0.016   c0.267,0.063,0.537,0.102,0.807,0.102c0.001,0,0.002,0,0.002,0c0.002,0,0.003,0,0.004,0c0.27,0,0.54-0.038,0.807-0.102   c0.025-0.006,0.05-0.009,0.075-0.016c0.243-0.063,0.48-0.159,0.712-0.278c0.044-0.022,0.088-0.045,0.131-0.069   c0.041-0.023,0.084-0.04,0.124-0.065l29.796-19.16v32.551C69.295,55.771,67.86,57.206,66.097,57.206z\"\/>\r\n<\/g>\r\n<\/svg>\n      <\/span>\n      <span class='bde-icon-list__text' >\n      uchytilova@nekr.cz\n      <\/span>\n              <\/div>\n      \n    <\/li>\n\n  <\/ul>\n\n<\/div>\n<\/div>\n<\/div>    <\/article>\n        <article class=\"ee-post\">\n    <div class=\"bde-div-684-280-727-684-1 bde-div bde-div-684-280\">\n  \n  \n\t\n\n\n\n<h2 class=\"bde-heading-684-277-727-684-1 bde-heading bde-heading-684-277\">\nPetra Zapletalov\u00e1\n<\/h2><div class=\"bde-text-684-278-727-684-1 bde-text bde-text-684-278\">\ndostawa\n<\/div><div class=\"bde-grid-684-452-727-684-1 bde-grid bde-grid-684-452\">\n  \n  \n\t\n\n\n\n<div class=\"bde-icon-list-684-453-727-684-1 bde-icon-list bde-icon-list-684-453 bde-icon-list--background\">\n<ul>\n  \n              \n    <li>\n              <div class='bde-icon-list__item-wrapper'>\n      \n      <span class='bde-icon-list__icon'>\n        <svg xmlns=\"http:\/\/www.w3.org\/2000\/svg\" viewbox=\"0 0 512 512\"><!-- Font Awesome Free 5.15.1 by @fontawesome - https:\/\/fontawesome.com License - https:\/\/fontawesome.com\/license\/free (Icons: CC BY 4.0, Fonts: SIL OFL 1.1, Code: MIT License) --><path d=\"M497.39 361.8l-112-48a24 24 0 0 0-28 6.9l-49.6 60.6A370.66 370.66 0 0 1 130.6 204.11l60.6-49.6a23.94 23.94 0 0 0 6.9-28l-48-112A24.16 24.16 0 0 0 122.6.61l-104 24A24 24 0 0 0 0 48c0 256.5 207.9 464 464 464a24 24 0 0 0 23.4-18.6l24-104a24.29 24.29 0 0 0-14.01-27.6z\"\/><\/svg>\n      <\/span>\n      <span class='bde-icon-list__text' >\n      +420 777 743 601\n      <\/span>\n              <\/div>\n      \n    <\/li>\n\n  <\/ul>\n\n<\/div><div class=\"bde-icon-list-684-455-727-684-1 bde-icon-list bde-icon-list-684-455 bde-icon-list--background\">\n<ul>\n  \n              \n    <li>\n              <div class='bde-icon-list__item-wrapper'>\n      \n      <span class='bde-icon-list__icon'>\n        <svg xmlns=\"http:\/\/www.w3.org\/2000\/svg\" xmlns:xlink=\"http:\/\/www.w3.org\/1999\/xlink\" fill=\"#000000\" height=\"800px\" width=\"800px\" version=\"1.1\" id=\"Capa_1\" viewbox=\"0 0 75.294 75.294\" xml:space=\"preserve\">\r\n<g>\r\n\t<path d=\"M66.097,12.089h-56.9C4.126,12.089,0,16.215,0,21.286v32.722c0,5.071,4.126,9.197,9.197,9.197h56.9   c5.071,0,9.197-4.126,9.197-9.197V21.287C75.295,16.215,71.169,12.089,66.097,12.089z M61.603,18.089L37.647,33.523L13.691,18.089   H61.603z M66.097,57.206h-56.9C7.434,57.206,6,55.771,6,54.009V21.457l29.796,19.16c0.04,0.025,0.083,0.042,0.124,0.065   c0.043,0.024,0.087,0.047,0.131,0.069c0.231,0.119,0.469,0.215,0.712,0.278c0.025,0.007,0.05,0.01,0.075,0.016   c0.267,0.063,0.537,0.102,0.807,0.102c0.001,0,0.002,0,0.002,0c0.002,0,0.003,0,0.004,0c0.27,0,0.54-0.038,0.807-0.102   c0.025-0.006,0.05-0.009,0.075-0.016c0.243-0.063,0.48-0.159,0.712-0.278c0.044-0.022,0.088-0.045,0.131-0.069   c0.041-0.023,0.084-0.04,0.124-0.065l29.796-19.16v32.551C69.295,55.771,67.86,57.206,66.097,57.206z\"\/>\r\n<\/g>\r\n<\/svg>\n      <\/span>\n      <span class='bde-icon-list__text' >\n      zapletalova@nekr.cz\n      <\/span>\n              <\/div>\n      \n    <\/li>\n\n  <\/ul>\n\n<\/div>\n<\/div>\n<\/div>    <\/article>\n    <\/div>\n\n<\/div>\n<\/div><\/div><\/div>\n<\/section>","protected":false},"excerpt":{"rendered":"<p>Svatoslav Je\u017eek jednatel spole\u010dnosti +420 723 330 900 jezek@nekr.cz Marek \u0160taudr vedouc\u00ed obchodn\u00edho odd\u011blen\u00ed +420 777 743 600 staudr@nekr.cz Ing. S\u00e1ra K\u00e1\u0148ov\u00e1 asistentka spole\u010dnosti, personalistika, marketing +420 777 743 606 kanova@nekr.cz So\u0148a Uchytilov\u00e1 obchodn\u00ed odd\u011blen\u00ed +420 777 743 603 uchytilova@nekr.cz Petra Zapletalov\u00e1 z\u00e1sobov\u00e1n\u00ed +420 777 743 601 zapletalova@nekr.cz<\/p>","protected":false},"author":1,"featured_media":0,"parent":0,"menu_order":0,"comment_status":"closed","ping_status":"closed","template":"","meta":{"_acf_changed":false,"_breakdance_hide_in_design_set":false,"_breakdance_tags":"","footnotes":""},"class_list":["post-694","page","type-page","status-publish","hentry"],"acf":[],"_links":{"self":[{"href":"https:\/\/nekr.cz\/pl\/wp-json\/wp\/v2\/pages\/694","targetHints":{"allow":["GET"]}}],"collection":[{"href":"https:\/\/nekr.cz\/pl\/wp-json\/wp\/v2\/pages"}],"about":[{"href":"https:\/\/nekr.cz\/pl\/wp-json\/wp\/v2\/types\/page"}],"author":[{"embeddable":true,"href":"https:\/\/nekr.cz\/pl\/wp-json\/wp\/v2\/users\/1"}],"replies":[{"embeddable":true,"href":"https:\/\/nekr.cz\/pl\/wp-json\/wp\/v2\/comments?post=694"}],"version-history":[{"count":21,"href":"https:\/\/nekr.cz\/pl\/wp-json\/wp\/v2\/pages\/694\/revisions"}],"predecessor-version":[{"id":2416,"href":"https:\/\/nekr.cz\/pl\/wp-json\/wp\/v2\/pages\/694\/revisions\/2416"}],"wp:attachment":[{"href":"https:\/\/nekr.cz\/pl\/wp-json\/wp\/v2\/media?parent=694"}],"curies":[{"name":"wp","href":"https:\/\/api.w.org\/{rel}","templated":true}]}}