{"id":627,"date":"2024-02-03T03:42:38","date_gmt":"2024-02-03T03:42:38","guid":{"rendered":"https:\/\/nekr.cz\/?page_id=627"},"modified":"2024-04-19T09:18:27","modified_gmt":"2024-04-19T09:18:27","slug":"klientska-sekce","status":"publish","type":"page","link":"https:\/\/nekr.cz\/pl\/sekcja-klienta\/","title":{"rendered":"Sekcja klienta"},"content":{"rendered":"<section class=\"bde-section-627-100 bde-section\">\n  \n  \n\t\n\n\n\n<div class=\"section-container\"><div class=\"bde-image-627-101 bde-image\">\n<figure class=\"breakdance-image breakdance-image--630\">\n\t<div class=\"breakdance-image-container\">\n\t\t<div class=\"breakdance-image-clip\"><img decoding=\"async\" class=\"breakdance-image-object lazyload\" data-src=\"https:\/\/nekr.cz\/wp-content\/uploads\/2024\/02\/under_construction_nekr.webp\" width=\"500\" height=\"500\" data-srcset=\"https:\/\/nekr.cz\/wp-content\/uploads\/2024\/02\/under_construction_nekr.webp 500w, https:\/\/nekr.cz\/wp-content\/uploads\/2024\/02\/under_construction_nekr-300x300.webp 300w, https:\/\/nekr.cz\/wp-content\/uploads\/2024\/02\/under_construction_nekr-150x150.webp 150w, https:\/\/nekr.cz\/wp-content\/uploads\/2024\/02\/under_construction_nekr-12x12.webp 12w\" data-sizes=\"(max-width: 500px) 100vw, 500px\" alt=\"under_construction_nekr\" src=\"data:image\/gif;base64,R0lGODlhAQABAAAAACH5BAEKAAEALAAAAAABAAEAAAICTAEAOw==\" style=\"--smush-placeholder-width: 500px; --smush-placeholder-aspect-ratio: 500\/500;\"><\/div>\n\t<\/div><\/figure>\n\n<\/div><h1 class=\"bde-heading-627-102 bde-heading\">\nPrace nad nim ju\u017c trwaj\u0105.\n<\/h1><div class=\"bde-text-627-103 bde-text\">\nW naszej sekcji dla klient\u00f3w nieustannie pracujemy nad dostarczaniem nowych i ulepszonych us\u0142ug, kt\u00f3re wzbogac\u0105 Twoje do\u015bwiadczenia i wespr\u0105 rozw\u00f3j osobisty lub zawodowy. Nasz zesp\u00f3\u0142 jest w pe\u0142ni zaanga\u017cowany w opracowywanie nowych funkcji, kurs\u00f3w i ekskluzywnych tre\u015bci, kt\u00f3re b\u0119d\u0105 dost\u0119pne w nadchodz\u0105cych tygodniach.<br><br>Chcemy, aby nasze us\u0142ugi nie tylko spe\u0142nia\u0142y bie\u017c\u0105ce potrzeby, ale tak\u017ce je przewy\u017csza\u0142y. Dlatego uwa\u017cnie \u015bledzimy najnowsze trendy i innowacje w Twojej bran\u017cy i staramy si\u0119 w\u0142\u0105cza\u0107 je do naszej oferty. Twoje zadowolenie i sukces s\u0105 dla nas priorytetem, dlatego staramy si\u0119 tworzy\u0107 rozwi\u0105zania dostosowane do Twoich oczekiwa\u0144.<br><br><strong>B\u0105d\u017a zawsze o krok do przodu<\/strong><br>Chcesz dowiedzie\u0107 si\u0119 wi\u0119cej o tym, co mamy dla Ciebie w zanadrzu i jako pierwszy us\u0142ysze\u0107 o uruchomieniu nowych us\u0142ug? Zapisz si\u0119 do naszego newslettera! Jako subskrybent b\u0119dziesz mie\u0107 wy\u0142\u0105czny dost\u0119p do najnowszych wiadomo\u015bci, ofert specjalnych i pomocnych wskaz\u00f3wek, kt\u00f3re pomog\u0105 Ci rozwin\u0105\u0107 karier\u0119 lub biznes.<br><br>Nie przegap okazji, by znale\u017a\u0107 si\u0119 w centrum wydarze\u0144. Wystarczy wpisa\u0107 sw\u00f3j adres e-mail w poni\u017cszym formularzu i nacisn\u0105\u0107 przycisk \"Subskrybuj\", kt\u00f3ry znajduje si\u0119 tu\u017c pod tym artyku\u0142em. Sta\u0144 si\u0119 cz\u0119\u015bci\u0105 naszej spo\u0142eczno\u015bci i uzyskaj dost\u0119p do prze\u0142omowych tre\u015bci.\n<\/div><div class=\"bde-form-builder-627-105 bde-form-builder\">\n\n\n<form id=\"newsletter105\" class=\"breakdance-form breakdance-form--horizontal\" data-options=\"{&quot;slug&quot;:&quot;custom&quot;,&quot;name&quot;:&quot;Newsletter&quot;,&quot;ajaxUrl&quot;:&quot;https:\\\/\\\/nekr.cz\\\/wp-admin\\\/admin-ajax.php&quot;,&quot;clearOnSuccess&quot;:true,&quot;hideOnSuccess&quot;:true,&quot;successMessage&quot;:&quot;D\\u011bkujeme za p\\u0159ihl\\u00e1\\u0161en\\u00ed do Newsletteru!&quot;,&quot;errorMessage&quot;:&quot;Something went wrong.&quot;,&quot;redirect&quot;:false,&quot;redirectUrl&quot;:&quot;&quot;,&quot;customJavaScript&quot;:&quot;&quot;,&quot;recaptcha&quot;:{&quot;key&quot;:&quot;&quot;,&quot;enabled&quot;:true},&quot;honeypot_enabled&quot;:true,&quot;popupsOnSuccess&quot;:[],&quot;popupsOnError&quot;:[]}\" data-steps=\"0\" action=\"\" >\n  \n  \n  \n<div class=\"breakdance-form-field breakdance-form-field--email\" >\n    \n    \n    \n    <input\n    class=\"breakdance-form-field__input\"\n    id=\"email\"\n    aria-describedby=\"email\"\n    type=\"email\"\n    name=\"fields[email]\"\n    placeholder=\"Tw\u00f3j adres e-mail\"\n    value=\"\"\n                \n        \n        \n    required\n>\n\n\n    \n    \n<\/div>\n\n\n<div class=\"breakdance-form-field breakdance-form-field--hpinput\" >\n    \n    \n            <label class=\"breakdance-form-field__label\" for=\"hpname\">\n            Nazwa HP\n        <\/label>\n    \n    <input\n    class=\"breakdance-form-field__input\"\n    id=\"hpname\"\n    aria-describedby=\"hpname\"\n    type=\"hpinput\"\n    name=\"fields[hpname]\"\n    placeholder=\"\"\n    value=\"\"\n                \n        \n        \n    \n    autocomplete=\"off\"\n    tabindex=\"-1\">\n\n\n    \n    \n<\/div>\n\n\n<div class=\"breakdance-form-field breakdance-form-field--hidden\" >\n    \n    \n    \n    <input\n    id=\"csrf-token-105\"\n    type=\"hidden\"\n    name=\"fields[csrfToken]\"\n    value=\"1f074d5bab\"\n    >\n\n\n    \n    \n<\/div>\n\n\n  \n\n<div class=\"breakdance-form-field breakdance-form-footer\">\n    \n    \n                                    \n    \n    \n    \n    \n            \n            <button type=\"submit\" class=\"button-atom button-atom--primary breakdance-form-button breakdance-form-button__submit\"  >\n    \n        <span class=\"button-atom__text\">Zaloguj si\u0119<\/span>\n\n        \n        \n            <\/button>\n    \n    <input type=\"hidden\" name=\"form_id\" value=\"105\">\n    <input type=\"hidden\" name=\"post_id\" value=\"627\">\n<\/div>\n\n  \n<input type=\"hidden\" name=\"trp-form-language\" value=\"pl\"\/><\/form>\n\n\n\n<\/div><\/div>\n<\/section>","protected":false},"excerpt":{"rendered":"<p>Pr\u00e1v\u011b se p\u0159ipravuje V na\u0161\u00ed klientsk\u00e9 sekci neust\u00e1le pracujeme na tom, abychom v\u00e1m p\u0159in\u00e1\u0161eli nov\u00e9 a vylep\u0161en\u00e9 slu\u017eby, kter\u00e9 obohat\u00ed v\u00e1\u0161 z\u00e1\u017eitek a podpo\u0159\u00ed v\u00e1\u0161 osobn\u00ed nebo profesion\u00e1ln\u00ed r\u016fst. N\u00e1\u0161 t\u00fdm je pln\u011b pono\u0159en do v\u00fdvoje nov\u00fdch funkc\u00ed, kurzy a exkluzivn\u00edho obsahu, kter\u00fd bude dostupn\u00fd v nadch\u00e1zej\u00edc\u00edch t\u00fddnech.Chceme, aby na\u0161e slu\u017eby nejen\u017ee odpov\u00eddaly va\u0161im sou\u010dasn\u00fdm [&hellip;]<\/p>","protected":false},"author":1,"featured_media":0,"parent":0,"menu_order":0,"comment_status":"closed","ping_status":"closed","template":"","meta":{"_acf_changed":false,"_breakdance_hide_in_design_set":false,"_breakdance_tags":"","footnotes":""},"class_list":["post-627","page","type-page","status-publish","hentry"],"acf":[],"_links":{"self":[{"href":"https:\/\/nekr.cz\/pl\/wp-json\/wp\/v2\/pages\/627","targetHints":{"allow":["GET"]}}],"collection":[{"href":"https:\/\/nekr.cz\/pl\/wp-json\/wp\/v2\/pages"}],"about":[{"href":"https:\/\/nekr.cz\/pl\/wp-json\/wp\/v2\/types\/page"}],"author":[{"embeddable":true,"href":"https:\/\/nekr.cz\/pl\/wp-json\/wp\/v2\/users\/1"}],"replies":[{"embeddable":true,"href":"https:\/\/nekr.cz\/pl\/wp-json\/wp\/v2\/comments?post=627"}],"version-history":[{"count":5,"href":"https:\/\/nekr.cz\/pl\/wp-json\/wp\/v2\/pages\/627\/revisions"}],"predecessor-version":[{"id":2356,"href":"https:\/\/nekr.cz\/pl\/wp-json\/wp\/v2\/pages\/627\/revisions\/2356"}],"wp:attachment":[{"href":"https:\/\/nekr.cz\/pl\/wp-json\/wp\/v2\/media?parent=627"}],"curies":[{"name":"wp","href":"https:\/\/api.w.org\/{rel}","templated":true}]}}