{"id":2390,"date":"2024-08-01T17:13:46","date_gmt":"2024-08-01T17:13:46","guid":{"rendered":"https:\/\/nekr.cz\/?page_id=2390"},"modified":"2024-08-27T19:57:56","modified_gmt":"2024-08-27T19:57:56","slug":"produktova-stranka","status":"publish","type":"page","link":"https:\/\/nekr.cz\/pl\/produkty\/produktova-stranka\/","title":{"rendered":"Produktova stranka"},"content":{"rendered":"<section class=\"bde-section-2390-100 bde-section\">\n  \n  \n\t\n\n\n\n<div class=\"section-container\"><div class=\"bde-columns-2390-101 bde-columns\"><div class=\"bde-column-2390-102 bde-column\">\n  \n  \n\t\n\n\n\n<div class=\"bde-woo-widget-2390-103 bde-woo-widget\">\n<div class='breakdance-woocommerce'>\n    <div class=\"widget woocommerce widget_product_categories\"><h2 class=\"widgettitle\">Kategorie produkt\u00f3w<\/h2><select  name='product_cat' id='product_cat' class='dropdown_product_cat'>\n\t<option value='' selected='selected' data-no-translation=\"\" data-trp-gettext=\"\">Wybierz kategori\u0119<\/option>\n\t<option class=\"level-0\" value=\"brity-nahradni-dily-servis\">\u017byletki<\/option>\n\t<option class=\"level-0\" value=\"nahradni-dily\">Cz\u0119\u015bci zamienne<\/option>\n\t<option class=\"level-1\" value=\"brity-nahradni-dily-2\">&nbsp;&nbsp;&nbsp;\u017byletki<\/option>\n\t<option class=\"level-1\" value=\"cepy-a-pouzdra\">&nbsp;&nbsp;&nbsp;Sworznie i tuleje<\/option>\n\t<option class=\"level-1\" value=\"cerpadla-hydraulicka-a-palivova\">&nbsp;&nbsp;&nbsp;Pompy hydrauliczne i paliwowe<\/option>\n\t<option class=\"level-1\" value=\"chladice-vodni-pumpy\">&nbsp;&nbsp;&nbsp;Ch\u0142odnice, pompy wodne<\/option>\n\t<option class=\"level-1\" value=\"drtici-desky-do-drticu\">&nbsp;&nbsp;&nbsp;P\u0142yty krusz\u0105ce do kruszarek<\/option>\n\t<option class=\"level-1\" value=\"filtry-oleje-maziva\">&nbsp;&nbsp;&nbsp;Filtry, oleje i smary<\/option>\n\t<option class=\"level-1\" value=\"kabinova-okna\">&nbsp;&nbsp;&nbsp;Okna kabiny<\/option>\n\t<option class=\"level-1\" value=\"koncove-prevody-a-jejich-casti\">&nbsp;&nbsp;&nbsp;Ko\u0142a z\u0119bate ko\u0144cowe i ich cz\u0119\u015bci<\/option>\n\t<option class=\"level-1\" value=\"motory-a-motorove-dily\">&nbsp;&nbsp;&nbsp;Silniki i cz\u0119\u015bci silnik\u00f3w<\/option>\n\t<option class=\"level-1\" value=\"ochranne-prvky-na-lopaty-nahradni-dily-2\">&nbsp;&nbsp;&nbsp;Elementy ochronne do \u0142opat<\/option>\n\t<option class=\"level-1\" value=\"oskrty-pro-bouraci-kladiva\">&nbsp;&nbsp;&nbsp;Wyci\u0119cia na m\u0142oty wyburzeniowe<\/option>\n\t<option class=\"level-1\" value=\"pasy-gumove-a-ocelove\">&nbsp;&nbsp;&nbsp;Ta\u015bmy gumowe i stalowe<\/option>\n\t<option class=\"level-1\" value=\"podvozkove-dily\">&nbsp;&nbsp;&nbsp;Cz\u0119\u015bci podwozia<\/option>\n\t<option class=\"level-1\" value=\"rozvadece\">&nbsp;&nbsp;&nbsp;Tablice rozdzielcze<\/option>\n\t<option class=\"level-1\" value=\"zuby-nahradni-dily-2\">&nbsp;&nbsp;&nbsp;Z\u0119by<\/option>\n\t<option class=\"level-0\" value=\"nezarazene\">Uncategorized<\/option>\n\t<option class=\"level-0\" value=\"ochranne-prvky-na-lopaty-nahradni-dily-servis\">Elementy ochronne do \u0142opat<\/option>\n\t<option class=\"level-0\" value=\"opravy\">Naprawy<\/option>\n\t<option class=\"level-0\" value=\"produkty\">Produkty<\/option>\n\t<option class=\"level-1\" value=\"desky-adaptacni-prechodove-zavesy\">&nbsp;&nbsp;&nbsp;P\u0142yty adaptacyjne \/ przej\u015bciowe \/ zawiasowe<\/option>\n\t<option class=\"level-1\" value=\"drapaky\">&nbsp;&nbsp;&nbsp;Chwytaki<\/option>\n\t<option class=\"level-1\" value=\"hroty-rozryvaci\">&nbsp;&nbsp;&nbsp;Wskaz\u00f3wki dotycz\u0105ce wertykulacji<\/option>\n\t<option class=\"level-1\" value=\"hydraulicke_valce\">&nbsp;&nbsp;&nbsp;Si\u0142owniki hydrauliczne<\/option>\n\t<option class=\"level-1\" value=\"lopaty-horove\">&nbsp;&nbsp;&nbsp;\u0141opaty g\u00f3rskie<\/option>\n\t<option class=\"level-1\" value=\"lopaty-na-bagry\">&nbsp;&nbsp;&nbsp;\u0141opaty do koparek<\/option>\n\t<option class=\"level-1\" value=\"lopaty-na-nakladace\">&nbsp;&nbsp;&nbsp;\u0141opaty do \u0142adowarek<\/option>\n\t<option class=\"level-1\" value=\"lopaty-tridici\">&nbsp;&nbsp;&nbsp;Sortowanie \u0142opat<\/option>\n\t<option class=\"level-1\" value=\"naklapeci-hlavy\">&nbsp;&nbsp;&nbsp;Przechylne g\u0142owice<\/option>\n\t<option class=\"level-1\" value=\"naklapeci-rotatory\">&nbsp;&nbsp;&nbsp;Rotatory przechylne<\/option>\n\t<option class=\"level-1\" value=\"pridrzovace\">&nbsp;&nbsp;&nbsp;Posiadacze<\/option>\n\t<option class=\"level-1\" value=\"protizavazi-dozerove\">&nbsp;&nbsp;&nbsp;Przeciwwaga do monitorowania<\/option>\n\t<option class=\"level-1\" value=\"radlice-dozerove\">&nbsp;&nbsp;&nbsp;Radar nadzoru<\/option>\n\t<option class=\"level-1\" value=\"radlice-na-snih\">&nbsp;&nbsp;&nbsp;\u0141opata do \u015bniegu<\/option>\n\t<option class=\"level-1\" value=\"rippery-dozerove\">&nbsp;&nbsp;&nbsp;Rippery do monitoringu<\/option>\n\t<option class=\"level-1\" value=\"rotacni-hlavy\">&nbsp;&nbsp;&nbsp;G\u0142owice obrotowe<\/option>\n\t<option class=\"level-1\" value=\"rychloupinace\">&nbsp;&nbsp;&nbsp;Elementy z\u0142\u0105czne<\/option>\n\t<option class=\"level-1\" value=\"vidle-paletizacni\">&nbsp;&nbsp;&nbsp;Wid\u0142y do paletyzacji<\/option>\n\t<option class=\"level-1\" value=\"vylozniky-nasady-prodlouzeni\">&nbsp;&nbsp;&nbsp;Wysi\u0119gniki, uchwyty, przed\u0142u\u017cenia<\/option>\n\t<option class=\"level-1\" value=\"zakazkova-vyroba\">&nbsp;&nbsp;&nbsp;Produkcja na zam\u00f3wienie<\/option>\n\t<option class=\"level-0\" value=\"servis\">Us\u0142uga<\/option>\n\t<option class=\"level-1\" value=\"servis-stavebnich-stroju\">&nbsp;&nbsp;&nbsp;Serwis maszyn budowlanych<\/option>\n\t<option class=\"level-1\" value=\"vyrobni-technologie\">&nbsp;&nbsp;&nbsp;Technologia produkcji<\/option>\n\t<option class=\"level-0\" value=\"zuby\">Z\u0119by<\/option>\n<\/select>\n<\/div><\/div>\n\n<\/div><div class=\"bde-code-block-2390-104 bde-code-block\">\n\n  <div class=\"sidebar-menu\">\n            <div class=\"menu-section\">\n            <label for=\"toggle-52\" class=\"category-title\">Produkty<\/label>\n        \n            <ul class=\"category-list\">\n                                    <li class=\"category-item\">\n                        <a href=\"https:\/\/nekr.cz\/pl\/kategoria-produktu\/produkty\/naklapeci-rotatory\/\">\n                            Rotatory przechylne (11)\n                        <\/a>\n                                            <\/li>\n                                    <li class=\"category-item\">\n                        <a href=\"https:\/\/nekr.cz\/pl\/kategoria-produktu\/produkty\/naklapeci-hlavy\/\">\n                            G\u0142owice uchylne (2)\n                        <\/a>\n                                            <\/li>\n                                    <li class=\"category-item\">\n                        <a href=\"https:\/\/nekr.cz\/pl\/kategoria-produktu\/produkty\/rotacni-hlavy\/\">\n                            G\u0142owice obrotowe (2)\n                        <\/a>\n                                            <\/li>\n                                    <li class=\"category-item\">\n                        <a href=\"https:\/\/nekr.cz\/pl\/kategoria-produktu\/produkty\/rychloupinace\/\">\n                            Elementy z\u0142\u0105czne (10)\n                        <\/a>\n                                            <\/li>\n                                    <li class=\"category-item\">\n                        <a href=\"https:\/\/nekr.cz\/pl\/kategoria-produktu\/produkty\/lopaty-na-bagry\/\">\n                            \u0141opaty do koparek (23)\n                        <\/a>\n                                            <\/li>\n                                    <li class=\"category-item\">\n                        <a href=\"https:\/\/nekr.cz\/pl\/kategoria-produktu\/produkty\/lopaty-na-nakladace\/\">\n                            \u0141opaty do \u0142adowarek (12)\n                        <\/a>\n                                            <\/li>\n                                    <li class=\"category-item\">\n                        <a href=\"https:\/\/nekr.cz\/pl\/kategoria-produktu\/produkty\/lopaty-horove\/\">\n                            \u0141opaty (2)\n                        <\/a>\n                                            <\/li>\n                                    <li class=\"category-item\">\n                        <a href=\"https:\/\/nekr.cz\/pl\/kategoria-produktu\/produkty\/lopaty-tridici\/\">\n                            \u0141opaty do sortowania (1)\n                        <\/a>\n                                            <\/li>\n                                    <li class=\"category-item\">\n                        <a href=\"https:\/\/nekr.cz\/pl\/kategoria-produktu\/produkty\/drapaky\/\">\n                            Chwytaki (11)\n                        <\/a>\n                                            <\/li>\n                                    <li class=\"category-item\">\n                        <a href=\"https:\/\/nekr.cz\/pl\/kategoria-produktu\/produkty\/vidle-paletizacni\/\">\n                            Wid\u0142y do paletyzacji (4)\n                        <\/a>\n                                            <\/li>\n                                    <li class=\"category-item\">\n                        <a href=\"https:\/\/nekr.cz\/pl\/kategoria-produktu\/produkty\/hroty-rozryvaci\/\">\n                            Wskaz\u00f3wki dotycz\u0105ce wertykulacji (1)\n                        <\/a>\n                                            <\/li>\n                                    <li class=\"category-item\">\n                        <a href=\"https:\/\/nekr.cz\/pl\/kategoria-produktu\/produkty\/desky-adaptacni-prechodove-zavesy\/\">\n                            P\u0142yty adaptacyjne \/ przej\u015bciowe \/ zawiasowe (3)\n                        <\/a>\n                                            <\/li>\n                                    <li class=\"category-item\">\n                        <a href=\"https:\/\/nekr.cz\/pl\/kategoria-produktu\/produkty\/radlice-dozerove\/\">\n                            Radary nadzoru (2)\n                        <\/a>\n                                            <\/li>\n                                    <li class=\"category-item\">\n                        <a href=\"https:\/\/nekr.cz\/pl\/kategoria-produktu\/produkty\/rippery-dozerove\/\">\n                            Rippery do monitoringu (2)\n                        <\/a>\n                                            <\/li>\n                                    <li class=\"category-item\">\n                        <a href=\"https:\/\/nekr.cz\/pl\/kategoria-produktu\/produkty\/protizavazi-dozerove\/\">\n                            Przeciwwagi (1)\n                        <\/a>\n                                            <\/li>\n                                    <li class=\"category-item\">\n                        <a href=\"https:\/\/nekr.cz\/pl\/kategoria-produktu\/produkty\/radlice-na-snih\/\">\n                            P\u0142ug \u015bnie\u017cny (1)\n                        <\/a>\n                                            <\/li>\n                                    <li class=\"category-item\">\n                        <a href=\"https:\/\/nekr.cz\/pl\/kategoria-produktu\/produkty\/pridrzovace\/\">\n                            Uchwyty (1)\n                        <\/a>\n                                            <\/li>\n                                    <li class=\"category-item\">\n                        <a href=\"https:\/\/nekr.cz\/pl\/kategoria-produktu\/produkty\/vylozniky-nasady-prodlouzeni\/\">\n                            Przed\u0142u\u017cenia uchwyt\u00f3w wysi\u0119gnika (6)\n                        <\/a>\n                                            <\/li>\n                                    <li class=\"category-item\">\n                        <a href=\"https:\/\/nekr.cz\/pl\/kategoria-produktu\/produkty\/zakazkova-vyroba\/\">\n                            Zak\u00e1zkov\u00e1 v\u00fdroba (17)\n                        <\/a>\n                                            <\/li>\n                                    <li class=\"category-item\">\n                        <a href=\"https:\/\/nekr.cz\/pl\/kategoria-produktu\/produkty\/hydraulicke_valce\/\">\n                            Hydraulick\u00e9 v\u00e1lce (1)\n                        <\/a>\n                                            <\/li>\n                            <\/ul>\n        <\/div>\n    <\/div>\n\n\n\n<\/div>\n<\/div><div class=\"bde-column-2390-105 bde-column\">\n  \n  \n\t\n\n\n\n<div class=\"bde-wooshoppage-2390-106 bde-wooshoppage breakdance-woocommerce\">\n     <div class=\"breakdance-empty-ssr-message breakdance-empty-ssr-message-error\">\n        <div>\n            The <b>\"Shop Page\"<\/b> element can only be added to a shop archive template or a template for product taxonomies.<br \/><br \/>\n            Create one in the WP admin at <b>Breakdance &gt; Templates<\/b>.\n        <\/div>\n    <\/div>\n<\/div>\n<\/div><\/div><\/div>\n<\/section>","protected":false},"excerpt":{"rendered":"<p>Kategorie produkt\u00f3w Wybierz kategori\u0119 B\u0159ity N\u00e1hradn\u00ed d\u00edly &nbsp;&nbsp;&nbsp;B\u0159ity &nbsp;&nbsp;&nbsp;\u010cepy a pouzdra &nbsp;&nbsp;&nbsp;\u010cerpadla hydraulick\u00e1 a palivov\u00e1 &nbsp;&nbsp;&nbsp;Chladi\u010de, vodn\u00ed pumpy &nbsp;&nbsp;&nbsp;Drt\u00edc\u00ed desky do drti\u010d\u016f &nbsp;&nbsp;&nbsp;Filtry, oleje a maziva &nbsp;&nbsp;&nbsp;Kabinov\u00e1 okna &nbsp;&nbsp;&nbsp;Koncov\u00e9 p\u0159evody a jejich \u010d\u00e1sti &nbsp;&nbsp;&nbsp;Motory a motorov\u00e9 d\u00edly &nbsp;&nbsp;&nbsp;Ochrann\u00e9 prvky na lopaty &nbsp;&nbsp;&nbsp;O\u0161krty pro bouraci kladiva &nbsp;&nbsp;&nbsp;P\u00e1sy gumov\u00e9 a ocelov\u00e9 &nbsp;&nbsp;&nbsp;Podvozkov\u00e9 d\u00edly &nbsp;&nbsp;&nbsp;Rozv\u00e1d\u011b\u010de &nbsp;&nbsp;&nbsp;Zuby Neza\u0159azen\u00e9 [&hellip;]<\/p>","protected":false},"author":1,"featured_media":0,"parent":51,"menu_order":0,"comment_status":"closed","ping_status":"closed","template":"","meta":{"_acf_changed":false,"_breakdance_hide_in_design_set":false,"_breakdance_tags":"","footnotes":""},"class_list":["post-2390","page","type-page","status-publish","hentry"],"acf":[],"_links":{"self":[{"href":"https:\/\/nekr.cz\/pl\/wp-json\/wp\/v2\/pages\/2390","targetHints":{"allow":["GET"]}}],"collection":[{"href":"https:\/\/nekr.cz\/pl\/wp-json\/wp\/v2\/pages"}],"about":[{"href":"https:\/\/nekr.cz\/pl\/wp-json\/wp\/v2\/types\/page"}],"author":[{"embeddable":true,"href":"https:\/\/nekr.cz\/pl\/wp-json\/wp\/v2\/users\/1"}],"replies":[{"embeddable":true,"href":"https:\/\/nekr.cz\/pl\/wp-json\/wp\/v2\/comments?post=2390"}],"version-history":[{"count":4,"href":"https:\/\/nekr.cz\/pl\/wp-json\/wp\/v2\/pages\/2390\/revisions"}],"predecessor-version":[{"id":2396,"href":"https:\/\/nekr.cz\/pl\/wp-json\/wp\/v2\/pages\/2390\/revisions\/2396"}],"up":[{"embeddable":true,"href":"https:\/\/nekr.cz\/pl\/wp-json\/wp\/v2\/pages\/51"}],"wp:attachment":[{"href":"https:\/\/nekr.cz\/pl\/wp-json\/wp\/v2\/media?parent=2390"}],"curies":[{"name":"wp","href":"https:\/\/api.w.org\/{rel}","templated":true}]}}