{"id":2203,"date":"2024-03-28T14:30:20","date_gmt":"2024-03-28T14:30:20","guid":{"rendered":"https:\/\/nekr.cz\/?post_type=product&#038;p=2203"},"modified":"2024-03-29T04:01:26","modified_gmt":"2024-03-29T04:01:26","slug":"bedna-na-naradi-na-bagr","status":"publish","type":"product","link":"https:\/\/nekr.cz\/en\/product\/bedna-na-naradi-na-bagr\/","title":{"rendered":"Bedna na n\u00e1\u0159ad\u00ed na bagr"},"content":{"rendered":"","protected":false},"excerpt":{"rendered":"","protected":false},"featured_media":2213,"comment_status":"closed","ping_status":"closed","template":"","meta":{"_acf_changed":false},"product_brand":[],"product_cat":[89],"product_tag":[],"class_list":{"0":"post-2203","1":"product","2":"type-product","3":"status-publish","4":"has-post-thumbnail","6":"product_cat-zakazkova-vyroba","8":"first","9":"instock","10":"shipping-taxable","11":"product-type-simple"},"acf":[],"_links":{"self":[{"href":"https:\/\/nekr.cz\/en\/wp-json\/wp\/v2\/product\/2203","targetHints":{"allow":["GET"]}}],"collection":[{"href":"https:\/\/nekr.cz\/en\/wp-json\/wp\/v2\/product"}],"about":[{"href":"https:\/\/nekr.cz\/en\/wp-json\/wp\/v2\/types\/product"}],"replies":[{"embeddable":true,"href":"https:\/\/nekr.cz\/en\/wp-json\/wp\/v2\/comments?post=2203"}],"wp:featuredmedia":[{"embeddable":true,"href":"https:\/\/nekr.cz\/en\/wp-json\/wp\/v2\/media\/2213"}],"wp:attachment":[{"href":"https:\/\/nekr.cz\/en\/wp-json\/wp\/v2\/media?parent=2203"}],"wp:term":[{"taxonomy":"product_brand","embeddable":true,"href":"https:\/\/nekr.cz\/en\/wp-json\/wp\/v2\/product_brand?post=2203"},{"taxonomy":"product_cat","embeddable":true,"href":"https:\/\/nekr.cz\/en\/wp-json\/wp\/v2\/product_cat?post=2203"},{"taxonomy":"product_tag","embeddable":true,"href":"https:\/\/nekr.cz\/en\/wp-json\/wp\/v2\/product_tag?post=2203"}],"curies":[{"name":"wp","href":"https:\/\/api.w.org\/{rel}","templated":true}]}}