{"id":2146,"date":"2024-03-27T09:19:20","date_gmt":"2024-03-27T09:19:20","guid":{"rendered":"https:\/\/nekr.cz\/?post_type=product&#038;p=2146"},"modified":"2024-08-26T12:38:03","modified_gmt":"2024-08-26T12:38:03","slug":"lopata-vysokovyklopna","status":"publish","type":"product","link":"https:\/\/nekr.cz\/en\/product\/lopata-vysokovyklopna\/","title":{"rendered":"Lopata vysokov\u00fdklopn\u00e1"},"content":{"rendered":"","protected":false},"excerpt":{"rendered":"<p>Vysokov\u00fdklopn\u00e1 l\u017e\u00edce je konstruov\u00e1na pro zv\u00fd\u0161en\u00ed v\u00fdsypn\u00e9 v\u00fd\u0161ky naklada\u010de. Nen\u00ed vhodn\u00e1 k rozru\u0161ov\u00e1n\u00ed a t\u011b\u017een\u00ed. Velikost nosi\u010de 3 a\u017e 35 t.<\/p>","protected":false},"featured_media":2156,"comment_status":"closed","ping_status":"closed","template":"","meta":{"_acf_changed":false},"product_brand":[],"product_cat":[25],"product_tag":[93,110],"class_list":{"0":"post-2146","1":"product","2":"type-product","3":"status-publish","4":"has-post-thumbnail","6":"product_cat-lopaty-na-nakladace","7":"product_tag-lopata","8":"product_tag-vysokovyklopna","10":"first","11":"instock","12":"shipping-taxable","13":"product-type-simple"},"acf":[],"_links":{"self":[{"href":"https:\/\/nekr.cz\/en\/wp-json\/wp\/v2\/product\/2146","targetHints":{"allow":["GET"]}}],"collection":[{"href":"https:\/\/nekr.cz\/en\/wp-json\/wp\/v2\/product"}],"about":[{"href":"https:\/\/nekr.cz\/en\/wp-json\/wp\/v2\/types\/product"}],"replies":[{"embeddable":true,"href":"https:\/\/nekr.cz\/en\/wp-json\/wp\/v2\/comments?post=2146"}],"wp:featuredmedia":[{"embeddable":true,"href":"https:\/\/nekr.cz\/en\/wp-json\/wp\/v2\/media\/2156"}],"wp:attachment":[{"href":"https:\/\/nekr.cz\/en\/wp-json\/wp\/v2\/media?parent=2146"}],"wp:term":[{"taxonomy":"product_brand","embeddable":true,"href":"https:\/\/nekr.cz\/en\/wp-json\/wp\/v2\/product_brand?post=2146"},{"taxonomy":"product_cat","embeddable":true,"href":"https:\/\/nekr.cz\/en\/wp-json\/wp\/v2\/product_cat?post=2146"},{"taxonomy":"product_tag","embeddable":true,"href":"https:\/\/nekr.cz\/en\/wp-json\/wp\/v2\/product_tag?post=2146"}],"curies":[{"name":"wp","href":"https:\/\/api.w.org\/{rel}","templated":true}]}}