{"id":2058,"date":"2024-03-25T08:50:49","date_gmt":"2024-03-25T08:50:49","guid":{"rendered":"https:\/\/nekr.cz\/?post_type=product&#038;p=2058"},"modified":"2024-08-16T12:47:42","modified_gmt":"2024-08-16T12:47:42","slug":"paletizacni-vidle","status":"publish","type":"product","link":"https:\/\/nekr.cz\/en\/product\/paletizacni-vidle\/","title":{"rendered":"Vidle paletiza\u010dn\u00ed pod rot\u00e1tor"},"content":{"rendered":"<p>Ve st\u00edsn\u011bn\u00fdch podm\u00ednk\u00e1ch je d\u00edky rot\u00e1toru nebo nakl\u00e1p\u011bc\u00edmu rot\u00e1toru mo\u017en\u00e9 slo\u017eit palety na minim\u00e1ln\u00edm prostoru, nap\u0159\u00edklad sta\u010d\u00ed vedle n\u00e1kladn\u00edho auta jeden j\u00edzdn\u00ed pruh.<\/p>","protected":false},"excerpt":{"rendered":"<p>Paletiza\u010dn\u00ed vidle pod rot\u00e1tory vyr\u00e1b\u00edme o nosnosti 2-4 tun.<\/p>\n<p>Slou\u017e\u00ed pro p\u0159en\u00e1\u0161en\u00ed palet s materi\u00e1lem. Up\u00ednac\u00ed deska je p\u0159izp\u016fsobena kinematice konkr\u00e9tn\u00edho stroje.<\/p>\n<p>&nbsp;<\/p>","protected":false},"featured_media":1971,"comment_status":"closed","ping_status":"closed","template":"","meta":{"_acf_changed":false},"product_brand":[],"product_cat":[19,30],"product_tag":[],"class_list":{"0":"post-2058","1":"product","2":"type-product","3":"status-publish","4":"has-post-thumbnail","6":"product_cat-naklapeci-rotatory","7":"product_cat-vidle-paletizacni","9":"first","10":"instock","11":"shipping-taxable","12":"product-type-simple"},"acf":[],"_links":{"self":[{"href":"https:\/\/nekr.cz\/en\/wp-json\/wp\/v2\/product\/2058","targetHints":{"allow":["GET"]}}],"collection":[{"href":"https:\/\/nekr.cz\/en\/wp-json\/wp\/v2\/product"}],"about":[{"href":"https:\/\/nekr.cz\/en\/wp-json\/wp\/v2\/types\/product"}],"replies":[{"embeddable":true,"href":"https:\/\/nekr.cz\/en\/wp-json\/wp\/v2\/comments?post=2058"}],"wp:featuredmedia":[{"embeddable":true,"href":"https:\/\/nekr.cz\/en\/wp-json\/wp\/v2\/media\/1971"}],"wp:attachment":[{"href":"https:\/\/nekr.cz\/en\/wp-json\/wp\/v2\/media?parent=2058"}],"wp:term":[{"taxonomy":"product_brand","embeddable":true,"href":"https:\/\/nekr.cz\/en\/wp-json\/wp\/v2\/product_brand?post=2058"},{"taxonomy":"product_cat","embeddable":true,"href":"https:\/\/nekr.cz\/en\/wp-json\/wp\/v2\/product_cat?post=2058"},{"taxonomy":"product_tag","embeddable":true,"href":"https:\/\/nekr.cz\/en\/wp-json\/wp\/v2\/product_tag?post=2058"}],"curies":[{"name":"wp","href":"https:\/\/api.w.org\/{rel}","templated":true}]}}