{"id":2056,"date":"2024-03-25T08:49:02","date_gmt":"2024-03-25T08:49:02","guid":{"rendered":"https:\/\/nekr.cz\/?post_type=product&#038;p=2056"},"modified":"2025-08-14T13:44:17","modified_gmt":"2025-08-14T13:44:17","slug":"celistove-drapaky","status":"publish","type":"product","link":"https:\/\/nekr.cz\/en\/product\/cellulose-draperies\/","title":{"rendered":"Gripper under rotator"},"content":{"rendered":"<p>Drap\u00e1k \u010delis\u0165ov\u00fd pod rot\u00e1tor je hydraulicky ovl\u00e1dan\u00e9 pracovn\u00ed p\u0159\u00edslu\u0161enstv\u00ed, kter\u00e9 se montuje na bagr nebo jin\u00fd je\u0159\u00e1b. Slou\u017e\u00ed tak k manipulaci s r\u016fzn\u00fdmi materi\u00e1ly, nap\u0159. kameny, kovov\u00fdm \u0161rotem nebo sypkou zeminou. Rot\u00e1tor umo\u017e\u0148uje ot\u00e1\u010den\u00ed drap\u00e1ku kolem sv\u00e9 osy, a t\u00edm usnad\u0148uje nab\u00edr\u00e1n\u00ed a umis\u0165ov\u00e1n\u00ed materi\u00e1lu.<\/p>","protected":false},"excerpt":{"rendered":"<p>Drap\u00e1k \u010delis\u0165ov\u00fd pod rot\u00e1tor je hydraulicky ovl\u00e1dan\u00e9 pracovn\u00ed p\u0159\u00edslu\u0161enstv\u00ed, kter\u00e9 se montuje na bagr nebo jin\u00fd je\u0159\u00e1b. Slou\u017e\u00ed tak k manipulaci s r\u016fzn\u00fdmi materi\u00e1ly, nap\u0159. kameny, kovov\u00fdm \u0161rotem nebo sypkou zeminou. Rot\u00e1tor umo\u017e\u0148uje ot\u00e1\u010den\u00ed drap\u00e1ku kolem sv\u00e9 osy, a t\u00edm usnad\u0148uje nab\u00edr\u00e1n\u00ed a umis\u0165ov\u00e1n\u00ed materi\u00e1lu.<\/p>","protected":false},"featured_media":2183,"comment_status":"closed","ping_status":"closed","template":"","meta":{"_acf_changed":false},"product_brand":[],"product_cat":[19,29],"product_tag":[],"class_list":{"0":"post-2056","1":"product","2":"type-product","3":"status-publish","4":"has-post-thumbnail","6":"product_cat-naklapeci-rotatory","7":"product_cat-drapaky","9":"first","10":"instock","11":"shipping-taxable","12":"product-type-simple"},"acf":[],"_links":{"self":[{"href":"https:\/\/nekr.cz\/en\/wp-json\/wp\/v2\/product\/2056","targetHints":{"allow":["GET"]}}],"collection":[{"href":"https:\/\/nekr.cz\/en\/wp-json\/wp\/v2\/product"}],"about":[{"href":"https:\/\/nekr.cz\/en\/wp-json\/wp\/v2\/types\/product"}],"replies":[{"embeddable":true,"href":"https:\/\/nekr.cz\/en\/wp-json\/wp\/v2\/comments?post=2056"}],"wp:featuredmedia":[{"embeddable":true,"href":"https:\/\/nekr.cz\/en\/wp-json\/wp\/v2\/media\/2183"}],"wp:attachment":[{"href":"https:\/\/nekr.cz\/en\/wp-json\/wp\/v2\/media?parent=2056"}],"wp:term":[{"taxonomy":"product_brand","embeddable":true,"href":"https:\/\/nekr.cz\/en\/wp-json\/wp\/v2\/product_brand?post=2056"},{"taxonomy":"product_cat","embeddable":true,"href":"https:\/\/nekr.cz\/en\/wp-json\/wp\/v2\/product_cat?post=2056"},{"taxonomy":"product_tag","embeddable":true,"href":"https:\/\/nekr.cz\/en\/wp-json\/wp\/v2\/product_tag?post=2056"}],"curies":[{"name":"wp","href":"https:\/\/api.w.org\/{rel}","templated":true}]}}