{"id":1917,"date":"2024-03-18T15:42:05","date_gmt":"2024-03-18T15:42:05","guid":{"rendered":"https:\/\/nekr.cz\/?post_type=product&#038;p=1917"},"modified":"2024-08-16T12:51:11","modified_gmt":"2024-08-16T12:51:11","slug":"lopaty-gd-test-2","status":"publish","type":"product","link":"https:\/\/nekr.cz\/en\/product\/lopaty-gd-test-2\/","title":{"rendered":"Lopata GD"},"content":{"rendered":"<p>&nbsp;<\/p>\n<table>\n<tbody>\n<tr>\n<td width=\"201\">\n<p style=\"text-align: center;\"><strong>Ton\u00e1\u017e bagr<\/strong><\/p>\n<\/td>\n<td width=\"201\">\n<p style=\"text-align: center;\"><strong>\u0160\u00ed\u0159ka<\/strong><\/p>\n<\/td>\n<td width=\"201\">\n<p style=\"text-align: center;\"><strong>Objem m3<\/strong><\/p>\n<\/td>\n<\/tr>\n<tr>\n<td width=\"201\">\n<p style=\"text-align: center;\">1-2 t<\/p>\n<\/td>\n<td width=\"201\">\n<p style=\"text-align: center;\">0,2 &#8211; 0,7 m<\/p>\n<\/td>\n<td width=\"201\">\n<p style=\"text-align: center;\">0,018 &#8211; 0,66 m3<\/p>\n<\/td>\n<\/tr>\n<tr>\n<td width=\"201\">\n<p style=\"text-align: center;\">2-3 t<\/p>\n<\/td>\n<td width=\"201\">\n<p style=\"text-align: center;\">0,25 &#8211; 0,8 m<\/p>\n<\/td>\n<td width=\"201\">\n<p style=\"text-align: center;\">0,03 &#8211; 0,12 m3<\/p>\n<\/td>\n<\/tr>\n<tr>\n<td width=\"201\">\n<p style=\"text-align: center;\">3-4 t<\/p>\n<\/td>\n<td width=\"201\">\n<p style=\"text-align: center;\">0,25 &#8211; 0,8 m<\/p>\n<\/td>\n<td width=\"201\">\n<p style=\"text-align: center;\">0,04 &#8211; 0,17 m3<\/p>\n<\/td>\n<\/tr>\n<tr>\n<td width=\"201\">\n<p style=\"text-align: center;\">4-6 t<\/p>\n<\/td>\n<td width=\"201\">\n<p style=\"text-align: center;\">0,25 &#8211; 0,9 m<\/p>\n<\/td>\n<td width=\"201\">\n<p style=\"text-align: center;\">0,05 &#8211; 0,235 m3<\/p>\n<\/td>\n<\/tr>\n<\/tbody>\n<\/table>\n<p>&nbsp;<\/p>","protected":false},"excerpt":{"rendered":"<p>Lopata GD (= general duty, b\u011b\u017en\u00e9 zat\u00ed\u017een\u00ed) je ur\u010den\u00e1 pro pou\u017eit\u00ed v m\u00edrn\u011b abrazivn\u00edch materi\u00e1lech t\u0159\u00eddy t\u011b\u017eitelnosti 1 &#8211; 4 (hl\u00edna, sm\u011bs hl\u00edny a p\u00edsku, zv\u011btral\u00e9 m\u011bkk\u00e9 horniny). Toto proveden\u00ed ji\u017e dob\u0159e odol\u00e1v\u00e1 opot\u0159eben\u00ed d\u00edky vhodn\u00e9 volb\u011b pou\u017eit\u00fdch materi\u00e1l\u016f.<\/p>","protected":false},"featured_media":2086,"comment_status":"closed","ping_status":"closed","template":"","meta":{"_acf_changed":false},"product_brand":[],"product_cat":[24],"product_tag":[99,97,93,100,94,96],"class_list":{"0":"post-1917","1":"product","2":"type-product","3":"status-publish","4":"has-post-thumbnail","6":"product_cat-lopaty-na-bagry","7":"product_tag-bezne-zatizeni","8":"product_tag-gd","9":"product_tag-lopata","10":"product_tag-lopata-gd","11":"product_tag-lopatagd","12":"product_tag-nekr","14":"first","15":"instock","16":"shipping-taxable","17":"product-type-simple"},"acf":[],"_links":{"self":[{"href":"https:\/\/nekr.cz\/en\/wp-json\/wp\/v2\/product\/1917","targetHints":{"allow":["GET"]}}],"collection":[{"href":"https:\/\/nekr.cz\/en\/wp-json\/wp\/v2\/product"}],"about":[{"href":"https:\/\/nekr.cz\/en\/wp-json\/wp\/v2\/types\/product"}],"replies":[{"embeddable":true,"href":"https:\/\/nekr.cz\/en\/wp-json\/wp\/v2\/comments?post=1917"}],"wp:featuredmedia":[{"embeddable":true,"href":"https:\/\/nekr.cz\/en\/wp-json\/wp\/v2\/media\/2086"}],"wp:attachment":[{"href":"https:\/\/nekr.cz\/en\/wp-json\/wp\/v2\/media?parent=1917"}],"wp:term":[{"taxonomy":"product_brand","embeddable":true,"href":"https:\/\/nekr.cz\/en\/wp-json\/wp\/v2\/product_brand?post=1917"},{"taxonomy":"product_cat","embeddable":true,"href":"https:\/\/nekr.cz\/en\/wp-json\/wp\/v2\/product_cat?post=1917"},{"taxonomy":"product_tag","embeddable":true,"href":"https:\/\/nekr.cz\/en\/wp-json\/wp\/v2\/product_tag?post=1917"}],"curies":[{"name":"wp","href":"https:\/\/api.w.org\/{rel}","templated":true}]}}