{"id":1876,"date":"2024-03-15T13:30:55","date_gmt":"2024-03-15T13:30:55","guid":{"rendered":"https:\/\/nekr.cz\/?post_type=product&#038;p=1876"},"modified":"2024-08-16T07:07:50","modified_gmt":"2024-08-16T07:07:50","slug":"manipulacni-kleste","status":"publish","type":"product","link":"https:\/\/nekr.cz\/en\/product\/manipulacni-kleste\/","title":{"rendered":"Integrovan\u00e9 manipula\u010dn\u00ed kle\u0161t\u011b"},"content":{"rendered":"<p>Integrovan\u00e9 kle\u0161t\u011b je mo\u017en\u00e9 jednodu\u0161e nasadit a sundat p\u0159\u00edmo na stavb\u011b bez pou\u017eit\u00ed speci\u00e1ln\u00edho n\u00e1\u0159ad\u00ed.<\/p>\n<p>Hydraulicky jsou p\u0159ipojeny dv\u011bma bez\u00fakapov\u00fdmi rychlospojkami na spodn\u00ed rychloup\u00edna\u010d rot\u00e1toru. Jsou vybaveny hydraulick\u00fdmi z\u00e1mky, kter\u00e9 zaji\u0161\u0165uj\u00ed bezpe\u010dn\u00e9 uchycen\u00ed p\u0159en\u00e1\u0161en\u00e9ho b\u0159emene.<\/p>\n<h2>Pou\u017eiteln\u00e9 pro rychloup\u00edna\u010de:<\/h2>\n<ul>\n<li>S50, S60, S70<\/li>\n<li>LIEBHERR SW33<\/li>\n<li>LEHNHOFF MS10, HS10<\/li>\n<li>N50, N60, N70<\/li>\n<li>dal\u0161\u00ed rychloup\u00ednac\u00ed syst\u00e9my nutn\u00e9 konzultovat<\/li>\n<\/ul>\n<p>&nbsp;<\/p>\n<h2>Z\u00e1kladn\u00ed rozm\u011bry:<\/h2>\n<h2><img decoding=\"async\" class=\"wp-image-2722 aligncenter lazyload\" style=\"--smush-placeholder-width: 556px; --smush-placeholder-aspect-ratio: 556\/506;font-size: 16px;\" data-src=\"https:\/\/nekr.cz\/wp-content\/uploads\/2024\/03\/KLESTE-KATALOG-300x273.jpg\" alt=\"\" width=\"556\" height=\"506\" data-srcset=\"https:\/\/nekr.cz\/wp-content\/uploads\/2024\/03\/KLESTE-KATALOG-300x273.jpg 300w, https:\/\/nekr.cz\/wp-content\/uploads\/2024\/03\/KLESTE-KATALOG-768x699.jpg 768w, https:\/\/nekr.cz\/wp-content\/uploads\/2024\/03\/KLESTE-KATALOG-13x12.jpg 13w, https:\/\/nekr.cz\/wp-content\/uploads\/2024\/03\/KLESTE-KATALOG-600x546.jpg 600w, https:\/\/nekr.cz\/wp-content\/uploads\/2024\/03\/KLESTE-KATALOG.jpg 1001w\" data-sizes=\"(max-width: 556px) 100vw, 556px\" src=\"data:image\/gif;base64,R0lGODlhAQABAAAAACH5BAEKAAEALAAAAAABAAEAAAICTAEAOw==\" \/><\/h2>\n<p>&nbsp;<\/p>\n<table style=\"height: 127px;\" width=\"622\">\n<tbody>\n<tr>\n<td style=\"text-align: center;\" width=\"193\"><\/td>\n<td style=\"text-align: center;\" width=\"109\">Rozm\u011br A<\/td>\n<td style=\"text-align: center;\" width=\"125\">Rozm\u011br B<\/td>\n<td style=\"text-align: center;\" width=\"177\">Hmotnost<\/td>\n<\/tr>\n<tr>\n<td style=\"text-align: center;\" width=\"193\">Kle\u0161t\u011b pod NARO10<\/td>\n<td style=\"text-align: center;\" width=\"109\">630 mm<\/td>\n<td style=\"text-align: center;\" width=\"125\">596 mm<\/td>\n<td style=\"text-align: center;\" width=\"177\">140 kg<\/td>\n<\/tr>\n<tr>\n<td style=\"text-align: center;\" width=\"193\">Kle\u0161t\u011b pod NARO15<\/td>\n<td style=\"text-align: center;\" width=\"109\">820 mm<\/td>\n<td style=\"text-align: center;\" width=\"125\">690 mm<\/td>\n<td style=\"text-align: center;\" width=\"177\">170 kg<\/td>\n<\/tr>\n<tr>\n<td style=\"text-align: center;\" width=\"193\">Kle\u0161t\u011b pod NARO20<\/td>\n<td style=\"text-align: center;\" width=\"109\">1100 mm<\/td>\n<td style=\"text-align: center;\" width=\"125\">870 mm<\/td>\n<td style=\"text-align: center;\" width=\"177\">210 kg<\/td>\n<\/tr>\n<\/tbody>\n<\/table>\n<p>&nbsp;<\/p>\n<h5><strong>Soubory ke sta\u017een\u00ed:<\/strong><\/h5>\n<p><a href=\"https:\/\/nekr.cz\/wp-content\/uploads\/2024\/03\/Kleste-manipulacni.pdf\"><img decoding=\"async\" class=\"alignnone size-medium wp-image-2719 lazyload\" data-src=\"https:\/\/nekr.cz\/wp-content\/uploads\/2024\/03\/klecte-manipulacni-212x300.png\" alt=\"\" width=\"212\" height=\"300\" data-srcset=\"https:\/\/nekr.cz\/wp-content\/uploads\/2024\/03\/klecte-manipulacni-212x300.png 212w, https:\/\/nekr.cz\/wp-content\/uploads\/2024\/03\/klecte-manipulacni-8x12.png 8w, https:\/\/nekr.cz\/wp-content\/uploads\/2024\/03\/klecte-manipulacni.png 225w\" data-sizes=\"(max-width: 212px) 100vw, 212px\" src=\"data:image\/gif;base64,R0lGODlhAQABAAAAACH5BAEKAAEALAAAAAABAAEAAAICTAEAOw==\" style=\"--smush-placeholder-width: 212px; --smush-placeholder-aspect-ratio: 212\/300;\" \/><\/a><\/p>\n<p>&nbsp;<\/p>\n<h5>Video z provozu manipula\u010dn\u00edch kle\u0161t\u00ed<\/h5>\n<p><iframe title=\"IMOS Brno - Manipula\u010dn\u00ed kle\u0161t\u011b na bagru\" width=\"500\" height=\"281\" data-src=\"https:\/\/www.youtube.com\/embed\/78TwLOMZCiA?feature=oembed\" frameborder=\"0\" allow=\"accelerometer; autoplay; clipboard-write; encrypted-media; gyroscope; picture-in-picture; web-share\" referrerpolicy=\"strict-origin-when-cross-origin\" allowfullscreen src=\"data:image\/gif;base64,R0lGODlhAQABAAAAACH5BAEKAAEALAAAAAABAAEAAAICTAEAOw==\" class=\"lazyload\" data-load-mode=\"1\"><\/iframe><\/p>","protected":false},"excerpt":{"rendered":"<p>Integrovan\u00e9 kle\u0161t\u011b slou\u017e\u00ed pro bezpe\u010dnou manipulaci s trubkami, obrubn\u00edky, \u017eelezni\u010dn\u00edmi pra\u017eci a mnoha dal\u0161\u00edmi v\u011bcmi na stavb\u011b. Je mo\u017en\u00e9 je pod rot\u00e1torem pou\u017e\u00edvat sou\u010dasn\u011b s lopatou, nebo s nimi pracovat samostatn\u011b bez lopaty.<\/p>\n<p>&nbsp;<\/p>\n<p>&nbsp;<\/p>","protected":false},"featured_media":2022,"comment_status":"closed","ping_status":"closed","template":"","meta":{"_acf_changed":false},"product_brand":[],"product_cat":[19],"product_tag":[],"class_list":{"0":"post-1876","1":"product","2":"type-product","3":"status-publish","4":"has-post-thumbnail","6":"product_cat-naklapeci-rotatory","8":"first","9":"instock","10":"shipping-taxable","11":"product-type-simple"},"acf":[],"_links":{"self":[{"href":"https:\/\/nekr.cz\/en\/wp-json\/wp\/v2\/product\/1876","targetHints":{"allow":["GET"]}}],"collection":[{"href":"https:\/\/nekr.cz\/en\/wp-json\/wp\/v2\/product"}],"about":[{"href":"https:\/\/nekr.cz\/en\/wp-json\/wp\/v2\/types\/product"}],"replies":[{"embeddable":true,"href":"https:\/\/nekr.cz\/en\/wp-json\/wp\/v2\/comments?post=1876"}],"wp:featuredmedia":[{"embeddable":true,"href":"https:\/\/nekr.cz\/en\/wp-json\/wp\/v2\/media\/2022"}],"wp:attachment":[{"href":"https:\/\/nekr.cz\/en\/wp-json\/wp\/v2\/media?parent=1876"}],"wp:term":[{"taxonomy":"product_brand","embeddable":true,"href":"https:\/\/nekr.cz\/en\/wp-json\/wp\/v2\/product_brand?post=1876"},{"taxonomy":"product_cat","embeddable":true,"href":"https:\/\/nekr.cz\/en\/wp-json\/wp\/v2\/product_cat?post=1876"},{"taxonomy":"product_tag","embeddable":true,"href":"https:\/\/nekr.cz\/en\/wp-json\/wp\/v2\/product_tag?post=1876"}],"curies":[{"name":"wp","href":"https:\/\/api.w.org\/{rel}","templated":true}]}}