{"id":1693,"date":"2024-03-01T11:55:44","date_gmt":"2024-03-01T11:55:44","guid":{"rendered":"https:\/\/nekr.cz\/?post_type=product&#038;p=1693"},"modified":"2024-08-15T10:19:06","modified_gmt":"2024-08-15T10:19:06","slug":"rychloupinace-seversky-standard-s","status":"publish","type":"product","link":"https:\/\/nekr.cz\/en\/product\/rychloupinace-seversky-standard-s\/","title":{"rendered":"Rychloup\u00edna\u010d seversk\u00fd standard S"},"content":{"rendered":"<p>Rychloup\u00edna\u010de typu seversk\u00fd standart vyr\u00e1b\u00edme mechanick\u00e9 i hydraulick\u00e9 ve velikostech:<\/p>\n<ul>\n<li>S 50<\/li>\n<li>S 60<\/li>\n<li>S 70<\/li>\n<li>S 80<\/li>\n<\/ul>\n<p>Je to roz\u0161\u00ed\u0159en\u00fd syst\u00e9m up\u00edn\u00e1n\u00ed lopat, v\u00fdhodou je, \u017ee nen\u00ed z\u00e1visl\u00fd na konkr\u00e9tn\u00edm v\u00fdrobci.<\/p>\n<p>Horn\u00ed uchycen\u00ed rychloup\u00edna\u010de na bagr m\u016f\u017eeme p\u0159izp\u016fsobit Va\u0161emu stroji, tak\u017ee pokud m\u00e1te lopaty s t\u00edmto typem up\u00edn\u00e1n\u00ed, m\u016f\u017eeme V\u00e1m vyrobit na na V\u00e1\u0161e r\u00fdpadlo rychloup\u00edna\u010d, kter\u00fdm upnete Va\u0161e p\u016fvodn\u00ed lopaty.<\/p>","protected":false},"excerpt":{"rendered":"<p>Rychloup\u00edna\u010de typu seversk\u00fd standart vyr\u00e1b\u00edme mechanick\u00e9 i hydraulick\u00e9 ve velikostech: S 50 S 60 S 70 S 80 Je to roz\u0161\u00ed\u0159en\u00fd syst\u00e9m up\u00edn\u00e1n\u00ed lopat, v\u00fdhodou je, \u017ee nen\u00ed z\u00e1visl\u00fd na konkr\u00e9tn\u00edm v\u00fdrobci. Horn\u00ed uchycen\u00ed rychloup\u00edna\u010de na bagr m\u016f\u017eeme p\u0159izp\u016fsobit Va\u0161emu stroji, tak\u017ee pokud m\u00e1te lopaty s t\u00edmto typem up\u00edn\u00e1n\u00ed, m\u016f\u017eeme V\u00e1m vyrobit na na V\u00e1\u0161e [&hellip;]<\/p>","protected":false},"featured_media":2084,"comment_status":"closed","ping_status":"closed","template":"","meta":{"_acf_changed":false},"product_brand":[],"product_cat":[22],"product_tag":[],"class_list":{"0":"post-1693","1":"product","2":"type-product","3":"status-publish","4":"has-post-thumbnail","6":"product_cat-rychloupinace","8":"first","9":"instock","10":"shipping-taxable","11":"product-type-simple"},"acf":[],"_links":{"self":[{"href":"https:\/\/nekr.cz\/en\/wp-json\/wp\/v2\/product\/1693","targetHints":{"allow":["GET"]}}],"collection":[{"href":"https:\/\/nekr.cz\/en\/wp-json\/wp\/v2\/product"}],"about":[{"href":"https:\/\/nekr.cz\/en\/wp-json\/wp\/v2\/types\/product"}],"replies":[{"embeddable":true,"href":"https:\/\/nekr.cz\/en\/wp-json\/wp\/v2\/comments?post=1693"}],"wp:featuredmedia":[{"embeddable":true,"href":"https:\/\/nekr.cz\/en\/wp-json\/wp\/v2\/media\/2084"}],"wp:attachment":[{"href":"https:\/\/nekr.cz\/en\/wp-json\/wp\/v2\/media?parent=1693"}],"wp:term":[{"taxonomy":"product_brand","embeddable":true,"href":"https:\/\/nekr.cz\/en\/wp-json\/wp\/v2\/product_brand?post=1693"},{"taxonomy":"product_cat","embeddable":true,"href":"https:\/\/nekr.cz\/en\/wp-json\/wp\/v2\/product_cat?post=1693"},{"taxonomy":"product_tag","embeddable":true,"href":"https:\/\/nekr.cz\/en\/wp-json\/wp\/v2\/product_tag?post=1693"}],"curies":[{"name":"wp","href":"https:\/\/api.w.org\/{rel}","templated":true}]}}