{"id":1690,"date":"2024-03-01T11:39:50","date_gmt":"2024-03-01T11:39:50","guid":{"rendered":"https:\/\/nekr.cz\/?post_type=product&#038;p=1690"},"modified":"2024-08-15T10:16:57","modified_gmt":"2024-08-15T10:16:57","slug":"rychloupinace-pro-bagry-prechodove","status":"publish","type":"product","link":"https:\/\/nekr.cz\/en\/product\/rychloupinace-pro-bagry-prechodove\/","title":{"rendered":"Rychloup\u00edna\u010d p\u0159echodov\u00fd"},"content":{"rendered":"<p>Pokud m\u00e1te stavebn\u00ed stroje r\u016fzn\u00fdch zna\u010dek, a cht\u011bli byste pou\u017e\u00edt n\u00e1\u0159ad\u00ed z jednoho podkopu na druh\u00fd, lopaty v\u011bt\u0161inou nepasuj\u00ed. Podobn\u00fd probl\u00e9m je, kdy\u017e chcete p\u0159ej\u00edt se sv\u00fdm strojov\u00fdm parkem od jedn\u00e9 zna\u010dky ke druh\u00e9 a chcete pou\u017e\u00edt je\u0161t\u011b funk\u010dn\u00ed lopaty, pop\u0159\u00edpad\u011b jin\u00e1 za\u0159\u00edzen\u00ed, kter\u00e9 pou\u017e\u00edv\u00e1te na sv\u00e9m stroji.<\/p>\n<p>Proto vyr\u00e1b\u00edme p\u0159echodov\u00e9 rychloup\u00edna\u010de. Horn\u00ed \u010d\u00e1st rychloup\u00edna\u010de je uzp\u016fsobena na v\u00e1mi po\u017eadovan\u00fd stroj, a pod rychloup\u00edna\u010d upnete V\u00e1mi vybran\u00e9 lopaty nebo jin\u00e1 p\u0159\u00eddavn\u00e1 za\u0159\u00edzen\u00ed. Upraven\u00e9 jsou nejen rozm\u011bry, ale i \u00fahel b\u0159itu lopaty tak, aby byly zachov\u00e1ny rozsahy pohyb\u016f.<\/p>\n<p>V\u00fdsledkem je, \u017ee na stavbu m\u016f\u017eete dov\u00e9zt r\u016fzn\u00e9 stroje, ale jen jednu sadu n\u00e1\u0159ad\u00ed: nap\u0159\u00edklad ka\u017ed\u00fd bagr bude m\u00edt svou podkopovou lopatu, ale atypick\u00e9 \u0161\u00ed\u0159ky, svahovku, kladivo, t\u0159\u00edd\u00edc\u00ed lopatu m\u016f\u017eete m\u00edt jen jednu pro v\u0161echny zna\u010dky.<\/p>","protected":false},"excerpt":{"rendered":"<p>Reduk\u010dn\u00ed rychloup\u00edna\u010de slou\u017e\u00ed k tomu, aby bylo mo\u017en\u00e9 na v\u00edce stroj\u00edch r\u016fzn\u00fdch zna\u010dek pou\u017e\u00edvat stejn\u00e9 n\u00e1\u0159ad\u00ed.<\/p>\n<p>&nbsp;<\/p>","protected":false},"featured_media":2078,"comment_status":"closed","ping_status":"closed","template":"","meta":{"_acf_changed":false},"product_brand":[],"product_cat":[22],"product_tag":[],"class_list":{"0":"post-1690","1":"product","2":"type-product","3":"status-publish","4":"has-post-thumbnail","6":"product_cat-rychloupinace","8":"first","9":"instock","10":"shipping-taxable","11":"product-type-simple"},"acf":[],"_links":{"self":[{"href":"https:\/\/nekr.cz\/en\/wp-json\/wp\/v2\/product\/1690","targetHints":{"allow":["GET"]}}],"collection":[{"href":"https:\/\/nekr.cz\/en\/wp-json\/wp\/v2\/product"}],"about":[{"href":"https:\/\/nekr.cz\/en\/wp-json\/wp\/v2\/types\/product"}],"replies":[{"embeddable":true,"href":"https:\/\/nekr.cz\/en\/wp-json\/wp\/v2\/comments?post=1690"}],"wp:featuredmedia":[{"embeddable":true,"href":"https:\/\/nekr.cz\/en\/wp-json\/wp\/v2\/media\/2078"}],"wp:attachment":[{"href":"https:\/\/nekr.cz\/en\/wp-json\/wp\/v2\/media?parent=1690"}],"wp:term":[{"taxonomy":"product_brand","embeddable":true,"href":"https:\/\/nekr.cz\/en\/wp-json\/wp\/v2\/product_brand?post=1690"},{"taxonomy":"product_cat","embeddable":true,"href":"https:\/\/nekr.cz\/en\/wp-json\/wp\/v2\/product_cat?post=1690"},{"taxonomy":"product_tag","embeddable":true,"href":"https:\/\/nekr.cz\/en\/wp-json\/wp\/v2\/product_tag?post=1690"}],"curies":[{"name":"wp","href":"https:\/\/api.w.org\/{rel}","templated":true}]}}