{"id":1474,"date":"2024-02-29T20:18:25","date_gmt":"2024-02-29T20:18:25","guid":{"rendered":"https:\/\/nekr.cz\/?post_type=product&#038;p=1474"},"modified":"2024-08-16T07:07:38","modified_gmt":"2024-08-16T07:07:38","slug":"testovaci-produkt","status":"publish","type":"product","link":"https:\/\/nekr.cz\/en\/product\/test-product\/","title":{"rendered":"NARO 20 tilting rotator (18-25 t)"},"content":{"rendered":"<p>P\u0159i v\u00fdvoji na\u0161ich\u00a0 nakl\u00e1p\u011bc\u00edch rot\u00e1tor\u016f jsme kladli d\u016fraz na kompaktn\u00ed rozm\u011bry, celkovou robustnost a v\u00fddr\u017e p\u0159i zachov\u00e1n\u00ed n\u00edzk\u00e9 hmotnosti.<\/p>\n<p>Nakl\u00e1p\u011bc\u00ed rot\u00e1tor NARO 15 je \u00fazk\u00fd a symetrick\u00fd, nevy\u010dn\u00edv\u00e1 z n\u011bj na jednu stranu hydromotor oto\u010de ani hydraulick\u00e9 v\u00e1lce nakl\u00e1p\u011bn\u00ed, proto se dostanete i do \u00fazk\u00fdch prostor. V z\u00e1vislosti od horn\u00edho uchycen\u00ed a spodn\u00edho rychloup\u00edna\u010de je mo\u017en\u00e9 rot\u00e1tor dostat do v\u00fdkopu \u0161\u00ed\u0159ky 480 &#8211; 500 mm. V\u0161echny d\u016fle\u017eit\u00e9 prvky &#8211; hydromotor, rozvad\u011b\u010de, hadice jsou um\u00edst\u011bny pod robustn\u00edmi kryty.<\/p>\n<p>Hydromotor nakl\u00e1p\u011bn\u00ed pou\u017e\u00edv\u00e1me od n\u011bmeck\u00e9 firmy R\u00e4dlinger a je vybaven pojistn\u00fdm ventilem proti p\u0159et\u00ed\u017een\u00ed.<\/p>\n<h5>T\u011bleso rot\u00e1toru NARO 20 se spodn\u00edm rychloup\u00edna\u010dem<\/h5>\n<p><img decoding=\"async\" class=\"alignnone wp-image-2748 lazyload\" data-src=\"https:\/\/nekr.cz\/wp-content\/uploads\/2024\/02\/NARO-20-nahled-247x300.jpg\" alt=\"\" width=\"762\" height=\"926\" data-srcset=\"https:\/\/nekr.cz\/wp-content\/uploads\/2024\/02\/NARO-20-nahled-247x300.jpg 247w, https:\/\/nekr.cz\/wp-content\/uploads\/2024\/02\/NARO-20-nahled-842x1024.jpg 842w, https:\/\/nekr.cz\/wp-content\/uploads\/2024\/02\/NARO-20-nahled-768x934.jpg 768w, https:\/\/nekr.cz\/wp-content\/uploads\/2024\/02\/NARO-20-nahled-10x12.jpg 10w, https:\/\/nekr.cz\/wp-content\/uploads\/2024\/02\/NARO-20-nahled-600x730.jpg 600w, https:\/\/nekr.cz\/wp-content\/uploads\/2024\/02\/NARO-20-nahled.jpg 1231w\" data-sizes=\"(max-width: 762px) 100vw, 762px\" src=\"data:image\/gif;base64,R0lGODlhAQABAAAAACH5BAEKAAEALAAAAAABAAEAAAICTAEAOw==\" style=\"--smush-placeholder-width: 762px; --smush-placeholder-aspect-ratio: 762\/926;\" \/><\/p>\n<p>Horn\u00ed up\u00ednac\u00ed desku vyrob\u00edme podle Va\u0161eho stroje. Je mo\u017en\u00e9 rot\u00e1tor uchytit p\u0159\u00edmo na n\u00e1sadu bagru nebo pod rychloup\u00edna\u010d.<\/p>\n<p>Spodn\u00ed rychlup\u00edna\u010d m\u016f\u017ee b\u00fdt hydraulick\u00fd nebo mechanick\u00fd, m\u016f\u017ee b\u00fdt vybaven dr\u017e\u00e1kem integrovan\u00fdch kle\u0161t\u00ed.<\/p>\n<p>Tak\u00e9 nakl\u00e1p\u011bc\u00ed rot\u00e1tor m\u016f\u017eeme vybavit dv\u011bma pr\u016fchoz\u00edmi hydraulick\u00fdmy okruhy vyveden\u00fdmi na spodn\u00edm rychloup\u00edna\u010di bez\u00fakapov\u00fdmi rychlospojkami velikosti 1\/2&#8243; a 3\/4&#8243;.<\/p>\n<p>&nbsp;<\/p>\n<h5>P\u0159\u00edklad mo\u017enost\u00ed sestaven\u00ed rot\u00e1toru na r\u016fzn\u00e9 typy stroj\u016f nebo up\u00edna\u010d\u016f<\/h5>\n<p><img decoding=\"async\" class=\"alignnone wp-image-2732 lazyload\" data-src=\"https:\/\/nekr.cz\/wp-content\/uploads\/2024\/03\/Rada-NARO-300x212.jpg\" alt=\"\" width=\"768\" height=\"543\" data-srcset=\"https:\/\/nekr.cz\/wp-content\/uploads\/2024\/03\/Rada-NARO-300x212.jpg 300w, https:\/\/nekr.cz\/wp-content\/uploads\/2024\/03\/Rada-NARO-1024x723.jpg 1024w, https:\/\/nekr.cz\/wp-content\/uploads\/2024\/03\/Rada-NARO-768x542.jpg 768w, https:\/\/nekr.cz\/wp-content\/uploads\/2024\/03\/Rada-NARO-18x12.jpg 18w, https:\/\/nekr.cz\/wp-content\/uploads\/2024\/03\/Rada-NARO-600x424.jpg 600w, https:\/\/nekr.cz\/wp-content\/uploads\/2024\/03\/Rada-NARO.jpg 1507w\" data-sizes=\"(max-width: 768px) 100vw, 768px\" src=\"data:image\/gif;base64,R0lGODlhAQABAAAAACH5BAEKAAEALAAAAAABAAEAAAICTAEAOw==\" style=\"--smush-placeholder-width: 768px; --smush-placeholder-aspect-ratio: 768\/543;\" \/><\/p>\n<p>Obr\u00e1zek je ilusta\u010dn\u00ed, samoz\u0159ejm\u011b na z\u00e1klad\u011b Va\u0161\u00ed popt\u00e1vky r\u00e1di vyrob\u00edme i jin\u00e9 kombinace.<\/p>\n<p>&nbsp;<\/p>\n<h5>Nivela\u010dn\u00ed syst\u00e9my:<\/h5>\n<p>Podle po\u017eadavku na\u0161e rot\u00e1tory m\u016f\u017eeme osadit senzorem nahl\u00e1p\u011bn\u00ed nebo senzorem rotace.<\/p>\n<p>\u0158ada NARO je kompatibiln\u00ed s nivela\u010dn\u00edmi syst\u00e9my TRIBMLE, iDig a dal\u0161\u00edmi syst\u00e9my.<\/p>\n<p>&nbsp;<\/p>\n<h5>Video z provozu rot\u00e1toru<\/h5>\n<p><iframe title=\"Accelerated sloping | Liebherr R926 compact excavator | NEKR NARO 20 tiltrotator\" width=\"500\" height=\"281\" data-src=\"https:\/\/www.youtube.com\/embed\/X2Gpvak9dq0?feature=oembed\" frameborder=\"0\" allow=\"accelerometer; autoplay; clipboard-write; encrypted-media; gyroscope; picture-in-picture; web-share\" referrerpolicy=\"strict-origin-when-cross-origin\" allowfullscreen src=\"data:image\/gif;base64,R0lGODlhAQABAAAAACH5BAEKAAEALAAAAAABAAEAAAICTAEAOw==\" class=\"lazyload\" data-load-mode=\"1\"><\/iframe><\/p>\n<p>&nbsp;<\/p>","protected":false},"excerpt":{"rendered":"<p>Nakl\u00e1p\u011bc\u00ed rot\u00e1tory urychluj\u00ed a zefektiv\u0148uj\u00ed pr\u00e1ci strojn\u00edka a t\u00edm zvy\u0161uj\u00ed produktivitu stroje o 15 \u2013 40% v z\u00e1vislosti na pou\u017eit\u00e9 specifikaci r\u00fdpadla a p\u0159\u00eddavn\u00fdch za\u0159\u00edzen\u00ed.<\/p>\n<p>&nbsp;<\/p>\n<p>NARO 20 pro bagry od 18 do 25 tun<\/p>\n<p>&nbsp;<\/p>\n<h6>Z\u00e1kladn\u00ed parametry:<\/h6>\n<p>\u0160\u00ed\u0159ka: 505 mm<br \/>\nV\u00fd\u0161ka: 545 mm<br \/>\nOto\u010d: 360\u00b0<\/p>\n<p>Nakl\u00e1p\u011bn\u00ed: 2 x 45\u00b0<br \/>\nHmotnost od cca 690 kg v\u010d. adapta\u010dn\u00ed desky a rychloup\u00edna\u010de (z\u00e1visl\u00e1 na typu uchycen\u00ed a typu rychloup\u00edna\u010de)<\/p>","protected":false},"featured_media":2053,"comment_status":"closed","ping_status":"closed","template":"","meta":{"_acf_changed":false},"product_brand":[],"product_cat":[19],"product_tag":[],"class_list":{"0":"post-1474","1":"product","2":"type-product","3":"status-publish","4":"has-post-thumbnail","6":"product_cat-naklapeci-rotatory","8":"first","9":"instock","10":"shipping-taxable","11":"product-type-simple"},"acf":[],"_links":{"self":[{"href":"https:\/\/nekr.cz\/en\/wp-json\/wp\/v2\/product\/1474","targetHints":{"allow":["GET"]}}],"collection":[{"href":"https:\/\/nekr.cz\/en\/wp-json\/wp\/v2\/product"}],"about":[{"href":"https:\/\/nekr.cz\/en\/wp-json\/wp\/v2\/types\/product"}],"replies":[{"embeddable":true,"href":"https:\/\/nekr.cz\/en\/wp-json\/wp\/v2\/comments?post=1474"}],"wp:featuredmedia":[{"embeddable":true,"href":"https:\/\/nekr.cz\/en\/wp-json\/wp\/v2\/media\/2053"}],"wp:attachment":[{"href":"https:\/\/nekr.cz\/en\/wp-json\/wp\/v2\/media?parent=1474"}],"wp:term":[{"taxonomy":"product_brand","embeddable":true,"href":"https:\/\/nekr.cz\/en\/wp-json\/wp\/v2\/product_brand?post=1474"},{"taxonomy":"product_cat","embeddable":true,"href":"https:\/\/nekr.cz\/en\/wp-json\/wp\/v2\/product_cat?post=1474"},{"taxonomy":"product_tag","embeddable":true,"href":"https:\/\/nekr.cz\/en\/wp-json\/wp\/v2\/product_tag?post=1474"}],"curies":[{"name":"wp","href":"https:\/\/api.w.org\/{rel}","templated":true}]}}