{"id":992,"date":"2024-02-05T11:21:29","date_gmt":"2024-02-05T11:21:29","guid":{"rendered":"https:\/\/nekr.cz\/?page_id=992"},"modified":"2025-08-14T10:20:58","modified_gmt":"2025-08-14T10:20:58","slug":"aktuality","status":"publish","type":"page","link":"https:\/\/nekr.cz\/en\/news\/","title":{"rendered":"News"},"content":{"rendered":"<section class=\"bde-section-992-100 bde-section\">\n  \n  \n\t\n\n\n\n<div class=\"section-container\"><div class=\"bde-columns-992-125 bde-columns\"><div class=\"bde-column-992-126 bde-column\">\n              \n  \n  \n\t\n\n\n\n<h1 class=\"bde-dual-heading-992-127 bde-dual-heading\">\n\n\n            <span data-style=\"primary\" class=\"dual-heading--primary\">News<\/span>\n\n\n\n<\/h1><div class=\"bde-text-992-138 bde-text\">\nStay informed about the latest developments and innovations in our industry.\n<\/div>\n<\/div><div class=\"bde-column-992-132 bde-column\">\n              \n  \n  \n\t\n\n\n\n<div class=\"bde-post-loop-992-134 bde-post-loop\">\n<div class=\"breakdance-swiper-wrapper\" data-swiper-id=\"134\"><div class=\"swiper\"><div class=\"ee-posts swiper-wrapper ee-posts-slider\">    <div class=\"ee-post swiper-slide\">\n    <div class=\"bde-columns-1421-115-2042-1421-1 bde-columns bde-columns-1421-115\"><div class=\"bde-column-1421-116-2042-1421-1 bde-column bde-column-1421-116\">\n  \n  \n\t\n\n\n\n<div class=\"bde-image-1421-118-2042-1421-1 bde-image bde-image-1421-118\">\n<figure class=\"breakdance-image breakdance-image--2043\">\n\t<div class=\"breakdance-image-container\">\n\t\t<div class=\"breakdance-image-clip\"><img decoding=\"async\" class=\"breakdance-image-object lazyload\" data-src=\"https:\/\/nekr.cz\/wp-content\/uploads\/2024\/03\/P1090117-scaled-e1711349352425.jpg\" width=\"1920\" height=\"2560\" data-srcset=\"https:\/\/nekr.cz\/wp-content\/uploads\/2024\/03\/P1090117-scaled-e1711349352425.jpg 1920w, https:\/\/nekr.cz\/wp-content\/uploads\/2024\/03\/P1090117-scaled-e1711349352425-600x800.jpg 600w, https:\/\/nekr.cz\/wp-content\/uploads\/2024\/03\/P1090117-scaled-e1711349352425-225x300.jpg 225w, https:\/\/nekr.cz\/wp-content\/uploads\/2024\/03\/P1090117-scaled-e1711349352425-768x1024.jpg 768w, https:\/\/nekr.cz\/wp-content\/uploads\/2024\/03\/P1090117-scaled-e1711349352425-1152x1536.jpg 1152w, https:\/\/nekr.cz\/wp-content\/uploads\/2024\/03\/P1090117-scaled-e1711349352425-1536x2048.jpg 1536w, https:\/\/nekr.cz\/wp-content\/uploads\/2024\/03\/P1090117-scaled-e1711349352425-9x12.jpg 9w\" data-sizes=\"auto, (max-width: 1920px) 100vw, 1920px\" src=\"data:image\/gif;base64,R0lGODlhAQABAAAAACH5BAEKAAEALAAAAAABAAEAAAICTAEAOw==\" style=\"--smush-placeholder-width: 1920px; --smush-placeholder-aspect-ratio: 1920\/2560;\"><\/div>\n\t<\/div><\/figure>\n\n<\/div>\n<\/div><div class=\"bde-column-1421-122-2042-1421-1 bde-column bde-column-1421-122\">\n  \n  \n\t\n\n\n\n<h1 class=\"bde-heading-1421-123-2042-1421-1 bde-heading bde-heading-1421-123\">\nRipra shovel\n<\/h1><div class=\"bde-button-1421-125-2042-1421-1 bde-button bde-button-1421-125\">\n    \n                                    \n    \n    \n    \n    \n            \n                    \n            \n            \n\n    \n    \n    \n    \n    \n    <a class=\"breakdance-link button-atom button-atom--custom bde-button__button\" href=\"https:\/\/nekr.cz\/en\/nabidka-prace\/konstrukter-lopat\/\" target=\"_self\" data-type=\"url\"  >\n\n    \n        <span class=\"button-atom__text\">Find out more<\/span>\n\n        \n        \n                <\/a>\n\n    \n\n\n<\/div>\n<\/div><\/div>    <\/div>\n        <div class=\"ee-post swiper-slide\">\n    <div class=\"bde-columns-1421-115-2040-1421-1 bde-columns bde-columns-1421-115\"><div class=\"bde-column-1421-116-2040-1421-1 bde-column bde-column-1421-116\">\n  \n  \n\t\n\n\n\n<div class=\"bde-image-1421-118-2040-1421-1 bde-image bde-image-1421-118\">\n<figure class=\"breakdance-image breakdance-image--2041\">\n\t<div class=\"breakdance-image-container\">\n\t\t<div class=\"breakdance-image-clip\"><img decoding=\"async\" class=\"breakdance-image-object lazyload\" data-src=\"https:\/\/nekr.cz\/wp-content\/uploads\/2024\/03\/IMG_2718-scaled.jpg\" width=\"2560\" height=\"1920\" data-srcset=\"https:\/\/nekr.cz\/wp-content\/uploads\/2024\/03\/IMG_2718-scaled.jpg 2560w, https:\/\/nekr.cz\/wp-content\/uploads\/2024\/03\/IMG_2718-scaled-600x450.jpg 600w, https:\/\/nekr.cz\/wp-content\/uploads\/2024\/03\/IMG_2718-300x225.jpg 300w, https:\/\/nekr.cz\/wp-content\/uploads\/2024\/03\/IMG_2718-1024x768.jpg 1024w, https:\/\/nekr.cz\/wp-content\/uploads\/2024\/03\/IMG_2718-768x576.jpg 768w, https:\/\/nekr.cz\/wp-content\/uploads\/2024\/03\/IMG_2718-1536x1152.jpg 1536w, https:\/\/nekr.cz\/wp-content\/uploads\/2024\/03\/IMG_2718-2048x1536.jpg 2048w, https:\/\/nekr.cz\/wp-content\/uploads\/2024\/03\/IMG_2718-16x12.jpg 16w\" data-sizes=\"auto, (max-width: 2560px) 100vw, 2560px\" src=\"data:image\/gif;base64,R0lGODlhAQABAAAAACH5BAEKAAEALAAAAAABAAEAAAICTAEAOw==\" style=\"--smush-placeholder-width: 2560px; --smush-placeholder-aspect-ratio: 2560\/1920;\"><\/div>\n\t<\/div><\/figure>\n\n<\/div>\n<\/div><div class=\"bde-column-1421-122-2040-1421-1 bde-column bde-column-1421-122\">\n  \n  \n\t\n\n\n\n<h1 class=\"bde-heading-1421-123-2040-1421-1 bde-heading bde-heading-1421-123\">\nNARO18 on CAT M319 excavator\n<\/h1><div class=\"bde-button-1421-125-2040-1421-1 bde-button bde-button-1421-125\">\n    \n                                    \n    \n    \n    \n    \n            \n                    \n            \n            \n\n    \n    \n    \n    \n    \n    <a class=\"breakdance-link button-atom button-atom--custom bde-button__button\" href=\"https:\/\/nekr.cz\/en\/novinka\/tahacove-vibracni-valce\/\" target=\"_self\" data-type=\"url\"  >\n\n    \n        <span class=\"button-atom__text\">Find out more<\/span>\n\n        \n        \n                <\/a>\n\n    \n\n\n<\/div>\n<\/div><\/div>    <\/div>\n    <\/div><\/div>\n    \n    \n<\/div>\n\n<\/div>\n<\/div><\/div><div class=\"bde-post-list-992-137 bde-post-list\">\n<div class=\"ee-posts ee-posts-grid\">        <section class=\"ee-post\">\n            \n                                            <a class=\"ee-post-image-link ee-posts-image-top\" href=\"https:\/\/nekr.cz\/en\/novinka\/zakaznicky-den-2025\/\" aria-label=\"Z\u00e1kaznick\u00fd den 2025\">\n                    <div class=\"ee-post-image\">\n                        <img decoding=\"async\" width=\"2560\" height=\"1707\" data-src=\"https:\/\/nekr.cz\/wp-content\/uploads\/2025\/08\/104-scaled.jpg\" class=\"attachment-full size-full wp-post-image lazyload\" alt=\"\" data-srcset=\"https:\/\/nekr.cz\/wp-content\/uploads\/2025\/08\/104-scaled.jpg 2560w, https:\/\/nekr.cz\/wp-content\/uploads\/2025\/08\/104-300x200.jpg 300w, https:\/\/nekr.cz\/wp-content\/uploads\/2025\/08\/104-1024x683.jpg 1024w\" data-sizes=\"(max-width: 2560px) 100vw, 2560px\" src=\"data:image\/gif;base64,R0lGODlhAQABAAAAACH5BAEKAAEALAAAAAABAAEAAAICTAEAOw==\" style=\"--smush-placeholder-width: 2560px; --smush-placeholder-aspect-ratio: 2560\/1707;\" \/>                    <\/div>\n                <\/a>\n            \n            \n            <div class=\"ee-post-wrap\">\n                \n                                    <h3 class=\"ee-post-title\">\n                        <a class=\"ee-post-title-link\" href=\"https:\/\/nekr.cz\/en\/novinka\/zakaznicky-den-2025\/\" >\n                            Z\u00e1kaznick\u00fd den 2025                        <\/a>\n                    <\/h3>\n                                    <div class=\"ee-post-meta\">\n                                                                                            <span class=\"ee-post-meta-author ee-post-meta-item\"><a href=\"https:\/\/nekr.cz\/en\/author\/svatoslavjezek\/\" title=\"Posts by Svatoslav Jezek\" rel=\"author\">Svatoslav Jezek<\/a><\/span>\n                                                                                                                                <span class=\"ee-post-meta-date ee-post-meta-item\">\n                                        <a href=\"https:\/\/nekr.cz\/en\/2025\/08\/14\/\" >\n                                            August 14, 2025                                        <\/a>\n                                    <\/span>\n                                                        \n                    <\/div>\n                                    <div class=\"ee-post-content\">\n                        Ji\u017e druh\u00fdm rokem se u n\u00e1s konal Z\u00e1kaznick\u00fd den, kter\u00fd byl ur\u010den nejen pro na\u0161e z\u00e1kazn\u00edky, ale tak\u00e9 pro ty,&hellip;                    <\/div>\n                \n    \n                                    \n    \n    \n    \n    \n            \n                    \n            \n            \n\n    \n    \n    \n    \n    \n    <a class=\"breakdance-link button-atom button-atom--custom ee-post-button\" href=\"https:\/\/nekr.cz\/en\/novinka\/zakaznicky-den-2025\/\" target=\"_self\" data-type=\"\"  >\n\n    \n        <span class=\"button-atom__text\">Read more<\/span>\n\n        \n        \n                <\/a>\n\n    \n\n\n\n\n                \n            <\/div>\n\n                    <\/section>\n\n            <section class=\"ee-post\">\n            \n                                            <a class=\"ee-post-image-link ee-posts-image-top\" href=\"https:\/\/nekr.cz\/en\/novinka\/informace-o-kamerovem-systemu\/\" aria-label=\"Informace o kamerov\u00e9m syst\u00e9mu\">\n                    <div class=\"ee-post-image\">\n                         <img decoding=\"async\" src=\"data:image\/svg+xml;base64,PHN2ZyB4bWxucz0iaHR0cDovL3d3dy53My5vcmcvMjAwMC9zdmciIHdpZHRoPSI1NDAiIGhlaWdodD0iNTQwIiB2aWV3Qm94PSIwIDAgMTQwIDE0MCI+PHBhdGggZD0iTTAgMGgxNDB2MTQwSDB6IiBmaWxsPSIjZTVlN2ViIi8+PHBhdGggZD0iTTg4IDgyLjQ2SDUxLjh2LTQuNTJsNi43NC02Ljc0YTEuMTMgMS4xMyAwIDAxMS42IDBsNS4yMyA1LjIzIDEyLjc2LTEyLjc3YTEuMTMgMS4xMyAwIDAxMS42IDBMODggNzEuOTF6IiBmaWxsPSIjZTVlN2ViIi8+PHBhdGggZD0iTTg5LjQ4IDUyLjMySDUwLjI5YTQuNTIgNC41MiAwIDAwLTQuNTIgNC41MlY4NGE0LjUzIDQuNTMgMCAwMDQuNTIgNC41MmgzOS4xOUE0LjUyIDQuNTIgMCAwMDk0IDg0VjU2Ljg0YTQuNTIgNC41MiAwIDAwLTQuNTItNC41MnptLTMzLjE2IDUuMjdhNS4yOCA1LjI4IDAgMTEtNS4yNyA1LjI4IDUuMjcgNS4yNyAwIDAxNS4yNy01LjI4ek04OCA4Mi40Nkg1MS44di00LjUybDYuNzQtNi43NGExLjEzIDEuMTMgMCAwMTEuNiAwbDUuMjMgNS4yMyAxMi43Ni0xMi43N2ExLjEzIDEuMTMgMCAwMTEuNiAwTDg4IDcxLjkxeiIgZmlsbD0iI2QxZDVkYiIvPjwvc3ZnPg==\" width=\"540\" height=\"540\" alt=\"\">                    <\/div>\n                <\/a>\n            \n            \n            <div class=\"ee-post-wrap\">\n                \n                                    <h3 class=\"ee-post-title\">\n                        <a class=\"ee-post-title-link\" href=\"https:\/\/nekr.cz\/en\/novinka\/informace-o-kamerovem-systemu\/\" >\n                            Informace o kamerov\u00e9m syst\u00e9mu                        <\/a>\n                    <\/h3>\n                                    <div class=\"ee-post-meta\">\n                                                                                            <span class=\"ee-post-meta-author ee-post-meta-item\"><a href=\"https:\/\/nekr.cz\/en\/author\/svatoslavjezek\/\" title=\"Posts by Svatoslav Jezek\" rel=\"author\">Svatoslav Jezek<\/a><\/span>\n                                                                                                                                <span class=\"ee-post-meta-date ee-post-meta-item\">\n                                        <a href=\"https:\/\/nekr.cz\/en\/2025\/01\/01\/\" >\n                                            January 1, 2025                                        <\/a>\n                                    <\/span>\n                                                        \n                    <\/div>\n                                    <div class=\"ee-post-content\">\n                                            <\/div>\n                \n    \n                                    \n    \n    \n    \n    \n            \n                    \n            \n            \n\n    \n    \n    \n    \n    \n    <a class=\"breakdance-link button-atom button-atom--custom ee-post-button\" href=\"https:\/\/nekr.cz\/en\/novinka\/informace-o-kamerovem-systemu\/\" target=\"_self\" data-type=\"\"  >\n\n    \n        <span class=\"button-atom__text\">Read more<\/span>\n\n        \n        \n                <\/a>\n\n    \n\n\n\n\n                \n            <\/div>\n\n                    <\/section>\n\n            <section class=\"ee-post\">\n            \n                                            <a class=\"ee-post-image-link ee-posts-image-top\" href=\"https:\/\/nekr.cz\/en\/nabidka-prace\/pracovnikcncpaleniaohybani\/\" aria-label=\"CNC sheet metal burning and bending worker\">\n                    <div class=\"ee-post-image\">\n                        <img decoding=\"async\" width=\"1536\" height=\"2048\" data-src=\"https:\/\/nekr.cz\/wp-content\/uploads\/2024\/02\/pro-JNEErHPp.jpeg\" class=\"attachment-full size-full wp-post-image lazyload\" alt=\"\" data-srcset=\"https:\/\/nekr.cz\/wp-content\/uploads\/2024\/02\/pro-JNEErHPp.jpeg 1536w, https:\/\/nekr.cz\/wp-content\/uploads\/2024\/02\/pro-JNEErHPp-225x300.jpeg 225w, https:\/\/nekr.cz\/wp-content\/uploads\/2024\/02\/pro-JNEErHPp-768x1024.jpeg 768w, https:\/\/nekr.cz\/wp-content\/uploads\/2024\/02\/pro-JNEErHPp-1152x1536.jpeg 1152w, https:\/\/nekr.cz\/wp-content\/uploads\/2024\/02\/pro-JNEErHPp-9x12.jpeg 9w, https:\/\/nekr.cz\/wp-content\/uploads\/2024\/02\/pro-JNEErHPp-600x800.jpeg 600w\" data-sizes=\"(max-width: 1536px) 100vw, 1536px\" src=\"data:image\/gif;base64,R0lGODlhAQABAAAAACH5BAEKAAEALAAAAAABAAEAAAICTAEAOw==\" style=\"--smush-placeholder-width: 1536px; --smush-placeholder-aspect-ratio: 1536\/2048;\" \/>                    <\/div>\n                <\/a>\n            \n            \n            <div class=\"ee-post-wrap\">\n                \n                                    <h3 class=\"ee-post-title\">\n                        <a class=\"ee-post-title-link\" href=\"https:\/\/nekr.cz\/en\/nabidka-prace\/pracovnikcncpaleniaohybani\/\" >\n                            CNC sheet metal burning and bending worker                        <\/a>\n                    <\/h3>\n                                    <div class=\"ee-post-meta\">\n                                                                                            <span class=\"ee-post-meta-author ee-post-meta-item\"><a href=\"https:\/\/nekr.cz\/en\/author\/svatoslavjezek\/\" title=\"Posts by Svatoslav Jezek\" rel=\"author\">Svatoslav Jezek<\/a><\/span>\n                                                                                                                                <span class=\"ee-post-meta-date ee-post-meta-item\">\n                                        <a href=\"https:\/\/nekr.cz\/en\/2024\/08\/14\/\" >\n                                            August 14, 2024                                        <\/a>\n                                    <\/span>\n                                                        \n                    <\/div>\n                                    <div class=\"ee-post-content\">\n                        As a worker on CNC burning and bending of metal sheets in our company NEKR SERVIS s.r.o. you will be responsible for burning of shaped...                    <\/div>\n                \n    \n                                    \n    \n    \n    \n    \n            \n                    \n            \n            \n\n    \n    \n    \n    \n    \n    <a class=\"breakdance-link button-atom button-atom--custom ee-post-button\" href=\"https:\/\/nekr.cz\/en\/nabidka-prace\/pracovnikcncpaleniaohybani\/\" target=\"_self\" data-type=\"\"  >\n\n    \n        <span class=\"button-atom__text\">Read more<\/span>\n\n        \n        \n                <\/a>\n\n    \n\n\n\n\n                \n            <\/div>\n\n                    <\/section>\n\n            <section class=\"ee-post\">\n            \n                                            <a class=\"ee-post-image-link ee-posts-image-top\" href=\"https:\/\/nekr.cz\/en\/novinka\/naro-15-s-klestema-na-liebherr-a916\/\" aria-label=\"NARO 15 with pliers for LIEBHERR A916\">\n                    <div class=\"ee-post-image\">\n                        <img decoding=\"async\" width=\"640\" height=\"482\" data-src=\"https:\/\/nekr.cz\/wp-content\/uploads\/2024\/07\/20240729_090949-1-scaled-e1723727581680.jpg\" class=\"attachment-full size-full wp-post-image lazyload\" alt=\"\" data-srcset=\"https:\/\/nekr.cz\/wp-content\/uploads\/2024\/07\/20240729_090949-1-scaled-e1723727581680.jpg 640w, https:\/\/nekr.cz\/wp-content\/uploads\/2024\/07\/20240729_090949-1-scaled-e1723727581680-300x226.jpg 300w, https:\/\/nekr.cz\/wp-content\/uploads\/2024\/07\/20240729_090949-1-scaled-e1723727581680-16x12.jpg 16w, https:\/\/nekr.cz\/wp-content\/uploads\/2024\/07\/20240729_090949-1-scaled-e1723727581680-600x452.jpg 600w\" data-sizes=\"(max-width: 640px) 100vw, 640px\" src=\"data:image\/gif;base64,R0lGODlhAQABAAAAACH5BAEKAAEALAAAAAABAAEAAAICTAEAOw==\" style=\"--smush-placeholder-width: 640px; --smush-placeholder-aspect-ratio: 640\/482;\" \/>                    <\/div>\n                <\/a>\n            \n            \n            <div class=\"ee-post-wrap\">\n                \n                                    <h3 class=\"ee-post-title\">\n                        <a class=\"ee-post-title-link\" href=\"https:\/\/nekr.cz\/en\/novinka\/naro-15-s-klestema-na-liebherr-a916\/\" >\n                            NARO 15 with pliers for LIEBHERR A916                        <\/a>\n                    <\/h3>\n                                    <div class=\"ee-post-meta\">\n                                                                                            <span class=\"ee-post-meta-author ee-post-meta-item\"><a href=\"https:\/\/nekr.cz\/en\/author\/svatoslavjezek\/\" title=\"Posts by Svatoslav Jezek\" rel=\"author\">Svatoslav Jezek<\/a><\/span>\n                                                                                                                                <span class=\"ee-post-meta-date ee-post-meta-item\">\n                                        <a href=\"https:\/\/nekr.cz\/en\/2024\/07\/31\/\" >\n                                            July 31, 2024                                        <\/a>\n                                    <\/span>\n                                                        \n                    <\/div>\n                                    <div class=\"ee-post-content\">\n                        Another NARO 15 tilting rotator with integrated pliers handed over to the customer. Thanks to Liebherr for the great cooperation in the installation on the excavator...                    <\/div>\n                \n    \n                                    \n    \n    \n    \n    \n            \n                    \n            \n            \n\n    \n    \n    \n    \n    \n    <a class=\"breakdance-link button-atom button-atom--custom ee-post-button\" href=\"https:\/\/nekr.cz\/en\/novinka\/naro-15-s-klestema-na-liebherr-a916\/\" target=\"_self\" data-type=\"\"  >\n\n    \n        <span class=\"button-atom__text\">Read more<\/span>\n\n        \n        \n                <\/a>\n\n    \n\n\n\n\n                \n            <\/div>\n\n                    <\/section>\n\n            <section class=\"ee-post\">\n            \n                                            <a class=\"ee-post-image-link ee-posts-image-top\" href=\"https:\/\/nekr.cz\/en\/novinka\/zakaznicky-den\/\" aria-label=\"Customer Day\">\n                    <div class=\"ee-post-image\">\n                        <img decoding=\"async\" width=\"2560\" height=\"1440\" data-src=\"https:\/\/nekr.cz\/wp-content\/uploads\/2024\/06\/55-scaled.jpg\" class=\"attachment-full size-full wp-post-image lazyload\" alt=\"\" data-srcset=\"https:\/\/nekr.cz\/wp-content\/uploads\/2024\/06\/55-scaled.jpg 2560w, https:\/\/nekr.cz\/wp-content\/uploads\/2024\/06\/55-300x169.jpg 300w, https:\/\/nekr.cz\/wp-content\/uploads\/2024\/06\/55-1024x576.jpg 1024w, https:\/\/nekr.cz\/wp-content\/uploads\/2024\/06\/55-768x432.jpg 768w, https:\/\/nekr.cz\/wp-content\/uploads\/2024\/06\/55-1536x864.jpg 1536w, https:\/\/nekr.cz\/wp-content\/uploads\/2024\/06\/55-2048x1152.jpg 2048w, https:\/\/nekr.cz\/wp-content\/uploads\/2024\/06\/55-18x10.jpg 18w, https:\/\/nekr.cz\/wp-content\/uploads\/2024\/06\/55-600x338.jpg 600w\" data-sizes=\"(max-width: 2560px) 100vw, 2560px\" src=\"data:image\/gif;base64,R0lGODlhAQABAAAAACH5BAEKAAEALAAAAAABAAEAAAICTAEAOw==\" style=\"--smush-placeholder-width: 2560px; --smush-placeholder-aspect-ratio: 2560\/1440;\" \/>                    <\/div>\n                <\/a>\n            \n            \n            <div class=\"ee-post-wrap\">\n                \n                                    <h3 class=\"ee-post-title\">\n                        <a class=\"ee-post-title-link\" href=\"https:\/\/nekr.cz\/en\/novinka\/zakaznicky-den\/\" >\n                            Customer Day                        <\/a>\n                    <\/h3>\n                                    <div class=\"ee-post-meta\">\n                                                                                            <span class=\"ee-post-meta-author ee-post-meta-item\"><a href=\"https:\/\/nekr.cz\/en\/author\/svatoslavjezek\/\" title=\"Posts by Svatoslav Jezek\" rel=\"author\">Svatoslav Jezek<\/a><\/span>\n                                                                                                                                <span class=\"ee-post-meta-date ee-post-meta-item\">\n                                        <a href=\"https:\/\/nekr.cz\/en\/2024\/06\/07\/\" >\n                                            June 7, 2024                                        <\/a>\n                                    <\/span>\n                                                        \n                    <\/div>\n                                    <div class=\"ee-post-content\">\n                        Our customer day 6.6.2024 was very successful . Our clients had the opportunity to see our NARO rotator in action...                    <\/div>\n                \n    \n                                    \n    \n    \n    \n    \n            \n                    \n            \n            \n\n    \n    \n    \n    \n    \n    <a class=\"breakdance-link button-atom button-atom--custom ee-post-button\" href=\"https:\/\/nekr.cz\/en\/novinka\/zakaznicky-den\/\" target=\"_self\" data-type=\"\"  >\n\n    \n        <span class=\"button-atom__text\">Read more<\/span>\n\n        \n        \n                <\/a>\n\n    \n\n\n\n\n                \n            <\/div>\n\n                    <\/section>\n\n            <section class=\"ee-post\">\n            \n                                            <a class=\"ee-post-image-link ee-posts-image-top\" href=\"https:\/\/nekr.cz\/en\/novinka\/reportaz-z-vyroby\/\" aria-label=\"Report from production\">\n                    <div class=\"ee-post-image\">\n                        <img decoding=\"async\" width=\"1103\" height=\"613\" data-src=\"https:\/\/nekr.cz\/wp-content\/uploads\/2021\/12\/Reportaz-z-vyroby.jpg\" class=\"attachment-full size-full wp-post-image lazyload\" alt=\"\" data-srcset=\"https:\/\/nekr.cz\/wp-content\/uploads\/2021\/12\/Reportaz-z-vyroby.jpg 1103w, https:\/\/nekr.cz\/wp-content\/uploads\/2021\/12\/Reportaz-z-vyroby-300x167.jpg 300w, https:\/\/nekr.cz\/wp-content\/uploads\/2021\/12\/Reportaz-z-vyroby-1024x569.jpg 1024w, https:\/\/nekr.cz\/wp-content\/uploads\/2021\/12\/Reportaz-z-vyroby-768x427.jpg 768w, https:\/\/nekr.cz\/wp-content\/uploads\/2021\/12\/Reportaz-z-vyroby-18x10.jpg 18w, https:\/\/nekr.cz\/wp-content\/uploads\/2021\/12\/Reportaz-z-vyroby-600x333.jpg 600w\" data-sizes=\"(max-width: 1103px) 100vw, 1103px\" src=\"data:image\/gif;base64,R0lGODlhAQABAAAAACH5BAEKAAEALAAAAAABAAEAAAICTAEAOw==\" style=\"--smush-placeholder-width: 1103px; --smush-placeholder-aspect-ratio: 1103\/613;\" \/>                    <\/div>\n                <\/a>\n            \n            \n            <div class=\"ee-post-wrap\">\n                \n                                    <h3 class=\"ee-post-title\">\n                        <a class=\"ee-post-title-link\" href=\"https:\/\/nekr.cz\/en\/novinka\/reportaz-z-vyroby\/\" >\n                            Report from production                        <\/a>\n                    <\/h3>\n                                    <div class=\"ee-post-meta\">\n                                                                                            <span class=\"ee-post-meta-author ee-post-meta-item\"><a href=\"https:\/\/nekr.cz\/en\/author\/svatoslavjezek\/\" title=\"Posts by Svatoslav Jezek\" rel=\"author\">Svatoslav Jezek<\/a><\/span>\n                                                                                                                                <span class=\"ee-post-meta-date ee-post-meta-item\">\n                                        <a href=\"https:\/\/nekr.cz\/en\/2021\/12\/26\/\" >\n                                            December 26, 2021                                        <\/a>\n                                    <\/span>\n                                                        \n                    <\/div>\n                                    <div class=\"ee-post-content\">\n                        Recently KUBO-SK visited us and filmed a short replay of the production for you.                    <\/div>\n                \n    \n                                    \n    \n    \n    \n    \n            \n                    \n            \n            \n\n    \n    \n    \n    \n    \n    <a class=\"breakdance-link button-atom button-atom--custom ee-post-button\" href=\"https:\/\/nekr.cz\/en\/novinka\/reportaz-z-vyroby\/\" target=\"_self\" data-type=\"\"  >\n\n    \n        <span class=\"button-atom__text\">Read more<\/span>\n\n        \n        \n                <\/a>\n\n    \n\n\n\n\n                \n            <\/div>\n\n                    <\/section>\n\n    <\/div><div class='bde-posts-pagination bde-posts-pagination-prevnext bde-posts-prev-next-link'><\/div>\n<\/div><\/div>\n<\/section>","protected":false},"excerpt":{"rendered":"","protected":false},"author":1,"featured_media":0,"parent":0,"menu_order":0,"comment_status":"closed","ping_status":"closed","template":"","meta":{"_acf_changed":false,"_breakdance_hide_in_design_set":false,"_breakdance_tags":"","footnotes":""},"class_list":["post-992","page","type-page","status-publish","hentry"],"acf":[],"_links":{"self":[{"href":"https:\/\/nekr.cz\/en\/wp-json\/wp\/v2\/pages\/992","targetHints":{"allow":["GET"]}}],"collection":[{"href":"https:\/\/nekr.cz\/en\/wp-json\/wp\/v2\/pages"}],"about":[{"href":"https:\/\/nekr.cz\/en\/wp-json\/wp\/v2\/types\/page"}],"author":[{"embeddable":true,"href":"https:\/\/nekr.cz\/en\/wp-json\/wp\/v2\/users\/1"}],"replies":[{"embeddable":true,"href":"https:\/\/nekr.cz\/en\/wp-json\/wp\/v2\/comments?post=992"}],"version-history":[{"count":33,"href":"https:\/\/nekr.cz\/en\/wp-json\/wp\/v2\/pages\/992\/revisions"}],"predecessor-version":[{"id":2921,"href":"https:\/\/nekr.cz\/en\/wp-json\/wp\/v2\/pages\/992\/revisions\/2921"}],"wp:attachment":[{"href":"https:\/\/nekr.cz\/en\/wp-json\/wp\/v2\/media?parent=992"}],"curies":[{"name":"wp","href":"https:\/\/api.w.org\/{rel}","templated":true}]}}