{"id":2390,"date":"2024-08-01T17:13:46","date_gmt":"2024-08-01T17:13:46","guid":{"rendered":"https:\/\/nekr.cz\/?page_id=2390"},"modified":"2024-08-27T19:57:56","modified_gmt":"2024-08-27T19:57:56","slug":"produktova-stranka","status":"publish","type":"page","link":"https:\/\/nekr.cz\/en\/products\/produktova-stranka\/","title":{"rendered":"Produktova stranka"},"content":{"rendered":"<section class=\"bde-section-2390-100 bde-section\">\n  \n  \n\t\n\n\n\n<div class=\"section-container\"><div class=\"bde-columns-2390-101 bde-columns\"><div class=\"bde-column-2390-102 bde-column\">\n  \n  \n\t\n\n\n\n<div class=\"bde-woo-widget-2390-103 bde-woo-widget\">\n<div class='breakdance-woocommerce'>\n    <div class=\"widget woocommerce widget_product_categories\"><h2 class=\"widgettitle\">Product categories<\/h2><select  name='product_cat' id='product_cat' class='dropdown_product_cat'>\n\t<option value='' selected='selected' data-no-translation=\"\" data-trp-gettext=\"\">Select a category<\/option>\n\t<option class=\"level-0\" value=\"brity-nahradni-dily-servis\">Razor blades<\/option>\n\t<option class=\"level-0\" value=\"nahradni-dily\">Spare parts<\/option>\n\t<option class=\"level-1\" value=\"brity-nahradni-dily-2\">&nbsp;&nbsp;&nbsp;Razor blades<\/option>\n\t<option class=\"level-1\" value=\"cepy-a-pouzdra\">&nbsp;&nbsp;&nbsp;Pins and bushings<\/option>\n\t<option class=\"level-1\" value=\"cerpadla-hydraulicka-a-palivova\">&nbsp;&nbsp;&nbsp;Hydraulic and fuel pumps<\/option>\n\t<option class=\"level-1\" value=\"chladice-vodni-pumpy\">&nbsp;&nbsp;&nbsp;Coolers, water pumps<\/option>\n\t<option class=\"level-1\" value=\"drtici-desky-do-drticu\">&nbsp;&nbsp;&nbsp;Crushing plates for crushers<\/option>\n\t<option class=\"level-1\" value=\"filtry-oleje-maziva\">&nbsp;&nbsp;&nbsp;Filters, oils and lubricants<\/option>\n\t<option class=\"level-1\" value=\"kabinova-okna\">&nbsp;&nbsp;&nbsp;Cabin windows<\/option>\n\t<option class=\"level-1\" value=\"koncove-prevody-a-jejich-casti\">&nbsp;&nbsp;&nbsp;End gears and their parts<\/option>\n\t<option class=\"level-1\" value=\"motory-a-motorove-dily\">&nbsp;&nbsp;&nbsp;Engines and engine parts<\/option>\n\t<option class=\"level-1\" value=\"ochranne-prvky-na-lopaty-nahradni-dily-2\">&nbsp;&nbsp;&nbsp;Protective elements for shovels<\/option>\n\t<option class=\"level-1\" value=\"oskrty-pro-bouraci-kladiva\">&nbsp;&nbsp;&nbsp;Cutouts for demolition hammers<\/option>\n\t<option class=\"level-1\" value=\"pasy-gumove-a-ocelove\">&nbsp;&nbsp;&nbsp;Rubber and steel belts<\/option>\n\t<option class=\"level-1\" value=\"podvozkove-dily\">&nbsp;&nbsp;&nbsp;Chassis parts<\/option>\n\t<option class=\"level-1\" value=\"rozvadece\">&nbsp;&nbsp;&nbsp;Switchboards<\/option>\n\t<option class=\"level-1\" value=\"zuby-nahradni-dily-2\">&nbsp;&nbsp;&nbsp;Teeth<\/option>\n\t<option class=\"level-0\" value=\"nezarazene\">Uncategorized<\/option>\n\t<option class=\"level-0\" value=\"ochranne-prvky-na-lopaty-nahradni-dily-servis\">Protective elements for shovels<\/option>\n\t<option class=\"level-0\" value=\"opravy\">Repairs<\/option>\n\t<option class=\"level-0\" value=\"produkty\">Products<\/option>\n\t<option class=\"level-1\" value=\"desky-adaptacni-prechodove-zavesy\">&nbsp;&nbsp;&nbsp;Adaptive \/ Transition \/ Hinge plates<\/option>\n\t<option class=\"level-1\" value=\"drapaky\">&nbsp;&nbsp;&nbsp;Grabbers<\/option>\n\t<option class=\"level-1\" value=\"hroty-rozryvaci\">&nbsp;&nbsp;&nbsp;Scarifying tips<\/option>\n\t<option class=\"level-1\" value=\"hydraulicke_valce\">&nbsp;&nbsp;&nbsp;Hydraulic cylinders<\/option>\n\t<option class=\"level-1\" value=\"lopaty-horove\">&nbsp;&nbsp;&nbsp;Mountain shovels<\/option>\n\t<option class=\"level-1\" value=\"lopaty-na-bagry\">&nbsp;&nbsp;&nbsp;Shovels for excavators<\/option>\n\t<option class=\"level-1\" value=\"lopaty-na-nakladace\">&nbsp;&nbsp;&nbsp;Shovels for loaders<\/option>\n\t<option class=\"level-1\" value=\"lopaty-tridici\">&nbsp;&nbsp;&nbsp;Sorting shovels<\/option>\n\t<option class=\"level-1\" value=\"naklapeci-hlavy\">&nbsp;&nbsp;&nbsp;Tilting heads<\/option>\n\t<option class=\"level-1\" value=\"naklapeci-rotatory\">&nbsp;&nbsp;&nbsp;Tilting rotators<\/option>\n\t<option class=\"level-1\" value=\"pridrzovace\">&nbsp;&nbsp;&nbsp;Holders<\/option>\n\t<option class=\"level-1\" value=\"protizavazi-dozerove\">&nbsp;&nbsp;&nbsp;Counterweight for monitoring<\/option>\n\t<option class=\"level-1\" value=\"radlice-dozerove\">&nbsp;&nbsp;&nbsp;Surveillance radar<\/option>\n\t<option class=\"level-1\" value=\"radlice-na-snih\">&nbsp;&nbsp;&nbsp;Snow shovel<\/option>\n\t<option class=\"level-1\" value=\"rippery-dozerove\">&nbsp;&nbsp;&nbsp;Surveillance Rippers<\/option>\n\t<option class=\"level-1\" value=\"rotacni-hlavy\">&nbsp;&nbsp;&nbsp;Rotary heads<\/option>\n\t<option class=\"level-1\" value=\"rychloupinace\">&nbsp;&nbsp;&nbsp;Fasteners<\/option>\n\t<option class=\"level-1\" value=\"vidle-paletizacni\">&nbsp;&nbsp;&nbsp;Palletizing forks<\/option>\n\t<option class=\"level-1\" value=\"vylozniky-nasady-prodlouzeni\">&nbsp;&nbsp;&nbsp;Booms Handles Extensions<\/option>\n\t<option class=\"level-1\" value=\"zakazkova-vyroba\">&nbsp;&nbsp;&nbsp;Custom production<\/option>\n\t<option class=\"level-0\" value=\"servis\">Service<\/option>\n\t<option class=\"level-1\" value=\"servis-stavebnich-stroju\">&nbsp;&nbsp;&nbsp;Construction machinery service<\/option>\n\t<option class=\"level-1\" value=\"vyrobni-technologie\">&nbsp;&nbsp;&nbsp;Production technology<\/option>\n\t<option class=\"level-0\" value=\"zuby\">Teeth<\/option>\n<\/select>\n<\/div><\/div>\n\n<\/div><div class=\"bde-code-block-2390-104 bde-code-block\">\n\n  <div class=\"sidebar-menu\">\n            <div class=\"menu-section\">\n            <label for=\"toggle-52\" class=\"category-title\">Products<\/label>\n        \n            <ul class=\"category-list\">\n                                    <li class=\"category-item\">\n                        <a href=\"https:\/\/nekr.cz\/en\/product-category\/products\/naklapeci-rotatory\/\">\n                            Tilting Rotators (11)\n                        <\/a>\n                                            <\/li>\n                                    <li class=\"category-item\">\n                        <a href=\"https:\/\/nekr.cz\/en\/product-category\/products\/naklapeci-hlavy\/\">\n                            Tilting Heads (2)\n                        <\/a>\n                                            <\/li>\n                                    <li class=\"category-item\">\n                        <a href=\"https:\/\/nekr.cz\/en\/product-category\/products\/rotacni-hlavy\/\">\n                            Rotary Heads (2)\n                        <\/a>\n                                            <\/li>\n                                    <li class=\"category-item\">\n                        <a href=\"https:\/\/nekr.cz\/en\/product-category\/products\/rychloupinace\/\">\n                            Fasteners (10)\n                        <\/a>\n                                            <\/li>\n                                    <li class=\"category-item\">\n                        <a href=\"https:\/\/nekr.cz\/en\/product-category\/products\/lopaty-na-bagry\/\">\n                            Shovels for excavators (23)\n                        <\/a>\n                                            <\/li>\n                                    <li class=\"category-item\">\n                        <a href=\"https:\/\/nekr.cz\/en\/product-category\/products\/lopaty-na-nakladace\/\">\n                            Shovels for loaders (12)\n                        <\/a>\n                                            <\/li>\n                                    <li class=\"category-item\">\n                        <a href=\"https:\/\/nekr.cz\/en\/product-category\/products\/lopaty-horove\/\">\n                            Shovels (2)\n                        <\/a>\n                                            <\/li>\n                                    <li class=\"category-item\">\n                        <a href=\"https:\/\/nekr.cz\/en\/product-category\/products\/lopaty-tridici\/\">\n                            Sorting shovels (1)\n                        <\/a>\n                                            <\/li>\n                                    <li class=\"category-item\">\n                        <a href=\"https:\/\/nekr.cz\/en\/product-category\/products\/drapaky\/\">\n                            Grabbers (11)\n                        <\/a>\n                                            <\/li>\n                                    <li class=\"category-item\">\n                        <a href=\"https:\/\/nekr.cz\/en\/product-category\/products\/vidle-paletizacni\/\">\n                            Palletizing forks (4)\n                        <\/a>\n                                            <\/li>\n                                    <li class=\"category-item\">\n                        <a href=\"https:\/\/nekr.cz\/en\/product-category\/products\/hroty-rozryvaci\/\">\n                            Scarifying tips (1)\n                        <\/a>\n                                            <\/li>\n                                    <li class=\"category-item\">\n                        <a href=\"https:\/\/nekr.cz\/en\/product-category\/products\/desky-adaptacni-prechodove-zavesy\/\">\n                            Adaptation \/ Transition \/ Hinge Boards (3)\n                        <\/a>\n                                            <\/li>\n                                    <li class=\"category-item\">\n                        <a href=\"https:\/\/nekr.cz\/en\/product-category\/products\/radlice-dozerove\/\">\n                            Surveillance radomes (2)\n                        <\/a>\n                                            <\/li>\n                                    <li class=\"category-item\">\n                        <a href=\"https:\/\/nekr.cz\/en\/product-category\/products\/rippery-dozerove\/\">\n                            Surveillance Rippers (2)\n                        <\/a>\n                                            <\/li>\n                                    <li class=\"category-item\">\n                        <a href=\"https:\/\/nekr.cz\/en\/product-category\/products\/protizavazi-dozerove\/\">\n                            Counterweights (1)\n                        <\/a>\n                                            <\/li>\n                                    <li class=\"category-item\">\n                        <a href=\"https:\/\/nekr.cz\/en\/product-category\/products\/radlice-na-snih\/\">\n                            Snow plough (1)\n                        <\/a>\n                                            <\/li>\n                                    <li class=\"category-item\">\n                        <a href=\"https:\/\/nekr.cz\/en\/product-category\/products\/pridrzovace\/\">\n                            Holders (1)\n                        <\/a>\n                                            <\/li>\n                                    <li class=\"category-item\">\n                        <a href=\"https:\/\/nekr.cz\/en\/product-category\/products\/vylozniky-nasady-prodlouzeni\/\">\n                            Boom Handles Extensions (6)\n                        <\/a>\n                                            <\/li>\n                                    <li class=\"category-item\">\n                        <a href=\"https:\/\/nekr.cz\/en\/product-category\/products\/zakazkova-vyroba\/\">\n                            Zak\u00e1zkov\u00e1 v\u00fdroba (17)\n                        <\/a>\n                                            <\/li>\n                                    <li class=\"category-item\">\n                        <a href=\"https:\/\/nekr.cz\/en\/product-category\/products\/hydraulicke_valce\/\">\n                            Hydraulick\u00e9 v\u00e1lce (1)\n                        <\/a>\n                                            <\/li>\n                            <\/ul>\n        <\/div>\n    <\/div>\n\n\n\n<\/div>\n<\/div><div class=\"bde-column-2390-105 bde-column\">\n  \n  \n\t\n\n\n\n<div class=\"bde-wooshoppage-2390-106 bde-wooshoppage breakdance-woocommerce\">\n     <div class=\"breakdance-empty-ssr-message breakdance-empty-ssr-message-error\">\n        <div>\n            The <b>\"Shop Page\"<\/b> element can only be added to a shop archive template or a template for product taxonomies.<br \/><br \/>\n            Create one in the WP admin at <b>Breakdance &gt; Templates<\/b>.\n        <\/div>\n    <\/div>\n<\/div>\n<\/div><\/div><\/div>\n<\/section>","protected":false},"excerpt":{"rendered":"<p>Product categories Select a category B\u0159ity N\u00e1hradn\u00ed d\u00edly &nbsp;&nbsp;&nbsp;B\u0159ity &nbsp;&nbsp;&nbsp;\u010cepy a pouzdra &nbsp;&nbsp;&nbsp;\u010cerpadla hydraulick\u00e1 a palivov\u00e1 &nbsp;&nbsp;&nbsp;Chladi\u010de, vodn\u00ed pumpy &nbsp;&nbsp;&nbsp;Drt\u00edc\u00ed desky do drti\u010d\u016f &nbsp;&nbsp;&nbsp;Filtry, oleje a maziva &nbsp;&nbsp;&nbsp;Kabinov\u00e1 okna &nbsp;&nbsp;&nbsp;Koncov\u00e9 p\u0159evody a jejich \u010d\u00e1sti &nbsp;&nbsp;&nbsp;Motory a motorov\u00e9 d\u00edly &nbsp;&nbsp;&nbsp;Ochrann\u00e9 prvky na lopaty &nbsp;&nbsp;&nbsp;O\u0161krty pro bouraci kladiva &nbsp;&nbsp;&nbsp;P\u00e1sy gumov\u00e9 a ocelov\u00e9 &nbsp;&nbsp;&nbsp;Podvozkov\u00e9 d\u00edly &nbsp;&nbsp;&nbsp;Rozv\u00e1d\u011b\u010de &nbsp;&nbsp;&nbsp;Zuby [&hellip;]<\/p>","protected":false},"author":1,"featured_media":0,"parent":51,"menu_order":0,"comment_status":"closed","ping_status":"closed","template":"","meta":{"_acf_changed":false,"_breakdance_hide_in_design_set":false,"_breakdance_tags":"","footnotes":""},"class_list":["post-2390","page","type-page","status-publish","hentry"],"acf":[],"_links":{"self":[{"href":"https:\/\/nekr.cz\/en\/wp-json\/wp\/v2\/pages\/2390","targetHints":{"allow":["GET"]}}],"collection":[{"href":"https:\/\/nekr.cz\/en\/wp-json\/wp\/v2\/pages"}],"about":[{"href":"https:\/\/nekr.cz\/en\/wp-json\/wp\/v2\/types\/page"}],"author":[{"embeddable":true,"href":"https:\/\/nekr.cz\/en\/wp-json\/wp\/v2\/users\/1"}],"replies":[{"embeddable":true,"href":"https:\/\/nekr.cz\/en\/wp-json\/wp\/v2\/comments?post=2390"}],"version-history":[{"count":4,"href":"https:\/\/nekr.cz\/en\/wp-json\/wp\/v2\/pages\/2390\/revisions"}],"predecessor-version":[{"id":2396,"href":"https:\/\/nekr.cz\/en\/wp-json\/wp\/v2\/pages\/2390\/revisions\/2396"}],"up":[{"embeddable":true,"href":"https:\/\/nekr.cz\/en\/wp-json\/wp\/v2\/pages\/51"}],"wp:attachment":[{"href":"https:\/\/nekr.cz\/en\/wp-json\/wp\/v2\/media?parent=2390"}],"curies":[{"name":"wp","href":"https:\/\/api.w.org\/{rel}","templated":true}]}}