{"id":2566,"date":"2024-08-14T08:45:52","date_gmt":"2024-08-14T08:45:52","guid":{"rendered":"https:\/\/nekr.cz\/?post_type=product&#038;p=2566"},"modified":"2024-08-16T12:29:08","modified_gmt":"2024-08-16T12:29:08","slug":"opravy-bagru-a-nakladacu","status":"publish","type":"product","link":"https:\/\/nekr.cz\/de\/produkt\/opravy-bagru-a-nakladacu\/","title":{"rendered":"Opravy bagr\u016f a naklada\u010d\u016f"},"content":{"rendered":"<p>I p\u0159i sebev\u011bt\u0161\u00ed opatrnosti se ob\u010das stane, \u017ee n\u011bjak\u00e1 \u010d\u00e1st bagru nebo naklada\u010de nevydr\u017e\u00ed a dojde k po\u0161kozen\u00ed.<\/p>\n<p>Zaji\u0161\u0165ujeme <a href=\"https:\/\/nekr.cz\/de\/nahradni-dily\/\">n\u00e1hradn\u00ed d\u00edly<\/a> na nep\u0159ebern\u00e9 mno\u017estv\u00ed stavebn\u00ed techniky, a tak\u00e9 mnoho po\u0161kozen\u00ed jsme schopni opravit u n\u00e1s na d\u00edln\u011b.<\/p>\n<ul>\n<li>opravujeme n\u00e1sady, v\u00fdlo\u017en\u00edky, p\u00e1kov\u00ed lopaty<\/li>\n<li>opravujeme hydraulick\u00e9 v\u00e1lce<\/li>\n<li>pouzdra a \u010depy v\u010detn\u011b opravy vyma\u010dkan\u00fdch otvor\u016f<\/li>\n<li>opravy rozvod\u016f oleje (hadice, trubky), rozvod\u016f centr\u00e1ln\u00e9ho maz\u00e1n\u00ed<\/li>\n<\/ul>\n<p>&nbsp;<\/p>\n<h5>N\u011bkolik p\u0159\u00edklad\u016f na\u0161ich oprav:<\/h5>\n<p>TAKEUCHI TB153\u00a0 &#8211; oprava radlice a kabiny, nov\u00fd v\u00fdlo\u017en\u00edk a n\u00e1sada, oprava hydraulick\u00fdch v\u00e1lc\u016f, v\u00fdm\u011bna hadic:<\/p>\n<p><img decoding=\"async\" class=\"alignnone size-medium wp-image-2812 lazyload\" data-src=\"https:\/\/nekr.cz\/wp-content\/uploads\/2024\/08\/P1040086-300x225.jpg\" alt=\"\" width=\"300\" height=\"225\" data-srcset=\"https:\/\/nekr.cz\/wp-content\/uploads\/2024\/08\/P1040086-300x225.jpg 300w, https:\/\/nekr.cz\/wp-content\/uploads\/2024\/08\/P1040086-1024x768.jpg 1024w, https:\/\/nekr.cz\/wp-content\/uploads\/2024\/08\/P1040086-768x576.jpg 768w, https:\/\/nekr.cz\/wp-content\/uploads\/2024\/08\/P1040086-1536x1152.jpg 1536w, https:\/\/nekr.cz\/wp-content\/uploads\/2024\/08\/P1040086-2048x1536.jpg 2048w, https:\/\/nekr.cz\/wp-content\/uploads\/2024\/08\/P1040086-16x12.jpg 16w, https:\/\/nekr.cz\/wp-content\/uploads\/2024\/08\/P1040086-600x450.jpg 600w\" data-sizes=\"(max-width: 300px) 100vw, 300px\" src=\"data:image\/gif;base64,R0lGODlhAQABAAAAACH5BAEKAAEALAAAAAABAAEAAAICTAEAOw==\" style=\"--smush-placeholder-width: 300px; --smush-placeholder-aspect-ratio: 300\/225;\" \/>\u00a0 \u00a0<img decoding=\"async\" class=\"alignnone size-medium wp-image-2811 lazyload\" data-src=\"https:\/\/nekr.cz\/wp-content\/uploads\/2024\/08\/P1040094-1-300x225.jpg\" alt=\"\" width=\"300\" height=\"225\" data-srcset=\"https:\/\/nekr.cz\/wp-content\/uploads\/2024\/08\/P1040094-1-300x225.jpg 300w, https:\/\/nekr.cz\/wp-content\/uploads\/2024\/08\/P1040094-1-1024x768.jpg 1024w, https:\/\/nekr.cz\/wp-content\/uploads\/2024\/08\/P1040094-1-768x576.jpg 768w, https:\/\/nekr.cz\/wp-content\/uploads\/2024\/08\/P1040094-1-1536x1152.jpg 1536w, https:\/\/nekr.cz\/wp-content\/uploads\/2024\/08\/P1040094-1-2048x1536.jpg 2048w, https:\/\/nekr.cz\/wp-content\/uploads\/2024\/08\/P1040094-1-16x12.jpg 16w, https:\/\/nekr.cz\/wp-content\/uploads\/2024\/08\/P1040094-1-600x450.jpg 600w\" data-sizes=\"(max-width: 300px) 100vw, 300px\" src=\"data:image\/gif;base64,R0lGODlhAQABAAAAACH5BAEKAAEALAAAAAABAAEAAAICTAEAOw==\" style=\"--smush-placeholder-width: 300px; --smush-placeholder-aspect-ratio: 300\/225;\" \/><\/p>\n<p><img decoding=\"async\" class=\"alignnone wp-image-2815 lazyload\" data-src=\"https:\/\/nekr.cz\/wp-content\/uploads\/2024\/08\/P1030635-225x300.jpg\" alt=\"\" width=\"167\" height=\"223\" data-srcset=\"https:\/\/nekr.cz\/wp-content\/uploads\/2024\/08\/P1030635-225x300.jpg 225w, https:\/\/nekr.cz\/wp-content\/uploads\/2024\/08\/P1030635-768x1024.jpg 768w, https:\/\/nekr.cz\/wp-content\/uploads\/2024\/08\/P1030635-1152x1536.jpg 1152w, https:\/\/nekr.cz\/wp-content\/uploads\/2024\/08\/P1030635-1536x2048.jpg 1536w, https:\/\/nekr.cz\/wp-content\/uploads\/2024\/08\/P1030635-9x12.jpg 9w, https:\/\/nekr.cz\/wp-content\/uploads\/2024\/08\/P1030635-600x800.jpg 600w, https:\/\/nekr.cz\/wp-content\/uploads\/2024\/08\/P1030635-scaled.jpg 1920w\" data-sizes=\"(max-width: 167px) 100vw, 167px\" src=\"data:image\/gif;base64,R0lGODlhAQABAAAAACH5BAEKAAEALAAAAAABAAEAAAICTAEAOw==\" style=\"--smush-placeholder-width: 167px; --smush-placeholder-aspect-ratio: 167\/223;\" \/>\u00a0 \u00a0<img decoding=\"async\" class=\"alignnone size-medium wp-image-2814 lazyload\" data-src=\"https:\/\/nekr.cz\/wp-content\/uploads\/2024\/08\/P1030679-300x225.jpg\" alt=\"\" width=\"300\" height=\"225\" data-srcset=\"https:\/\/nekr.cz\/wp-content\/uploads\/2024\/08\/P1030679-300x225.jpg 300w, https:\/\/nekr.cz\/wp-content\/uploads\/2024\/08\/P1030679-1024x768.jpg 1024w, https:\/\/nekr.cz\/wp-content\/uploads\/2024\/08\/P1030679-768x576.jpg 768w, https:\/\/nekr.cz\/wp-content\/uploads\/2024\/08\/P1030679-1536x1152.jpg 1536w, https:\/\/nekr.cz\/wp-content\/uploads\/2024\/08\/P1030679-2048x1536.jpg 2048w, https:\/\/nekr.cz\/wp-content\/uploads\/2024\/08\/P1030679-16x12.jpg 16w, https:\/\/nekr.cz\/wp-content\/uploads\/2024\/08\/P1030679-600x450.jpg 600w\" data-sizes=\"(max-width: 300px) 100vw, 300px\" src=\"data:image\/gif;base64,R0lGODlhAQABAAAAACH5BAEKAAEALAAAAAABAAEAAAICTAEAOw==\" style=\"--smush-placeholder-width: 300px; --smush-placeholder-aspect-ratio: 300\/225;\" \/>\u00a0 \u00a0<img decoding=\"async\" class=\"alignnone size-medium wp-image-2813 lazyload\" data-src=\"https:\/\/nekr.cz\/wp-content\/uploads\/2024\/08\/P1030932-300x225.jpg\" alt=\"\" width=\"300\" height=\"225\" data-srcset=\"https:\/\/nekr.cz\/wp-content\/uploads\/2024\/08\/P1030932-300x225.jpg 300w, https:\/\/nekr.cz\/wp-content\/uploads\/2024\/08\/P1030932-1024x768.jpg 1024w, https:\/\/nekr.cz\/wp-content\/uploads\/2024\/08\/P1030932-768x576.jpg 768w, https:\/\/nekr.cz\/wp-content\/uploads\/2024\/08\/P1030932-1536x1152.jpg 1536w, https:\/\/nekr.cz\/wp-content\/uploads\/2024\/08\/P1030932-2048x1536.jpg 2048w, https:\/\/nekr.cz\/wp-content\/uploads\/2024\/08\/P1030932-16x12.jpg 16w, https:\/\/nekr.cz\/wp-content\/uploads\/2024\/08\/P1030932-600x450.jpg 600w\" data-sizes=\"(max-width: 300px) 100vw, 300px\" src=\"data:image\/gif;base64,R0lGODlhAQABAAAAACH5BAEKAAEALAAAAAABAAEAAAICTAEAOw==\" style=\"--smush-placeholder-width: 300px; --smush-placeholder-aspect-ratio: 300\/225;\" \/><img decoding=\"async\" class=\"alignnone size-medium wp-image-2809 lazyload\" data-src=\"https:\/\/nekr.cz\/wp-content\/uploads\/2024\/08\/P1040298-300x186.jpg\" alt=\"\" width=\"300\" height=\"186\" data-srcset=\"https:\/\/nekr.cz\/wp-content\/uploads\/2024\/08\/P1040298-300x186.jpg 300w, https:\/\/nekr.cz\/wp-content\/uploads\/2024\/08\/P1040298-1024x636.jpg 1024w, https:\/\/nekr.cz\/wp-content\/uploads\/2024\/08\/P1040298-768x477.jpg 768w, https:\/\/nekr.cz\/wp-content\/uploads\/2024\/08\/P1040298-1536x954.jpg 1536w, https:\/\/nekr.cz\/wp-content\/uploads\/2024\/08\/P1040298-18x12.jpg 18w, https:\/\/nekr.cz\/wp-content\/uploads\/2024\/08\/P1040298-600x373.jpg 600w, https:\/\/nekr.cz\/wp-content\/uploads\/2024\/08\/P1040298.jpg 2023w\" data-sizes=\"(max-width: 300px) 100vw, 300px\" src=\"data:image\/gif;base64,R0lGODlhAQABAAAAACH5BAEKAAEALAAAAAABAAEAAAICTAEAOw==\" style=\"--smush-placeholder-width: 300px; --smush-placeholder-aspect-ratio: 300\/186;\" \/>\u00a0 \u00a0<img decoding=\"async\" class=\"alignnone size-medium wp-image-2810 lazyload\" data-src=\"https:\/\/nekr.cz\/wp-content\/uploads\/2024\/08\/P1040301-300x225.jpg\" alt=\"\" width=\"300\" height=\"225\" data-srcset=\"https:\/\/nekr.cz\/wp-content\/uploads\/2024\/08\/P1040301-300x225.jpg 300w, https:\/\/nekr.cz\/wp-content\/uploads\/2024\/08\/P1040301-1024x768.jpg 1024w, https:\/\/nekr.cz\/wp-content\/uploads\/2024\/08\/P1040301-768x576.jpg 768w, https:\/\/nekr.cz\/wp-content\/uploads\/2024\/08\/P1040301-1536x1152.jpg 1536w, https:\/\/nekr.cz\/wp-content\/uploads\/2024\/08\/P1040301-2048x1536.jpg 2048w, https:\/\/nekr.cz\/wp-content\/uploads\/2024\/08\/P1040301-16x12.jpg 16w, https:\/\/nekr.cz\/wp-content\/uploads\/2024\/08\/P1040301-600x450.jpg 600w\" data-sizes=\"(max-width: 300px) 100vw, 300px\" src=\"data:image\/gif;base64,R0lGODlhAQABAAAAACH5BAEKAAEALAAAAAABAAEAAAICTAEAOw==\" style=\"--smush-placeholder-width: 300px; --smush-placeholder-aspect-ratio: 300\/225;\" \/><\/p>\n<p>&nbsp;<\/p>\n<p>Oprava ulo\u017een\u00ed v\u00fdlo\u017en\u00edku CAT 322C<\/p>\n<p><img decoding=\"async\" class=\"alignnone size-medium wp-image-2816 lazyload\" data-src=\"https:\/\/nekr.cz\/wp-content\/uploads\/2024\/08\/P1150951-300x225.jpg\" alt=\"\" width=\"300\" height=\"225\" data-srcset=\"https:\/\/nekr.cz\/wp-content\/uploads\/2024\/08\/P1150951-300x225.jpg 300w, https:\/\/nekr.cz\/wp-content\/uploads\/2024\/08\/P1150951-1024x768.jpg 1024w, https:\/\/nekr.cz\/wp-content\/uploads\/2024\/08\/P1150951-768x576.jpg 768w, https:\/\/nekr.cz\/wp-content\/uploads\/2024\/08\/P1150951-1536x1152.jpg 1536w, https:\/\/nekr.cz\/wp-content\/uploads\/2024\/08\/P1150951-2048x1536.jpg 2048w, https:\/\/nekr.cz\/wp-content\/uploads\/2024\/08\/P1150951-16x12.jpg 16w, https:\/\/nekr.cz\/wp-content\/uploads\/2024\/08\/P1150951-600x450.jpg 600w\" data-sizes=\"(max-width: 300px) 100vw, 300px\" src=\"data:image\/gif;base64,R0lGODlhAQABAAAAACH5BAEKAAEALAAAAAABAAEAAAICTAEAOw==\" style=\"--smush-placeholder-width: 300px; --smush-placeholder-aspect-ratio: 300\/225;\" \/><\/p>\n<p>&nbsp;<\/p>\n<p>Oprava LIEBHERR L538 &#8211; praskl\u00fd p\u0159edn\u00ed r\u00e1m + nov\u00e1 lopata:<\/p>\n<p><img decoding=\"async\" class=\"alignnone size-medium wp-image-2820 lazyload\" data-src=\"https:\/\/nekr.cz\/wp-content\/uploads\/2024\/08\/P1120780-225x300.jpg\" alt=\"\" width=\"225\" height=\"300\" data-srcset=\"https:\/\/nekr.cz\/wp-content\/uploads\/2024\/08\/P1120780-225x300.jpg 225w, https:\/\/nekr.cz\/wp-content\/uploads\/2024\/08\/P1120780-768x1024.jpg 768w, https:\/\/nekr.cz\/wp-content\/uploads\/2024\/08\/P1120780-1152x1536.jpg 1152w, https:\/\/nekr.cz\/wp-content\/uploads\/2024\/08\/P1120780-1536x2048.jpg 1536w, https:\/\/nekr.cz\/wp-content\/uploads\/2024\/08\/P1120780-9x12.jpg 9w, https:\/\/nekr.cz\/wp-content\/uploads\/2024\/08\/P1120780-600x800.jpg 600w, https:\/\/nekr.cz\/wp-content\/uploads\/2024\/08\/P1120780-scaled.jpg 1920w\" data-sizes=\"(max-width: 225px) 100vw, 225px\" src=\"data:image\/gif;base64,R0lGODlhAQABAAAAACH5BAEKAAEALAAAAAABAAEAAAICTAEAOw==\" style=\"--smush-placeholder-width: 225px; --smush-placeholder-aspect-ratio: 225\/300;\" \/>\u00a0 \u00a0<img decoding=\"async\" class=\"alignnone wp-image-2819 lazyload\" data-src=\"https:\/\/nekr.cz\/wp-content\/uploads\/2024\/08\/P1120885-300x225.jpg\" alt=\"\" width=\"399\" height=\"299\" data-srcset=\"https:\/\/nekr.cz\/wp-content\/uploads\/2024\/08\/P1120885-300x225.jpg 300w, https:\/\/nekr.cz\/wp-content\/uploads\/2024\/08\/P1120885-1024x768.jpg 1024w, https:\/\/nekr.cz\/wp-content\/uploads\/2024\/08\/P1120885-768x576.jpg 768w, https:\/\/nekr.cz\/wp-content\/uploads\/2024\/08\/P1120885-1536x1152.jpg 1536w, https:\/\/nekr.cz\/wp-content\/uploads\/2024\/08\/P1120885-2048x1536.jpg 2048w, https:\/\/nekr.cz\/wp-content\/uploads\/2024\/08\/P1120885-16x12.jpg 16w, https:\/\/nekr.cz\/wp-content\/uploads\/2024\/08\/P1120885-600x450.jpg 600w\" data-sizes=\"(max-width: 399px) 100vw, 399px\" src=\"data:image\/gif;base64,R0lGODlhAQABAAAAACH5BAEKAAEALAAAAAABAAEAAAICTAEAOw==\" style=\"--smush-placeholder-width: 399px; --smush-placeholder-aspect-ratio: 399\/299;\" \/><\/p>\n<p><img decoding=\"async\" class=\"alignnone size-medium wp-image-2817 lazyload\" data-src=\"https:\/\/nekr.cz\/wp-content\/uploads\/2024\/08\/P1130090-225x300.jpg\" alt=\"\" width=\"225\" height=\"300\" data-srcset=\"https:\/\/nekr.cz\/wp-content\/uploads\/2024\/08\/P1130090-225x300.jpg 225w, https:\/\/nekr.cz\/wp-content\/uploads\/2024\/08\/P1130090-768x1024.jpg 768w, https:\/\/nekr.cz\/wp-content\/uploads\/2024\/08\/P1130090-1152x1536.jpg 1152w, https:\/\/nekr.cz\/wp-content\/uploads\/2024\/08\/P1130090-1536x2048.jpg 1536w, https:\/\/nekr.cz\/wp-content\/uploads\/2024\/08\/P1130090-9x12.jpg 9w, https:\/\/nekr.cz\/wp-content\/uploads\/2024\/08\/P1130090-600x800.jpg 600w, https:\/\/nekr.cz\/wp-content\/uploads\/2024\/08\/P1130090-scaled.jpg 1920w\" data-sizes=\"(max-width: 225px) 100vw, 225px\" src=\"data:image\/gif;base64,R0lGODlhAQABAAAAACH5BAEKAAEALAAAAAABAAEAAAICTAEAOw==\" style=\"--smush-placeholder-width: 225px; --smush-placeholder-aspect-ratio: 225\/300;\" \/>\u00a0 \u00a0 <img decoding=\"async\" class=\"alignnone wp-image-2818 lazyload\" data-src=\"https:\/\/nekr.cz\/wp-content\/uploads\/2024\/08\/P1130088-300x225.jpg\" alt=\"\" width=\"397\" height=\"298\" data-srcset=\"https:\/\/nekr.cz\/wp-content\/uploads\/2024\/08\/P1130088-300x225.jpg 300w, https:\/\/nekr.cz\/wp-content\/uploads\/2024\/08\/P1130088-1024x768.jpg 1024w, https:\/\/nekr.cz\/wp-content\/uploads\/2024\/08\/P1130088-768x576.jpg 768w, https:\/\/nekr.cz\/wp-content\/uploads\/2024\/08\/P1130088-1536x1152.jpg 1536w, https:\/\/nekr.cz\/wp-content\/uploads\/2024\/08\/P1130088-2048x1536.jpg 2048w, https:\/\/nekr.cz\/wp-content\/uploads\/2024\/08\/P1130088-16x12.jpg 16w, https:\/\/nekr.cz\/wp-content\/uploads\/2024\/08\/P1130088-600x450.jpg 600w\" data-sizes=\"(max-width: 397px) 100vw, 397px\" src=\"data:image\/gif;base64,R0lGODlhAQABAAAAACH5BAEKAAEALAAAAAABAAEAAAICTAEAOw==\" style=\"--smush-placeholder-width: 397px; --smush-placeholder-aspect-ratio: 397\/298;\" \/><\/p>","protected":false},"excerpt":{"rendered":"<p>Opravujeme mechynick\u00e9 a hydraulick\u00e9 \u010d\u00e1sti bagr\u016f a naklada\u010d\u016f.<\/p>\n<p>&nbsp;<\/p>\n<p>&nbsp;<\/p>","protected":false},"featured_media":2808,"comment_status":"closed","ping_status":"closed","template":"","meta":{"_acf_changed":false},"product_brand":[],"product_cat":[91,58],"product_tag":[],"class_list":{"0":"post-2566","1":"product","2":"type-product","3":"status-publish","4":"has-post-thumbnail","6":"product_cat-servis-stavebnich-stroju","7":"product_cat-servis","9":"first","10":"instock","11":"shipping-taxable","12":"product-type-simple"},"acf":[],"_links":{"self":[{"href":"https:\/\/nekr.cz\/de\/wp-json\/wp\/v2\/product\/2566","targetHints":{"allow":["GET"]}}],"collection":[{"href":"https:\/\/nekr.cz\/de\/wp-json\/wp\/v2\/product"}],"about":[{"href":"https:\/\/nekr.cz\/de\/wp-json\/wp\/v2\/types\/product"}],"replies":[{"embeddable":true,"href":"https:\/\/nekr.cz\/de\/wp-json\/wp\/v2\/comments?post=2566"}],"wp:featuredmedia":[{"embeddable":true,"href":"https:\/\/nekr.cz\/de\/wp-json\/wp\/v2\/media\/2808"}],"wp:attachment":[{"href":"https:\/\/nekr.cz\/de\/wp-json\/wp\/v2\/media?parent=2566"}],"wp:term":[{"taxonomy":"product_brand","embeddable":true,"href":"https:\/\/nekr.cz\/de\/wp-json\/wp\/v2\/product_brand?post=2566"},{"taxonomy":"product_cat","embeddable":true,"href":"https:\/\/nekr.cz\/de\/wp-json\/wp\/v2\/product_cat?post=2566"},{"taxonomy":"product_tag","embeddable":true,"href":"https:\/\/nekr.cz\/de\/wp-json\/wp\/v2\/product_tag?post=2566"}],"curies":[{"name":"wp","href":"https:\/\/api.w.org\/{rel}","templated":true}]}}