{"id":2509,"date":"2024-08-13T09:09:23","date_gmt":"2024-08-13T09:09:23","guid":{"rendered":"https:\/\/nekr.cz\/?post_type=product&#038;p=2509"},"modified":"2024-08-14T10:52:35","modified_gmt":"2024-08-14T10:52:35","slug":"opravy-dempru","status":"publish","type":"product","link":"https:\/\/nekr.cz\/de\/produkt\/opravy-dempru\/","title":{"rendered":"Reparaturen von Dempros"},"content":{"rendered":"<p>Po p\u00e1du z et\u00e1\u017ee n\u00e1m byl p\u0159ivezen dempr KOMATSU HD465. vzhledem k jeho velikosti byl p\u0159ivezen na dv\u011b \u010d\u00e1sti &#8211; samotn\u00fd stroj a korba. Po p\u00e1du byl zk\u0159\u00ed\u017een\u00fd r\u00e1m, z pohledu autorizovan\u00e9ho servisu stroj neopraviteln\u00fd.<\/p>\n<p>&nbsp;<\/p>\n<p>Poda\u0159ilo se n\u00e1m od\u0159ezat uchycen\u00ed korby a nava\u0159it nov\u00e9. Provrtali jsme uchycen\u00ed korby soust\u0159edn\u011b p\u0159enosnou vyvrt\u00e1va\u010dkou, vyrobili a narazili nov\u00e1 kalen\u00e1 pouzdra. Pot\u00e9 jsme dempr slo\u017eili, vyzkou\u0161eli, vypodlo\u017eili dorazy na korb\u011b, aby byla v rovin\u011b. Dempr jsme znovu rozebrali a p\u0159ipravili k p\u0159evozu zp\u011bt do lomu, kde je\u0161t\u011b n\u011bkolik let slou\u017eil.<\/p>\n<p>&nbsp;<\/p>\n<p>P\u0159ivezen\u00ed dempru a korby:<\/p>\n<p><img decoding=\"async\" class=\"alignnone size-medium wp-image-2517 lazyload\" data-src=\"https:\/\/nekr.cz\/wp-content\/uploads\/2024\/08\/IMG_9577-300x225.jpg\" alt=\"\" width=\"300\" height=\"225\" data-srcset=\"https:\/\/nekr.cz\/wp-content\/uploads\/2024\/08\/IMG_9577-300x225.jpg 300w, https:\/\/nekr.cz\/wp-content\/uploads\/2024\/08\/IMG_9577-1024x768.jpg 1024w, https:\/\/nekr.cz\/wp-content\/uploads\/2024\/08\/IMG_9577-768x576.jpg 768w, https:\/\/nekr.cz\/wp-content\/uploads\/2024\/08\/IMG_9577-1536x1152.jpg 1536w, https:\/\/nekr.cz\/wp-content\/uploads\/2024\/08\/IMG_9577-2048x1536.jpg 2048w, https:\/\/nekr.cz\/wp-content\/uploads\/2024\/08\/IMG_9577-16x12.jpg 16w, https:\/\/nekr.cz\/wp-content\/uploads\/2024\/08\/IMG_9577-600x450.jpg 600w\" data-sizes=\"(max-width: 300px) 100vw, 300px\" src=\"data:image\/gif;base64,R0lGODlhAQABAAAAACH5BAEKAAEALAAAAAABAAEAAAICTAEAOw==\" style=\"--smush-placeholder-width: 300px; --smush-placeholder-aspect-ratio: 300\/225;\" \/><\/p>\n<p>P\u0159evrt\u00e1n\u00ed p\u0159enosnou vyvrt\u00e1va\u010dkou:<\/p>\n<p><img decoding=\"async\" class=\"alignnone size-medium wp-image-2518 lazyload\" data-src=\"https:\/\/nekr.cz\/wp-content\/uploads\/2024\/08\/01082009696-300x225.jpg\" alt=\"\" width=\"300\" height=\"225\" data-srcset=\"https:\/\/nekr.cz\/wp-content\/uploads\/2024\/08\/01082009696-300x225.jpg 300w, https:\/\/nekr.cz\/wp-content\/uploads\/2024\/08\/01082009696-768x576.jpg 768w, https:\/\/nekr.cz\/wp-content\/uploads\/2024\/08\/01082009696-16x12.jpg 16w, https:\/\/nekr.cz\/wp-content\/uploads\/2024\/08\/01082009696-600x450.jpg 600w, https:\/\/nekr.cz\/wp-content\/uploads\/2024\/08\/01082009696.jpg 1024w\" data-sizes=\"(max-width: 300px) 100vw, 300px\" src=\"data:image\/gif;base64,R0lGODlhAQABAAAAACH5BAEKAAEALAAAAAABAAEAAAICTAEAOw==\" style=\"--smush-placeholder-width: 300px; --smush-placeholder-aspect-ratio: 300\/225;\" \/><\/p>\n<p>Slo\u017een\u00ed dempru a vyzkou\u0161en\u00ed funk\u010dnosti:<\/p>\n<p><img decoding=\"async\" class=\"alignnone size-medium wp-image-2513 lazyload\" data-src=\"https:\/\/nekr.cz\/wp-content\/uploads\/2024\/08\/IMG_2867-1-225x300.jpg\" alt=\"\" width=\"225\" height=\"300\" data-srcset=\"https:\/\/nekr.cz\/wp-content\/uploads\/2024\/08\/IMG_2867-1-225x300.jpg 225w, https:\/\/nekr.cz\/wp-content\/uploads\/2024\/08\/IMG_2867-1-768x1024.jpg 768w, https:\/\/nekr.cz\/wp-content\/uploads\/2024\/08\/IMG_2867-1-1152x1536.jpg 1152w, https:\/\/nekr.cz\/wp-content\/uploads\/2024\/08\/IMG_2867-1-1536x2048.jpg 1536w, https:\/\/nekr.cz\/wp-content\/uploads\/2024\/08\/IMG_2867-1-9x12.jpg 9w, https:\/\/nekr.cz\/wp-content\/uploads\/2024\/08\/IMG_2867-1-600x800.jpg 600w, https:\/\/nekr.cz\/wp-content\/uploads\/2024\/08\/IMG_2867-1-scaled.jpg 1920w\" data-sizes=\"(max-width: 225px) 100vw, 225px\" src=\"data:image\/gif;base64,R0lGODlhAQABAAAAACH5BAEKAAEALAAAAAABAAEAAAICTAEAOw==\" style=\"--smush-placeholder-width: 225px; --smush-placeholder-aspect-ratio: 225\/300;\" \/>\u00a0 \u00a0 \u00a0<img decoding=\"async\" class=\"alignnone wp-image-2514 lazyload\" data-src=\"https:\/\/nekr.cz\/wp-content\/uploads\/2024\/08\/IMG_9655-300x225.jpg\" alt=\"\" width=\"400\" height=\"300\" data-srcset=\"https:\/\/nekr.cz\/wp-content\/uploads\/2024\/08\/IMG_9655-300x225.jpg 300w, https:\/\/nekr.cz\/wp-content\/uploads\/2024\/08\/IMG_9655-1024x768.jpg 1024w, https:\/\/nekr.cz\/wp-content\/uploads\/2024\/08\/IMG_9655-768x576.jpg 768w, https:\/\/nekr.cz\/wp-content\/uploads\/2024\/08\/IMG_9655-1536x1152.jpg 1536w, https:\/\/nekr.cz\/wp-content\/uploads\/2024\/08\/IMG_9655-2048x1536.jpg 2048w, https:\/\/nekr.cz\/wp-content\/uploads\/2024\/08\/IMG_9655-16x12.jpg 16w, https:\/\/nekr.cz\/wp-content\/uploads\/2024\/08\/IMG_9655-600x450.jpg 600w\" data-sizes=\"(max-width: 400px) 100vw, 400px\" src=\"data:image\/gif;base64,R0lGODlhAQABAAAAACH5BAEKAAEALAAAAAABAAEAAAICTAEAOw==\" style=\"--smush-placeholder-width: 400px; --smush-placeholder-aspect-ratio: 400\/300;\" \/><\/p>\n<p>Rozebr\u00e1n\u00ed\u00a0 a nalo\u017een\u00ed na podval k odvozu:<\/p>\n<p><img decoding=\"async\" class=\"alignnone size-medium wp-image-2515 lazyload\" data-src=\"https:\/\/nekr.cz\/wp-content\/uploads\/2024\/08\/IMG_9636-300x225.jpg\" alt=\"\" width=\"300\" height=\"225\" data-srcset=\"https:\/\/nekr.cz\/wp-content\/uploads\/2024\/08\/IMG_9636-300x225.jpg 300w, https:\/\/nekr.cz\/wp-content\/uploads\/2024\/08\/IMG_9636-1024x768.jpg 1024w, https:\/\/nekr.cz\/wp-content\/uploads\/2024\/08\/IMG_9636-768x576.jpg 768w, https:\/\/nekr.cz\/wp-content\/uploads\/2024\/08\/IMG_9636-1536x1152.jpg 1536w, https:\/\/nekr.cz\/wp-content\/uploads\/2024\/08\/IMG_9636-2048x1536.jpg 2048w, https:\/\/nekr.cz\/wp-content\/uploads\/2024\/08\/IMG_9636-16x12.jpg 16w, https:\/\/nekr.cz\/wp-content\/uploads\/2024\/08\/IMG_9636-600x450.jpg 600w\" data-sizes=\"(max-width: 300px) 100vw, 300px\" src=\"data:image\/gif;base64,R0lGODlhAQABAAAAACH5BAEKAAEALAAAAAABAAEAAAICTAEAOw==\" style=\"--smush-placeholder-width: 300px; --smush-placeholder-aspect-ratio: 300\/225;\" \/>\u00a0 \u00a0 \u00a0 <img decoding=\"async\" class=\"alignnone size-medium wp-image-2516 lazyload\" data-src=\"https:\/\/nekr.cz\/wp-content\/uploads\/2024\/08\/IMG_9615-300x225.jpg\" alt=\"\" width=\"300\" height=\"225\" data-srcset=\"https:\/\/nekr.cz\/wp-content\/uploads\/2024\/08\/IMG_9615-300x225.jpg 300w, https:\/\/nekr.cz\/wp-content\/uploads\/2024\/08\/IMG_9615-1024x768.jpg 1024w, https:\/\/nekr.cz\/wp-content\/uploads\/2024\/08\/IMG_9615-768x576.jpg 768w, https:\/\/nekr.cz\/wp-content\/uploads\/2024\/08\/IMG_9615-1536x1152.jpg 1536w, https:\/\/nekr.cz\/wp-content\/uploads\/2024\/08\/IMG_9615-2048x1536.jpg 2048w, https:\/\/nekr.cz\/wp-content\/uploads\/2024\/08\/IMG_9615-16x12.jpg 16w, https:\/\/nekr.cz\/wp-content\/uploads\/2024\/08\/IMG_9615-600x450.jpg 600w\" data-sizes=\"(max-width: 300px) 100vw, 300px\" src=\"data:image\/gif;base64,R0lGODlhAQABAAAAACH5BAEKAAEALAAAAAABAAEAAAICTAEAOw==\" style=\"--smush-placeholder-width: 300px; --smush-placeholder-aspect-ratio: 300\/225;\" \/><\/p>","protected":false},"excerpt":{"rendered":"<p>Oprava dempru KOMATSU HD465 po hav\u00e1rii v lomu.<\/p>","protected":false},"featured_media":2510,"comment_status":"closed","ping_status":"closed","template":"","meta":{"_acf_changed":false},"product_brand":[],"product_cat":[91,58],"product_tag":[],"class_list":{"0":"post-2509","1":"product","2":"type-product","3":"status-publish","4":"has-post-thumbnail","6":"product_cat-servis-stavebnich-stroju","7":"product_cat-servis","9":"first","10":"instock","11":"shipping-taxable","12":"product-type-simple"},"acf":[],"_links":{"self":[{"href":"https:\/\/nekr.cz\/de\/wp-json\/wp\/v2\/product\/2509","targetHints":{"allow":["GET"]}}],"collection":[{"href":"https:\/\/nekr.cz\/de\/wp-json\/wp\/v2\/product"}],"about":[{"href":"https:\/\/nekr.cz\/de\/wp-json\/wp\/v2\/types\/product"}],"replies":[{"embeddable":true,"href":"https:\/\/nekr.cz\/de\/wp-json\/wp\/v2\/comments?post=2509"}],"wp:featuredmedia":[{"embeddable":true,"href":"https:\/\/nekr.cz\/de\/wp-json\/wp\/v2\/media\/2510"}],"wp:attachment":[{"href":"https:\/\/nekr.cz\/de\/wp-json\/wp\/v2\/media?parent=2509"}],"wp:term":[{"taxonomy":"product_brand","embeddable":true,"href":"https:\/\/nekr.cz\/de\/wp-json\/wp\/v2\/product_brand?post=2509"},{"taxonomy":"product_cat","embeddable":true,"href":"https:\/\/nekr.cz\/de\/wp-json\/wp\/v2\/product_cat?post=2509"},{"taxonomy":"product_tag","embeddable":true,"href":"https:\/\/nekr.cz\/de\/wp-json\/wp\/v2\/product_tag?post=2509"}],"curies":[{"name":"wp","href":"https:\/\/api.w.org\/{rel}","templated":true}]}}